{"id":43,"date":"2025-11-11T07:29:22","date_gmt":"2025-11-11T07:29:22","guid":{"rendered":"https:\/\/cipher-guard.com\/?page_id=43"},"modified":"2026-01-21T11:33:12","modified_gmt":"2026-01-21T11:33:12","slug":"hiring-a-social-media-hacker","status":"publish","type":"page","link":"https:\/\/cipher-guard.com\/de\/hiring-a-social-media-hacker\/","title":{"rendered":"Einen Social-Media-Hacker einstellen"},"content":{"rendered":"<div data-elementor-type=\"wp-page\" data-elementor-id=\"43\" class=\"elementor elementor-43\" data-elementor-post-type=\"page\">\n\t\t\t\t<div class=\"elementor-element elementor-element-2bc3cde e-flex e-con-boxed e-con e-parent\" data-id=\"2bc3cde\" data-element_type=\"container\" data-e-type=\"container\">\n\t\t\t\t\t<div class=\"e-con-inner\">\n\t\t\t\t<div class=\"elementor-element elementor-element-460ed69 elementor-widget elementor-widget-image\" data-id=\"460ed69\" data-element_type=\"widget\" data-e-type=\"widget\" data-widget_type=\"image.default\">\n\t\t\t\t\t\t\t\t\t\t\t\t\t\t\t<img fetchpriority=\"high\" decoding=\"async\" width=\"1200\" height=\"720\" src=\"https:\/\/cipher-guard.com\/wp-content\/uploads\/2025\/11\/Engager-Un-hacker-Reseaux-Sociaux.webp\" class=\"attachment-full size-full wp-image-46\" alt=\"Einen Social-Media-Hacker einstellen\" srcset=\"https:\/\/cipher-guard.com\/wp-content\/uploads\/2025\/11\/Engager-Un-hacker-Reseaux-Sociaux.webp 1200w, https:\/\/cipher-guard.com\/wp-content\/uploads\/2025\/11\/Engager-Un-hacker-Reseaux-Sociaux-300x180.webp 300w, https:\/\/cipher-guard.com\/wp-content\/uploads\/2025\/11\/Engager-Un-hacker-Reseaux-Sociaux-1024x614.webp 1024w, https:\/\/cipher-guard.com\/wp-content\/uploads\/2025\/11\/Engager-Un-hacker-Reseaux-Sociaux-768x461.webp 768w\" sizes=\"(max-width: 1200px) 100vw, 1200px\" \/>\t\t\t\t\t\t\t\t\t\t\t\t\t\t\t<\/div>\n\t\t\t\t<div class=\"elementor-element elementor-element-3f9b928 elementor-widget elementor-widget-text-editor\" data-id=\"3f9b928\" data-element_type=\"widget\" data-e-type=\"widget\" data-widget_type=\"text-editor.default\">\n\t\t\t\t\t\t\t\t\t<h2>Einen Hacker beauftragen, um ein WhatsApp-Konto wiederherzustellen<\/h2><p>Sie k\u00f6nnen sich an einen ethischen Hacker wenden, wenn Ihr WhatsApp-Konto gehackt wurde oder nicht mehr zug\u00e4nglich ist. Unsere Cybersicherheitsexperten helfen Ihnen dabei, schnell und sicher wieder Zugriff zu erhalten. Lassen Sie nicht zu, dass ein Hacker Ihre Nachrichten und pers\u00f6nlichen Daten kontrolliert! Dies gilt auch f\u00fcr Konten bei WhatsApp, Messenger oder WhatsApp Business. <span style=\"color: #ffffff;\"><a style=\"color: #ffffff;\" href=\"https:\/\/reseaudesecurite.com\/\" target=\"_blank\" rel=\"noopener\">WhatsApp Business<\/a><\/span><\/p><h2>Einen Hacker beauftragen, um ein Snapchat-Konto wiederherzustellen<\/h2><p>Wenn Sie nicht mehr auf Ihr Snapchat-Konto zugreifen k\u00f6nnen, verwenden unsere Spezialisten fortschrittliche Techniken, um den Zugriff auf Ihr Konto wiederherzustellen und dessen Sicherheit gegen zuk\u00fcnftige Angriffe oder Meldungen im Zusammenhang mit Ihrer Kontoaktivit\u00e4t zu verbessern. Beauftragen Sie einen Social-Media-Hacker<\/p><h2>Einen Hacker beauftragen, um einen Instagram-Account wiederherzustellen<\/h2><p>Wenn Sie sich an einen Hacking-Experten wenden, k\u00f6nnen Sie wieder auf Ihr Instagram-Konto zugreifen, falls es gehackt wurde. Unsere Experten helfen Ihnen dabei, Ihre gehackten Konten wiederherzustellen, indem sie Ihr Profil, Ihre Beitr\u00e4ge und Ihre Follower sicher wiederherstellen. Wenn ein Hacker Ihr Instagram-, Messenger- oder WhatsApp Business-Konto kompromittiert hat, teilen Sie uns dies bitte mit.<\/p><h2>Einen Hacker beauftragen, um einen TikTok-Account wiederherzustellen<\/h2><p>Wurde Ihr TikTok-Konto gehackt oder gesperrt? Wir verwenden fortschrittliche Techniken, um Ihnen wieder Zugriff zu verschaffen und Ihnen dabei zu helfen, die Kontrolle \u00fcber Ihre Inhalte zur\u00fcckzugewinnen.<br \/>M\u00f6chten Sie einen TikTok-Account, eine Seite oder eine Gruppe hacken oder wiederherstellen? Lassen Sie es uns wissen.<\/p><h2><b> Einen Hacker beauftragen, um gestohlene Gelder zur\u00fcckzuerhalten<\/b><\/h2><p>Waren Sie Opfer von Online-Betrug oder Kryptow\u00e4hrungsdiebstahl? Wir analysieren die Blockchain und Transaktionen, um Ihre verlorenen oder gestohlenen digitalen Verm\u00f6genswerte zu finden und wiederherzustellen und sie Ihnen so schnell wie m\u00f6glich zur\u00fcckzugeben.<\/p><h2>Beauftragen Sie einen Hacker, um ein E-Mail-Konto wiederherzustellen.<\/h2><p>Wurde Ihr Gmail-, Yahoo-, Outlook- oder ein anderes E-Mail-Konto gehackt? Unsere Hacker helfen Ihnen schnell dabei, wieder Zugriff zu erhalten und Ihre vertraulichen Daten vor zuk\u00fcnftigen Hackerangriffen zu sch\u00fctzen. Beauftragen Sie einen Social-Media-Hacker<\/p><h2>Beauftragen Sie einen Hacker, ein Android- oder Apple-Smartphone zu hacken.<\/h2><p>Wenn Sie auf die Daten auf dem Android- oder iPhone-Ger\u00e4t einer anderen Person zugreifen m\u00fcssen, bieten unsere spezialisierten Dienste erweiterte Analysen und sicheren Zugriff, um Ihre spezifischen Anforderungen mit absoluter Diskretion zu erf\u00fcllen.<br \/>Wenn Sie sich an Hacker wenden, k\u00f6nnen Sie diskret auf die Inhalte des Telefons Ihres Ehepartners zugreifen und diese wiederherstellen.<\/p><h2>\u00a0Beauftragen Sie einen Hacker, um die Sicherheit Ihrer Konten zu verbessern.<\/h2><p>Sch\u00fctzen Sie Ihre Online-Konten vor Hackerangriffen und Cyberangriffen. Unsere ethischen Hacker analysieren Ihre Sicherheitsl\u00fccken und implementieren fortschrittliche Schutzl\u00f6sungen.<\/p><h2>Beauftragen Sie einen Hacker, einen Cyberkriminellen aufzusp\u00fcren.<\/h2><p>Waren Sie Opfer eines Hackers und m\u00f6chten den T\u00e4ter finden? Unsere Cybersicherheitsspezialisten nutzen digitale R\u00fcckverfolgungstechniken, um die Verantwortlichen zu identifizieren und Ihre Daten zu sch\u00fctzen.<\/p><h2>Telegram-Hacker<\/h2><p>Wir k\u00f6nnen Ihnen Zugriff auf die Telegram-Kontonachrichten Ihrer Wahl gew\u00e4hren. Nur mit der Nummer.<\/p><h2><b>Facebook <\/b><b>Hacker\u00a0<\/b><\/h2><p>M\u00f6chten Sie ein Facebook-Konto, eine Seite oder eine Gruppe hacken oder wiederherstellen? Lassen Sie es uns wissen. <a href=\"https:\/\/cipher-guard.com\/de\/contact-us\/\">Kontaktieren Sie uns<\/a><\/p>\t\t\t\t\t\t\t\t<\/div>\n\t\t\t\t\t<\/div>\n\t\t\t\t<\/div>\n\t\t\t\t<\/div>","protected":false},"excerpt":{"rendered":"<p>Hiring a hacker to recover a WhatsApp account You can contact an ethical hacker if your WhatsApp account has been hacked or is inaccessible. Our cybersecurity experts will help you quickly and securely regain access. Don&#8217;t let a hacker control your messages and personal data! This also applies to accounts WhatsApp, Messenger ou WhatsApp Business&#8230;<\/p>","protected":false},"author":1,"featured_media":0,"parent":0,"menu_order":0,"comment_status":"closed","ping_status":"closed","template":"","meta":{"om_disable_all_campaigns":false,"_kad_post_transparent":"","_kad_post_title":"","_kad_post_layout":"","_kad_post_sidebar_id":"","_kad_post_content_style":"","_kad_post_vertical_padding":"","_kad_post_feature":"","_kad_post_feature_position":"","_kad_post_header":false,"_kad_post_footer":false,"_kad_post_classname":"","_joinchat":[],"footnotes":""},"class_list":["post-43","page","type-page","status-publish","hentry"],"yoast_head":"<!-- This site is optimized with the Yoast SEO plugin v27.2 - https:\/\/yoast.com\/product\/yoast-seo-wordpress\/ -->\n<title>Hiring a Social Media Hacker - Cipher Guard<\/title>\n<meta name=\"robots\" content=\"index, follow, max-snippet:-1, max-image-preview:large, max-video-preview:-1\" \/>\n<link rel=\"canonical\" href=\"https:\/\/cipher-guard.com\/de\/hiring-a-social-media-hacker\/\" \/>\n<meta property=\"og:locale\" content=\"de_DE\" \/>\n<meta property=\"og:type\" content=\"article\" \/>\n<meta property=\"og:title\" content=\"Hiring a Social Media Hacker - Cipher Guard\" \/>\n<meta property=\"og:description\" content=\"Hiring a hacker to recover a WhatsApp account You can contact an ethical hacker if your WhatsApp account has been hacked or is inaccessible. Our cybersecurity experts will help you quickly and securely regain access. Don&#8217;t let a hacker control your messages and personal data! This also applies to accounts WhatsApp, Messenger ou WhatsApp Business...\" \/>\n<meta property=\"og:url\" content=\"https:\/\/cipher-guard.com\/de\/hiring-a-social-media-hacker\/\" \/>\n<meta property=\"og:site_name\" content=\"Cipher Guard\" \/>\n<meta property=\"article:modified_time\" content=\"2026-01-21T11:33:12+00:00\" \/>\n<meta property=\"og:image\" content=\"https:\/\/cipher-guard.com\/wp-content\/uploads\/2025\/11\/Engager-Un-hacker-Reseaux-Sociaux.webp\" \/>\n\t<meta property=\"og:image:width\" content=\"1200\" \/>\n\t<meta property=\"og:image:height\" content=\"720\" \/>\n\t<meta property=\"og:image:type\" content=\"image\/webp\" \/>\n<meta name=\"twitter:card\" content=\"summary_large_image\" \/>\n<meta name=\"twitter:label1\" content=\"Gesch\u00e4tzte Lesezeit\" \/>\n\t<meta name=\"twitter:data1\" content=\"2\u00a0Minuten\" \/>\n<script type=\"application\/ld+json\" class=\"yoast-schema-graph\">{\"@context\":\"https:\/\/schema.org\",\"@graph\":[{\"@type\":\"WebPage\",\"@id\":\"https:\/\/cipher-guard.com\/hiring-a-social-media-hacker\/\",\"url\":\"https:\/\/cipher-guard.com\/hiring-a-social-media-hacker\/\",\"name\":\"Hiring a Social Media Hacker - Cipher Guard\",\"isPartOf\":{\"@id\":\"https:\/\/cipher-guard.com\/#website\"},\"primaryImageOfPage\":{\"@id\":\"https:\/\/cipher-guard.com\/hiring-a-social-media-hacker\/#primaryimage\"},\"image\":{\"@id\":\"https:\/\/cipher-guard.com\/hiring-a-social-media-hacker\/#primaryimage\"},\"thumbnailUrl\":\"https:\/\/cipher-guard.com\/wp-content\/uploads\/2025\/11\/Engager-Un-hacker-Reseaux-Sociaux.webp\",\"datePublished\":\"2025-11-11T07:29:22+00:00\",\"dateModified\":\"2026-01-21T11:33:12+00:00\",\"breadcrumb\":{\"@id\":\"https:\/\/cipher-guard.com\/hiring-a-social-media-hacker\/#breadcrumb\"},\"inLanguage\":\"de\",\"potentialAction\":[{\"@type\":\"ReadAction\",\"target\":[\"https:\/\/cipher-guard.com\/hiring-a-social-media-hacker\/\"]}]},{\"@type\":\"ImageObject\",\"inLanguage\":\"de\",\"@id\":\"https:\/\/cipher-guard.com\/hiring-a-social-media-hacker\/#primaryimage\",\"url\":\"https:\/\/cipher-guard.com\/wp-content\/uploads\/2025\/11\/Engager-Un-hacker-Reseaux-Sociaux.webp\",\"contentUrl\":\"https:\/\/cipher-guard.com\/wp-content\/uploads\/2025\/11\/Engager-Un-hacker-Reseaux-Sociaux.webp\"},{\"@type\":\"BreadcrumbList\",\"@id\":\"https:\/\/cipher-guard.com\/hiring-a-social-media-hacker\/#breadcrumb\",\"itemListElement\":[{\"@type\":\"ListItem\",\"position\":1,\"name\":\"Accueil\",\"item\":\"https:\/\/cipher-guard.com\/\"},{\"@type\":\"ListItem\",\"position\":2,\"name\":\"Hiring a Social Media Hacker\"}]},{\"@type\":\"WebSite\",\"@id\":\"https:\/\/cipher-guard.com\/#website\",\"url\":\"https:\/\/cipher-guard.com\/\",\"name\":\"Cipher Guard\",\"description\":\"Best website to meet hackers to help you solve your security problems\",\"publisher\":{\"@id\":\"https:\/\/cipher-guard.com\/#organization\"},\"potentialAction\":[{\"@type\":\"SearchAction\",\"target\":{\"@type\":\"EntryPoint\",\"urlTemplate\":\"https:\/\/cipher-guard.com\/?s={search_term_string}\"},\"query-input\":{\"@type\":\"PropertyValueSpecification\",\"valueRequired\":true,\"valueName\":\"search_term_string\"}}],\"inLanguage\":\"de\"},{\"@type\":\"Organization\",\"@id\":\"https:\/\/cipher-guard.com\/#organization\",\"name\":\"Cipher Guard\",\"url\":\"https:\/\/cipher-guard.com\/\",\"logo\":{\"@type\":\"ImageObject\",\"inLanguage\":\"de\",\"@id\":\"https:\/\/cipher-guard.com\/#\/schema\/logo\/image\/\",\"url\":\"https:\/\/cipher-guard.com\/wp-content\/uploads\/2026\/01\/cipher-guard-logo.png\",\"contentUrl\":\"https:\/\/cipher-guard.com\/wp-content\/uploads\/2026\/01\/cipher-guard-logo.png\",\"width\":360,\"height\":360,\"caption\":\"Cipher Guard\"},\"image\":{\"@id\":\"https:\/\/cipher-guard.com\/#\/schema\/logo\/image\/\"}}]}<\/script>\n<!-- \/ Yoast SEO plugin. -->","yoast_head_json":{"title":"Hiring a Social Media Hacker - Cipher Guard","robots":{"index":"index","follow":"follow","max-snippet":"max-snippet:-1","max-image-preview":"max-image-preview:large","max-video-preview":"max-video-preview:-1"},"canonical":"https:\/\/cipher-guard.com\/de\/hiring-a-social-media-hacker\/","og_locale":"de_DE","og_type":"article","og_title":"Hiring a Social Media Hacker - Cipher Guard","og_description":"Hiring a hacker to recover a WhatsApp account You can contact an ethical hacker if your WhatsApp account has been hacked or is inaccessible. Our cybersecurity experts will help you quickly and securely regain access. Don&#8217;t let a hacker control your messages and personal data! This also applies to accounts WhatsApp, Messenger ou WhatsApp Business...","og_url":"https:\/\/cipher-guard.com\/de\/hiring-a-social-media-hacker\/","og_site_name":"Cipher Guard","article_modified_time":"2026-01-21T11:33:12+00:00","og_image":[{"width":1200,"height":720,"url":"https:\/\/cipher-guard.com\/wp-content\/uploads\/2025\/11\/Engager-Un-hacker-Reseaux-Sociaux.webp","type":"image\/webp"}],"twitter_card":"summary_large_image","twitter_misc":{"Gesch\u00e4tzte Lesezeit":"2\u00a0Minuten"},"schema":{"@context":"https:\/\/schema.org","@graph":[{"@type":"WebPage","@id":"https:\/\/cipher-guard.com\/hiring-a-social-media-hacker\/","url":"https:\/\/cipher-guard.com\/hiring-a-social-media-hacker\/","name":"Hiring a Social Media Hacker - Cipher Guard","isPartOf":{"@id":"https:\/\/cipher-guard.com\/#website"},"primaryImageOfPage":{"@id":"https:\/\/cipher-guard.com\/hiring-a-social-media-hacker\/#primaryimage"},"image":{"@id":"https:\/\/cipher-guard.com\/hiring-a-social-media-hacker\/#primaryimage"},"thumbnailUrl":"https:\/\/cipher-guard.com\/wp-content\/uploads\/2025\/11\/Engager-Un-hacker-Reseaux-Sociaux.webp","datePublished":"2025-11-11T07:29:22+00:00","dateModified":"2026-01-21T11:33:12+00:00","breadcrumb":{"@id":"https:\/\/cipher-guard.com\/hiring-a-social-media-hacker\/#breadcrumb"},"inLanguage":"de","potentialAction":[{"@type":"ReadAction","target":["https:\/\/cipher-guard.com\/hiring-a-social-media-hacker\/"]}]},{"@type":"ImageObject","inLanguage":"de","@id":"https:\/\/cipher-guard.com\/hiring-a-social-media-hacker\/#primaryimage","url":"https:\/\/cipher-guard.com\/wp-content\/uploads\/2025\/11\/Engager-Un-hacker-Reseaux-Sociaux.webp","contentUrl":"https:\/\/cipher-guard.com\/wp-content\/uploads\/2025\/11\/Engager-Un-hacker-Reseaux-Sociaux.webp"},{"@type":"BreadcrumbList","@id":"https:\/\/cipher-guard.com\/hiring-a-social-media-hacker\/#breadcrumb","itemListElement":[{"@type":"ListItem","position":1,"name":"Accueil","item":"https:\/\/cipher-guard.com\/"},{"@type":"ListItem","position":2,"name":"Hiring a Social Media Hacker"}]},{"@type":"WebSite","@id":"https:\/\/cipher-guard.com\/#website","url":"https:\/\/cipher-guard.com\/","name":"Cipher Guard","description":"Best website to meet hackers to help you solve your security problems","publisher":{"@id":"https:\/\/cipher-guard.com\/#organization"},"potentialAction":[{"@type":"SearchAction","target":{"@type":"EntryPoint","urlTemplate":"https:\/\/cipher-guard.com\/?s={search_term_string}"},"query-input":{"@type":"PropertyValueSpecification","valueRequired":true,"valueName":"search_term_string"}}],"inLanguage":"de"},{"@type":"Organization","@id":"https:\/\/cipher-guard.com\/#organization","name":"Cipher Guard","url":"https:\/\/cipher-guard.com\/","logo":{"@type":"ImageObject","inLanguage":"de","@id":"https:\/\/cipher-guard.com\/#\/schema\/logo\/image\/","url":"https:\/\/cipher-guard.com\/wp-content\/uploads\/2026\/01\/cipher-guard-logo.png","contentUrl":"https:\/\/cipher-guard.com\/wp-content\/uploads\/2026\/01\/cipher-guard-logo.png","width":360,"height":360,"caption":"Cipher Guard"},"image":{"@id":"https:\/\/cipher-guard.com\/#\/schema\/logo\/image\/"}}]}},"_links":{"self":[{"href":"https:\/\/cipher-guard.com\/de\/wp-json\/wp\/v2\/pages\/43","targetHints":{"allow":["GET"]}}],"collection":[{"href":"https:\/\/cipher-guard.com\/de\/wp-json\/wp\/v2\/pages"}],"about":[{"href":"https:\/\/cipher-guard.com\/de\/wp-json\/wp\/v2\/types\/page"}],"author":[{"embeddable":true,"href":"https:\/\/cipher-guard.com\/de\/wp-json\/wp\/v2\/users\/1"}],"replies":[{"embeddable":true,"href":"https:\/\/cipher-guard.com\/de\/wp-json\/wp\/v2\/comments?post=43"}],"version-history":[{"count":14,"href":"https:\/\/cipher-guard.com\/de\/wp-json\/wp\/v2\/pages\/43\/revisions"}],"predecessor-version":[{"id":306,"href":"https:\/\/cipher-guard.com\/de\/wp-json\/wp\/v2\/pages\/43\/revisions\/306"}],"wp:attachment":[{"href":"https:\/\/cipher-guard.com\/de\/wp-json\/wp\/v2\/media?parent=43"}],"curies":[{"name":"wp","href":"https:\/\/api.w.org\/{rel}","templated":true}]}}