{"id":50,"date":"2025-11-11T07:40:26","date_gmt":"2025-11-11T07:40:26","guid":{"rendered":"https:\/\/cipher-guard.com\/?page_id=50"},"modified":"2026-01-21T11:34:55","modified_gmt":"2026-01-21T11:34:55","slug":"recover-your-stolen-cryptocurrency","status":"publish","type":"page","link":"https:\/\/cipher-guard.com\/de\/recover-your-stolen-cryptocurrency\/","title":{"rendered":"Wiedererlangen Sie Ihre gestohlene Kryptow\u00e4hrung"},"content":{"rendered":"<div data-elementor-type=\"wp-page\" data-elementor-id=\"50\" class=\"elementor elementor-50\" data-elementor-post-type=\"page\">\n\t\t\t\t<div class=\"elementor-element elementor-element-60967cd e-flex e-con-boxed e-con e-parent\" data-id=\"60967cd\" data-element_type=\"container\" data-e-type=\"container\">\n\t\t\t\t\t<div class=\"e-con-inner\">\n\t\t\t\t<div class=\"elementor-element elementor-element-5ec2a24 elementor-widget elementor-widget-image\" data-id=\"5ec2a24\" data-element_type=\"widget\" data-e-type=\"widget\" data-widget_type=\"image.default\">\n\t\t\t\t\t\t\t\t\t\t\t\t\t\t\t<img fetchpriority=\"high\" decoding=\"async\" width=\"1600\" height=\"800\" src=\"https:\/\/cipher-guard.com\/wp-content\/uploads\/2025\/11\/RECUPERER-VOS-CRYPTOS-MONNAIE-VOLEE.webp\" class=\"attachment-full size-full wp-image-53\" alt=\"Wiedererlangen Sie Ihre gestohlene Kryptow\u00e4hrung\" srcset=\"https:\/\/cipher-guard.com\/wp-content\/uploads\/2025\/11\/RECUPERER-VOS-CRYPTOS-MONNAIE-VOLEE.webp 1600w, https:\/\/cipher-guard.com\/wp-content\/uploads\/2025\/11\/RECUPERER-VOS-CRYPTOS-MONNAIE-VOLEE-300x150.webp 300w, https:\/\/cipher-guard.com\/wp-content\/uploads\/2025\/11\/RECUPERER-VOS-CRYPTOS-MONNAIE-VOLEE-1024x512.webp 1024w, https:\/\/cipher-guard.com\/wp-content\/uploads\/2025\/11\/RECUPERER-VOS-CRYPTOS-MONNAIE-VOLEE-768x384.webp 768w, https:\/\/cipher-guard.com\/wp-content\/uploads\/2025\/11\/RECUPERER-VOS-CRYPTOS-MONNAIE-VOLEE-1536x768.webp 1536w\" sizes=\"(max-width: 1600px) 100vw, 1600px\" \/>\t\t\t\t\t\t\t\t\t\t\t\t\t\t\t<\/div>\n\t\t\t\t<div class=\"elementor-element elementor-element-1de8634 elementor-widget elementor-widget-text-editor\" data-id=\"1de8634\" data-element_type=\"widget\" data-e-type=\"widget\" data-widget_type=\"text-editor.default\">\n\t\t\t\t\t\t\t\t\t<h2>Stolen crypto recover.<\/h2><p>Wir sind stolz darauf, einer der f\u00fchrenden Anbieter professioneller Krypto-Wiederherstellungsdienste zu sein. Unser unersch\u00fctterliches Engagement gilt der Bereitstellung 100 % sicherer, zuverl\u00e4ssiger und effektiver L\u00f6sungen, damit unsere Kunden beruhigt sein k\u00f6nnen. Wir verstehen die Komplexit\u00e4t und die Herausforderungen der Wiederherstellung digitaler Verm\u00f6genswerte und sind daher bestrebt, Dienstleistungen von h\u00f6chster Qualit\u00e4t anzubieten. Mit langj\u00e4hriger Erfahrung in der Kryptow\u00e4hrungsbranche setzt unser Team von Spezialisten modernste Techniken und Tools ein, um nicht nur die Wiederherstellung, sondern auch den Schutz Ihrer digitalen Verm\u00f6genswerte mit gr\u00f6\u00dfter Sorgfalt zu gew\u00e4hrleisten. Ganz gleich, ob Sie den Zugriff auf Ihre Wallets verloren haben, Opfer eines Diebstahls geworden sind oder ein anderes Problem im Zusammenhang mit Kryptow\u00e4hrungen haben \u2013 wir unterst\u00fctzen Sie bei jedem Schritt. STELLEN SIE IHRE GESTOHLENE KRYPTOW\u00c4HRUNG WIEDER HER<\/p><h3><b>Wiedererlangung von Verm\u00f6genswerten in Kryptow\u00e4hrung und Ermittlungen.<\/b><\/h3><p>Wenn Sie aufgrund von Betrug, Diebstahl oder Hacking Kryptow\u00e4hrung verloren haben, verfolgen wir Ihre Verm\u00f6genswerte mithilfe zertifizierter Blockchain-Forensik-Ermittler und direkter Partnerschaften mit B\u00f6rsen, Compliance-Teams und Strafverfolgungsbeh\u00f6rden. Wir handeln schnell und verfolgen jede Spur, wobei wir Sie jederzeit umfassend auf dem Laufenden halten. <a href=\"https:\/\/cipher-guard.com\/de\/contact-us\/\">Kontaktieren Sie uns<\/a>.<\/p><p>Der Diebstahl von Kryptow\u00e4hrungen nimmt weltweit explosionsartig zu, und viele Privatpersonen und Unternehmen werden Opfer davon. Die Beauftragung eines Hackers zur Wiederbeschaffung Ihrer gestohlenen Kryptow\u00e4hrung ist nach wie vor die einfachste und kosteng\u00fcnstigste L\u00f6sung. T\u00e4glich werden Tausenden von Nutzern weltweit ihre Zugangsdaten gestohlen, ihre digitalen Geldb\u00f6rsen geleert und ihre Privatsph\u00e4re \u00fcber Plattformen wie Instagram, Gmail und Facebook offengelegt, und ihre Verm\u00f6genswerte, die auf Binance, Trust Wallet, MetaMask usw. gespeichert sind, werden kompromittiert. Kein Dienst ist vor den immer raffinierteren Cyberangriffen sicher. Dieses Ph\u00e4nomen betrifft Privatpersonen, Fachleute und diejenigen, die in Kryptow\u00e4hrungen investieren m\u00f6chten, und die Verluste k\u00f6nnen kolossale Summen erreichen. Mit unserem Service k\u00f6nnen Sie all diese verlorenen Gelder zur\u00fcckerhalten.<\/p><p>In diesem Zusammenhang taucht immer wieder eine Frage auf: Kann man gestohlene Kryptow\u00e4hrungen wirklich zur\u00fcckerhalten? Ist das legal? Gibt es zuverl\u00e4ssige, diskrete und rechtm\u00e4\u00dfige L\u00f6sungen, um gestohlene digitale Verm\u00f6genswerte zur\u00fcckzuerhalten oder die Kontrolle \u00fcber gehackte Konten wiederzuerlangen? Angesichts dieser Fragen, die f\u00fcr die Opfer oft dringend sind, k\u00f6nnen wir mit Zuversicht mit JA antworten: Es ist m\u00f6glich, Ihr Geld zur\u00fcckzuerhalten und es Ihnen zur\u00fcckzugeben.<\/p><p>In diesem speziellen Fall kommt eine seri\u00f6se und professionelle Alternative ins Spiel: Sie m\u00fcssen sich an einen Hacker wenden, um gestohlene Kryptow\u00e4hrungen \u00fcber eine spezialisierte Plattform wiederzuerlangen. Auf unserer Website finden Sie die verschiedenen Schritte, die nat\u00fcrlich von einem Fachmann durchgef\u00fchrt werden m\u00fcssen. Wir bieten einen vollst\u00e4ndigen \u00dcberblick \u00fcber diese Praxis, die der breiten \u00d6ffentlichkeit noch relativ unbekannt ist. Wir verwenden nur Techniken, die rechtlich zul\u00e4ssig, technisch machbar und vor allem tats\u00e4chlich wirksam sind. Au\u00dferdem stellen wir Ihnen eine f\u00fchrende Plattform f\u00fcr ethische Cybersicherheit vor, die schnelle Hilfe bietet. Mit unserer Unterst\u00fctzung ist es m\u00f6glich, Ihre gestohlenen Kryptow\u00e4hrungen legal und vertraulich wiederzuerlangen.<\/p><h2 style=\"text-align: center;\">WARUM UNS VERTRAUEN?<\/h2><p><strong>Vollst\u00e4ndig zertifizierte Ermittler<\/strong><br \/>Unsere Referenzen in den Bereichen Blockchain-Forensik, Cybersicherheit und Ermittlungen bei Finanzkriminalit\u00e4t st\u00e4rken unsere F\u00e4higkeit, verlorene Verm\u00f6genswerte aufzusp\u00fcren und das Vertrauen von B\u00f6rsen und Kunden zu gewinnen.<\/p><p><strong>Geschwindigkeit ist wichtig<\/strong><br \/>Die Wiederherstellung von Kryptow\u00e4hrungen ist ein Wettlauf gegen die Zeit. Unsere branchenspezifischen Warnsysteme l\u00f6sen sofort Benachrichtigungen an Plattformen, AML-Partner und Aufsichtsbeh\u00f6rden aus und sch\u00fctzen so Ihre Chancen.<\/p><p><strong>Transparenz mit echten Menschen<\/strong><br \/>Keine anonymen Systeme oder versteckten Rechnungen. Sie arbeiten direkt mit einem erfahrenen Ermittler zusammen, der Sie durch jeden Schritt des Prozesses begleitet und Ihnen die Risiken und Optionen in klarer Sprache erkl\u00e4rt.<\/p><p><strong>Globale Reichweite und Netzwerk<\/strong><br \/>Wir koordinieren unsere Aktivit\u00e4ten mit B\u00f6rsen, Strafverfolgungsbeh\u00f6rden, Compliance-Teams und Finanzinstituten weltweit, wodurch wir Verm\u00f6genswerte grenz\u00fcberschreitend aufsp\u00fcren und zur\u00fcckgewinnen k\u00f6nnen.<\/p><h3 style=\"text-align: center;\">Einige Gr\u00fcnde, warum sich Menschen f\u00fcr uns entscheiden!<\/h3><p>Angesichts der Dringlichkeit der Wiederherstellung von Kryptow\u00e4hrungen arbeitet unser erfahrenes Team diskret und sicher, um Ihnen dabei zu helfen, die Kontrolle \u00fcber Ihre digitalen Verm\u00f6genswerte zur\u00fcckzugewinnen. Mit unserer bew\u00e4hrten Erfahrung in der Blockchain-Wiederherstellung sind wir Ihre vertrauensw\u00fcrdigen Experten f\u00fcr die Wiederherstellung von Bitcoin.<\/p><h3 style=\"text-align: center;\">Wiedererlangen Sie Ihre gestohlene Kryptow\u00e4hrung<\/h3><p>Es ist v\u00f6llig legal, einen Hacker zu kontaktieren, um Ihre gestohlenen Kryptow\u00e4hrungen wiederzuerlangen, vorausgesetzt, Sie beauftragen einen ethischen Hacker, auch bekannt als White-Hat-Hacker. Diese Cybersicherheitsexperten arbeiten innerhalb eines streng legalen, vertraglichen und sicheren Rahmens. Wenn Sie sich daf\u00fcr entscheiden, einen Hacker zu beauftragen, um Ihre gestohlenen Kryptow\u00e4hrungen wiederzuerlangen, besteht der schwierigste Teil darin, die Situation zu analysieren, um einen sicheren Arbeitsplan zu erstellen. Anschlie\u00dfend identifizieren sie die von den Hackern ausgenutzten Sicherheitsl\u00fccken, um sicherzustellen, dass Sie Ihr Geld so schnell wie m\u00f6glich zur\u00fcckerhalten. Schlie\u00dflich werden sie die notwendigen Ma\u00dfnahmen ergreifen, um den Zugriff auf Ihre Daten wiederherzustellen. Es ist wichtig zu beachten, dass dieser Prozess nur m\u00f6glich ist, wenn Sie nachweisen k\u00f6nnen, dass Sie der rechtm\u00e4\u00dfige Eigent\u00fcmer des betreffenden Kontos oder der betreffenden Wallet sind. STELLEN SIE IHRE GESTOHLENEN KRYPTOW\u00c4HRUNGEN WIEDER HER<\/p><p><b>Und was ist mit gestohlenen Kryptow\u00e4hrungen?<\/b><\/p><p>Die Wiederbeschaffung gestohlener Kryptow\u00e4hrungen ist eine echte Herausforderung. Im Gegensatz zu herk\u00f6mmlichen Online-Konten funktionieren Blockchains dezentral, anonym und vor allem irreversibel. Das bedeutet, dass einmal \u00fcbertragene Gelder nicht mehr r\u00fcckg\u00e4ngig gemacht werden k\u00f6nnen. In diesem Zusammenhang ist es oft notwendig, einen Hacker zu beauftragen, um die Chancen auf eine erfolgreiche Wiederbeschaffung gestohlener Kryptow\u00e4hrungen zu maximieren.<\/p><p><b><br \/><\/b><strong>Das bedeutet in der Praxis Folgendes:<\/strong><\/p><p>Verfolgen Sie die Bewegung Ihrer Gelder auf der Blockchain mit speziellen Tools, identifizieren Sie die vom Cyberkriminellen verwendeten Zieladressen, weisen Sie nach, dass Sie der rechtm\u00e4\u00dfige Eigent\u00fcmer der gestohlenen Kryptow\u00e4hrung sind (Screenshots, Kryptoadressen, Transaktionsverlauf), bauen Sie einen soliden Rechtsfall auf, um Ihren Anspruch zu untermauern, und arbeiten Sie mit B\u00f6rsenplattformen (wie Binance oder Coinbase) zusammen, um die Gelder nach M\u00f6glichkeit zu sperren oder einzufrieren.<\/p><p>In einer solchen Situation ist es eine strategische Entscheidung, einen Hacker zu beauftragen, um Ihre gestohlenen Kryptow\u00e4hrungen wiederzubekommen. Ein ethischer und qualifizierter Experte kann Sie Schritt f\u00fcr Schritt diskret innerhalb eines legalen und sicheren Rahmens begleiten. HOLEN SIE SICH IHRE GESTOHLENEN KRYPTOW\u00c4HRUNGEN ZUR\u00dcCK<\/p><h3>Wie gehe ich vor? Welche Plattform sollte ich verwenden?<\/h3><p>Angesichts der Zunahme von Online-Betrugsf\u00e4llen ist es von entscheidender Bedeutung, eine zuverl\u00e4ssige und legale Plattform zu nutzen. Hier zeichnet sich unsere Website als die erste Anlaufstelle f\u00fcr die Kontaktaufnahme mit einem ethischen Hacker aus. <a href=\"https:\/\/reseaudesecurite.com\/\" target=\"_blank\" rel=\"noopener\"><span style=\"color: #ffffff;\">contacting an ethical hacker<\/span><\/a><\/p>\t\t\t\t\t\t\t\t<\/div>\n\t\t\t\t\t<\/div>\n\t\t\t\t<\/div>\n\t\t\t\t<\/div>","protected":false},"excerpt":{"rendered":"<p>Recover your stolen crypto . We are proud to say that we are one of the leading providers of professional crypto recovery services. Our unwavering commitment is to provide 100% safe, reliable, and effective solutions for our clients&#8217; peace of mind. We understand the complexity and challenges of digital asset recovery, which is why we&#8230;<\/p>","protected":false},"author":1,"featured_media":0,"parent":0,"menu_order":0,"comment_status":"closed","ping_status":"closed","template":"","meta":{"om_disable_all_campaigns":false,"_kad_post_transparent":"","_kad_post_title":"","_kad_post_layout":"","_kad_post_sidebar_id":"","_kad_post_content_style":"","_kad_post_vertical_padding":"","_kad_post_feature":"","_kad_post_feature_position":"","_kad_post_header":false,"_kad_post_footer":false,"_kad_post_classname":"","_joinchat":[],"footnotes":""},"class_list":["post-50","page","type-page","status-publish","hentry"],"yoast_head":"<!-- This site is optimized with the Yoast SEO plugin v27.2 - https:\/\/yoast.com\/product\/yoast-seo-wordpress\/ -->\n<title>RECOVER YOUR STOLEN CRYPTO-CURRENCY - Cipher Guard<\/title>\n<meta name=\"robots\" content=\"index, follow, max-snippet:-1, max-image-preview:large, max-video-preview:-1\" \/>\n<link rel=\"canonical\" href=\"https:\/\/cipher-guard.com\/de\/recover-your-stolen-cryptocurrency\/\" \/>\n<meta property=\"og:locale\" content=\"de_DE\" \/>\n<meta property=\"og:type\" content=\"article\" \/>\n<meta property=\"og:title\" content=\"RECOVER YOUR STOLEN CRYPTO-CURRENCY - Cipher Guard\" \/>\n<meta property=\"og:description\" content=\"Recover your stolen crypto . We are proud to say that we are one of the leading providers of professional crypto recovery services. Our unwavering commitment is to provide 100% safe, reliable, and effective solutions for our clients&#8217; peace of mind. We understand the complexity and challenges of digital asset recovery, which is why we...\" \/>\n<meta property=\"og:url\" content=\"https:\/\/cipher-guard.com\/de\/recover-your-stolen-cryptocurrency\/\" \/>\n<meta property=\"og:site_name\" content=\"Cipher Guard\" \/>\n<meta property=\"article:modified_time\" content=\"2026-01-21T11:34:55+00:00\" \/>\n<meta property=\"og:image\" content=\"https:\/\/cipher-guard.com\/wp-content\/uploads\/2025\/11\/RECUPERER-VOS-CRYPTOS-MONNAIE-VOLEE.webp\" \/>\n\t<meta property=\"og:image:width\" content=\"1600\" \/>\n\t<meta property=\"og:image:height\" content=\"800\" \/>\n\t<meta property=\"og:image:type\" content=\"image\/webp\" \/>\n<meta name=\"twitter:card\" content=\"summary_large_image\" \/>\n<meta name=\"twitter:label1\" content=\"Gesch\u00e4tzte Lesezeit\" \/>\n\t<meta name=\"twitter:data1\" content=\"5\u00a0Minuten\" \/>\n<script type=\"application\/ld+json\" class=\"yoast-schema-graph\">{\"@context\":\"https:\/\/schema.org\",\"@graph\":[{\"@type\":\"WebPage\",\"@id\":\"https:\/\/cipher-guard.com\/recover-your-stolen-cryptocurrency\/\",\"url\":\"https:\/\/cipher-guard.com\/recover-your-stolen-cryptocurrency\/\",\"name\":\"RECOVER YOUR STOLEN CRYPTO-CURRENCY - Cipher Guard\",\"isPartOf\":{\"@id\":\"https:\/\/cipher-guard.com\/#website\"},\"primaryImageOfPage\":{\"@id\":\"https:\/\/cipher-guard.com\/recover-your-stolen-cryptocurrency\/#primaryimage\"},\"image\":{\"@id\":\"https:\/\/cipher-guard.com\/recover-your-stolen-cryptocurrency\/#primaryimage\"},\"thumbnailUrl\":\"https:\/\/cipher-guard.com\/wp-content\/uploads\/2025\/11\/RECUPERER-VOS-CRYPTOS-MONNAIE-VOLEE.webp\",\"datePublished\":\"2025-11-11T07:40:26+00:00\",\"dateModified\":\"2026-01-21T11:34:55+00:00\",\"breadcrumb\":{\"@id\":\"https:\/\/cipher-guard.com\/recover-your-stolen-cryptocurrency\/#breadcrumb\"},\"inLanguage\":\"de\",\"potentialAction\":[{\"@type\":\"ReadAction\",\"target\":[\"https:\/\/cipher-guard.com\/recover-your-stolen-cryptocurrency\/\"]}]},{\"@type\":\"ImageObject\",\"inLanguage\":\"de\",\"@id\":\"https:\/\/cipher-guard.com\/recover-your-stolen-cryptocurrency\/#primaryimage\",\"url\":\"https:\/\/cipher-guard.com\/wp-content\/uploads\/2025\/11\/RECUPERER-VOS-CRYPTOS-MONNAIE-VOLEE.webp\",\"contentUrl\":\"https:\/\/cipher-guard.com\/wp-content\/uploads\/2025\/11\/RECUPERER-VOS-CRYPTOS-MONNAIE-VOLEE.webp\"},{\"@type\":\"BreadcrumbList\",\"@id\":\"https:\/\/cipher-guard.com\/recover-your-stolen-cryptocurrency\/#breadcrumb\",\"itemListElement\":[{\"@type\":\"ListItem\",\"position\":1,\"name\":\"Accueil\",\"item\":\"https:\/\/cipher-guard.com\/\"},{\"@type\":\"ListItem\",\"position\":2,\"name\":\"RECOVER YOUR STOLEN CRYPTO-CURRENCY\"}]},{\"@type\":\"WebSite\",\"@id\":\"https:\/\/cipher-guard.com\/#website\",\"url\":\"https:\/\/cipher-guard.com\/\",\"name\":\"Cipher Guard\",\"description\":\"Best website to meet hackers to help you solve your security problems\",\"publisher\":{\"@id\":\"https:\/\/cipher-guard.com\/#organization\"},\"potentialAction\":[{\"@type\":\"SearchAction\",\"target\":{\"@type\":\"EntryPoint\",\"urlTemplate\":\"https:\/\/cipher-guard.com\/?s={search_term_string}\"},\"query-input\":{\"@type\":\"PropertyValueSpecification\",\"valueRequired\":true,\"valueName\":\"search_term_string\"}}],\"inLanguage\":\"de\"},{\"@type\":\"Organization\",\"@id\":\"https:\/\/cipher-guard.com\/#organization\",\"name\":\"Cipher Guard\",\"url\":\"https:\/\/cipher-guard.com\/\",\"logo\":{\"@type\":\"ImageObject\",\"inLanguage\":\"de\",\"@id\":\"https:\/\/cipher-guard.com\/#\/schema\/logo\/image\/\",\"url\":\"https:\/\/cipher-guard.com\/wp-content\/uploads\/2026\/01\/cipher-guard-logo.png\",\"contentUrl\":\"https:\/\/cipher-guard.com\/wp-content\/uploads\/2026\/01\/cipher-guard-logo.png\",\"width\":360,\"height\":360,\"caption\":\"Cipher Guard\"},\"image\":{\"@id\":\"https:\/\/cipher-guard.com\/#\/schema\/logo\/image\/\"}}]}<\/script>\n<!-- \/ Yoast SEO plugin. -->","yoast_head_json":{"title":"RECOVER YOUR STOLEN CRYPTO-CURRENCY - Cipher Guard","robots":{"index":"index","follow":"follow","max-snippet":"max-snippet:-1","max-image-preview":"max-image-preview:large","max-video-preview":"max-video-preview:-1"},"canonical":"https:\/\/cipher-guard.com\/de\/recover-your-stolen-cryptocurrency\/","og_locale":"de_DE","og_type":"article","og_title":"RECOVER YOUR STOLEN CRYPTO-CURRENCY - Cipher Guard","og_description":"Recover your stolen crypto . We are proud to say that we are one of the leading providers of professional crypto recovery services. Our unwavering commitment is to provide 100% safe, reliable, and effective solutions for our clients&#8217; peace of mind. We understand the complexity and challenges of digital asset recovery, which is why we...","og_url":"https:\/\/cipher-guard.com\/de\/recover-your-stolen-cryptocurrency\/","og_site_name":"Cipher Guard","article_modified_time":"2026-01-21T11:34:55+00:00","og_image":[{"width":1600,"height":800,"url":"https:\/\/cipher-guard.com\/wp-content\/uploads\/2025\/11\/RECUPERER-VOS-CRYPTOS-MONNAIE-VOLEE.webp","type":"image\/webp"}],"twitter_card":"summary_large_image","twitter_misc":{"Gesch\u00e4tzte Lesezeit":"5\u00a0Minuten"},"schema":{"@context":"https:\/\/schema.org","@graph":[{"@type":"WebPage","@id":"https:\/\/cipher-guard.com\/recover-your-stolen-cryptocurrency\/","url":"https:\/\/cipher-guard.com\/recover-your-stolen-cryptocurrency\/","name":"RECOVER YOUR STOLEN CRYPTO-CURRENCY - Cipher Guard","isPartOf":{"@id":"https:\/\/cipher-guard.com\/#website"},"primaryImageOfPage":{"@id":"https:\/\/cipher-guard.com\/recover-your-stolen-cryptocurrency\/#primaryimage"},"image":{"@id":"https:\/\/cipher-guard.com\/recover-your-stolen-cryptocurrency\/#primaryimage"},"thumbnailUrl":"https:\/\/cipher-guard.com\/wp-content\/uploads\/2025\/11\/RECUPERER-VOS-CRYPTOS-MONNAIE-VOLEE.webp","datePublished":"2025-11-11T07:40:26+00:00","dateModified":"2026-01-21T11:34:55+00:00","breadcrumb":{"@id":"https:\/\/cipher-guard.com\/recover-your-stolen-cryptocurrency\/#breadcrumb"},"inLanguage":"de","potentialAction":[{"@type":"ReadAction","target":["https:\/\/cipher-guard.com\/recover-your-stolen-cryptocurrency\/"]}]},{"@type":"ImageObject","inLanguage":"de","@id":"https:\/\/cipher-guard.com\/recover-your-stolen-cryptocurrency\/#primaryimage","url":"https:\/\/cipher-guard.com\/wp-content\/uploads\/2025\/11\/RECUPERER-VOS-CRYPTOS-MONNAIE-VOLEE.webp","contentUrl":"https:\/\/cipher-guard.com\/wp-content\/uploads\/2025\/11\/RECUPERER-VOS-CRYPTOS-MONNAIE-VOLEE.webp"},{"@type":"BreadcrumbList","@id":"https:\/\/cipher-guard.com\/recover-your-stolen-cryptocurrency\/#breadcrumb","itemListElement":[{"@type":"ListItem","position":1,"name":"Accueil","item":"https:\/\/cipher-guard.com\/"},{"@type":"ListItem","position":2,"name":"RECOVER YOUR STOLEN CRYPTO-CURRENCY"}]},{"@type":"WebSite","@id":"https:\/\/cipher-guard.com\/#website","url":"https:\/\/cipher-guard.com\/","name":"Cipher Guard","description":"Best website to meet hackers to help you solve your security problems","publisher":{"@id":"https:\/\/cipher-guard.com\/#organization"},"potentialAction":[{"@type":"SearchAction","target":{"@type":"EntryPoint","urlTemplate":"https:\/\/cipher-guard.com\/?s={search_term_string}"},"query-input":{"@type":"PropertyValueSpecification","valueRequired":true,"valueName":"search_term_string"}}],"inLanguage":"de"},{"@type":"Organization","@id":"https:\/\/cipher-guard.com\/#organization","name":"Cipher Guard","url":"https:\/\/cipher-guard.com\/","logo":{"@type":"ImageObject","inLanguage":"de","@id":"https:\/\/cipher-guard.com\/#\/schema\/logo\/image\/","url":"https:\/\/cipher-guard.com\/wp-content\/uploads\/2026\/01\/cipher-guard-logo.png","contentUrl":"https:\/\/cipher-guard.com\/wp-content\/uploads\/2026\/01\/cipher-guard-logo.png","width":360,"height":360,"caption":"Cipher Guard"},"image":{"@id":"https:\/\/cipher-guard.com\/#\/schema\/logo\/image\/"}}]}},"_links":{"self":[{"href":"https:\/\/cipher-guard.com\/de\/wp-json\/wp\/v2\/pages\/50","targetHints":{"allow":["GET"]}}],"collection":[{"href":"https:\/\/cipher-guard.com\/de\/wp-json\/wp\/v2\/pages"}],"about":[{"href":"https:\/\/cipher-guard.com\/de\/wp-json\/wp\/v2\/types\/page"}],"author":[{"embeddable":true,"href":"https:\/\/cipher-guard.com\/de\/wp-json\/wp\/v2\/users\/1"}],"replies":[{"embeddable":true,"href":"https:\/\/cipher-guard.com\/de\/wp-json\/wp\/v2\/comments?post=50"}],"version-history":[{"count":19,"href":"https:\/\/cipher-guard.com\/de\/wp-json\/wp\/v2\/pages\/50\/revisions"}],"predecessor-version":[{"id":309,"href":"https:\/\/cipher-guard.com\/de\/wp-json\/wp\/v2\/pages\/50\/revisions\/309"}],"wp:attachment":[{"href":"https:\/\/cipher-guard.com\/de\/wp-json\/wp\/v2\/media?parent=50"}],"curies":[{"name":"wp","href":"https:\/\/api.w.org\/{rel}","templated":true}]}}