{"id":3,"date":"2025-10-20T12:56:56","date_gmt":"2025-10-20T12:56:56","guid":{"rendered":"https:\/\/cipher-guard.com\/?page_id=3"},"modified":"2026-01-21T11:25:38","modified_gmt":"2026-01-21T11:25:38","slug":"hire-a-cheap-hacker","status":"publish","type":"page","link":"https:\/\/cipher-guard.com\/es\/hire-a-cheap-hacker\/","title":{"rendered":"Contrata a un hacker barato"},"content":{"rendered":"<div data-elementor-type=\"wp-page\" data-elementor-id=\"3\" class=\"elementor elementor-3\" data-elementor-post-type=\"page\">\n\t\t\t\t<div class=\"elementor-element elementor-element-17dd930 e-flex e-con-boxed e-con e-parent\" data-id=\"17dd930\" data-element_type=\"container\" data-e-type=\"container\">\n\t\t\t\t\t<div class=\"e-con-inner\">\n\t\t\t\t<div class=\"elementor-element elementor-element-68f941e elementor-widget elementor-widget-image\" data-id=\"68f941e\" data-element_type=\"widget\" data-e-type=\"widget\" data-widget_type=\"image.default\">\n\t\t\t\t\t\t\t\t\t\t\t\t\t\t\t<img fetchpriority=\"high\" decoding=\"async\" width=\"1024\" height=\"647\" src=\"https:\/\/cipher-guard.com\/wp-content\/uploads\/2025\/11\/Engagez-un-hacker-pas-cher-1024x647.jpg\" class=\"attachment-large size-large wp-image-36\" alt=\"Contrata a un hacker barato\" srcset=\"https:\/\/cipher-guard.com\/wp-content\/uploads\/2025\/11\/Engagez-un-hacker-pas-cher-1024x647.jpg 1024w, https:\/\/cipher-guard.com\/wp-content\/uploads\/2025\/11\/Engagez-un-hacker-pas-cher-300x190.jpg 300w, https:\/\/cipher-guard.com\/wp-content\/uploads\/2025\/11\/Engagez-un-hacker-pas-cher-768x485.jpg 768w, https:\/\/cipher-guard.com\/wp-content\/uploads\/2025\/11\/Engagez-un-hacker-pas-cher-1536x971.jpg 1536w, https:\/\/cipher-guard.com\/wp-content\/uploads\/2025\/11\/Engagez-un-hacker-pas-cher.jpg 1600w\" sizes=\"(max-width: 1024px) 100vw, 1024px\" \/>\t\t\t\t\t\t\t\t\t\t\t\t\t\t\t<\/div>\n\t\t\t\t<div class=\"elementor-element elementor-element-00dd95f elementor-widget elementor-widget-text-editor\" data-id=\"00dd95f\" data-element_type=\"widget\" data-e-type=\"widget\" data-widget_type=\"text-editor.default\">\n\t\t\t\t\t\t\t\t\t<p>Contratar a un hacker asequible en el mundo digital actual puede ser una soluci\u00f3n para resolver problemas de seguridad, recuperar cuentas perdidas o realizar evaluaciones de vulnerabilidad. Sin embargo, es fundamental elegir un servicio fiable y \u00e9tico como el nuestro, en el que garantizamos profesionalidad y eficiencia sin comprometer su privacidad. <a href=\"https:\/\/cipher-guard.com\/es\/contact-us\/\">Cont\u00e1ctenos<\/a><\/p><h3>\u00bfPor qu\u00e9 contratar a un hacker profesional?<\/h3><p>Muchas personas contratan a hackers por diversas razones, desde recuperar el acceso a cuentas de redes sociales hasta proteger los sistemas corporativos. Un hacker certificado puede identificar vulnerabilidades de seguridad antes de que sean explotadas por ciberdelincuentes. Ofrecemos servicios legales y transparentes para proteger su informaci\u00f3n.<\/p><h3>Servicios que ofrecemos en ciberseguridad y hacking \u00e9tico<\/h3><p>Nuestra empresa se especializa en hacking \u00e9tico, pruebas de penetraci\u00f3n y recuperaci\u00f3n de cuentas. Nos adherimos a estrictos protocolos legales para prevenir cualquier actividad ilegal. Estos son algunos de nuestros servicios:<\/p><p><strong>Recuperaci\u00f3n de cuentas pirateadas<\/strong> (Facebook, Instagram, correos electr\u00f3nicos).<\/p><p><strong>Pruebas de penetraci\u00f3n para empresas.<\/strong><br \/>Detecci\u00f3n de vulnerabilidades en sistemas inform\u00e1ticos.<br \/>Consultor\u00eda en ciberseguridad para proteger datos confidenciales.<br \/>Si necesitas un servicio fiable, evita las estafas y elige profesionales con experiencia. Contrata a un hacker asequible.<\/p><p><strong>Ventajas de utilizar un hacker asequible<\/strong><br \/>Optar por servicios asequibles no significa sacrificar la calidad. En nuestra plataforma, ofrecemos precios asequibles y altos est\u00e1ndares de seguridad. Estas son algunas de las ventajas de trabajar con nosotros:<\/p><p><strong>Confidencialidad absoluta:<\/strong> Tus datos estar\u00e1n siempre protegidos.<br \/>Resultados garantizados: soluciones eficaces en poco tiempo.<br \/>Asistencia 24\/7: Atenci\u00f3n inmediata en caso de emergencia. No ponga en riesgo su informaci\u00f3n con servicios dudosos. Recurra a expertos que cumplan con las normas legales.<\/p><p><strong>Cuando se busca contratar a un hacker de bajo coste<\/strong>, es fundamental verificar la reputaci\u00f3n del proveedor. Contamos con testimonios aut\u00e9nticos e historias de \u00e9xito que demuestran nuestra profesionalidad. Evite los servicios que prometen resultados milagrosos o que exigen pagos por adelantado sin garant\u00edas. Un hacker \u00e9tico de buena reputaci\u00f3n siempre opera dentro del marco legal y bajo estrictos acuerdos de confidencialidad.<\/p><p><strong>Diferencias entre un hacker \u00e9tico y un ciberdelincuente<\/strong><br \/>Muchas personas confunden estos dos t\u00e9rminos, pero un hacker \u00e9tico se centra en proteger los sistemas, no en piratearlos. En nuestro sitio web, seguimos protocolos estrictos para garantizar la legalidad de nuestras acciones y su beneficio para nuestros clientes. Mientras que los ciberdelincuentes buscan robar informaci\u00f3n, nosotros ayudamos a prevenir estos ataques mediante pruebas de seguridad y asesoramiento profesional.<\/p><p>Nuestros clientes nos contactan con frecuencia por situaciones como la p\u00e9rdida de acceso a cuentas, sospechas de espionaje industrial o la necesidad de reforzar su seguridad digital. Si se enfrenta a alguno de estos problemas, la ciberseguridad y el hacking \u00e9tico pueden proporcionarle una soluci\u00f3n r\u00e1pida, segura y que cumple con la legislaci\u00f3n.<\/p><p>A menudo se cree err\u00f3neamente que los servicios asequibles carecen de calidad. Sin embargo, en nuestro caso, ofrecemos precios competitivos gracias a metodolog\u00edas eficaces y a nuestra amplia experiencia en el sector. Lo que importa no es el precio, sino la transparencia, las certificaciones y los resultados obtenidos por el proveedor del servicio. Contratar a un hacker asequible<\/p><p>Si desea contratar a un hacker a un precio m\u00e1s econ\u00f3mico, aseg\u00farese de que sea un profesional \u00e9tico y certificado. Aqu\u00ed le ofrecemos soluciones legales, r\u00e1pidas y asequibles para proteger su informaci\u00f3n. <a href=\"https:\/\/cipher-guard.com\/es\/contact-us\/\">Cont\u00e1ctenos<\/a> \u00a1Ponte en contacto hoy mismo y obt\u00e9n la ayuda que necesitas, sin ning\u00fan riesgo! <a href=\"https:\/\/reseaudesecurite.com\" target=\"_blank\" rel=\"noopener\"><span style=\"color: #ffffff;\">certified professional<\/span><\/a><\/p>\t\t\t\t\t\t\t\t<\/div>\n\t\t\t\t\t<\/div>\n\t\t\t\t<\/div>\n\t\t\t\t<\/div>","protected":false},"excerpt":{"rendered":"<p>Hiring an affordable hacker in today&#8217;s digital world can be a solution for resolving security issues, recovering lost accounts, or conducting vulnerability assessments. However, it&#8217;s crucial to choose a reliable and ethical service like ours, where we guarantee professionalism and efficiency without compromising your privacy. Contact Us Why hire a professional hacker? Many people hire&#8230;<\/p>","protected":false},"author":1,"featured_media":0,"parent":0,"menu_order":0,"comment_status":"closed","ping_status":"closed","template":"","meta":{"om_disable_all_campaigns":false,"_kad_post_transparent":"","_kad_post_title":"","_kad_post_layout":"","_kad_post_sidebar_id":"","_kad_post_content_style":"","_kad_post_vertical_padding":"","_kad_post_feature":"","_kad_post_feature_position":"","_kad_post_header":false,"_kad_post_footer":false,"_kad_post_classname":"","_joinchat":[],"footnotes":""},"class_list":["post-3","page","type-page","status-publish","hentry"],"yoast_head":"<!-- This site is optimized with the Yoast SEO plugin v27.2 - https:\/\/yoast.com\/product\/yoast-seo-wordpress\/ -->\n<title>Hire a cheap hacker - Cipher Guard<\/title>\n<meta name=\"robots\" content=\"index, follow, max-snippet:-1, max-image-preview:large, max-video-preview:-1\" \/>\n<link rel=\"canonical\" href=\"https:\/\/cipher-guard.com\/es\/hire-a-cheap-hacker\/\" \/>\n<meta property=\"og:locale\" content=\"es_ES\" \/>\n<meta property=\"og:type\" content=\"article\" \/>\n<meta property=\"og:title\" content=\"Hire a cheap hacker - Cipher Guard\" \/>\n<meta property=\"og:description\" content=\"Hiring an affordable hacker in today&#8217;s digital world can be a solution for resolving security issues, recovering lost accounts, or conducting vulnerability assessments. However, it&#8217;s crucial to choose a reliable and ethical service like ours, where we guarantee professionalism and efficiency without compromising your privacy. Contact Us Why hire a professional hacker? Many people hire...\" \/>\n<meta property=\"og:url\" content=\"https:\/\/cipher-guard.com\/es\/hire-a-cheap-hacker\/\" \/>\n<meta property=\"og:site_name\" content=\"Cipher Guard\" \/>\n<meta property=\"article:modified_time\" content=\"2026-01-21T11:25:38+00:00\" \/>\n<meta property=\"og:image\" content=\"https:\/\/cipher-guard.com\/wp-content\/uploads\/2025\/11\/Engagez-un-hacker-pas-cher.jpg\" \/>\n\t<meta property=\"og:image:width\" content=\"1600\" \/>\n\t<meta property=\"og:image:height\" content=\"1011\" \/>\n\t<meta property=\"og:image:type\" content=\"image\/jpeg\" \/>\n<meta name=\"twitter:card\" content=\"summary_large_image\" \/>\n<meta name=\"twitter:label1\" content=\"Tiempo de lectura\" \/>\n\t<meta name=\"twitter:data1\" content=\"3 minutos\" \/>\n<script type=\"application\/ld+json\" class=\"yoast-schema-graph\">{\"@context\":\"https:\/\/schema.org\",\"@graph\":[{\"@type\":\"WebPage\",\"@id\":\"https:\/\/cipher-guard.com\/hire-a-cheap-hacker\/\",\"url\":\"https:\/\/cipher-guard.com\/hire-a-cheap-hacker\/\",\"name\":\"Hire a cheap hacker - Cipher Guard\",\"isPartOf\":{\"@id\":\"https:\/\/cipher-guard.com\/#website\"},\"primaryImageOfPage\":{\"@id\":\"https:\/\/cipher-guard.com\/hire-a-cheap-hacker\/#primaryimage\"},\"image\":{\"@id\":\"https:\/\/cipher-guard.com\/hire-a-cheap-hacker\/#primaryimage\"},\"thumbnailUrl\":\"https:\/\/cipher-guard.com\/wp-content\/uploads\/2025\/11\/Engagez-un-hacker-pas-cher-1024x647.jpg\",\"datePublished\":\"2025-10-20T12:56:56+00:00\",\"dateModified\":\"2026-01-21T11:25:38+00:00\",\"breadcrumb\":{\"@id\":\"https:\/\/cipher-guard.com\/hire-a-cheap-hacker\/#breadcrumb\"},\"inLanguage\":\"es\",\"potentialAction\":[{\"@type\":\"ReadAction\",\"target\":[\"https:\/\/cipher-guard.com\/hire-a-cheap-hacker\/\"]}]},{\"@type\":\"ImageObject\",\"inLanguage\":\"es\",\"@id\":\"https:\/\/cipher-guard.com\/hire-a-cheap-hacker\/#primaryimage\",\"url\":\"https:\/\/cipher-guard.com\/wp-content\/uploads\/2025\/11\/Engagez-un-hacker-pas-cher-1024x647.jpg\",\"contentUrl\":\"https:\/\/cipher-guard.com\/wp-content\/uploads\/2025\/11\/Engagez-un-hacker-pas-cher-1024x647.jpg\"},{\"@type\":\"BreadcrumbList\",\"@id\":\"https:\/\/cipher-guard.com\/hire-a-cheap-hacker\/#breadcrumb\",\"itemListElement\":[{\"@type\":\"ListItem\",\"position\":1,\"name\":\"Accueil\",\"item\":\"https:\/\/cipher-guard.com\/\"},{\"@type\":\"ListItem\",\"position\":2,\"name\":\"Hire a cheap hacker\"}]},{\"@type\":\"WebSite\",\"@id\":\"https:\/\/cipher-guard.com\/#website\",\"url\":\"https:\/\/cipher-guard.com\/\",\"name\":\"Cipher Guard\",\"description\":\"Best website to meet hackers to help you solve your security problems\",\"publisher\":{\"@id\":\"https:\/\/cipher-guard.com\/#organization\"},\"potentialAction\":[{\"@type\":\"SearchAction\",\"target\":{\"@type\":\"EntryPoint\",\"urlTemplate\":\"https:\/\/cipher-guard.com\/?s={search_term_string}\"},\"query-input\":{\"@type\":\"PropertyValueSpecification\",\"valueRequired\":true,\"valueName\":\"search_term_string\"}}],\"inLanguage\":\"es\"},{\"@type\":\"Organization\",\"@id\":\"https:\/\/cipher-guard.com\/#organization\",\"name\":\"Cipher Guard\",\"url\":\"https:\/\/cipher-guard.com\/\",\"logo\":{\"@type\":\"ImageObject\",\"inLanguage\":\"es\",\"@id\":\"https:\/\/cipher-guard.com\/#\/schema\/logo\/image\/\",\"url\":\"https:\/\/cipher-guard.com\/wp-content\/uploads\/2026\/01\/cipher-guard-logo.png\",\"contentUrl\":\"https:\/\/cipher-guard.com\/wp-content\/uploads\/2026\/01\/cipher-guard-logo.png\",\"width\":360,\"height\":360,\"caption\":\"Cipher Guard\"},\"image\":{\"@id\":\"https:\/\/cipher-guard.com\/#\/schema\/logo\/image\/\"}}]}<\/script>\n<!-- \/ Yoast SEO plugin. -->","yoast_head_json":{"title":"Hire a cheap hacker - Cipher Guard","robots":{"index":"index","follow":"follow","max-snippet":"max-snippet:-1","max-image-preview":"max-image-preview:large","max-video-preview":"max-video-preview:-1"},"canonical":"https:\/\/cipher-guard.com\/es\/hire-a-cheap-hacker\/","og_locale":"es_ES","og_type":"article","og_title":"Hire a cheap hacker - Cipher Guard","og_description":"Hiring an affordable hacker in today&#8217;s digital world can be a solution for resolving security issues, recovering lost accounts, or conducting vulnerability assessments. However, it&#8217;s crucial to choose a reliable and ethical service like ours, where we guarantee professionalism and efficiency without compromising your privacy. Contact Us Why hire a professional hacker? Many people hire...","og_url":"https:\/\/cipher-guard.com\/es\/hire-a-cheap-hacker\/","og_site_name":"Cipher Guard","article_modified_time":"2026-01-21T11:25:38+00:00","og_image":[{"width":1600,"height":1011,"url":"https:\/\/cipher-guard.com\/wp-content\/uploads\/2025\/11\/Engagez-un-hacker-pas-cher.jpg","type":"image\/jpeg"}],"twitter_card":"summary_large_image","twitter_misc":{"Tiempo de lectura":"3 minutos"},"schema":{"@context":"https:\/\/schema.org","@graph":[{"@type":"WebPage","@id":"https:\/\/cipher-guard.com\/hire-a-cheap-hacker\/","url":"https:\/\/cipher-guard.com\/hire-a-cheap-hacker\/","name":"Hire a cheap hacker - Cipher Guard","isPartOf":{"@id":"https:\/\/cipher-guard.com\/#website"},"primaryImageOfPage":{"@id":"https:\/\/cipher-guard.com\/hire-a-cheap-hacker\/#primaryimage"},"image":{"@id":"https:\/\/cipher-guard.com\/hire-a-cheap-hacker\/#primaryimage"},"thumbnailUrl":"https:\/\/cipher-guard.com\/wp-content\/uploads\/2025\/11\/Engagez-un-hacker-pas-cher-1024x647.jpg","datePublished":"2025-10-20T12:56:56+00:00","dateModified":"2026-01-21T11:25:38+00:00","breadcrumb":{"@id":"https:\/\/cipher-guard.com\/hire-a-cheap-hacker\/#breadcrumb"},"inLanguage":"es","potentialAction":[{"@type":"ReadAction","target":["https:\/\/cipher-guard.com\/hire-a-cheap-hacker\/"]}]},{"@type":"ImageObject","inLanguage":"es","@id":"https:\/\/cipher-guard.com\/hire-a-cheap-hacker\/#primaryimage","url":"https:\/\/cipher-guard.com\/wp-content\/uploads\/2025\/11\/Engagez-un-hacker-pas-cher-1024x647.jpg","contentUrl":"https:\/\/cipher-guard.com\/wp-content\/uploads\/2025\/11\/Engagez-un-hacker-pas-cher-1024x647.jpg"},{"@type":"BreadcrumbList","@id":"https:\/\/cipher-guard.com\/hire-a-cheap-hacker\/#breadcrumb","itemListElement":[{"@type":"ListItem","position":1,"name":"Accueil","item":"https:\/\/cipher-guard.com\/"},{"@type":"ListItem","position":2,"name":"Hire a cheap hacker"}]},{"@type":"WebSite","@id":"https:\/\/cipher-guard.com\/#website","url":"https:\/\/cipher-guard.com\/","name":"Cipher Guard","description":"Best website to meet hackers to help you solve your security problems","publisher":{"@id":"https:\/\/cipher-guard.com\/#organization"},"potentialAction":[{"@type":"SearchAction","target":{"@type":"EntryPoint","urlTemplate":"https:\/\/cipher-guard.com\/?s={search_term_string}"},"query-input":{"@type":"PropertyValueSpecification","valueRequired":true,"valueName":"search_term_string"}}],"inLanguage":"es"},{"@type":"Organization","@id":"https:\/\/cipher-guard.com\/#organization","name":"Cipher Guard","url":"https:\/\/cipher-guard.com\/","logo":{"@type":"ImageObject","inLanguage":"es","@id":"https:\/\/cipher-guard.com\/#\/schema\/logo\/image\/","url":"https:\/\/cipher-guard.com\/wp-content\/uploads\/2026\/01\/cipher-guard-logo.png","contentUrl":"https:\/\/cipher-guard.com\/wp-content\/uploads\/2026\/01\/cipher-guard-logo.png","width":360,"height":360,"caption":"Cipher Guard"},"image":{"@id":"https:\/\/cipher-guard.com\/#\/schema\/logo\/image\/"}}]}},"_links":{"self":[{"href":"https:\/\/cipher-guard.com\/es\/wp-json\/wp\/v2\/pages\/3","targetHints":{"allow":["GET"]}}],"collection":[{"href":"https:\/\/cipher-guard.com\/es\/wp-json\/wp\/v2\/pages"}],"about":[{"href":"https:\/\/cipher-guard.com\/es\/wp-json\/wp\/v2\/types\/page"}],"author":[{"embeddable":true,"href":"https:\/\/cipher-guard.com\/es\/wp-json\/wp\/v2\/users\/1"}],"replies":[{"embeddable":true,"href":"https:\/\/cipher-guard.com\/es\/wp-json\/wp\/v2\/comments?post=3"}],"version-history":[{"count":12,"href":"https:\/\/cipher-guard.com\/es\/wp-json\/wp\/v2\/pages\/3\/revisions"}],"predecessor-version":[{"id":297,"href":"https:\/\/cipher-guard.com\/es\/wp-json\/wp\/v2\/pages\/3\/revisions\/297"}],"wp:attachment":[{"href":"https:\/\/cipher-guard.com\/es\/wp-json\/wp\/v2\/media?parent=3"}],"curies":[{"name":"wp","href":"https:\/\/api.w.org\/{rel}","templated":true}]}}