{"id":43,"date":"2025-11-11T07:29:22","date_gmt":"2025-11-11T07:29:22","guid":{"rendered":"https:\/\/cipher-guard.com\/?page_id=43"},"modified":"2026-01-21T11:33:12","modified_gmt":"2026-01-21T11:33:12","slug":"hiring-a-social-media-hacker","status":"publish","type":"page","link":"https:\/\/cipher-guard.com\/es\/hiring-a-social-media-hacker\/","title":{"rendered":"Contratar a un hacker de redes sociales"},"content":{"rendered":"<div data-elementor-type=\"wp-page\" data-elementor-id=\"43\" class=\"elementor elementor-43\" data-elementor-post-type=\"page\">\n\t\t\t\t<div class=\"elementor-element elementor-element-2bc3cde e-flex e-con-boxed e-con e-parent\" data-id=\"2bc3cde\" data-element_type=\"container\" data-e-type=\"container\">\n\t\t\t\t\t<div class=\"e-con-inner\">\n\t\t\t\t<div class=\"elementor-element elementor-element-460ed69 elementor-widget elementor-widget-image\" data-id=\"460ed69\" data-element_type=\"widget\" data-e-type=\"widget\" data-widget_type=\"image.default\">\n\t\t\t\t\t\t\t\t\t\t\t\t\t\t\t<img fetchpriority=\"high\" decoding=\"async\" width=\"1200\" height=\"720\" src=\"https:\/\/cipher-guard.com\/wp-content\/uploads\/2025\/11\/Engager-Un-hacker-Reseaux-Sociaux.webp\" class=\"attachment-full size-full wp-image-46\" alt=\"Contratar a un hacker de redes sociales\" srcset=\"https:\/\/cipher-guard.com\/wp-content\/uploads\/2025\/11\/Engager-Un-hacker-Reseaux-Sociaux.webp 1200w, https:\/\/cipher-guard.com\/wp-content\/uploads\/2025\/11\/Engager-Un-hacker-Reseaux-Sociaux-300x180.webp 300w, https:\/\/cipher-guard.com\/wp-content\/uploads\/2025\/11\/Engager-Un-hacker-Reseaux-Sociaux-1024x614.webp 1024w, https:\/\/cipher-guard.com\/wp-content\/uploads\/2025\/11\/Engager-Un-hacker-Reseaux-Sociaux-768x461.webp 768w\" sizes=\"(max-width: 1200px) 100vw, 1200px\" \/>\t\t\t\t\t\t\t\t\t\t\t\t\t\t\t<\/div>\n\t\t\t\t<div class=\"elementor-element elementor-element-3f9b928 elementor-widget elementor-widget-text-editor\" data-id=\"3f9b928\" data-element_type=\"widget\" data-e-type=\"widget\" data-widget_type=\"text-editor.default\">\n\t\t\t\t\t\t\t\t\t<h2>Contratar a un hacker para recuperar una cuenta de WhatsApp<\/h2><p>Puedes ponerte en contacto con un hacker \u00e9tico si tu cuenta de WhatsApp ha sido pirateada o no puedes acceder a ella. Nuestros expertos en ciberseguridad te ayudar\u00e1n a recuperar el acceso de forma r\u00e1pida y segura. \u00a1No dejes que un hacker controle tus mensajes y datos personales! Esto tambi\u00e9n se aplica a las cuentas de WhatsApp, Messenger o WhatsApp Business. <span style=\"color: #ffffff;\"><a style=\"color: #ffffff;\" href=\"https:\/\/reseaudesecurite.com\/\" target=\"_blank\" rel=\"noopener\">WhatsApp Business<\/a><\/span><\/p><h2>Contratar a un hacker para recuperar una cuenta de Snapchat<\/h2><p>Si ya no puedes acceder a tu cuenta de Snapchat, nuestros especialistas utilizan t\u00e9cnicas avanzadas para restaurar el acceso a tu cuenta y reforzar su seguridad frente a futuros ataques o denuncias relacionadas con la actividad de tu cuenta. Contrata a un hacker de redes sociales<\/p><h2>Contratar a un hacker para recuperar una cuenta de Instagram<\/h2><p>Si contactas con un experto en pirater\u00eda inform\u00e1tica, podr\u00e1s acceder a tu cuenta de Instagram si ha sido pirateada. Nuestros expertos te ayudar\u00e1n a recuperar tus cuentas pirateadas restaurando de forma segura tu perfil, tus publicaciones y tus seguidores. Si un pirata inform\u00e1tico ha comprometido tu cuenta de Instagram, Messenger o WhatsApp Business, h\u00e1znoslo saber.<\/p><h2>Contratar a un hacker para recuperar una cuenta de TikTok<\/h2><p>\u00bfTu cuenta de TikTok ha sido pirateada o suspendida? Utilizamos t\u00e9cnicas avanzadas para recuperar el acceso y ayudarte a recuperar el control de tu contenido.<br \/>\u00bfQuieres hackear o recuperar una cuenta, p\u00e1gina o grupo de TikTok? H\u00e1znoslo saber.<\/p><h2><b> Contratar a un hacker para recuperar fondos robados<\/b><\/h2><p>\u00bfHa sido v\u00edctima de un fraude online o del robo de criptomonedas? Analizamos la cadena de bloques y las transacciones para encontrar y recuperar sus activos digitales perdidos o robados, y se los devolvemos lo antes posible.<\/p><h2>Contratar a un hacker para recuperar una cuenta de correo electr\u00f3nico<\/h2><p>\u00bfTu cuenta de Gmail, Yahoo, Outlook o cualquier otra cuenta de correo electr\u00f3nico ha sido comprometida? Nuestros hackers actuar\u00e1n r\u00e1pidamente para ayudarte a recuperar el acceso y proteger tu informaci\u00f3n confidencial contra cualquier intento futuro de pirater\u00eda. Contrata a un hacker de redes sociales<\/p><h2>Contrata a un hacker para hackear un tel\u00e9fono Android o Apple.<\/h2><p>Si necesita acceder a los datos del Android o iPhone de otra persona, nuestros servicios especializados ofrecen an\u00e1lisis avanzados y acceso seguro para satisfacer sus necesidades espec\u00edficas con total discreci\u00f3n.<br \/>Contactar con Hacker te permitir\u00e1 acceder y recuperar el contenido del tel\u00e9fono de tu c\u00f3nyuge de forma discreta.<\/p><h2>\u00a0Contrata a un hacker para reforzar la seguridad de tus cuentas.<\/h2><p>Proteja sus cuentas en l\u00ednea contra pirater\u00eda inform\u00e1tica y ciberataques. Nuestros hackers \u00e9ticos analizan sus vulnerabilidades de seguridad e implementan soluciones de protecci\u00f3n avanzadas.<\/p><h2>Contrata a un hacker para localizar a un ciberdelincuente.<\/h2><p>\u00bfHa sido v\u00edctima de un hacker y quiere encontrar al responsable? Nuestros especialistas en ciberseguridad utilizan t\u00e9cnicas de rastreo digital para identificar a los responsables y proteger sus datos.<\/p><h2>Hacker de Telegram<\/h2><p>Podemos darte acceso a los mensajes de la cuenta de Telegram que elijas. Solo con el n\u00famero.<\/p><h2><b>Facebook <\/b><b>Hacker\u00a0<\/b><\/h2><p>\u00bfQuieres hackear o recuperar una cuenta, p\u00e1gina o grupo de Facebook? H\u00e1znoslo saber. <a href=\"https:\/\/cipher-guard.com\/es\/contact-us\/\">Cont\u00e1ctenos<\/a><\/p>\t\t\t\t\t\t\t\t<\/div>\n\t\t\t\t\t<\/div>\n\t\t\t\t<\/div>\n\t\t\t\t<\/div>","protected":false},"excerpt":{"rendered":"<p>Hiring a hacker to recover a WhatsApp account You can contact an ethical hacker if your WhatsApp account has been hacked or is inaccessible. Our cybersecurity experts will help you quickly and securely regain access. Don&#8217;t let a hacker control your messages and personal data! This also applies to accounts WhatsApp, Messenger ou WhatsApp Business&#8230;<\/p>","protected":false},"author":1,"featured_media":0,"parent":0,"menu_order":0,"comment_status":"closed","ping_status":"closed","template":"","meta":{"om_disable_all_campaigns":false,"_kad_post_transparent":"","_kad_post_title":"","_kad_post_layout":"","_kad_post_sidebar_id":"","_kad_post_content_style":"","_kad_post_vertical_padding":"","_kad_post_feature":"","_kad_post_feature_position":"","_kad_post_header":false,"_kad_post_footer":false,"_kad_post_classname":"","_joinchat":[],"footnotes":""},"class_list":["post-43","page","type-page","status-publish","hentry"],"yoast_head":"<!-- This site is optimized with the Yoast SEO plugin v27.2 - https:\/\/yoast.com\/product\/yoast-seo-wordpress\/ -->\n<title>Hiring a Social Media Hacker - Cipher Guard<\/title>\n<meta name=\"robots\" content=\"index, follow, max-snippet:-1, max-image-preview:large, max-video-preview:-1\" \/>\n<link rel=\"canonical\" href=\"https:\/\/cipher-guard.com\/es\/hiring-a-social-media-hacker\/\" \/>\n<meta property=\"og:locale\" content=\"es_ES\" \/>\n<meta property=\"og:type\" content=\"article\" \/>\n<meta property=\"og:title\" content=\"Hiring a Social Media Hacker - Cipher Guard\" \/>\n<meta property=\"og:description\" content=\"Hiring a hacker to recover a WhatsApp account You can contact an ethical hacker if your WhatsApp account has been hacked or is inaccessible. Our cybersecurity experts will help you quickly and securely regain access. Don&#8217;t let a hacker control your messages and personal data! This also applies to accounts WhatsApp, Messenger ou WhatsApp Business...\" \/>\n<meta property=\"og:url\" content=\"https:\/\/cipher-guard.com\/es\/hiring-a-social-media-hacker\/\" \/>\n<meta property=\"og:site_name\" content=\"Cipher Guard\" \/>\n<meta property=\"article:modified_time\" content=\"2026-01-21T11:33:12+00:00\" \/>\n<meta property=\"og:image\" content=\"https:\/\/cipher-guard.com\/wp-content\/uploads\/2025\/11\/Engager-Un-hacker-Reseaux-Sociaux.webp\" \/>\n\t<meta property=\"og:image:width\" content=\"1200\" \/>\n\t<meta property=\"og:image:height\" content=\"720\" \/>\n\t<meta property=\"og:image:type\" content=\"image\/webp\" \/>\n<meta name=\"twitter:card\" content=\"summary_large_image\" \/>\n<meta name=\"twitter:label1\" content=\"Tiempo de lectura\" \/>\n\t<meta name=\"twitter:data1\" content=\"2 minutos\" \/>\n<script type=\"application\/ld+json\" class=\"yoast-schema-graph\">{\"@context\":\"https:\/\/schema.org\",\"@graph\":[{\"@type\":\"WebPage\",\"@id\":\"https:\/\/cipher-guard.com\/hiring-a-social-media-hacker\/\",\"url\":\"https:\/\/cipher-guard.com\/hiring-a-social-media-hacker\/\",\"name\":\"Hiring a Social Media Hacker - Cipher Guard\",\"isPartOf\":{\"@id\":\"https:\/\/cipher-guard.com\/#website\"},\"primaryImageOfPage\":{\"@id\":\"https:\/\/cipher-guard.com\/hiring-a-social-media-hacker\/#primaryimage\"},\"image\":{\"@id\":\"https:\/\/cipher-guard.com\/hiring-a-social-media-hacker\/#primaryimage\"},\"thumbnailUrl\":\"https:\/\/cipher-guard.com\/wp-content\/uploads\/2025\/11\/Engager-Un-hacker-Reseaux-Sociaux.webp\",\"datePublished\":\"2025-11-11T07:29:22+00:00\",\"dateModified\":\"2026-01-21T11:33:12+00:00\",\"breadcrumb\":{\"@id\":\"https:\/\/cipher-guard.com\/hiring-a-social-media-hacker\/#breadcrumb\"},\"inLanguage\":\"es\",\"potentialAction\":[{\"@type\":\"ReadAction\",\"target\":[\"https:\/\/cipher-guard.com\/hiring-a-social-media-hacker\/\"]}]},{\"@type\":\"ImageObject\",\"inLanguage\":\"es\",\"@id\":\"https:\/\/cipher-guard.com\/hiring-a-social-media-hacker\/#primaryimage\",\"url\":\"https:\/\/cipher-guard.com\/wp-content\/uploads\/2025\/11\/Engager-Un-hacker-Reseaux-Sociaux.webp\",\"contentUrl\":\"https:\/\/cipher-guard.com\/wp-content\/uploads\/2025\/11\/Engager-Un-hacker-Reseaux-Sociaux.webp\"},{\"@type\":\"BreadcrumbList\",\"@id\":\"https:\/\/cipher-guard.com\/hiring-a-social-media-hacker\/#breadcrumb\",\"itemListElement\":[{\"@type\":\"ListItem\",\"position\":1,\"name\":\"Accueil\",\"item\":\"https:\/\/cipher-guard.com\/\"},{\"@type\":\"ListItem\",\"position\":2,\"name\":\"Hiring a Social Media Hacker\"}]},{\"@type\":\"WebSite\",\"@id\":\"https:\/\/cipher-guard.com\/#website\",\"url\":\"https:\/\/cipher-guard.com\/\",\"name\":\"Cipher Guard\",\"description\":\"Best website to meet hackers to help you solve your security problems\",\"publisher\":{\"@id\":\"https:\/\/cipher-guard.com\/#organization\"},\"potentialAction\":[{\"@type\":\"SearchAction\",\"target\":{\"@type\":\"EntryPoint\",\"urlTemplate\":\"https:\/\/cipher-guard.com\/?s={search_term_string}\"},\"query-input\":{\"@type\":\"PropertyValueSpecification\",\"valueRequired\":true,\"valueName\":\"search_term_string\"}}],\"inLanguage\":\"es\"},{\"@type\":\"Organization\",\"@id\":\"https:\/\/cipher-guard.com\/#organization\",\"name\":\"Cipher Guard\",\"url\":\"https:\/\/cipher-guard.com\/\",\"logo\":{\"@type\":\"ImageObject\",\"inLanguage\":\"es\",\"@id\":\"https:\/\/cipher-guard.com\/#\/schema\/logo\/image\/\",\"url\":\"https:\/\/cipher-guard.com\/wp-content\/uploads\/2026\/01\/cipher-guard-logo.png\",\"contentUrl\":\"https:\/\/cipher-guard.com\/wp-content\/uploads\/2026\/01\/cipher-guard-logo.png\",\"width\":360,\"height\":360,\"caption\":\"Cipher Guard\"},\"image\":{\"@id\":\"https:\/\/cipher-guard.com\/#\/schema\/logo\/image\/\"}}]}<\/script>\n<!-- \/ Yoast SEO plugin. -->","yoast_head_json":{"title":"Hiring a Social Media Hacker - Cipher Guard","robots":{"index":"index","follow":"follow","max-snippet":"max-snippet:-1","max-image-preview":"max-image-preview:large","max-video-preview":"max-video-preview:-1"},"canonical":"https:\/\/cipher-guard.com\/es\/hiring-a-social-media-hacker\/","og_locale":"es_ES","og_type":"article","og_title":"Hiring a Social Media Hacker - Cipher Guard","og_description":"Hiring a hacker to recover a WhatsApp account You can contact an ethical hacker if your WhatsApp account has been hacked or is inaccessible. Our cybersecurity experts will help you quickly and securely regain access. Don&#8217;t let a hacker control your messages and personal data! This also applies to accounts WhatsApp, Messenger ou WhatsApp Business...","og_url":"https:\/\/cipher-guard.com\/es\/hiring-a-social-media-hacker\/","og_site_name":"Cipher Guard","article_modified_time":"2026-01-21T11:33:12+00:00","og_image":[{"width":1200,"height":720,"url":"https:\/\/cipher-guard.com\/wp-content\/uploads\/2025\/11\/Engager-Un-hacker-Reseaux-Sociaux.webp","type":"image\/webp"}],"twitter_card":"summary_large_image","twitter_misc":{"Tiempo de lectura":"2 minutos"},"schema":{"@context":"https:\/\/schema.org","@graph":[{"@type":"WebPage","@id":"https:\/\/cipher-guard.com\/hiring-a-social-media-hacker\/","url":"https:\/\/cipher-guard.com\/hiring-a-social-media-hacker\/","name":"Hiring a Social Media Hacker - Cipher Guard","isPartOf":{"@id":"https:\/\/cipher-guard.com\/#website"},"primaryImageOfPage":{"@id":"https:\/\/cipher-guard.com\/hiring-a-social-media-hacker\/#primaryimage"},"image":{"@id":"https:\/\/cipher-guard.com\/hiring-a-social-media-hacker\/#primaryimage"},"thumbnailUrl":"https:\/\/cipher-guard.com\/wp-content\/uploads\/2025\/11\/Engager-Un-hacker-Reseaux-Sociaux.webp","datePublished":"2025-11-11T07:29:22+00:00","dateModified":"2026-01-21T11:33:12+00:00","breadcrumb":{"@id":"https:\/\/cipher-guard.com\/hiring-a-social-media-hacker\/#breadcrumb"},"inLanguage":"es","potentialAction":[{"@type":"ReadAction","target":["https:\/\/cipher-guard.com\/hiring-a-social-media-hacker\/"]}]},{"@type":"ImageObject","inLanguage":"es","@id":"https:\/\/cipher-guard.com\/hiring-a-social-media-hacker\/#primaryimage","url":"https:\/\/cipher-guard.com\/wp-content\/uploads\/2025\/11\/Engager-Un-hacker-Reseaux-Sociaux.webp","contentUrl":"https:\/\/cipher-guard.com\/wp-content\/uploads\/2025\/11\/Engager-Un-hacker-Reseaux-Sociaux.webp"},{"@type":"BreadcrumbList","@id":"https:\/\/cipher-guard.com\/hiring-a-social-media-hacker\/#breadcrumb","itemListElement":[{"@type":"ListItem","position":1,"name":"Accueil","item":"https:\/\/cipher-guard.com\/"},{"@type":"ListItem","position":2,"name":"Hiring a Social Media Hacker"}]},{"@type":"WebSite","@id":"https:\/\/cipher-guard.com\/#website","url":"https:\/\/cipher-guard.com\/","name":"Cipher Guard","description":"Best website to meet hackers to help you solve your security problems","publisher":{"@id":"https:\/\/cipher-guard.com\/#organization"},"potentialAction":[{"@type":"SearchAction","target":{"@type":"EntryPoint","urlTemplate":"https:\/\/cipher-guard.com\/?s={search_term_string}"},"query-input":{"@type":"PropertyValueSpecification","valueRequired":true,"valueName":"search_term_string"}}],"inLanguage":"es"},{"@type":"Organization","@id":"https:\/\/cipher-guard.com\/#organization","name":"Cipher Guard","url":"https:\/\/cipher-guard.com\/","logo":{"@type":"ImageObject","inLanguage":"es","@id":"https:\/\/cipher-guard.com\/#\/schema\/logo\/image\/","url":"https:\/\/cipher-guard.com\/wp-content\/uploads\/2026\/01\/cipher-guard-logo.png","contentUrl":"https:\/\/cipher-guard.com\/wp-content\/uploads\/2026\/01\/cipher-guard-logo.png","width":360,"height":360,"caption":"Cipher Guard"},"image":{"@id":"https:\/\/cipher-guard.com\/#\/schema\/logo\/image\/"}}]}},"_links":{"self":[{"href":"https:\/\/cipher-guard.com\/es\/wp-json\/wp\/v2\/pages\/43","targetHints":{"allow":["GET"]}}],"collection":[{"href":"https:\/\/cipher-guard.com\/es\/wp-json\/wp\/v2\/pages"}],"about":[{"href":"https:\/\/cipher-guard.com\/es\/wp-json\/wp\/v2\/types\/page"}],"author":[{"embeddable":true,"href":"https:\/\/cipher-guard.com\/es\/wp-json\/wp\/v2\/users\/1"}],"replies":[{"embeddable":true,"href":"https:\/\/cipher-guard.com\/es\/wp-json\/wp\/v2\/comments?post=43"}],"version-history":[{"count":14,"href":"https:\/\/cipher-guard.com\/es\/wp-json\/wp\/v2\/pages\/43\/revisions"}],"predecessor-version":[{"id":306,"href":"https:\/\/cipher-guard.com\/es\/wp-json\/wp\/v2\/pages\/43\/revisions\/306"}],"wp:attachment":[{"href":"https:\/\/cipher-guard.com\/es\/wp-json\/wp\/v2\/media?parent=43"}],"curies":[{"name":"wp","href":"https:\/\/api.w.org\/{rel}","templated":true}]}}