{"id":50,"date":"2025-11-11T07:40:26","date_gmt":"2025-11-11T07:40:26","guid":{"rendered":"https:\/\/cipher-guard.com\/?page_id=50"},"modified":"2026-01-21T11:34:55","modified_gmt":"2026-01-21T11:34:55","slug":"recover-your-stolen-cryptocurrency","status":"publish","type":"page","link":"https:\/\/cipher-guard.com\/es\/recover-your-stolen-cryptocurrency\/","title":{"rendered":"RECUPERA TU CRIPTOMONEDA ROBADA"},"content":{"rendered":"<div data-elementor-type=\"wp-page\" data-elementor-id=\"50\" class=\"elementor elementor-50\" data-elementor-post-type=\"page\">\n\t\t\t\t<div class=\"elementor-element elementor-element-60967cd e-flex e-con-boxed e-con e-parent\" data-id=\"60967cd\" data-element_type=\"container\" data-e-type=\"container\">\n\t\t\t\t\t<div class=\"e-con-inner\">\n\t\t\t\t<div class=\"elementor-element elementor-element-5ec2a24 elementor-widget elementor-widget-image\" data-id=\"5ec2a24\" data-element_type=\"widget\" data-e-type=\"widget\" data-widget_type=\"image.default\">\n\t\t\t\t\t\t\t\t\t\t\t\t\t\t\t<img fetchpriority=\"high\" decoding=\"async\" width=\"1600\" height=\"800\" src=\"https:\/\/cipher-guard.com\/wp-content\/uploads\/2025\/11\/RECUPERER-VOS-CRYPTOS-MONNAIE-VOLEE.webp\" class=\"attachment-full size-full wp-image-53\" alt=\"RECUPERA TU CRIPTOMONEDA ROBADA\" srcset=\"https:\/\/cipher-guard.com\/wp-content\/uploads\/2025\/11\/RECUPERER-VOS-CRYPTOS-MONNAIE-VOLEE.webp 1600w, https:\/\/cipher-guard.com\/wp-content\/uploads\/2025\/11\/RECUPERER-VOS-CRYPTOS-MONNAIE-VOLEE-300x150.webp 300w, https:\/\/cipher-guard.com\/wp-content\/uploads\/2025\/11\/RECUPERER-VOS-CRYPTOS-MONNAIE-VOLEE-1024x512.webp 1024w, https:\/\/cipher-guard.com\/wp-content\/uploads\/2025\/11\/RECUPERER-VOS-CRYPTOS-MONNAIE-VOLEE-768x384.webp 768w, https:\/\/cipher-guard.com\/wp-content\/uploads\/2025\/11\/RECUPERER-VOS-CRYPTOS-MONNAIE-VOLEE-1536x768.webp 1536w\" sizes=\"(max-width: 1600px) 100vw, 1600px\" \/>\t\t\t\t\t\t\t\t\t\t\t\t\t\t\t<\/div>\n\t\t\t\t<div class=\"elementor-element elementor-element-1de8634 elementor-widget elementor-widget-text-editor\" data-id=\"1de8634\" data-element_type=\"widget\" data-e-type=\"widget\" data-widget_type=\"text-editor.default\">\n\t\t\t\t\t\t\t\t\t<h2>Recupera tus criptomonedas robadas.<\/h2><p>Nos enorgullece decir que somos uno de los principales proveedores de servicios profesionales de recuperaci\u00f3n de criptomonedas. Nuestro compromiso inquebrantable es proporcionar soluciones 100 % seguras, fiables y eficaces para la tranquilidad de nuestros clientes. Entendemos la complejidad y los retos que plantea la recuperaci\u00f3n de activos digitales, por lo que nos esforzamos por ofrecer servicios de la m\u00e1s alta calidad. Con muchos a\u00f1os de experiencia en el sector de las criptomonedas, nuestro equipo de especialistas utiliza t\u00e9cnicas y herramientas de vanguardia para garantizar no solo la recuperaci\u00f3n, sino tambi\u00e9n la protecci\u00f3n de sus activos digitales con el m\u00e1ximo cuidado. Tanto si se enfrenta a una p\u00e9rdida de acceso a sus carteras, al robo de fondos o a cualquier otro problema relacionado con las criptomonedas, estamos aqu\u00ed para ayudarle en cada paso del camino. RECUPERE SUS CRIPTOMONEDAS ROBADAS<\/p><h3><b>Recuperaci\u00f3n de activos en criptomonedas e investigaciones.<\/b><\/h3><p>Si ha perdido criptomonedas debido a un fraude, robo o pirater\u00eda inform\u00e1tica, rastreamos sus activos mediante investigadores forenses certificados en blockchain y colaboraciones directas con plataformas de intercambio, equipos de cumplimiento normativo y fuerzas del orden. Actuamos con rapidez y seguimos todas las pistas, manteni\u00e9ndole informado en todo momento. <a href=\"https:\/\/cipher-guard.com\/es\/contact-us\/\">Cont\u00e1ctenos<\/a>.<\/p><p>El robo de criptomonedas se est\u00e1 disparando en todo el mundo, y muchas personas y empresas est\u00e1n siendo v\u00edctimas de \u00e9l. Contratar a un hacker para recuperar tus criptomonedas robadas sigue siendo la soluci\u00f3n m\u00e1s f\u00e1cil y menos costosa. Cada d\u00eda, miles de usuarios de todo el mundo sufren el robo de sus credenciales, el vaciado de sus monederos digitales y la exposici\u00f3n de su privacidad a trav\u00e9s de plataformas como Instagram, Gmail y Facebook, y sus activos almacenados en Binance, Trust Wallet, MetaMask, etc., se ven comprometidos. Ning\u00fan servicio est\u00e1 a salvo de los ciberataques cada vez m\u00e1s sofisticados. Este fen\u00f3meno afecta a particulares, profesionales y a quienes desean invertir en criptomonedas, y las p\u00e9rdidas pueden alcanzar sumas colosales. Nuestro servicio le permitir\u00e1 recuperar todos estos fondos perdidos.<\/p><p>En el contexto actual, surge una pregunta recurrente: \u00bfes realmente posible recuperar las criptomonedas robadas? \u00bfEs legal hacerlo? \u00bfExisten soluciones fiables, discretas y legales para recuperar los activos digitales robados o recuperar el control de las cuentas pirateadas? Ante estas preguntas, que a menudo son urgentes para las v\u00edctimas, podemos responder con seguridad que S\u00cd, es posible recuperar su dinero y que se lo devuelvan.<\/p><p>Es en este caso concreto donde entra en juego una alternativa seria y profesional: debe ponerse en contacto con un hacker para recuperar las criptomonedas robadas a trav\u00e9s de una plataforma especializada. Puede navegar por nuestro sitio web y encontrar los diferentes pasos que, por supuesto, deben ser llevados a cabo por un profesional. Ofrecemos una visi\u00f3n general completa de esta pr\u00e1ctica, que a\u00fan es relativamente desconocida para el p\u00fablico en general. Solo utilizamos t\u00e9cnicas que son legalmente permisibles, t\u00e9cnicamente viables y, lo m\u00e1s importante, que realmente funcionan. Tambi\u00e9n le presentaremos una plataforma l\u00edder en ciberseguridad \u00e9tica, que ofrece una intervenci\u00f3n r\u00e1pida. Con nuestra ayuda, es posible recuperar sus criptomonedas robadas de forma legal y confidencial.<\/p><h2 style=\"text-align: center;\">POURQUOI NOUS FAIRE CONFIANCE ?<\/h2><p><strong>Investigadores totalmente certificados<\/strong><br \/>Nuestras credenciales en an\u00e1lisis forense de cadenas de bloques, ciberseguridad e investigaciones de delitos financieros refuerzan nuestra capacidad para localizar activos perdidos y ganarnos la confianza de las plataformas de intercambio y los clientes.<\/p><p><strong>La velocidad importa<\/strong><br \/>La recuperaci\u00f3n de criptomonedas es una carrera contra el tiempo. Nuestros sistemas de alerta espec\u00edficos para el sector env\u00edan notificaciones inmediatas a las plataformas, los socios AML y los reguladores, protegiendo as\u00ed sus posibilidades.<\/p><p><strong>Transparencia con personas reales<\/strong><br \/>Sin sistemas an\u00f3nimos ni facturas ocultas. Trabajar\u00e1s directamente con un investigador experimentado que te guiar\u00e1 en cada paso del proceso, explic\u00e1ndote los riesgos y las opciones en t\u00e9rminos claros.<\/p><p><strong>Alcance y red global<\/strong><br \/>Coordinamos nuestras actividades con bolsas, fuerzas del orden, equipos de cumplimiento normativo e instituciones financieras de todo el mundo, lo que nos permite rastrear y recuperar activos a trav\u00e9s de las fronteras.<\/p><h3 style=\"text-align: center;\">\u00a1Algunas razones por las que la gente nos elige!<\/h3><p>Ante la urgencia de recuperar criptomonedas, nuestro experimentado equipo trabaja de forma discreta y segura para ayudarle a recuperar el control de sus activos digitales. Con una experiencia probada en la recuperaci\u00f3n de cadenas de bloques, somos sus expertos de confianza en la recuperaci\u00f3n de bitcoins.<\/p><h3 style=\"text-align: center;\">RECUPERA TU CRIPTOMONEDA ROBADA<\/h3><p>Es perfectamente legal ponerse en contacto con un hacker para recuperar sus criptomonedas robadas, siempre y cuando se trate de un hacker \u00e9tico, tambi\u00e9n conocido como hacker de sombrero blanco. Estos profesionales de la ciberseguridad operan dentro de un marco estrictamente legal, contractual y seguro. Cuando se decide contratar a un hacker para recuperar sus criptomonedas robadas, lo m\u00e1s dif\u00edcil ser\u00e1 analizar la situaci\u00f3n para definir un plan de trabajo seguro. A continuaci\u00f3n, identificar\u00e1n las vulnerabilidades de seguridad explotadas por los hackers para garantizar que usted reciba sus fondos lo antes posible. Por \u00faltimo, implementar\u00e1n las acciones necesarias para intentar restaurar el acceso a sus datos. Es importante se\u00f1alar que este proceso solo es posible si puede demostrar que es el propietario leg\u00edtimo de la cuenta o monedero en cuesti\u00f3n. RECUPERE SU CRIPTOMONEDA ROBADA<\/p><p><b>\u00bfY qu\u00e9 pasa con las criptomonedas robadas?<\/b><\/p><p>Recuperar criptomonedas robadas es un verdadero desaf\u00edo. A diferencia de las cuentas en l\u00ednea tradicionales, las cadenas de bloques operan de manera descentralizada, an\u00f3nima y, lo que es m\u00e1s importante, irreversible. Esto significa que, una vez transferidos los fondos, ninguna transacci\u00f3n puede revertirse. En este contexto, a menudo es necesario contratar a un hacker para recuperar las criptomonedas robadas y maximizar las posibilidades de \u00e9xito.<\/p><p><b><br \/><\/b><strong>Esto es lo que significa en t\u00e9rminos pr\u00e1cticos:<\/strong><\/p><p>Realice un seguimiento del movimiento de sus fondos en la cadena de bloques utilizando herramientas especializadas, identifique las direcciones de destino utilizadas por el ciberdelincuente, demuestre que usted es el propietario leg\u00edtimo de las criptomonedas robadas (capturas de pantalla, direcciones criptogr\u00e1ficas, historial de transacciones), construya un caso legal s\u00f3lido para respaldar su reclamaci\u00f3n y coopere con las plataformas de intercambio (como Binance o Coinbase) para bloquear o congelar los fondos si es posible.<\/p><p>En tal situaci\u00f3n, contratar a un hacker para recuperar sus criptomonedas robadas se convierte en una medida estrat\u00e9gica. Un experto \u00e9tico y cualificado puede guiarle paso a paso, de forma discreta, dentro de un marco legal y seguro. RECUPERE SUS CRIPTOMONEDAS ROBADAS<\/p><h3>\u00bfC\u00f3mo lo hago? \u00bfQu\u00e9 plataforma debo utilizar?<\/h3><p>Ante el aumento de las estafas en l\u00ednea, es fundamental utilizar una plataforma fiable y legal. Aqu\u00ed es donde nuestro sitio destaca como el recurso de referencia para ponerse en contacto con un hacker \u00e9tico. <a href=\"https:\/\/reseaudesecurite.com\/\" target=\"_blank\" rel=\"noopener\"><span style=\"color: #ffffff;\">contacting an ethical hacker<\/span><\/a><\/p>\t\t\t\t\t\t\t\t<\/div>\n\t\t\t\t\t<\/div>\n\t\t\t\t<\/div>\n\t\t\t\t<\/div>","protected":false},"excerpt":{"rendered":"<p>Recover your stolen crypto . We are proud to say that we are one of the leading providers of professional crypto recovery services. Our unwavering commitment is to provide 100% safe, reliable, and effective solutions for our clients&#8217; peace of mind. We understand the complexity and challenges of digital asset recovery, which is why we&#8230;<\/p>","protected":false},"author":1,"featured_media":0,"parent":0,"menu_order":0,"comment_status":"closed","ping_status":"closed","template":"","meta":{"om_disable_all_campaigns":false,"_kad_post_transparent":"","_kad_post_title":"","_kad_post_layout":"","_kad_post_sidebar_id":"","_kad_post_content_style":"","_kad_post_vertical_padding":"","_kad_post_feature":"","_kad_post_feature_position":"","_kad_post_header":false,"_kad_post_footer":false,"_kad_post_classname":"","_joinchat":[],"footnotes":""},"class_list":["post-50","page","type-page","status-publish","hentry"],"yoast_head":"<!-- This site is optimized with the Yoast SEO plugin v27.2 - https:\/\/yoast.com\/product\/yoast-seo-wordpress\/ -->\n<title>RECOVER YOUR STOLEN CRYPTO-CURRENCY - Cipher Guard<\/title>\n<meta name=\"robots\" content=\"index, follow, max-snippet:-1, max-image-preview:large, max-video-preview:-1\" \/>\n<link rel=\"canonical\" href=\"https:\/\/cipher-guard.com\/es\/recover-your-stolen-cryptocurrency\/\" \/>\n<meta property=\"og:locale\" content=\"es_ES\" \/>\n<meta property=\"og:type\" content=\"article\" \/>\n<meta property=\"og:title\" content=\"RECOVER YOUR STOLEN CRYPTO-CURRENCY - Cipher Guard\" \/>\n<meta property=\"og:description\" content=\"Recover your stolen crypto . We are proud to say that we are one of the leading providers of professional crypto recovery services. Our unwavering commitment is to provide 100% safe, reliable, and effective solutions for our clients&#8217; peace of mind. We understand the complexity and challenges of digital asset recovery, which is why we...\" \/>\n<meta property=\"og:url\" content=\"https:\/\/cipher-guard.com\/es\/recover-your-stolen-cryptocurrency\/\" \/>\n<meta property=\"og:site_name\" content=\"Cipher Guard\" \/>\n<meta property=\"article:modified_time\" content=\"2026-01-21T11:34:55+00:00\" \/>\n<meta property=\"og:image\" content=\"https:\/\/cipher-guard.com\/wp-content\/uploads\/2025\/11\/RECUPERER-VOS-CRYPTOS-MONNAIE-VOLEE.webp\" \/>\n\t<meta property=\"og:image:width\" content=\"1600\" \/>\n\t<meta property=\"og:image:height\" content=\"800\" \/>\n\t<meta property=\"og:image:type\" content=\"image\/webp\" \/>\n<meta name=\"twitter:card\" content=\"summary_large_image\" \/>\n<meta name=\"twitter:label1\" content=\"Tiempo de lectura\" \/>\n\t<meta name=\"twitter:data1\" content=\"5 minutos\" \/>\n<script type=\"application\/ld+json\" class=\"yoast-schema-graph\">{\"@context\":\"https:\/\/schema.org\",\"@graph\":[{\"@type\":\"WebPage\",\"@id\":\"https:\/\/cipher-guard.com\/recover-your-stolen-cryptocurrency\/\",\"url\":\"https:\/\/cipher-guard.com\/recover-your-stolen-cryptocurrency\/\",\"name\":\"RECOVER YOUR STOLEN CRYPTO-CURRENCY - Cipher Guard\",\"isPartOf\":{\"@id\":\"https:\/\/cipher-guard.com\/#website\"},\"primaryImageOfPage\":{\"@id\":\"https:\/\/cipher-guard.com\/recover-your-stolen-cryptocurrency\/#primaryimage\"},\"image\":{\"@id\":\"https:\/\/cipher-guard.com\/recover-your-stolen-cryptocurrency\/#primaryimage\"},\"thumbnailUrl\":\"https:\/\/cipher-guard.com\/wp-content\/uploads\/2025\/11\/RECUPERER-VOS-CRYPTOS-MONNAIE-VOLEE.webp\",\"datePublished\":\"2025-11-11T07:40:26+00:00\",\"dateModified\":\"2026-01-21T11:34:55+00:00\",\"breadcrumb\":{\"@id\":\"https:\/\/cipher-guard.com\/recover-your-stolen-cryptocurrency\/#breadcrumb\"},\"inLanguage\":\"es\",\"potentialAction\":[{\"@type\":\"ReadAction\",\"target\":[\"https:\/\/cipher-guard.com\/recover-your-stolen-cryptocurrency\/\"]}]},{\"@type\":\"ImageObject\",\"inLanguage\":\"es\",\"@id\":\"https:\/\/cipher-guard.com\/recover-your-stolen-cryptocurrency\/#primaryimage\",\"url\":\"https:\/\/cipher-guard.com\/wp-content\/uploads\/2025\/11\/RECUPERER-VOS-CRYPTOS-MONNAIE-VOLEE.webp\",\"contentUrl\":\"https:\/\/cipher-guard.com\/wp-content\/uploads\/2025\/11\/RECUPERER-VOS-CRYPTOS-MONNAIE-VOLEE.webp\"},{\"@type\":\"BreadcrumbList\",\"@id\":\"https:\/\/cipher-guard.com\/recover-your-stolen-cryptocurrency\/#breadcrumb\",\"itemListElement\":[{\"@type\":\"ListItem\",\"position\":1,\"name\":\"Accueil\",\"item\":\"https:\/\/cipher-guard.com\/\"},{\"@type\":\"ListItem\",\"position\":2,\"name\":\"RECOVER YOUR STOLEN CRYPTO-CURRENCY\"}]},{\"@type\":\"WebSite\",\"@id\":\"https:\/\/cipher-guard.com\/#website\",\"url\":\"https:\/\/cipher-guard.com\/\",\"name\":\"Cipher Guard\",\"description\":\"Best website to meet hackers to help you solve your security problems\",\"publisher\":{\"@id\":\"https:\/\/cipher-guard.com\/#organization\"},\"potentialAction\":[{\"@type\":\"SearchAction\",\"target\":{\"@type\":\"EntryPoint\",\"urlTemplate\":\"https:\/\/cipher-guard.com\/?s={search_term_string}\"},\"query-input\":{\"@type\":\"PropertyValueSpecification\",\"valueRequired\":true,\"valueName\":\"search_term_string\"}}],\"inLanguage\":\"es\"},{\"@type\":\"Organization\",\"@id\":\"https:\/\/cipher-guard.com\/#organization\",\"name\":\"Cipher Guard\",\"url\":\"https:\/\/cipher-guard.com\/\",\"logo\":{\"@type\":\"ImageObject\",\"inLanguage\":\"es\",\"@id\":\"https:\/\/cipher-guard.com\/#\/schema\/logo\/image\/\",\"url\":\"https:\/\/cipher-guard.com\/wp-content\/uploads\/2026\/01\/cipher-guard-logo.png\",\"contentUrl\":\"https:\/\/cipher-guard.com\/wp-content\/uploads\/2026\/01\/cipher-guard-logo.png\",\"width\":360,\"height\":360,\"caption\":\"Cipher Guard\"},\"image\":{\"@id\":\"https:\/\/cipher-guard.com\/#\/schema\/logo\/image\/\"}}]}<\/script>\n<!-- \/ Yoast SEO plugin. -->","yoast_head_json":{"title":"RECOVER YOUR STOLEN CRYPTO-CURRENCY - Cipher Guard","robots":{"index":"index","follow":"follow","max-snippet":"max-snippet:-1","max-image-preview":"max-image-preview:large","max-video-preview":"max-video-preview:-1"},"canonical":"https:\/\/cipher-guard.com\/es\/recover-your-stolen-cryptocurrency\/","og_locale":"es_ES","og_type":"article","og_title":"RECOVER YOUR STOLEN CRYPTO-CURRENCY - Cipher Guard","og_description":"Recover your stolen crypto . We are proud to say that we are one of the leading providers of professional crypto recovery services. Our unwavering commitment is to provide 100% safe, reliable, and effective solutions for our clients&#8217; peace of mind. We understand the complexity and challenges of digital asset recovery, which is why we...","og_url":"https:\/\/cipher-guard.com\/es\/recover-your-stolen-cryptocurrency\/","og_site_name":"Cipher Guard","article_modified_time":"2026-01-21T11:34:55+00:00","og_image":[{"width":1600,"height":800,"url":"https:\/\/cipher-guard.com\/wp-content\/uploads\/2025\/11\/RECUPERER-VOS-CRYPTOS-MONNAIE-VOLEE.webp","type":"image\/webp"}],"twitter_card":"summary_large_image","twitter_misc":{"Tiempo de lectura":"5 minutos"},"schema":{"@context":"https:\/\/schema.org","@graph":[{"@type":"WebPage","@id":"https:\/\/cipher-guard.com\/recover-your-stolen-cryptocurrency\/","url":"https:\/\/cipher-guard.com\/recover-your-stolen-cryptocurrency\/","name":"RECOVER YOUR STOLEN CRYPTO-CURRENCY - Cipher Guard","isPartOf":{"@id":"https:\/\/cipher-guard.com\/#website"},"primaryImageOfPage":{"@id":"https:\/\/cipher-guard.com\/recover-your-stolen-cryptocurrency\/#primaryimage"},"image":{"@id":"https:\/\/cipher-guard.com\/recover-your-stolen-cryptocurrency\/#primaryimage"},"thumbnailUrl":"https:\/\/cipher-guard.com\/wp-content\/uploads\/2025\/11\/RECUPERER-VOS-CRYPTOS-MONNAIE-VOLEE.webp","datePublished":"2025-11-11T07:40:26+00:00","dateModified":"2026-01-21T11:34:55+00:00","breadcrumb":{"@id":"https:\/\/cipher-guard.com\/recover-your-stolen-cryptocurrency\/#breadcrumb"},"inLanguage":"es","potentialAction":[{"@type":"ReadAction","target":["https:\/\/cipher-guard.com\/recover-your-stolen-cryptocurrency\/"]}]},{"@type":"ImageObject","inLanguage":"es","@id":"https:\/\/cipher-guard.com\/recover-your-stolen-cryptocurrency\/#primaryimage","url":"https:\/\/cipher-guard.com\/wp-content\/uploads\/2025\/11\/RECUPERER-VOS-CRYPTOS-MONNAIE-VOLEE.webp","contentUrl":"https:\/\/cipher-guard.com\/wp-content\/uploads\/2025\/11\/RECUPERER-VOS-CRYPTOS-MONNAIE-VOLEE.webp"},{"@type":"BreadcrumbList","@id":"https:\/\/cipher-guard.com\/recover-your-stolen-cryptocurrency\/#breadcrumb","itemListElement":[{"@type":"ListItem","position":1,"name":"Accueil","item":"https:\/\/cipher-guard.com\/"},{"@type":"ListItem","position":2,"name":"RECOVER YOUR STOLEN CRYPTO-CURRENCY"}]},{"@type":"WebSite","@id":"https:\/\/cipher-guard.com\/#website","url":"https:\/\/cipher-guard.com\/","name":"Cipher Guard","description":"Best website to meet hackers to help you solve your security problems","publisher":{"@id":"https:\/\/cipher-guard.com\/#organization"},"potentialAction":[{"@type":"SearchAction","target":{"@type":"EntryPoint","urlTemplate":"https:\/\/cipher-guard.com\/?s={search_term_string}"},"query-input":{"@type":"PropertyValueSpecification","valueRequired":true,"valueName":"search_term_string"}}],"inLanguage":"es"},{"@type":"Organization","@id":"https:\/\/cipher-guard.com\/#organization","name":"Cipher Guard","url":"https:\/\/cipher-guard.com\/","logo":{"@type":"ImageObject","inLanguage":"es","@id":"https:\/\/cipher-guard.com\/#\/schema\/logo\/image\/","url":"https:\/\/cipher-guard.com\/wp-content\/uploads\/2026\/01\/cipher-guard-logo.png","contentUrl":"https:\/\/cipher-guard.com\/wp-content\/uploads\/2026\/01\/cipher-guard-logo.png","width":360,"height":360,"caption":"Cipher Guard"},"image":{"@id":"https:\/\/cipher-guard.com\/#\/schema\/logo\/image\/"}}]}},"_links":{"self":[{"href":"https:\/\/cipher-guard.com\/es\/wp-json\/wp\/v2\/pages\/50","targetHints":{"allow":["GET"]}}],"collection":[{"href":"https:\/\/cipher-guard.com\/es\/wp-json\/wp\/v2\/pages"}],"about":[{"href":"https:\/\/cipher-guard.com\/es\/wp-json\/wp\/v2\/types\/page"}],"author":[{"embeddable":true,"href":"https:\/\/cipher-guard.com\/es\/wp-json\/wp\/v2\/users\/1"}],"replies":[{"embeddable":true,"href":"https:\/\/cipher-guard.com\/es\/wp-json\/wp\/v2\/comments?post=50"}],"version-history":[{"count":19,"href":"https:\/\/cipher-guard.com\/es\/wp-json\/wp\/v2\/pages\/50\/revisions"}],"predecessor-version":[{"id":309,"href":"https:\/\/cipher-guard.com\/es\/wp-json\/wp\/v2\/pages\/50\/revisions\/309"}],"wp:attachment":[{"href":"https:\/\/cipher-guard.com\/es\/wp-json\/wp\/v2\/media?parent=50"}],"curies":[{"name":"wp","href":"https:\/\/api.w.org\/{rel}","templated":true}]}}