{"id":3,"date":"2025-10-20T12:56:56","date_gmt":"2025-10-20T12:56:56","guid":{"rendered":"https:\/\/cipher-guard.com\/?page_id=3"},"modified":"2026-01-21T11:25:38","modified_gmt":"2026-01-21T11:25:38","slug":"hire-a-cheap-hacker","status":"publish","type":"page","link":"https:\/\/cipher-guard.com\/fr\/hire-a-cheap-hacker\/","title":{"rendered":"Embaucher un hacker bon march\u00e9"},"content":{"rendered":"<div data-elementor-type=\"wp-page\" data-elementor-id=\"3\" class=\"elementor elementor-3\" data-elementor-post-type=\"page\">\n\t\t\t\t<div class=\"elementor-element elementor-element-17dd930 e-flex e-con-boxed e-con e-parent\" data-id=\"17dd930\" data-element_type=\"container\" data-e-type=\"container\">\n\t\t\t\t\t<div class=\"e-con-inner\">\n\t\t\t\t<div class=\"elementor-element elementor-element-68f941e elementor-widget elementor-widget-image\" data-id=\"68f941e\" data-element_type=\"widget\" data-e-type=\"widget\" data-widget_type=\"image.default\">\n\t\t\t\t\t\t\t\t\t\t\t\t\t\t\t<img fetchpriority=\"high\" decoding=\"async\" width=\"1024\" height=\"647\" src=\"https:\/\/cipher-guard.com\/wp-content\/uploads\/2025\/11\/Engagez-un-hacker-pas-cher-1024x647.jpg\" class=\"attachment-large size-large wp-image-36\" alt=\"Embaucher un hacker bon march\u00e9\" srcset=\"https:\/\/cipher-guard.com\/wp-content\/uploads\/2025\/11\/Engagez-un-hacker-pas-cher-1024x647.jpg 1024w, https:\/\/cipher-guard.com\/wp-content\/uploads\/2025\/11\/Engagez-un-hacker-pas-cher-300x190.jpg 300w, https:\/\/cipher-guard.com\/wp-content\/uploads\/2025\/11\/Engagez-un-hacker-pas-cher-768x485.jpg 768w, https:\/\/cipher-guard.com\/wp-content\/uploads\/2025\/11\/Engagez-un-hacker-pas-cher-1536x971.jpg 1536w, https:\/\/cipher-guard.com\/wp-content\/uploads\/2025\/11\/Engagez-un-hacker-pas-cher.jpg 1600w\" sizes=\"(max-width: 1024px) 100vw, 1024px\" \/>\t\t\t\t\t\t\t\t\t\t\t\t\t\t\t<\/div>\n\t\t\t\t<div class=\"elementor-element elementor-element-00dd95f elementor-widget elementor-widget-text-editor\" data-id=\"00dd95f\" data-element_type=\"widget\" data-e-type=\"widget\" data-widget_type=\"text-editor.default\">\n\t\t\t\t\t\t\t\t\t<p>Dans le monde num\u00e9rique actuel, faire appel \u00e0 un hacker abordable peut \u00eatre une solution pour r\u00e9soudre des probl\u00e8mes de s\u00e9curit\u00e9, r\u00e9cup\u00e9rer des comptes perdus ou r\u00e9aliser des \u00e9valuations de vuln\u00e9rabilit\u00e9. Cependant, il est essentiel de choisir un service fiable et \u00e9thique comme le n\u00f4tre, o\u00f9 nous garantissons professionnalisme et efficacit\u00e9 sans compromettre votre vie priv\u00e9e. <a href=\"https:\/\/cipher-guard.com\/fr\/contact-us\/\">Contactez-nous<\/a><\/p><h3>Pourquoi faire appel \u00e0 un hacker professionnel ?<\/h3><p>De nombreuses personnes font appel \u00e0 des hackers pour diverses raisons, allant de la r\u00e9cup\u00e9ration de l'acc\u00e8s \u00e0 des comptes de r\u00e9seaux sociaux \u00e0 la protection des syst\u00e8mes d'entreprise. Un hacker certifi\u00e9 peut identifier les failles de s\u00e9curit\u00e9 avant qu'elles ne soient exploit\u00e9es par des cybercriminels. Nous proposons des services l\u00e9gaux et transparents pour s\u00e9curiser vos informations.<\/p><h3>Services que nous proposons en mati\u00e8re de cybers\u00e9curit\u00e9 et de piratage \u00e9thique<\/h3><p>Notre entreprise est sp\u00e9cialis\u00e9e dans le piratage \u00e9thique, les tests d'intrusion et la r\u00e9cup\u00e9ration de comptes. Nous respectons des protocoles juridiques stricts afin d'emp\u00eacher toute activit\u00e9 ill\u00e9gale. Voici quelques-uns de nos services :<\/p><p><strong>R\u00e9cup\u00e9ration des comptes pirat\u00e9s<\/strong> (Facebook, Instagram, e-mails).<\/p><p><strong>Tests de p\u00e9n\u00e9tration pour les entreprises.<\/strong><br \/>D\u00e9tection des vuln\u00e9rabilit\u00e9s dans les syst\u00e8mes informatiques.<br \/>Conseil en cybers\u00e9curit\u00e9 pour prot\u00e9ger les donn\u00e9es sensibles.<br \/>Si vous avez besoin d'un service fiable, \u00e9vitez les arnaques et choisissez des professionnels exp\u00e9riment\u00e9s. Engagez un hacker abordable.<\/p><p><strong>Avantages li\u00e9s \u00e0 l'utilisation d'un hacker abordable<\/strong><br \/>Opter pour des services abordables ne signifie pas sacrifier la qualit\u00e9. Sur notre plateforme, nous proposons des prix abordables et des normes de s\u00e9curit\u00e9 \u00e9lev\u00e9es. Voici quelques avantages \u00e0 travailler avec nous :<\/p><p><strong>Confidentialit\u00e9 absolue :<\/strong> Vos donn\u00e9es seront toujours prot\u00e9g\u00e9es.<br \/>R\u00e9sultats garantis : des solutions efficaces en peu de temps.<br \/>Assistance 24 h\/24, 7 j\/7 : intervention imm\u00e9diate en cas d'urgence. Ne mettez pas vos informations en danger en faisant appel \u00e0 des services douteux. Faites appel \u00e0 des experts qui respectent les normes l\u00e9gales.<\/p><p><strong>Lorsque vous cherchez \u00e0 embaucher un hacker \u00e0 bas prix<\/strong>, il est essentiel de v\u00e9rifier la r\u00e9putation du prestataire. Nous disposons de t\u00e9moignages authentiques et d'exemples de r\u00e9ussite qui d\u00e9montrent notre professionnalisme. \u00c9vitez les services qui promettent des r\u00e9sultats miraculeux ou qui exigent des paiements anticip\u00e9s sans garanties. Un hacker \u00e9thique r\u00e9put\u00e9 op\u00e8re toujours dans le cadre l\u00e9gal et dans le respect d'accords de confidentialit\u00e9 stricts.<\/p><p><strong>Diff\u00e9rences entre un hacker \u00e9thique et un cybercriminel<\/strong><br \/>Beaucoup de gens confondent ces deux termes, mais un hacker \u00e9thique se concentre sur la protection des syst\u00e8mes, et non sur leur piratage. Sur notre site web, nous suivons des protocoles stricts afin de garantir la l\u00e9galit\u00e9 de nos actions et leur int\u00e9r\u00eat pour nos clients. Alors que les cybercriminels cherchent \u00e0 voler des informations, nous contribuons \u00e0 pr\u00e9venir ces attaques gr\u00e2ce \u00e0 des tests de s\u00e9curit\u00e9 et \u00e0 des conseils professionnels.<\/p><p>Nos clients nous contactent fr\u00e9quemment pour des situations telles que la perte d'acc\u00e8s \u00e0 un compte, des soup\u00e7ons d'espionnage industriel ou la n\u00e9cessit\u00e9 de renforcer leur s\u00e9curit\u00e9 num\u00e9rique. Si vous \u00eates confront\u00e9 \u00e0 l'un de ces probl\u00e8mes, Cybersecurity and Ethical Hacking peut vous fournir une solution rapide, s\u00e9curis\u00e9e et conforme \u00e0 la l\u00e9gislation.<\/p><p>On croit souvent \u00e0 tort que les services abordables sont de mauvaise qualit\u00e9. Cependant, dans notre cas, nous proposons des prix comp\u00e9titifs gr\u00e2ce \u00e0 des m\u00e9thodologies efficaces et \u00e0 notre vaste exp\u00e9rience sur le terrain. Ce qui importe, ce n'est pas le prix, mais la transparence, les certifications et les r\u00e9sultats obtenus par le prestataire de services. Engager un hacker abordable<\/p><p>Si vous souhaitez engager un hacker \u00e0 moindre co\u00fbt, assurez-vous qu'il s'agit d'un professionnel \u00e9thique et certifi\u00e9. Nous proposons ici des solutions l\u00e9gales, rapides et abordables pour prot\u00e9ger vos informations. <a href=\"https:\/\/cipher-guard.com\/fr\/contact-us\/\">Contactez-nous<\/a> Aujourd'hui, obtenez l'aide dont vous avez besoin, sans aucun risque ! <a href=\"https:\/\/reseaudesecurite.com\" target=\"_blank\" rel=\"noopener\"><span style=\"color: #ffffff;\">certified professional<\/span><\/a><\/p>\t\t\t\t\t\t\t\t<\/div>\n\t\t\t\t\t<\/div>\n\t\t\t\t<\/div>\n\t\t\t\t<\/div>","protected":false},"excerpt":{"rendered":"<p>Hiring an affordable hacker in today&#8217;s digital world can be a solution for resolving security issues, recovering lost accounts, or conducting vulnerability assessments. However, it&#8217;s crucial to choose a reliable and ethical service like ours, where we guarantee professionalism and efficiency without compromising your privacy. Contact Us Why hire a professional hacker? Many people hire&#8230;<\/p>","protected":false},"author":1,"featured_media":0,"parent":0,"menu_order":0,"comment_status":"closed","ping_status":"closed","template":"","meta":{"om_disable_all_campaigns":false,"_kad_post_transparent":"","_kad_post_title":"","_kad_post_layout":"","_kad_post_sidebar_id":"","_kad_post_content_style":"","_kad_post_vertical_padding":"","_kad_post_feature":"","_kad_post_feature_position":"","_kad_post_header":false,"_kad_post_footer":false,"_kad_post_classname":"","_joinchat":[],"footnotes":""},"class_list":["post-3","page","type-page","status-publish","hentry"],"yoast_head":"<!-- This site is optimized with the Yoast SEO plugin v27.2 - https:\/\/yoast.com\/product\/yoast-seo-wordpress\/ -->\n<title>Hire a cheap hacker - Cipher Guard<\/title>\n<meta name=\"robots\" content=\"index, follow, max-snippet:-1, max-image-preview:large, max-video-preview:-1\" \/>\n<link rel=\"canonical\" href=\"https:\/\/cipher-guard.com\/fr\/hire-a-cheap-hacker\/\" \/>\n<meta property=\"og:locale\" content=\"fr_FR\" \/>\n<meta property=\"og:type\" content=\"article\" \/>\n<meta property=\"og:title\" content=\"Hire a cheap hacker - Cipher Guard\" \/>\n<meta property=\"og:description\" content=\"Hiring an affordable hacker in today&#8217;s digital world can be a solution for resolving security issues, recovering lost accounts, or conducting vulnerability assessments. However, it&#8217;s crucial to choose a reliable and ethical service like ours, where we guarantee professionalism and efficiency without compromising your privacy. Contact Us Why hire a professional hacker? Many people hire...\" \/>\n<meta property=\"og:url\" content=\"https:\/\/cipher-guard.com\/fr\/hire-a-cheap-hacker\/\" \/>\n<meta property=\"og:site_name\" content=\"Cipher Guard\" \/>\n<meta property=\"article:modified_time\" content=\"2026-01-21T11:25:38+00:00\" \/>\n<meta property=\"og:image\" content=\"https:\/\/cipher-guard.com\/wp-content\/uploads\/2025\/11\/Engagez-un-hacker-pas-cher.jpg\" \/>\n\t<meta property=\"og:image:width\" content=\"1600\" \/>\n\t<meta property=\"og:image:height\" content=\"1011\" \/>\n\t<meta property=\"og:image:type\" content=\"image\/jpeg\" \/>\n<meta name=\"twitter:card\" content=\"summary_large_image\" \/>\n<meta name=\"twitter:label1\" content=\"Dur\u00e9e de lecture estim\u00e9e\" \/>\n\t<meta name=\"twitter:data1\" content=\"3 minutes\" \/>\n<script type=\"application\/ld+json\" class=\"yoast-schema-graph\">{\"@context\":\"https:\/\/schema.org\",\"@graph\":[{\"@type\":\"WebPage\",\"@id\":\"https:\/\/cipher-guard.com\/hire-a-cheap-hacker\/\",\"url\":\"https:\/\/cipher-guard.com\/hire-a-cheap-hacker\/\",\"name\":\"Hire a cheap hacker - Cipher Guard\",\"isPartOf\":{\"@id\":\"https:\/\/cipher-guard.com\/#website\"},\"primaryImageOfPage\":{\"@id\":\"https:\/\/cipher-guard.com\/hire-a-cheap-hacker\/#primaryimage\"},\"image\":{\"@id\":\"https:\/\/cipher-guard.com\/hire-a-cheap-hacker\/#primaryimage\"},\"thumbnailUrl\":\"https:\/\/cipher-guard.com\/wp-content\/uploads\/2025\/11\/Engagez-un-hacker-pas-cher-1024x647.jpg\",\"datePublished\":\"2025-10-20T12:56:56+00:00\",\"dateModified\":\"2026-01-21T11:25:38+00:00\",\"breadcrumb\":{\"@id\":\"https:\/\/cipher-guard.com\/hire-a-cheap-hacker\/#breadcrumb\"},\"inLanguage\":\"fr-FR\",\"potentialAction\":[{\"@type\":\"ReadAction\",\"target\":[\"https:\/\/cipher-guard.com\/hire-a-cheap-hacker\/\"]}]},{\"@type\":\"ImageObject\",\"inLanguage\":\"fr-FR\",\"@id\":\"https:\/\/cipher-guard.com\/hire-a-cheap-hacker\/#primaryimage\",\"url\":\"https:\/\/cipher-guard.com\/wp-content\/uploads\/2025\/11\/Engagez-un-hacker-pas-cher-1024x647.jpg\",\"contentUrl\":\"https:\/\/cipher-guard.com\/wp-content\/uploads\/2025\/11\/Engagez-un-hacker-pas-cher-1024x647.jpg\"},{\"@type\":\"BreadcrumbList\",\"@id\":\"https:\/\/cipher-guard.com\/hire-a-cheap-hacker\/#breadcrumb\",\"itemListElement\":[{\"@type\":\"ListItem\",\"position\":1,\"name\":\"Accueil\",\"item\":\"https:\/\/cipher-guard.com\/\"},{\"@type\":\"ListItem\",\"position\":2,\"name\":\"Hire a cheap hacker\"}]},{\"@type\":\"WebSite\",\"@id\":\"https:\/\/cipher-guard.com\/#website\",\"url\":\"https:\/\/cipher-guard.com\/\",\"name\":\"Cipher Guard\",\"description\":\"Best website to meet hackers to help you solve your security problems\",\"publisher\":{\"@id\":\"https:\/\/cipher-guard.com\/#organization\"},\"potentialAction\":[{\"@type\":\"SearchAction\",\"target\":{\"@type\":\"EntryPoint\",\"urlTemplate\":\"https:\/\/cipher-guard.com\/?s={search_term_string}\"},\"query-input\":{\"@type\":\"PropertyValueSpecification\",\"valueRequired\":true,\"valueName\":\"search_term_string\"}}],\"inLanguage\":\"fr-FR\"},{\"@type\":\"Organization\",\"@id\":\"https:\/\/cipher-guard.com\/#organization\",\"name\":\"Cipher Guard\",\"url\":\"https:\/\/cipher-guard.com\/\",\"logo\":{\"@type\":\"ImageObject\",\"inLanguage\":\"fr-FR\",\"@id\":\"https:\/\/cipher-guard.com\/#\/schema\/logo\/image\/\",\"url\":\"https:\/\/cipher-guard.com\/wp-content\/uploads\/2026\/01\/cipher-guard-logo.png\",\"contentUrl\":\"https:\/\/cipher-guard.com\/wp-content\/uploads\/2026\/01\/cipher-guard-logo.png\",\"width\":360,\"height\":360,\"caption\":\"Cipher Guard\"},\"image\":{\"@id\":\"https:\/\/cipher-guard.com\/#\/schema\/logo\/image\/\"}}]}<\/script>\n<!-- \/ Yoast SEO plugin. -->","yoast_head_json":{"title":"Hire a cheap hacker - Cipher Guard","robots":{"index":"index","follow":"follow","max-snippet":"max-snippet:-1","max-image-preview":"max-image-preview:large","max-video-preview":"max-video-preview:-1"},"canonical":"https:\/\/cipher-guard.com\/fr\/hire-a-cheap-hacker\/","og_locale":"fr_FR","og_type":"article","og_title":"Hire a cheap hacker - Cipher Guard","og_description":"Hiring an affordable hacker in today&#8217;s digital world can be a solution for resolving security issues, recovering lost accounts, or conducting vulnerability assessments. However, it&#8217;s crucial to choose a reliable and ethical service like ours, where we guarantee professionalism and efficiency without compromising your privacy. Contact Us Why hire a professional hacker? Many people hire...","og_url":"https:\/\/cipher-guard.com\/fr\/hire-a-cheap-hacker\/","og_site_name":"Cipher Guard","article_modified_time":"2026-01-21T11:25:38+00:00","og_image":[{"width":1600,"height":1011,"url":"https:\/\/cipher-guard.com\/wp-content\/uploads\/2025\/11\/Engagez-un-hacker-pas-cher.jpg","type":"image\/jpeg"}],"twitter_card":"summary_large_image","twitter_misc":{"Dur\u00e9e de lecture estim\u00e9e":"3 minutes"},"schema":{"@context":"https:\/\/schema.org","@graph":[{"@type":"WebPage","@id":"https:\/\/cipher-guard.com\/hire-a-cheap-hacker\/","url":"https:\/\/cipher-guard.com\/hire-a-cheap-hacker\/","name":"Hire a cheap hacker - Cipher Guard","isPartOf":{"@id":"https:\/\/cipher-guard.com\/#website"},"primaryImageOfPage":{"@id":"https:\/\/cipher-guard.com\/hire-a-cheap-hacker\/#primaryimage"},"image":{"@id":"https:\/\/cipher-guard.com\/hire-a-cheap-hacker\/#primaryimage"},"thumbnailUrl":"https:\/\/cipher-guard.com\/wp-content\/uploads\/2025\/11\/Engagez-un-hacker-pas-cher-1024x647.jpg","datePublished":"2025-10-20T12:56:56+00:00","dateModified":"2026-01-21T11:25:38+00:00","breadcrumb":{"@id":"https:\/\/cipher-guard.com\/hire-a-cheap-hacker\/#breadcrumb"},"inLanguage":"fr-FR","potentialAction":[{"@type":"ReadAction","target":["https:\/\/cipher-guard.com\/hire-a-cheap-hacker\/"]}]},{"@type":"ImageObject","inLanguage":"fr-FR","@id":"https:\/\/cipher-guard.com\/hire-a-cheap-hacker\/#primaryimage","url":"https:\/\/cipher-guard.com\/wp-content\/uploads\/2025\/11\/Engagez-un-hacker-pas-cher-1024x647.jpg","contentUrl":"https:\/\/cipher-guard.com\/wp-content\/uploads\/2025\/11\/Engagez-un-hacker-pas-cher-1024x647.jpg"},{"@type":"BreadcrumbList","@id":"https:\/\/cipher-guard.com\/hire-a-cheap-hacker\/#breadcrumb","itemListElement":[{"@type":"ListItem","position":1,"name":"Accueil","item":"https:\/\/cipher-guard.com\/"},{"@type":"ListItem","position":2,"name":"Hire a cheap hacker"}]},{"@type":"WebSite","@id":"https:\/\/cipher-guard.com\/#website","url":"https:\/\/cipher-guard.com\/","name":"Cipher Guard","description":"Best website to meet hackers to help you solve your security problems","publisher":{"@id":"https:\/\/cipher-guard.com\/#organization"},"potentialAction":[{"@type":"SearchAction","target":{"@type":"EntryPoint","urlTemplate":"https:\/\/cipher-guard.com\/?s={search_term_string}"},"query-input":{"@type":"PropertyValueSpecification","valueRequired":true,"valueName":"search_term_string"}}],"inLanguage":"fr-FR"},{"@type":"Organization","@id":"https:\/\/cipher-guard.com\/#organization","name":"Cipher Guard","url":"https:\/\/cipher-guard.com\/","logo":{"@type":"ImageObject","inLanguage":"fr-FR","@id":"https:\/\/cipher-guard.com\/#\/schema\/logo\/image\/","url":"https:\/\/cipher-guard.com\/wp-content\/uploads\/2026\/01\/cipher-guard-logo.png","contentUrl":"https:\/\/cipher-guard.com\/wp-content\/uploads\/2026\/01\/cipher-guard-logo.png","width":360,"height":360,"caption":"Cipher Guard"},"image":{"@id":"https:\/\/cipher-guard.com\/#\/schema\/logo\/image\/"}}]}},"_links":{"self":[{"href":"https:\/\/cipher-guard.com\/fr\/wp-json\/wp\/v2\/pages\/3","targetHints":{"allow":["GET"]}}],"collection":[{"href":"https:\/\/cipher-guard.com\/fr\/wp-json\/wp\/v2\/pages"}],"about":[{"href":"https:\/\/cipher-guard.com\/fr\/wp-json\/wp\/v2\/types\/page"}],"author":[{"embeddable":true,"href":"https:\/\/cipher-guard.com\/fr\/wp-json\/wp\/v2\/users\/1"}],"replies":[{"embeddable":true,"href":"https:\/\/cipher-guard.com\/fr\/wp-json\/wp\/v2\/comments?post=3"}],"version-history":[{"count":12,"href":"https:\/\/cipher-guard.com\/fr\/wp-json\/wp\/v2\/pages\/3\/revisions"}],"predecessor-version":[{"id":297,"href":"https:\/\/cipher-guard.com\/fr\/wp-json\/wp\/v2\/pages\/3\/revisions\/297"}],"wp:attachment":[{"href":"https:\/\/cipher-guard.com\/fr\/wp-json\/wp\/v2\/media?parent=3"}],"curies":[{"name":"wp","href":"https:\/\/api.w.org\/{rel}","templated":true}]}}