{"id":43,"date":"2025-11-11T07:29:22","date_gmt":"2025-11-11T07:29:22","guid":{"rendered":"https:\/\/cipher-guard.com\/?page_id=43"},"modified":"2026-01-21T11:33:12","modified_gmt":"2026-01-21T11:33:12","slug":"hiring-a-social-media-hacker","status":"publish","type":"page","link":"https:\/\/cipher-guard.com\/fr\/hiring-a-social-media-hacker\/","title":{"rendered":"Embaucher un hacker sp\u00e9cialis\u00e9 dans les r\u00e9seaux sociaux"},"content":{"rendered":"<div data-elementor-type=\"wp-page\" data-elementor-id=\"43\" class=\"elementor elementor-43\" data-elementor-post-type=\"page\">\n\t\t\t\t<div class=\"elementor-element elementor-element-2bc3cde e-flex e-con-boxed e-con e-parent\" data-id=\"2bc3cde\" data-element_type=\"container\" data-e-type=\"container\">\n\t\t\t\t\t<div class=\"e-con-inner\">\n\t\t\t\t<div class=\"elementor-element elementor-element-460ed69 elementor-widget elementor-widget-image\" data-id=\"460ed69\" data-element_type=\"widget\" data-e-type=\"widget\" data-widget_type=\"image.default\">\n\t\t\t\t\t\t\t\t\t\t\t\t\t\t\t<img fetchpriority=\"high\" decoding=\"async\" width=\"1200\" height=\"720\" src=\"https:\/\/cipher-guard.com\/wp-content\/uploads\/2025\/11\/Engager-Un-hacker-Reseaux-Sociaux.webp\" class=\"attachment-full size-full wp-image-46\" alt=\"Embaucher un hacker sp\u00e9cialis\u00e9 dans les r\u00e9seaux sociaux\" srcset=\"https:\/\/cipher-guard.com\/wp-content\/uploads\/2025\/11\/Engager-Un-hacker-Reseaux-Sociaux.webp 1200w, https:\/\/cipher-guard.com\/wp-content\/uploads\/2025\/11\/Engager-Un-hacker-Reseaux-Sociaux-300x180.webp 300w, https:\/\/cipher-guard.com\/wp-content\/uploads\/2025\/11\/Engager-Un-hacker-Reseaux-Sociaux-1024x614.webp 1024w, https:\/\/cipher-guard.com\/wp-content\/uploads\/2025\/11\/Engager-Un-hacker-Reseaux-Sociaux-768x461.webp 768w\" sizes=\"(max-width: 1200px) 100vw, 1200px\" \/>\t\t\t\t\t\t\t\t\t\t\t\t\t\t\t<\/div>\n\t\t\t\t<div class=\"elementor-element elementor-element-3f9b928 elementor-widget elementor-widget-text-editor\" data-id=\"3f9b928\" data-element_type=\"widget\" data-e-type=\"widget\" data-widget_type=\"text-editor.default\">\n\t\t\t\t\t\t\t\t\t<h2>Embaucher un hacker pour r\u00e9cup\u00e9rer un compte WhatsApp<\/h2><p>Vous pouvez contacter un hacker \u00e9thique si votre compte WhatsApp a \u00e9t\u00e9 pirat\u00e9 ou est inaccessible. Nos experts en cybers\u00e9curit\u00e9 vous aideront \u00e0 retrouver rapidement et en toute s\u00e9curit\u00e9 l'acc\u00e8s \u00e0 votre compte. Ne laissez pas un hacker contr\u00f4ler vos messages et vos donn\u00e9es personnelles ! Cela vaut \u00e9galement pour les comptes WhatsApp, Messenger ou WhatsApp Business . <span style=\"color: #ffffff;\"><a style=\"color: #ffffff;\" href=\"https:\/\/reseaudesecurite.com\/\" target=\"_blank\" rel=\"noopener\">WhatsApp Business<\/a><\/span><\/p><h2>Hiring a hacker to recover a Snapchat account<\/h2><p>Si vous ne pouvez plus acc\u00e9der \u00e0 votre compte Snapchat, nos sp\u00e9cialistes utilisent des techniques avanc\u00e9es pour restaurer l'acc\u00e8s \u00e0 votre compte et renforcer sa s\u00e9curit\u00e9 contre de futures attaques ou signalements li\u00e9s \u00e0 l'activit\u00e9 de votre compte. Engagez un hacker sp\u00e9cialis\u00e9 dans les r\u00e9seaux sociaux<\/p><h2>Embaucher un hacker pour r\u00e9cup\u00e9rer un compte Instagram<\/h2><p>Contacter un expert en piratage vous permettra d'acc\u00e9der \u00e0 votre compte Instagram s'il a \u00e9t\u00e9 pirat\u00e9. Nos experts vous aideront \u00e0 r\u00e9cup\u00e9rer vos comptes pirat\u00e9s en restaurant votre profil, vos publications et vos abonn\u00e9s en toute s\u00e9curit\u00e9. Si un pirate informatique a compromis votre compte Instagram, Messenger ou WhatsApp Business, veuillez nous en informer.<\/p><h2>Embaucher un hacker pour r\u00e9cup\u00e9rer un compte TikTok<\/h2><p>Votre compte TikTok a-t-il \u00e9t\u00e9 pirat\u00e9 ou suspendu ? Nous utilisons des techniques avanc\u00e9es pour vous permettre de retrouver l'acc\u00e8s \u00e0 votre compte et vous aider \u00e0 reprendre le contr\u00f4le de votre contenu.<br \/>Vous souhaitez pirater ou r\u00e9cup\u00e9rer un compte, une page ou un groupe TikTok ? Faites-le nous savoir.<\/p><h2><b> Embaucher un hacker pour r\u00e9cup\u00e9rer des fonds vol\u00e9s<\/b><\/h2><p>Avez-vous \u00e9t\u00e9 victime d'une fraude en ligne ou d'un vol de cryptomonnaie ? Nous analysons la blockchain et les transactions afin de retrouver et de r\u00e9cup\u00e9rer vos actifs num\u00e9riques perdus ou vol\u00e9s, et vous les restituons dans les plus brefs d\u00e9lais.<\/p><h2>Engager un hacker pour r\u00e9cup\u00e9rer un compte e-mail<\/h2><p>Votre compte Gmail, Yahoo, Outlook ou tout autre compte de messagerie a-t-il \u00e9t\u00e9 pirat\u00e9 ? Nos hackers agiront rapidement pour vous aider \u00e0 retrouver l'acc\u00e8s \u00e0 votre compte et \u00e0 s\u00e9curiser vos informations confidentielles contre toute tentative de piratage future. Engagez un hacker sp\u00e9cialis\u00e9 dans les r\u00e9seaux sociaux<\/p><h2>Engagez un hacker pour pirater un t\u00e9l\u00e9phone Android ou Apple<\/h2><p>Si vous avez besoin d'acc\u00e9der aux donn\u00e9es stock\u00e9es sur l'Android ou l'iPhone d'une personne, nos services sp\u00e9cialis\u00e9s vous offrent une analyse avanc\u00e9e et un acc\u00e8s s\u00e9curis\u00e9 pour r\u00e9pondre \u00e0 vos besoins sp\u00e9cifiques en toute discr\u00e9tion.<br \/>En contactant Hacker, vous pourrez acc\u00e9der et r\u00e9cup\u00e9rer discr\u00e8tement le contenu du t\u00e9l\u00e9phone de votre conjoint.<\/p><h2>\u00a0Engagez un hacker pour renforcer la s\u00e9curit\u00e9 de vos comptes<\/h2><p>Prot\u00e9gez vos comptes en ligne contre le piratage et les cyberattaques. Nos hackers \u00e9thiques analysent vos vuln\u00e9rabilit\u00e9s en mati\u00e8re de s\u00e9curit\u00e9 et mettent en \u0153uvre des solutions de protection avanc\u00e9es.<\/p><h2>Engagez un hacker pour traquer un cybercriminel<\/h2><p>Vous avez \u00e9t\u00e9 victime d'un pirate informatique et souhaitez retrouver le coupable ? Nos sp\u00e9cialistes en cybers\u00e9curit\u00e9 utilisent des techniques de tra\u00e7age num\u00e9rique pour identifier les responsables et prot\u00e9ger vos donn\u00e9es.<\/p><h2>Pirate informatique Telegram<\/h2><p>Nous pouvons vous donner acc\u00e8s aux messages du compte Telegram de votre choix. Il suffit de nous fournir le num\u00e9ro.<\/p><h2><b>Facebook <\/b><b>pirate informatique\u00a0<\/b><\/h2><p>Vous souhaitez pirater ou r\u00e9cup\u00e9rer un compte, une page ou un groupe Facebook ? Faites-le nous savoir. <a href=\"https:\/\/cipher-guard.com\/fr\/contact-us\/\">Contactez-nous<\/a><\/p>\t\t\t\t\t\t\t\t<\/div>\n\t\t\t\t\t<\/div>\n\t\t\t\t<\/div>\n\t\t\t\t<\/div>","protected":false},"excerpt":{"rendered":"<p>Hiring a hacker to recover a WhatsApp account You can contact an ethical hacker if your WhatsApp account has been hacked or is inaccessible. Our cybersecurity experts will help you quickly and securely regain access. Don&#8217;t let a hacker control your messages and personal data! This also applies to accounts WhatsApp, Messenger ou WhatsApp Business&#8230;<\/p>","protected":false},"author":1,"featured_media":0,"parent":0,"menu_order":0,"comment_status":"closed","ping_status":"closed","template":"","meta":{"om_disable_all_campaigns":false,"_kad_post_transparent":"","_kad_post_title":"","_kad_post_layout":"","_kad_post_sidebar_id":"","_kad_post_content_style":"","_kad_post_vertical_padding":"","_kad_post_feature":"","_kad_post_feature_position":"","_kad_post_header":false,"_kad_post_footer":false,"_kad_post_classname":"","_joinchat":[],"footnotes":""},"class_list":["post-43","page","type-page","status-publish","hentry"],"yoast_head":"<!-- This site is optimized with the Yoast SEO plugin v27.2 - https:\/\/yoast.com\/product\/yoast-seo-wordpress\/ -->\n<title>Hiring a Social Media Hacker - Cipher Guard<\/title>\n<meta name=\"robots\" content=\"index, follow, max-snippet:-1, max-image-preview:large, max-video-preview:-1\" \/>\n<link rel=\"canonical\" href=\"https:\/\/cipher-guard.com\/fr\/hiring-a-social-media-hacker\/\" \/>\n<meta property=\"og:locale\" content=\"fr_FR\" \/>\n<meta property=\"og:type\" content=\"article\" \/>\n<meta property=\"og:title\" content=\"Hiring a Social Media Hacker - Cipher Guard\" \/>\n<meta property=\"og:description\" content=\"Hiring a hacker to recover a WhatsApp account You can contact an ethical hacker if your WhatsApp account has been hacked or is inaccessible. Our cybersecurity experts will help you quickly and securely regain access. Don&#8217;t let a hacker control your messages and personal data! This also applies to accounts WhatsApp, Messenger ou WhatsApp Business...\" \/>\n<meta property=\"og:url\" content=\"https:\/\/cipher-guard.com\/fr\/hiring-a-social-media-hacker\/\" \/>\n<meta property=\"og:site_name\" content=\"Cipher Guard\" \/>\n<meta property=\"article:modified_time\" content=\"2026-01-21T11:33:12+00:00\" \/>\n<meta property=\"og:image\" content=\"https:\/\/cipher-guard.com\/wp-content\/uploads\/2025\/11\/Engager-Un-hacker-Reseaux-Sociaux.webp\" \/>\n\t<meta property=\"og:image:width\" content=\"1200\" \/>\n\t<meta property=\"og:image:height\" content=\"720\" \/>\n\t<meta property=\"og:image:type\" content=\"image\/webp\" \/>\n<meta name=\"twitter:card\" content=\"summary_large_image\" \/>\n<meta name=\"twitter:label1\" content=\"Dur\u00e9e de lecture estim\u00e9e\" \/>\n\t<meta name=\"twitter:data1\" content=\"2 minutes\" \/>\n<script type=\"application\/ld+json\" class=\"yoast-schema-graph\">{\"@context\":\"https:\/\/schema.org\",\"@graph\":[{\"@type\":\"WebPage\",\"@id\":\"https:\/\/cipher-guard.com\/hiring-a-social-media-hacker\/\",\"url\":\"https:\/\/cipher-guard.com\/hiring-a-social-media-hacker\/\",\"name\":\"Hiring a Social Media Hacker - Cipher Guard\",\"isPartOf\":{\"@id\":\"https:\/\/cipher-guard.com\/#website\"},\"primaryImageOfPage\":{\"@id\":\"https:\/\/cipher-guard.com\/hiring-a-social-media-hacker\/#primaryimage\"},\"image\":{\"@id\":\"https:\/\/cipher-guard.com\/hiring-a-social-media-hacker\/#primaryimage\"},\"thumbnailUrl\":\"https:\/\/cipher-guard.com\/wp-content\/uploads\/2025\/11\/Engager-Un-hacker-Reseaux-Sociaux.webp\",\"datePublished\":\"2025-11-11T07:29:22+00:00\",\"dateModified\":\"2026-01-21T11:33:12+00:00\",\"breadcrumb\":{\"@id\":\"https:\/\/cipher-guard.com\/hiring-a-social-media-hacker\/#breadcrumb\"},\"inLanguage\":\"fr-FR\",\"potentialAction\":[{\"@type\":\"ReadAction\",\"target\":[\"https:\/\/cipher-guard.com\/hiring-a-social-media-hacker\/\"]}]},{\"@type\":\"ImageObject\",\"inLanguage\":\"fr-FR\",\"@id\":\"https:\/\/cipher-guard.com\/hiring-a-social-media-hacker\/#primaryimage\",\"url\":\"https:\/\/cipher-guard.com\/wp-content\/uploads\/2025\/11\/Engager-Un-hacker-Reseaux-Sociaux.webp\",\"contentUrl\":\"https:\/\/cipher-guard.com\/wp-content\/uploads\/2025\/11\/Engager-Un-hacker-Reseaux-Sociaux.webp\"},{\"@type\":\"BreadcrumbList\",\"@id\":\"https:\/\/cipher-guard.com\/hiring-a-social-media-hacker\/#breadcrumb\",\"itemListElement\":[{\"@type\":\"ListItem\",\"position\":1,\"name\":\"Accueil\",\"item\":\"https:\/\/cipher-guard.com\/\"},{\"@type\":\"ListItem\",\"position\":2,\"name\":\"Hiring a Social Media Hacker\"}]},{\"@type\":\"WebSite\",\"@id\":\"https:\/\/cipher-guard.com\/#website\",\"url\":\"https:\/\/cipher-guard.com\/\",\"name\":\"Cipher Guard\",\"description\":\"Best website to meet hackers to help you solve your security problems\",\"publisher\":{\"@id\":\"https:\/\/cipher-guard.com\/#organization\"},\"potentialAction\":[{\"@type\":\"SearchAction\",\"target\":{\"@type\":\"EntryPoint\",\"urlTemplate\":\"https:\/\/cipher-guard.com\/?s={search_term_string}\"},\"query-input\":{\"@type\":\"PropertyValueSpecification\",\"valueRequired\":true,\"valueName\":\"search_term_string\"}}],\"inLanguage\":\"fr-FR\"},{\"@type\":\"Organization\",\"@id\":\"https:\/\/cipher-guard.com\/#organization\",\"name\":\"Cipher Guard\",\"url\":\"https:\/\/cipher-guard.com\/\",\"logo\":{\"@type\":\"ImageObject\",\"inLanguage\":\"fr-FR\",\"@id\":\"https:\/\/cipher-guard.com\/#\/schema\/logo\/image\/\",\"url\":\"https:\/\/cipher-guard.com\/wp-content\/uploads\/2026\/01\/cipher-guard-logo.png\",\"contentUrl\":\"https:\/\/cipher-guard.com\/wp-content\/uploads\/2026\/01\/cipher-guard-logo.png\",\"width\":360,\"height\":360,\"caption\":\"Cipher Guard\"},\"image\":{\"@id\":\"https:\/\/cipher-guard.com\/#\/schema\/logo\/image\/\"}}]}<\/script>\n<!-- \/ Yoast SEO plugin. -->","yoast_head_json":{"title":"Hiring a Social Media Hacker - Cipher Guard","robots":{"index":"index","follow":"follow","max-snippet":"max-snippet:-1","max-image-preview":"max-image-preview:large","max-video-preview":"max-video-preview:-1"},"canonical":"https:\/\/cipher-guard.com\/fr\/hiring-a-social-media-hacker\/","og_locale":"fr_FR","og_type":"article","og_title":"Hiring a Social Media Hacker - Cipher Guard","og_description":"Hiring a hacker to recover a WhatsApp account You can contact an ethical hacker if your WhatsApp account has been hacked or is inaccessible. Our cybersecurity experts will help you quickly and securely regain access. Don&#8217;t let a hacker control your messages and personal data! This also applies to accounts WhatsApp, Messenger ou WhatsApp Business...","og_url":"https:\/\/cipher-guard.com\/fr\/hiring-a-social-media-hacker\/","og_site_name":"Cipher Guard","article_modified_time":"2026-01-21T11:33:12+00:00","og_image":[{"width":1200,"height":720,"url":"https:\/\/cipher-guard.com\/wp-content\/uploads\/2025\/11\/Engager-Un-hacker-Reseaux-Sociaux.webp","type":"image\/webp"}],"twitter_card":"summary_large_image","twitter_misc":{"Dur\u00e9e de lecture estim\u00e9e":"2 minutes"},"schema":{"@context":"https:\/\/schema.org","@graph":[{"@type":"WebPage","@id":"https:\/\/cipher-guard.com\/hiring-a-social-media-hacker\/","url":"https:\/\/cipher-guard.com\/hiring-a-social-media-hacker\/","name":"Hiring a Social Media Hacker - Cipher Guard","isPartOf":{"@id":"https:\/\/cipher-guard.com\/#website"},"primaryImageOfPage":{"@id":"https:\/\/cipher-guard.com\/hiring-a-social-media-hacker\/#primaryimage"},"image":{"@id":"https:\/\/cipher-guard.com\/hiring-a-social-media-hacker\/#primaryimage"},"thumbnailUrl":"https:\/\/cipher-guard.com\/wp-content\/uploads\/2025\/11\/Engager-Un-hacker-Reseaux-Sociaux.webp","datePublished":"2025-11-11T07:29:22+00:00","dateModified":"2026-01-21T11:33:12+00:00","breadcrumb":{"@id":"https:\/\/cipher-guard.com\/hiring-a-social-media-hacker\/#breadcrumb"},"inLanguage":"fr-FR","potentialAction":[{"@type":"ReadAction","target":["https:\/\/cipher-guard.com\/hiring-a-social-media-hacker\/"]}]},{"@type":"ImageObject","inLanguage":"fr-FR","@id":"https:\/\/cipher-guard.com\/hiring-a-social-media-hacker\/#primaryimage","url":"https:\/\/cipher-guard.com\/wp-content\/uploads\/2025\/11\/Engager-Un-hacker-Reseaux-Sociaux.webp","contentUrl":"https:\/\/cipher-guard.com\/wp-content\/uploads\/2025\/11\/Engager-Un-hacker-Reseaux-Sociaux.webp"},{"@type":"BreadcrumbList","@id":"https:\/\/cipher-guard.com\/hiring-a-social-media-hacker\/#breadcrumb","itemListElement":[{"@type":"ListItem","position":1,"name":"Accueil","item":"https:\/\/cipher-guard.com\/"},{"@type":"ListItem","position":2,"name":"Hiring a Social Media Hacker"}]},{"@type":"WebSite","@id":"https:\/\/cipher-guard.com\/#website","url":"https:\/\/cipher-guard.com\/","name":"Cipher Guard","description":"Best website to meet hackers to help you solve your security problems","publisher":{"@id":"https:\/\/cipher-guard.com\/#organization"},"potentialAction":[{"@type":"SearchAction","target":{"@type":"EntryPoint","urlTemplate":"https:\/\/cipher-guard.com\/?s={search_term_string}"},"query-input":{"@type":"PropertyValueSpecification","valueRequired":true,"valueName":"search_term_string"}}],"inLanguage":"fr-FR"},{"@type":"Organization","@id":"https:\/\/cipher-guard.com\/#organization","name":"Cipher Guard","url":"https:\/\/cipher-guard.com\/","logo":{"@type":"ImageObject","inLanguage":"fr-FR","@id":"https:\/\/cipher-guard.com\/#\/schema\/logo\/image\/","url":"https:\/\/cipher-guard.com\/wp-content\/uploads\/2026\/01\/cipher-guard-logo.png","contentUrl":"https:\/\/cipher-guard.com\/wp-content\/uploads\/2026\/01\/cipher-guard-logo.png","width":360,"height":360,"caption":"Cipher Guard"},"image":{"@id":"https:\/\/cipher-guard.com\/#\/schema\/logo\/image\/"}}]}},"_links":{"self":[{"href":"https:\/\/cipher-guard.com\/fr\/wp-json\/wp\/v2\/pages\/43","targetHints":{"allow":["GET"]}}],"collection":[{"href":"https:\/\/cipher-guard.com\/fr\/wp-json\/wp\/v2\/pages"}],"about":[{"href":"https:\/\/cipher-guard.com\/fr\/wp-json\/wp\/v2\/types\/page"}],"author":[{"embeddable":true,"href":"https:\/\/cipher-guard.com\/fr\/wp-json\/wp\/v2\/users\/1"}],"replies":[{"embeddable":true,"href":"https:\/\/cipher-guard.com\/fr\/wp-json\/wp\/v2\/comments?post=43"}],"version-history":[{"count":14,"href":"https:\/\/cipher-guard.com\/fr\/wp-json\/wp\/v2\/pages\/43\/revisions"}],"predecessor-version":[{"id":306,"href":"https:\/\/cipher-guard.com\/fr\/wp-json\/wp\/v2\/pages\/43\/revisions\/306"}],"wp:attachment":[{"href":"https:\/\/cipher-guard.com\/fr\/wp-json\/wp\/v2\/media?parent=43"}],"curies":[{"name":"wp","href":"https:\/\/api.w.org\/{rel}","templated":true}]}}