{"id":50,"date":"2025-11-11T07:40:26","date_gmt":"2025-11-11T07:40:26","guid":{"rendered":"https:\/\/cipher-guard.com\/?page_id=50"},"modified":"2026-01-21T11:34:55","modified_gmt":"2026-01-21T11:34:55","slug":"recover-your-stolen-cryptocurrency","status":"publish","type":"page","link":"https:\/\/cipher-guard.com\/fr\/recover-your-stolen-cryptocurrency\/","title":{"rendered":"R\u00c9CUP\u00c9REZ VOTRE CRYPTOMONNAIE VOL\u00c9E"},"content":{"rendered":"<div data-elementor-type=\"wp-page\" data-elementor-id=\"50\" class=\"elementor elementor-50\" data-elementor-post-type=\"page\">\n\t\t\t\t<div class=\"elementor-element elementor-element-60967cd e-flex e-con-boxed e-con e-parent\" data-id=\"60967cd\" data-element_type=\"container\" data-e-type=\"container\">\n\t\t\t\t\t<div class=\"e-con-inner\">\n\t\t\t\t<div class=\"elementor-element elementor-element-5ec2a24 elementor-widget elementor-widget-image\" data-id=\"5ec2a24\" data-element_type=\"widget\" data-e-type=\"widget\" data-widget_type=\"image.default\">\n\t\t\t\t\t\t\t\t\t\t\t\t\t\t\t<img fetchpriority=\"high\" decoding=\"async\" width=\"1600\" height=\"800\" src=\"https:\/\/cipher-guard.com\/wp-content\/uploads\/2025\/11\/RECUPERER-VOS-CRYPTOS-MONNAIE-VOLEE.webp\" class=\"attachment-full size-full wp-image-53\" alt=\"R\u00c9CUP\u00c9REZ VOTRE CRYPTOMONNAIE VOL\u00c9E\" srcset=\"https:\/\/cipher-guard.com\/wp-content\/uploads\/2025\/11\/RECUPERER-VOS-CRYPTOS-MONNAIE-VOLEE.webp 1600w, https:\/\/cipher-guard.com\/wp-content\/uploads\/2025\/11\/RECUPERER-VOS-CRYPTOS-MONNAIE-VOLEE-300x150.webp 300w, https:\/\/cipher-guard.com\/wp-content\/uploads\/2025\/11\/RECUPERER-VOS-CRYPTOS-MONNAIE-VOLEE-1024x512.webp 1024w, https:\/\/cipher-guard.com\/wp-content\/uploads\/2025\/11\/RECUPERER-VOS-CRYPTOS-MONNAIE-VOLEE-768x384.webp 768w, https:\/\/cipher-guard.com\/wp-content\/uploads\/2025\/11\/RECUPERER-VOS-CRYPTOS-MONNAIE-VOLEE-1536x768.webp 1536w\" sizes=\"(max-width: 1600px) 100vw, 1600px\" \/>\t\t\t\t\t\t\t\t\t\t\t\t\t\t\t<\/div>\n\t\t\t\t<div class=\"elementor-element elementor-element-1de8634 elementor-widget elementor-widget-text-editor\" data-id=\"1de8634\" data-element_type=\"widget\" data-e-type=\"widget\" data-widget_type=\"text-editor.default\">\n\t\t\t\t\t\t\t\t\t<h2>R\u00e9cup\u00e9rez vos cryptomonnaies vol\u00e9es.<\/h2><p>Nous sommes fiers d'\u00eatre l'un des principaux fournisseurs de services professionnels de r\u00e9cup\u00e9ration de cryptomonnaies. Notre engagement ind\u00e9fectible est de fournir des solutions 100 % s\u00fbres, fiables et efficaces pour la tranquillit\u00e9 d'esprit de nos clients. Nous comprenons la complexit\u00e9 et les d\u00e9fis li\u00e9s \u00e0 la r\u00e9cup\u00e9ration d'actifs num\u00e9riques, c'est pourquoi nous nous effor\u00e7ons de fournir des services de la plus haute qualit\u00e9. Fort de nombreuses ann\u00e9es d'exp\u00e9rience dans le secteur des cryptomonnaies, notre \u00e9quipe de sp\u00e9cialistes utilise des techniques et des outils de pointe pour assurer non seulement la r\u00e9cup\u00e9ration, mais aussi la protection de vos actifs num\u00e9riques avec le plus grand soin. Que vous soyez confront\u00e9 \u00e0 une perte d'acc\u00e8s \u00e0 vos portefeuilles, \u00e0 un vol de fonds ou \u00e0 tout autre probl\u00e8me li\u00e9 aux cryptomonnaies, nous sommes l\u00e0 pour vous aider \u00e0 chaque \u00e9tape. R\u00c9CUP\u00c9REZ VOS CRYPTOMONNAIES VOL\u00c9ES<\/p><h3><b>R\u00e9cup\u00e9ration d'actifs en cryptomonnaie et enqu\u00eates.<\/b><\/h3><p>Si vous avez perdu des cryptomonnaies \u00e0 la suite d'une fraude, d'un vol ou d'un piratage, nous recherchons vos actifs \u00e0 l'aide d'enqu\u00eateurs certifi\u00e9s en criminalistique blockchain et de partenariats directs avec des bourses, des \u00e9quipes de conformit\u00e9 et les forces de l'ordre. Nous agissons rapidement et suivons toutes les pistes, en vous tenant inform\u00e9 \u00e0 tout moment. <a href=\"https:\/\/cipher-guard.com\/fr\/contact-us\/\">Contactez-nous<\/a>.<\/p><p>Les vols de cryptomonnaies explosent dans le monde entier, et de nombreux particuliers et entreprises en sont victimes. Engager un hacker pour r\u00e9cup\u00e9rer vos cryptomonnaies vol\u00e9es reste la solution la plus simple et la moins co\u00fbteuse. Chaque jour, des milliers d'utilisateurs \u00e0 travers le monde se font voler leurs identifiants, vider leurs portefeuilles num\u00e9riques et exposer leur vie priv\u00e9e sur des plateformes telles qu'Instagram, Gmail et Facebook, et leurs actifs d\u00e9tenus sur Binance, Trust Wallet, MetaMask, etc. sont compromis. Aucun service n'est \u00e0 l'abri des cyberattaques de plus en plus sophistiqu\u00e9es. Ce ph\u00e9nom\u00e8ne touche les particuliers, les professionnels et ceux qui souhaitent investir dans la cryptomonnaie, et les pertes peuvent atteindre des sommes colossales. Notre service vous permettra de r\u00e9cup\u00e9rer tous ces fonds perdus.<\/p><p>Dans le contexte actuel, une question revient sans cesse : est-il vraiment possible de r\u00e9cup\u00e9rer des cryptomonnaies vol\u00e9es ? Est-ce l\u00e9gal ? Existe-t-il des solutions fiables, discr\u00e8tes et l\u00e9gales pour r\u00e9cup\u00e9rer des actifs num\u00e9riques vol\u00e9s ou reprendre le contr\u00f4le de comptes pirat\u00e9s ? Face \u00e0 ces questions, souvent urgentes pour les victimes, nous pouvons r\u00e9pondre avec certitude que OUI, il est possible de r\u00e9cup\u00e9rer votre argent et de vous le faire restituer.<\/p><p>C'est dans ce cas pr\u00e9cis qu'une alternative s\u00e9rieuse et professionnelle entre en jeu : vous devez contacter un hacker pour r\u00e9cup\u00e9rer vos cryptomonnaies vol\u00e9es via une plateforme sp\u00e9cialis\u00e9e. Vous pouvez parcourir notre site et d\u00e9couvrir les diff\u00e9rentes \u00e9tapes, qui doivent bien s\u00fbr \u00eatre r\u00e9alis\u00e9es par un professionnel. Nous fournissons un aper\u00e7u complet de cette pratique, encore relativement m\u00e9connue du grand public. Nous n'utilisons que des techniques l\u00e9galement autoris\u00e9es, techniquement r\u00e9alisables et, surtout, qui fonctionnent r\u00e9ellement. Nous vous pr\u00e9senterons \u00e9galement une plateforme de premier plan en mati\u00e8re de cybers\u00e9curit\u00e9 \u00e9thique, offrant une intervention rapide. Il est possible de r\u00e9cup\u00e9rer vos cryptomonnaies vol\u00e9es de mani\u00e8re l\u00e9gale et confidentielle avec notre aide.<\/p><h2 style=\"text-align: center;\">POURQUOI NOUS FAIRE CONFIANCE ?<\/h2><p><strong>Enqu\u00eateurs enti\u00e8rement certifi\u00e9s<\/strong><br \/>Nos r\u00e9f\u00e9rences en mati\u00e8re d'investigations judiciaires li\u00e9es \u00e0 la blockchain, \u00e0 la cybers\u00e9curit\u00e9 et \u00e0 la criminalit\u00e9 financi\u00e8re renforcent notre capacit\u00e9 \u00e0 retrouver les actifs perdus et \u00e0 gagner la confiance des bourses et des clients.<\/p><p><strong>La vitesse compte<\/strong><br \/>La r\u00e9cup\u00e9ration des cryptomonnaies est une course contre la montre. Nos syst\u00e8mes d'alerte sp\u00e9cifiques \u00e0 notre secteur d\u00e9clenchent imm\u00e9diatement des notifications aux plateformes, aux partenaires AML et aux r\u00e9gulateurs, prot\u00e9geant ainsi vos chances.<\/p><p><strong>Transparence avec de vraies personnes<\/strong><br \/>Pas de syst\u00e8mes anonymes ni de factures cach\u00e9es. Vous travaillerez directement avec un enqu\u00eateur exp\u00e9riment\u00e9 qui vous guidera \u00e0 chaque \u00e9tape du processus, en vous expliquant clairement les risques et les options.<\/p><p><strong>Port\u00e9e mondiale et r\u00e9seau<\/strong><br \/>Nous coordonnons nos activit\u00e9s avec les bourses, les forces de l'ordre, les \u00e9quipes charg\u00e9es de la conformit\u00e9 et les institutions financi\u00e8res du monde entier, ce qui nous permet de tracer et de r\u00e9cup\u00e9rer des actifs au-del\u00e0 des fronti\u00e8res.<\/p><h3 style=\"text-align: center;\">Quelques raisons pour lesquelles les gens nous choisissent !<\/h3><p>Face \u00e0 l'urgence de la r\u00e9cup\u00e9ration des cryptomonnaies, notre \u00e9quipe exp\u00e9riment\u00e9e travaille en toute discr\u00e9tion et en toute s\u00e9curit\u00e9 pour vous aider \u00e0 reprendre le contr\u00f4le de vos actifs num\u00e9riques. Forts d'une exp\u00e9rience \u00e9prouv\u00e9e dans la r\u00e9cup\u00e9ration de blockchains, nous sommes vos experts de confiance en mati\u00e8re de r\u00e9cup\u00e9ration de bitcoins.<\/p><h3 style=\"text-align: center;\">R\u00c9CUP\u00c9REZ VOTRE CRYPTOMONNAIE VOL\u00c9E<\/h3><p>Il est tout \u00e0 fait l\u00e9gal de contacter un hacker pour r\u00e9cup\u00e9rer vos cryptomonnaies vol\u00e9es, \u00e0 condition de faire appel \u00e0 un hacker \u00e9thique, \u00e9galement appel\u00e9 hacker white hat. Ces professionnels de la cybers\u00e9curit\u00e9 op\u00e8rent dans un cadre strictement l\u00e9gal, contractuel et s\u00e9curis\u00e9. Lorsque vous choisissez de faire appel \u00e0 un hacker pour r\u00e9cup\u00e9rer vos cryptomonnaies vol\u00e9es, le plus difficile sera d'analyser la situation afin de d\u00e9finir un plan de travail s\u00fbr et s\u00e9curis\u00e9. Ils identifieront ensuite les failles de s\u00e9curit\u00e9 exploit\u00e9es par les hackers afin de vous garantir de r\u00e9cup\u00e9rer vos fonds le plus rapidement possible. Enfin, il mettra en \u0153uvre les mesures n\u00e9cessaires pour tenter de r\u00e9tablir l'acc\u00e8s \u00e0 vos donn\u00e9es. Il est important de noter que ce processus n'est possible que si vous pouvez prouver que vous \u00eates le propri\u00e9taire l\u00e9gitime du compte ou du portefeuille en question. R\u00c9CUP\u00c9REZ VOTRE CRYPTOMONNAIE VOL\u00c9E<\/p><p><b>Et qu'en est-il des cryptomonnaies vol\u00e9es ?<\/b><\/p><p>R\u00e9cup\u00e9rer des cryptomonnaies vol\u00e9es est un v\u00e9ritable d\u00e9fi. Contrairement aux comptes en ligne traditionnels, les blockchains fonctionnent de mani\u00e8re d\u00e9centralis\u00e9e, anonyme et, surtout, irr\u00e9versible. Cela signifie qu'une fois les fonds transf\u00e9r\u00e9s, aucune transaction ne peut \u00eatre annul\u00e9e. Dans ce contexte, il est souvent n\u00e9cessaire de faire appel \u00e0 un hacker pour r\u00e9cup\u00e9rer les cryptomonnaies vol\u00e9es afin de maximiser les chances de succ\u00e8s.<\/p><p><b><br \/><\/b><strong>Voici ce que cela signifie concr\u00e8tement :<\/strong><\/p><p>Suivez le mouvement de vos fonds sur la blockchain \u00e0 l'aide d'outils sp\u00e9cialis\u00e9s, identifiez les adresses de destination utilis\u00e9es par le cybercriminel, prouvez que vous \u00eates le propri\u00e9taire l\u00e9gitime des cryptomonnaies vol\u00e9es (captures d'\u00e9cran, adresses cryptographiques, historique des transactions), constituez un dossier juridique solide pour \u00e9tayer votre demande et coop\u00e9rez avec les plateformes d'\u00e9change (comme Binance ou Coinbase) pour bloquer ou geler les fonds si possible.<\/p><p>Dans une telle situation, faire appel \u00e0 un hacker pour r\u00e9cup\u00e9rer vos cryptomonnaies vol\u00e9es devient une d\u00e9cision strat\u00e9gique. Un expert \u00e9thique et qualifi\u00e9 peut vous guider pas \u00e0 pas, en toute discr\u00e9tion, dans un cadre l\u00e9gal et s\u00e9curis\u00e9. R\u00c9CUP\u00c9REZ VOS CRYPTOMONNAIES VOL\u00c9ES<\/p><h3>Comment m'y prendre ? Quelle plateforme utiliser ?<\/h3><p>Face \u00e0 la recrudescence des escroqueries en ligne, il est essentiel d'utiliser une plateforme fiable et l\u00e9gale. C'est l\u00e0 que notre site se distingue comme la ressource incontournable pour contacter un hacker \u00e9thique. <a href=\"https:\/\/reseaudesecurite.com\/\" target=\"_blank\" rel=\"noopener\"><span style=\"color: #ffffff;\">contacting an ethical hacker<\/span><\/a><\/p>\t\t\t\t\t\t\t\t<\/div>\n\t\t\t\t\t<\/div>\n\t\t\t\t<\/div>\n\t\t\t\t<\/div>","protected":false},"excerpt":{"rendered":"<p>Recover your stolen crypto . We are proud to say that we are one of the leading providers of professional crypto recovery services. Our unwavering commitment is to provide 100% safe, reliable, and effective solutions for our clients&#8217; peace of mind. We understand the complexity and challenges of digital asset recovery, which is why we&#8230;<\/p>","protected":false},"author":1,"featured_media":0,"parent":0,"menu_order":0,"comment_status":"closed","ping_status":"closed","template":"","meta":{"om_disable_all_campaigns":false,"_kad_post_transparent":"","_kad_post_title":"","_kad_post_layout":"","_kad_post_sidebar_id":"","_kad_post_content_style":"","_kad_post_vertical_padding":"","_kad_post_feature":"","_kad_post_feature_position":"","_kad_post_header":false,"_kad_post_footer":false,"_kad_post_classname":"","_joinchat":[],"footnotes":""},"class_list":["post-50","page","type-page","status-publish","hentry"],"yoast_head":"<!-- This site is optimized with the Yoast SEO plugin v27.2 - https:\/\/yoast.com\/product\/yoast-seo-wordpress\/ -->\n<title>RECOVER YOUR STOLEN CRYPTO-CURRENCY - Cipher Guard<\/title>\n<meta name=\"robots\" content=\"index, follow, max-snippet:-1, max-image-preview:large, max-video-preview:-1\" \/>\n<link rel=\"canonical\" href=\"https:\/\/cipher-guard.com\/fr\/recover-your-stolen-cryptocurrency\/\" \/>\n<meta property=\"og:locale\" content=\"fr_FR\" \/>\n<meta property=\"og:type\" content=\"article\" \/>\n<meta property=\"og:title\" content=\"RECOVER YOUR STOLEN CRYPTO-CURRENCY - Cipher Guard\" \/>\n<meta property=\"og:description\" content=\"Recover your stolen crypto . We are proud to say that we are one of the leading providers of professional crypto recovery services. Our unwavering commitment is to provide 100% safe, reliable, and effective solutions for our clients&#8217; peace of mind. We understand the complexity and challenges of digital asset recovery, which is why we...\" \/>\n<meta property=\"og:url\" content=\"https:\/\/cipher-guard.com\/fr\/recover-your-stolen-cryptocurrency\/\" \/>\n<meta property=\"og:site_name\" content=\"Cipher Guard\" \/>\n<meta property=\"article:modified_time\" content=\"2026-01-21T11:34:55+00:00\" \/>\n<meta property=\"og:image\" content=\"https:\/\/cipher-guard.com\/wp-content\/uploads\/2025\/11\/RECUPERER-VOS-CRYPTOS-MONNAIE-VOLEE.webp\" \/>\n\t<meta property=\"og:image:width\" content=\"1600\" \/>\n\t<meta property=\"og:image:height\" content=\"800\" \/>\n\t<meta property=\"og:image:type\" content=\"image\/webp\" \/>\n<meta name=\"twitter:card\" content=\"summary_large_image\" \/>\n<meta name=\"twitter:label1\" content=\"Dur\u00e9e de lecture estim\u00e9e\" \/>\n\t<meta name=\"twitter:data1\" content=\"5 minutes\" \/>\n<script type=\"application\/ld+json\" class=\"yoast-schema-graph\">{\"@context\":\"https:\/\/schema.org\",\"@graph\":[{\"@type\":\"WebPage\",\"@id\":\"https:\/\/cipher-guard.com\/recover-your-stolen-cryptocurrency\/\",\"url\":\"https:\/\/cipher-guard.com\/recover-your-stolen-cryptocurrency\/\",\"name\":\"RECOVER YOUR STOLEN CRYPTO-CURRENCY - Cipher Guard\",\"isPartOf\":{\"@id\":\"https:\/\/cipher-guard.com\/#website\"},\"primaryImageOfPage\":{\"@id\":\"https:\/\/cipher-guard.com\/recover-your-stolen-cryptocurrency\/#primaryimage\"},\"image\":{\"@id\":\"https:\/\/cipher-guard.com\/recover-your-stolen-cryptocurrency\/#primaryimage\"},\"thumbnailUrl\":\"https:\/\/cipher-guard.com\/wp-content\/uploads\/2025\/11\/RECUPERER-VOS-CRYPTOS-MONNAIE-VOLEE.webp\",\"datePublished\":\"2025-11-11T07:40:26+00:00\",\"dateModified\":\"2026-01-21T11:34:55+00:00\",\"breadcrumb\":{\"@id\":\"https:\/\/cipher-guard.com\/recover-your-stolen-cryptocurrency\/#breadcrumb\"},\"inLanguage\":\"fr-FR\",\"potentialAction\":[{\"@type\":\"ReadAction\",\"target\":[\"https:\/\/cipher-guard.com\/recover-your-stolen-cryptocurrency\/\"]}]},{\"@type\":\"ImageObject\",\"inLanguage\":\"fr-FR\",\"@id\":\"https:\/\/cipher-guard.com\/recover-your-stolen-cryptocurrency\/#primaryimage\",\"url\":\"https:\/\/cipher-guard.com\/wp-content\/uploads\/2025\/11\/RECUPERER-VOS-CRYPTOS-MONNAIE-VOLEE.webp\",\"contentUrl\":\"https:\/\/cipher-guard.com\/wp-content\/uploads\/2025\/11\/RECUPERER-VOS-CRYPTOS-MONNAIE-VOLEE.webp\"},{\"@type\":\"BreadcrumbList\",\"@id\":\"https:\/\/cipher-guard.com\/recover-your-stolen-cryptocurrency\/#breadcrumb\",\"itemListElement\":[{\"@type\":\"ListItem\",\"position\":1,\"name\":\"Accueil\",\"item\":\"https:\/\/cipher-guard.com\/\"},{\"@type\":\"ListItem\",\"position\":2,\"name\":\"RECOVER YOUR STOLEN CRYPTO-CURRENCY\"}]},{\"@type\":\"WebSite\",\"@id\":\"https:\/\/cipher-guard.com\/#website\",\"url\":\"https:\/\/cipher-guard.com\/\",\"name\":\"Cipher Guard\",\"description\":\"Best website to meet hackers to help you solve your security problems\",\"publisher\":{\"@id\":\"https:\/\/cipher-guard.com\/#organization\"},\"potentialAction\":[{\"@type\":\"SearchAction\",\"target\":{\"@type\":\"EntryPoint\",\"urlTemplate\":\"https:\/\/cipher-guard.com\/?s={search_term_string}\"},\"query-input\":{\"@type\":\"PropertyValueSpecification\",\"valueRequired\":true,\"valueName\":\"search_term_string\"}}],\"inLanguage\":\"fr-FR\"},{\"@type\":\"Organization\",\"@id\":\"https:\/\/cipher-guard.com\/#organization\",\"name\":\"Cipher Guard\",\"url\":\"https:\/\/cipher-guard.com\/\",\"logo\":{\"@type\":\"ImageObject\",\"inLanguage\":\"fr-FR\",\"@id\":\"https:\/\/cipher-guard.com\/#\/schema\/logo\/image\/\",\"url\":\"https:\/\/cipher-guard.com\/wp-content\/uploads\/2026\/01\/cipher-guard-logo.png\",\"contentUrl\":\"https:\/\/cipher-guard.com\/wp-content\/uploads\/2026\/01\/cipher-guard-logo.png\",\"width\":360,\"height\":360,\"caption\":\"Cipher Guard\"},\"image\":{\"@id\":\"https:\/\/cipher-guard.com\/#\/schema\/logo\/image\/\"}}]}<\/script>\n<!-- \/ Yoast SEO plugin. -->","yoast_head_json":{"title":"RECOVER YOUR STOLEN CRYPTO-CURRENCY - Cipher Guard","robots":{"index":"index","follow":"follow","max-snippet":"max-snippet:-1","max-image-preview":"max-image-preview:large","max-video-preview":"max-video-preview:-1"},"canonical":"https:\/\/cipher-guard.com\/fr\/recover-your-stolen-cryptocurrency\/","og_locale":"fr_FR","og_type":"article","og_title":"RECOVER YOUR STOLEN CRYPTO-CURRENCY - Cipher Guard","og_description":"Recover your stolen crypto . We are proud to say that we are one of the leading providers of professional crypto recovery services. Our unwavering commitment is to provide 100% safe, reliable, and effective solutions for our clients&#8217; peace of mind. We understand the complexity and challenges of digital asset recovery, which is why we...","og_url":"https:\/\/cipher-guard.com\/fr\/recover-your-stolen-cryptocurrency\/","og_site_name":"Cipher Guard","article_modified_time":"2026-01-21T11:34:55+00:00","og_image":[{"width":1600,"height":800,"url":"https:\/\/cipher-guard.com\/wp-content\/uploads\/2025\/11\/RECUPERER-VOS-CRYPTOS-MONNAIE-VOLEE.webp","type":"image\/webp"}],"twitter_card":"summary_large_image","twitter_misc":{"Dur\u00e9e de lecture estim\u00e9e":"5 minutes"},"schema":{"@context":"https:\/\/schema.org","@graph":[{"@type":"WebPage","@id":"https:\/\/cipher-guard.com\/recover-your-stolen-cryptocurrency\/","url":"https:\/\/cipher-guard.com\/recover-your-stolen-cryptocurrency\/","name":"RECOVER YOUR STOLEN CRYPTO-CURRENCY - Cipher Guard","isPartOf":{"@id":"https:\/\/cipher-guard.com\/#website"},"primaryImageOfPage":{"@id":"https:\/\/cipher-guard.com\/recover-your-stolen-cryptocurrency\/#primaryimage"},"image":{"@id":"https:\/\/cipher-guard.com\/recover-your-stolen-cryptocurrency\/#primaryimage"},"thumbnailUrl":"https:\/\/cipher-guard.com\/wp-content\/uploads\/2025\/11\/RECUPERER-VOS-CRYPTOS-MONNAIE-VOLEE.webp","datePublished":"2025-11-11T07:40:26+00:00","dateModified":"2026-01-21T11:34:55+00:00","breadcrumb":{"@id":"https:\/\/cipher-guard.com\/recover-your-stolen-cryptocurrency\/#breadcrumb"},"inLanguage":"fr-FR","potentialAction":[{"@type":"ReadAction","target":["https:\/\/cipher-guard.com\/recover-your-stolen-cryptocurrency\/"]}]},{"@type":"ImageObject","inLanguage":"fr-FR","@id":"https:\/\/cipher-guard.com\/recover-your-stolen-cryptocurrency\/#primaryimage","url":"https:\/\/cipher-guard.com\/wp-content\/uploads\/2025\/11\/RECUPERER-VOS-CRYPTOS-MONNAIE-VOLEE.webp","contentUrl":"https:\/\/cipher-guard.com\/wp-content\/uploads\/2025\/11\/RECUPERER-VOS-CRYPTOS-MONNAIE-VOLEE.webp"},{"@type":"BreadcrumbList","@id":"https:\/\/cipher-guard.com\/recover-your-stolen-cryptocurrency\/#breadcrumb","itemListElement":[{"@type":"ListItem","position":1,"name":"Accueil","item":"https:\/\/cipher-guard.com\/"},{"@type":"ListItem","position":2,"name":"RECOVER YOUR STOLEN CRYPTO-CURRENCY"}]},{"@type":"WebSite","@id":"https:\/\/cipher-guard.com\/#website","url":"https:\/\/cipher-guard.com\/","name":"Cipher Guard","description":"Best website to meet hackers to help you solve your security problems","publisher":{"@id":"https:\/\/cipher-guard.com\/#organization"},"potentialAction":[{"@type":"SearchAction","target":{"@type":"EntryPoint","urlTemplate":"https:\/\/cipher-guard.com\/?s={search_term_string}"},"query-input":{"@type":"PropertyValueSpecification","valueRequired":true,"valueName":"search_term_string"}}],"inLanguage":"fr-FR"},{"@type":"Organization","@id":"https:\/\/cipher-guard.com\/#organization","name":"Cipher Guard","url":"https:\/\/cipher-guard.com\/","logo":{"@type":"ImageObject","inLanguage":"fr-FR","@id":"https:\/\/cipher-guard.com\/#\/schema\/logo\/image\/","url":"https:\/\/cipher-guard.com\/wp-content\/uploads\/2026\/01\/cipher-guard-logo.png","contentUrl":"https:\/\/cipher-guard.com\/wp-content\/uploads\/2026\/01\/cipher-guard-logo.png","width":360,"height":360,"caption":"Cipher Guard"},"image":{"@id":"https:\/\/cipher-guard.com\/#\/schema\/logo\/image\/"}}]}},"_links":{"self":[{"href":"https:\/\/cipher-guard.com\/fr\/wp-json\/wp\/v2\/pages\/50","targetHints":{"allow":["GET"]}}],"collection":[{"href":"https:\/\/cipher-guard.com\/fr\/wp-json\/wp\/v2\/pages"}],"about":[{"href":"https:\/\/cipher-guard.com\/fr\/wp-json\/wp\/v2\/types\/page"}],"author":[{"embeddable":true,"href":"https:\/\/cipher-guard.com\/fr\/wp-json\/wp\/v2\/users\/1"}],"replies":[{"embeddable":true,"href":"https:\/\/cipher-guard.com\/fr\/wp-json\/wp\/v2\/comments?post=50"}],"version-history":[{"count":19,"href":"https:\/\/cipher-guard.com\/fr\/wp-json\/wp\/v2\/pages\/50\/revisions"}],"predecessor-version":[{"id":309,"href":"https:\/\/cipher-guard.com\/fr\/wp-json\/wp\/v2\/pages\/50\/revisions\/309"}],"wp:attachment":[{"href":"https:\/\/cipher-guard.com\/fr\/wp-json\/wp\/v2\/media?parent=50"}],"curies":[{"name":"wp","href":"https:\/\/api.w.org\/{rel}","templated":true}]}}