{"id":7,"date":"2025-11-11T06:19:38","date_gmt":"2025-11-11T06:19:38","guid":{"rendered":"https:\/\/cipher-guard.com\/?page_id=7"},"modified":"2026-01-21T11:28:53","modified_gmt":"2026-01-21T11:28:53","slug":"hire-a-professional-hacker","status":"publish","type":"page","link":"https:\/\/cipher-guard.com\/fr\/hire-a-professional-hacker\/","title":{"rendered":"Embaucher un hacker professionnel"},"content":{"rendered":"<div data-elementor-type=\"wp-post\" data-elementor-id=\"7\" class=\"elementor elementor-7\" data-elementor-post-type=\"page\">\n\t\t\t\t<div class=\"elementor-element elementor-element-559b399 e-flex e-con-boxed e-con e-parent\" data-id=\"559b399\" data-element_type=\"container\" data-e-type=\"container\">\n\t\t\t\t\t<div class=\"e-con-inner\">\n\t\t\t\t<div class=\"elementor-element elementor-element-f1c1b92 elementor-widget elementor-widget-image\" data-id=\"f1c1b92\" data-element_type=\"widget\" data-e-type=\"widget\" data-widget_type=\"image.default\">\n\t\t\t\t\t\t\t\t\t\t\t\t\t\t\t<img fetchpriority=\"high\" decoding=\"async\" width=\"1024\" height=\"461\" src=\"https:\/\/cipher-guard.com\/wp-content\/uploads\/2025\/11\/ENGAGER-UN-HACKER-PROFESSIONNEL-1024x461.webp\" class=\"attachment-large size-large wp-image-15\" alt=\"Embaucher un hacker professionnel\" srcset=\"https:\/\/cipher-guard.com\/wp-content\/uploads\/2025\/11\/ENGAGER-UN-HACKER-PROFESSIONNEL-1024x461.webp 1024w, https:\/\/cipher-guard.com\/wp-content\/uploads\/2025\/11\/ENGAGER-UN-HACKER-PROFESSIONNEL-300x135.webp 300w, https:\/\/cipher-guard.com\/wp-content\/uploads\/2025\/11\/ENGAGER-UN-HACKER-PROFESSIONNEL-768x346.webp 768w, https:\/\/cipher-guard.com\/wp-content\/uploads\/2025\/11\/ENGAGER-UN-HACKER-PROFESSIONNEL.webp 1425w\" sizes=\"(max-width: 1024px) 100vw, 1024px\" \/>\t\t\t\t\t\t\t\t\t\t\t\t\t\t\t<\/div>\n\t\t\t\t<div class=\"elementor-element elementor-element-9b03d9b elementor-widget elementor-widget-text-editor\" data-id=\"9b03d9b\" data-element_type=\"widget\" data-e-type=\"widget\" data-widget_type=\"text-editor.default\">\n\t\t\t\t\t\t\t\t\t<p><strong>Embaucher un professionnel<\/strong> et hacker exp\u00e9riment\u00e9 : les hackers \u00e9thiques jouent un r\u00f4le crucial dans le paysage mondial actuel de la cybers\u00e9curit\u00e9. Gr\u00e2ce \u00e0 leurs comp\u00e9tences techniques et \u00e0 leur connaissance approfondie des m\u00e9thodes d'attaque, ces professionnels contribuent \u00e0 renforcer les cyberd\u00e9fenses et \u00e0 att\u00e9nuer les risques li\u00e9s aux menaces num\u00e9riques. Le recrutement de hackers \u00e9thiques professionnels est non seulement une pratique prudente, mais aussi une mesure proactive pour prot\u00e9ger les actifs num\u00e9riques critiques.<\/p><p>Dans un monde de plus en plus interconnect\u00e9, la cybers\u00e9curit\u00e9 est devenue un pilier fondamental de la protection des informations et des actifs num\u00e9riques. L'embauche d'un hacker \u00e9thique est une strat\u00e9gie efficace pour identifier et att\u00e9nuer les vuln\u00e9rabilit\u00e9s des syst\u00e8mes et des r\u00e9seaux, renfor\u00e7ant ainsi les cyberd\u00e9fenses d'une organisation. En adoptant cette pratique, les entreprises d\u00e9montrent leur engagement \u00e0 prot\u00e9ger les informations confidentielles et \u00e0 pr\u00e9server l'int\u00e9grit\u00e9 de leurs op\u00e9rations dans l'environnement num\u00e9rique actuel. Embaucher un hacker professionnel<\/p><h3>Engagez un hacker professionnel pour une cybers\u00e9curit\u00e9 robuste.<\/h3><p>Dans un monde o\u00f9 la num\u00e9risation est omnipr\u00e9sente, la protection des donn\u00e9es et des syst\u00e8mes est une priorit\u00e9 absolue. Le recrutement de hackers professionnels est devenu une strat\u00e9gie essentielle pour garantir une cybers\u00e9curit\u00e9 robuste. Ces experts en cybers\u00e9curit\u00e9 et en piratage informatique aident non seulement \u00e0 identifier les vuln\u00e9rabilit\u00e9s, mais collaborent \u00e9galement \u00e0 l'\u00e9laboration de strat\u00e9gies de d\u00e9fense proactives. Ci-dessous, nous explorons en d\u00e9tail comment le recrutement de hackers professionnels peut renforcer les cyberd\u00e9fenses et prot\u00e9ger les organisations contre les menaces num\u00e9riques croissantes.<\/p><p><strong>\u00c9valuation compl\u00e8te des risques cybern\u00e9tiques<\/strong><\/p><p>En faisant appel \u00e0 un hacker professionnel, les organisations b\u00e9n\u00e9ficient d'une \u00e9valuation compl\u00e8te des cyber-risques auxquels elles sont confront\u00e9es. Ces professionnels recherchent non seulement les vuln\u00e9rabilit\u00e9s \u00e9videntes, mais effectuent \u00e9galement des tests approfondis afin d'identifier les points d'entr\u00e9e potentiels qui pourraient \u00e9chapper aux solutions de s\u00e9curit\u00e9 conventionnelles. Cette \u00e9valuation approfondie permet aux organisations de comprendre pleinement leurs faiblesses et de prendre des mesures pr\u00e9ventives pour att\u00e9nuer les cyber-menaces potentielles.<\/p><h3>Protection proactive des actifs num\u00e9riques<\/h3><p>Embaucher des hackers professionnels ne sert pas seulement \u00e0 corriger les vuln\u00e9rabilit\u00e9s, mais aussi \u00e0 renforcer de mani\u00e8re proactive la protection des actifs num\u00e9riques. Vous pouvez par exemple envisager d'embaucher un hacker WhatsApp. Ces experts collaborent avec les \u00e9quipes de s\u00e9curit\u00e9 existantes pour mettre en \u0153uvre des mesures pr\u00e9ventives et des protocoles de s\u00e9curit\u00e9 avanc\u00e9s. Ils fournissent \u00e9galement des informations pr\u00e9cieuses sur les derni\u00e8res tendances et tactiques utilis\u00e9es par les cybercriminels, ce qui permet aux organisations d'anticiper et de prendre des mesures pr\u00e9ventives avant l'apparition de nouvelles menaces.<\/p><h3>Professionnels de la cybers\u00e9curit\u00e9<\/h3><p>Les hackers \u00e9thiques ne se contentent pas d'identifier les vuln\u00e9rabilit\u00e9s ; ils jouent \u00e9galement un r\u00f4le crucial dans la formation et la sensibilisation \u00e0 la cybers\u00e9curit\u00e9. En collaborant avec les \u00e9quipes internes, ces experts contribuent \u00e0 instaurer une culture de la cybers\u00e9curit\u00e9 au sein de l'organisation. Ils dispensent des formations sp\u00e9cialis\u00e9es, fournissent des conseils pratiques et recommandent les meilleures pratiques afin que les employ\u00e9s soient conscients des cybermenaces potentielles et comprennent l'importance de respecter les protocoles de s\u00e9curit\u00e9 \u00e9tablis.<\/p><h3>Att\u00e9nuation des risques financiers et r\u00e9putationnels<\/h3><p>Les cons\u00e9quences d'une faille de cybers\u00e9curit\u00e9 peuvent \u00eatre d\u00e9vastatrices, tant sur le plan financier qu'en termes de r\u00e9putation. Faire appel \u00e0 un hacker professionnel peut aider \u00e0 att\u00e9nuer ces risques en d\u00e9tectant et en corrigeant les vuln\u00e9rabilit\u00e9s avant qu'elles ne soient exploit\u00e9es par des cybercriminels. Cette approche proactive prot\u00e8ge non seulement l'int\u00e9grit\u00e9 des donn\u00e9es et des informations confidentielles, mais aussi la r\u00e9putation de l'organisation, offrant ainsi une tranquillit\u00e9 d'esprit \u00e0 ses clients et partenaires commerciaux. Engagez un hacker professionnel<\/p><p>Dans un environnement num\u00e9rique de plus en plus complexe, le recrutement de hackers professionnels \u00e9thiques est essentiel pour garantir une cybers\u00e9curit\u00e9 robuste. Ces experts identifient et corrigent les vuln\u00e9rabilit\u00e9s, mais collaborent \u00e9galement \u00e0 la mise en \u0153uvre de strat\u00e9gies de d\u00e9fense proactives et \u00e0 la promotion d'une culture de la cybers\u00e9curit\u00e9 au sein des organisations. En embauchant des hackers professionnels, les entreprises d\u00e9montrent leur engagement \u00e0 prot\u00e9ger leurs actifs num\u00e9riques, la confidentialit\u00e9 de leurs donn\u00e9es et \u00e0 pr\u00e9server leur r\u00e9putation dans un monde interconnect\u00e9 num\u00e9riquement. <a href=\"https:\/\/cipher-guard.com\/fr\/contact-us\/\">Contactez-nous<\/a>. <a href=\"https:\/\/reseaudesecurite.com\/produit\/comment-pirater-un-snap\/\"><span style=\"color: #ffffff;\">Contact a hacker online<\/span><\/a><span style=\"color: #ffffff;\">.<\/span><\/p>\t\t\t\t\t\t\t\t<\/div>\n\t\t\t\t\t<\/div>\n\t\t\t\t<\/div>\n\t\t<div class=\"elementor-element elementor-element-8790319 e-flex e-con-boxed e-con e-parent\" data-id=\"8790319\" data-element_type=\"container\" data-e-type=\"container\">\n\t\t\t\t\t<div class=\"e-con-inner\">\n\t\t\t\t<div class=\"elementor-element elementor-element-db4465b elementor-widget elementor-widget-text-editor\" data-id=\"db4465b\" data-element_type=\"widget\" data-e-type=\"widget\" data-widget_type=\"text-editor.default\">\n\t\t\t\t\t\t\t\t\t<h2>CONTACTER UN PIRATE INFORMATIQUE SP\u00c9CIALIS\u00c9 DANS LES R\u00c9SEAUX SOCIAUX<\/h2><p>Engagez un hacker sp\u00e9cialis\u00e9 dans les r\u00e9seaux sociaux Si vous envisagez d'engager un hacker pour vos comptes sur les r\u00e9seaux sociaux, il est essentiel de comprendre les implications juridiques et \u00e9thiques que cela comporte. Nous proposons ici des services professionnels agr\u00e9\u00e9s pour la r\u00e9cup\u00e9ration de comptes et la protection de profils sur les r\u00e9seaux sociaux, toujours dans le respect de la loi. Cet article explique quand il est appropri\u00e9 d'utiliser ces services et comment identifier des prestataires fiables.<\/p><p>Il existe des situations l\u00e9gitimes o\u00f9 le recours \u00e0 un professionnel est justifi\u00e9. La plus courante est la perte d'acc\u00e8s \u00e0 vos comptes Facebook, Instagram ou Twitter. Nos experts en cybers\u00e9curit\u00e9 et en piratage \u00e9thique suivent des protocoles stricts pour v\u00e9rifier votre identit\u00e9 et s'assurer que vous \u00eates bien le propri\u00e9taire l\u00e9gitime avant d'agir. Nous aidons \u00e9galement les entreprises qui ont besoin de r\u00e9cup\u00e9rer des comptes professionnels compromis ou d'enqu\u00eater sur des violations de s\u00e9curit\u00e9 internes.<\/p><p>Un autre sc\u00e9nario pertinent est celui o\u00f9 vous soup\u00e7onnez une violation de votre vie priv\u00e9e num\u00e9rique. Nos sp\u00e9cialistes peuvent effectuer des audits afin de d\u00e9tecter tout acc\u00e8s non autoris\u00e9 \u00e0 vos profils. Il est essentiel de comprendre que ces services sont totalement diff\u00e9rents du piratage malveillant, car ils sont effectu\u00e9s avec le consentement de l'utilisateur et \u00e0 des fins de protection.<\/p><p>Le march\u00e9 regorge d'offres trompeuses promettant de pirater n'importe quel r\u00e9seau social \u00e0 bas prix. Ces services sont souvent des escroqueries con\u00e7ues pour voler votre argent ou vos informations sensibles. Parmi les risques sp\u00e9cifiques, on peut citer les escroqueries par hame\u00e7onnage, dans lesquelles les fraudeurs demandent vos identifiants de connexion sous de faux pr\u00e9textes, ou le t\u00e9l\u00e9chargement de logiciels malveillants d\u00e9guis\u00e9s en outils de piratage.<\/p><p>Dans le domaine de la cybers\u00e9curit\u00e9 et du piratage \u00e9thique, nous avons recens\u00e9 des cas o\u00f9 des victimes ont perdu tout contr\u00f4le de leurs appareils apr\u00e8s avoir tent\u00e9 d'engager des pirates informatiques sur des forums non r\u00e9glement\u00e9s. C'est pourquoi nous insistons sur la n\u00e9cessit\u00e9 de toujours v\u00e9rifier les certifications professionnelles telles que le CEH (Certified Ethical Hacker) et d'exiger des contrats qui d\u00e9finissent clairement les conditions d'utilisation. Engager un pirate informatique professionnel<\/p><h3>Notre m\u00e9thode de travail \u00e9thique lors du recrutement de hackers sp\u00e9cialis\u00e9s dans les r\u00e9seaux sociaux<\/h3><p>Lorsqu'un client nous contacte pour r\u00e9cup\u00e9rer un compte, nous entamons un processus rigoureux. Nous v\u00e9rifions d'abord les documents prouvant la propri\u00e9t\u00e9 du compte. Nous utilisons ensuite des techniques autoris\u00e9es telles que la criminalistique num\u00e9rique ou la r\u00e9cup\u00e9ration via des plateformes officielles. Nous n'utilisons jamais de logiciels malveillants, d'ing\u00e9nierie sociale ill\u00e9gale ou d'exploits non divulgu\u00e9s.<\/p><p>Pour les entreprises, nous proposons des rapports de s\u00e9curit\u00e9 d\u00e9taill\u00e9s expliquant les vuln\u00e9rabilit\u00e9s du syst\u00e8me et fournissant des recommandations pour pr\u00e9venir de futurs incidents. Toutes nos proc\u00e9dures sont conformes aux r\u00e9glementations telles que le RGPD en Europe et les lois locales sur la protection des donn\u00e9es. Cette transparence nous distingue des services clandestins op\u00e9rant sur le dark web.<\/p><p>Pour ceux qui h\u00e9sitent \u00e0 tenter eux-m\u00eames de r\u00e9cup\u00e9rer leur compte ou \u00e0 faire appel \u00e0 un hacker professionnel, il est important de prendre en compte les risques. Une tentative de r\u00e9cup\u00e9ration infructueuse peut d\u00e9clencher des blocages de s\u00e9curit\u00e9 sur les plateformes, compliquant encore davantage l'acc\u00e8s. Nos experts en cybers\u00e9curit\u00e9 et en piratage \u00e9thique connaissent parfaitement les protocoles utilis\u00e9s par Facebook, Instagram et Twitter dans ces situations, ce qui augmente consid\u00e9rablement vos chances de r\u00e9ussite sans compromettre votre compte.<\/p><p>De nombreux utilisateurs ignorent que les principales plateformes de r\u00e9seaux sociaux proposent des canaux officiels pour signaler les comptes pirat\u00e9s. Cependant, ces processus sont souvent lents (ils peuvent prendre des semaines) et ne sont pas toujours efficaces. Lorsque le temps est compt\u00e9, comme dans les cas d'usurpation d'identit\u00e9 ou d'extorsion, nos services \u00e9thiques offrent une alternative plus rapide et plus personnalis\u00e9e, toujours dans le respect des conditions d'utilisation de chaque plateforme.<\/p><h3>Hackers professionnels et exp\u00e9riment\u00e9s<\/h3><p>L'un des aspects qui distingue notre plateforme des autres fournisseurs est son approche p\u00e9dagogique. Nous ne nous contentons pas de r\u00e9soudre les probl\u00e8mes imm\u00e9diats, nous formons \u00e9galement nos clients aux meilleures pratiques en mati\u00e8re de s\u00e9curit\u00e9 num\u00e9rique. Cela comprend la mise en \u0153uvre de l'authentification \u00e0 deux facteurs, la d\u00e9tection des tentatives d'hame\u00e7onnage et la cr\u00e9ation de mots de passe forts, r\u00e9duisant ainsi le risque d'incidents de s\u00e9curit\u00e9 futurs sur leurs plateformes de r\u00e9seaux sociaux.<\/p><p>Les entreprises pr\u00e9sentes sur les r\u00e9seaux sociaux sont confront\u00e9es \u00e0 des risques sp\u00e9cifiques, tels que des employ\u00e9s m\u00e9contents qui acc\u00e8dent \u00e0 leurs comptes ou d'anciens partenaires qui tentent de nuire \u00e0 leur image de marque. Nos services comprennent des \u00e9valuations de vuln\u00e9rabilit\u00e9 sp\u00e9cifiques \u00e0 leurs processus de gestion des r\u00e9seaux sociaux, des audits de comptes privil\u00e9gi\u00e9s et des plans d'intervention en cas d'incident, le tout document\u00e9 afin de se conformer \u00e0 la r\u00e9glementation.<\/p><p>Enfin, il est essentiel de souligner que l'utilisation des pirates informatiques des r\u00e9seaux sociaux \u00e0 des fins malveillantes (telles que l'espionnage de partenaires ou de concurrents) est non seulement ill\u00e9gale, mais peut \u00e9galement entra\u00eener de lourdes sanctions p\u00e9nales. Sur notre site web, nous rejetons cat\u00e9goriquement ce type de demandes et encourageons une utilisation responsable de la technologie. Nos services sont con\u00e7us pour prot\u00e9ger la confidentialit\u00e9 et la s\u00e9curit\u00e9 num\u00e9riques, et non pour les compromettre. <a href=\"https:\/\/cipher-guard.com\/fr\/contact-us\/\">Contactez-nous<\/a><\/p>\t\t\t\t\t\t\t\t<\/div>\n\t\t\t\t\t<\/div>\n\t\t\t\t<\/div>\n\t\t\t\t<\/div>","protected":false},"excerpt":{"rendered":"<p>Engager un hacker professionnel et exp\u00e9riment\u00e9 Les hackers \u00e9thiques jouent un r\u00f4le crucial dans le paysage actuel de la cybers\u00e9curit\u00e9  dans le monde. <\/p>","protected":false},"author":1,"featured_media":15,"parent":0,"menu_order":0,"comment_status":"closed","ping_status":"closed","template":"","meta":{"om_disable_all_campaigns":false,"_kad_post_transparent":"","_kad_post_title":"","_kad_post_layout":"","_kad_post_sidebar_id":"","_kad_post_content_style":"","_kad_post_vertical_padding":"","_kad_post_feature":"","_kad_post_feature_position":"","_kad_post_header":false,"_kad_post_footer":false,"_kad_post_classname":"","_joinchat":[],"footnotes":""},"class_list":["post-7","page","type-page","status-publish","has-post-thumbnail","hentry"],"yoast_head":"<!-- This site is optimized with the Yoast SEO plugin v27.2 - https:\/\/yoast.com\/product\/yoast-seo-wordpress\/ -->\n<title>Hire a Professional Hacker - Cipher Guard<\/title>\n<meta name=\"robots\" content=\"index, follow, max-snippet:-1, max-image-preview:large, max-video-preview:-1\" \/>\n<link rel=\"canonical\" href=\"https:\/\/cipher-guard.com\/fr\/hire-a-professional-hacker\/\" \/>\n<meta property=\"og:locale\" content=\"fr_FR\" \/>\n<meta property=\"og:type\" content=\"article\" \/>\n<meta property=\"og:title\" content=\"Hire a Professional Hacker - Cipher Guard\" \/>\n<meta property=\"og:description\" content=\"Engager un hacker professionnel et exp\u00e9riment\u00e9 Les hackers \u00e9thiques jouent un r\u00f4le crucial dans le paysage actuel de la cybers\u00e9curit\u00e9 dans le monde.\" \/>\n<meta property=\"og:url\" content=\"https:\/\/cipher-guard.com\/fr\/hire-a-professional-hacker\/\" \/>\n<meta property=\"og:site_name\" content=\"Cipher Guard\" \/>\n<meta property=\"article:modified_time\" content=\"2026-01-21T11:28:53+00:00\" \/>\n<meta property=\"og:image\" content=\"https:\/\/cipher-guard.com\/wp-content\/uploads\/2025\/11\/ENGAGER-UN-HACKER-PROFESSIONNEL.webp\" \/>\n\t<meta property=\"og:image:width\" content=\"1425\" \/>\n\t<meta property=\"og:image:height\" content=\"642\" \/>\n\t<meta property=\"og:image:type\" content=\"image\/webp\" \/>\n<meta name=\"twitter:card\" content=\"summary_large_image\" \/>\n<meta name=\"twitter:label1\" content=\"Dur\u00e9e de lecture estim\u00e9e\" \/>\n\t<meta name=\"twitter:data1\" content=\"6 minutes\" \/>\n<script type=\"application\/ld+json\" class=\"yoast-schema-graph\">{\"@context\":\"https:\/\/schema.org\",\"@graph\":[{\"@type\":\"WebPage\",\"@id\":\"https:\/\/cipher-guard.com\/hire-a-professional-hacker\/\",\"url\":\"https:\/\/cipher-guard.com\/hire-a-professional-hacker\/\",\"name\":\"Hire a Professional Hacker - Cipher Guard\",\"isPartOf\":{\"@id\":\"https:\/\/cipher-guard.com\/#website\"},\"primaryImageOfPage\":{\"@id\":\"https:\/\/cipher-guard.com\/hire-a-professional-hacker\/#primaryimage\"},\"image\":{\"@id\":\"https:\/\/cipher-guard.com\/hire-a-professional-hacker\/#primaryimage\"},\"thumbnailUrl\":\"https:\/\/cipher-guard.com\/wp-content\/uploads\/2025\/11\/ENGAGER-UN-HACKER-PROFESSIONNEL.webp\",\"datePublished\":\"2025-11-11T06:19:38+00:00\",\"dateModified\":\"2026-01-21T11:28:53+00:00\",\"breadcrumb\":{\"@id\":\"https:\/\/cipher-guard.com\/hire-a-professional-hacker\/#breadcrumb\"},\"inLanguage\":\"fr-FR\",\"potentialAction\":[{\"@type\":\"ReadAction\",\"target\":[\"https:\/\/cipher-guard.com\/hire-a-professional-hacker\/\"]}]},{\"@type\":\"ImageObject\",\"inLanguage\":\"fr-FR\",\"@id\":\"https:\/\/cipher-guard.com\/hire-a-professional-hacker\/#primaryimage\",\"url\":\"https:\/\/cipher-guard.com\/wp-content\/uploads\/2025\/11\/ENGAGER-UN-HACKER-PROFESSIONNEL.webp\",\"contentUrl\":\"https:\/\/cipher-guard.com\/wp-content\/uploads\/2025\/11\/ENGAGER-UN-HACKER-PROFESSIONNEL.webp\",\"width\":1425,\"height\":642,\"caption\":\"Hire a Professional Hacker\"},{\"@type\":\"BreadcrumbList\",\"@id\":\"https:\/\/cipher-guard.com\/hire-a-professional-hacker\/#breadcrumb\",\"itemListElement\":[{\"@type\":\"ListItem\",\"position\":1,\"name\":\"Accueil\",\"item\":\"https:\/\/cipher-guard.com\/\"},{\"@type\":\"ListItem\",\"position\":2,\"name\":\"Hire a Professional Hacker\"}]},{\"@type\":\"WebSite\",\"@id\":\"https:\/\/cipher-guard.com\/#website\",\"url\":\"https:\/\/cipher-guard.com\/\",\"name\":\"Cipher Guard\",\"description\":\"Best website to meet hackers to help you solve your security problems\",\"publisher\":{\"@id\":\"https:\/\/cipher-guard.com\/#organization\"},\"potentialAction\":[{\"@type\":\"SearchAction\",\"target\":{\"@type\":\"EntryPoint\",\"urlTemplate\":\"https:\/\/cipher-guard.com\/?s={search_term_string}\"},\"query-input\":{\"@type\":\"PropertyValueSpecification\",\"valueRequired\":true,\"valueName\":\"search_term_string\"}}],\"inLanguage\":\"fr-FR\"},{\"@type\":\"Organization\",\"@id\":\"https:\/\/cipher-guard.com\/#organization\",\"name\":\"Cipher Guard\",\"url\":\"https:\/\/cipher-guard.com\/\",\"logo\":{\"@type\":\"ImageObject\",\"inLanguage\":\"fr-FR\",\"@id\":\"https:\/\/cipher-guard.com\/#\/schema\/logo\/image\/\",\"url\":\"https:\/\/cipher-guard.com\/wp-content\/uploads\/2026\/01\/cipher-guard-logo.png\",\"contentUrl\":\"https:\/\/cipher-guard.com\/wp-content\/uploads\/2026\/01\/cipher-guard-logo.png\",\"width\":360,\"height\":360,\"caption\":\"Cipher Guard\"},\"image\":{\"@id\":\"https:\/\/cipher-guard.com\/#\/schema\/logo\/image\/\"}}]}<\/script>\n<!-- \/ Yoast SEO plugin. -->","yoast_head_json":{"title":"Hire a Professional Hacker - Cipher Guard","robots":{"index":"index","follow":"follow","max-snippet":"max-snippet:-1","max-image-preview":"max-image-preview:large","max-video-preview":"max-video-preview:-1"},"canonical":"https:\/\/cipher-guard.com\/fr\/hire-a-professional-hacker\/","og_locale":"fr_FR","og_type":"article","og_title":"Hire a Professional Hacker - Cipher Guard","og_description":"Engager un hacker professionnel et exp\u00e9riment\u00e9 Les hackers \u00e9thiques jouent un r\u00f4le crucial dans le paysage actuel de la cybers\u00e9curit\u00e9 dans le monde.","og_url":"https:\/\/cipher-guard.com\/fr\/hire-a-professional-hacker\/","og_site_name":"Cipher Guard","article_modified_time":"2026-01-21T11:28:53+00:00","og_image":[{"width":1425,"height":642,"url":"https:\/\/cipher-guard.com\/wp-content\/uploads\/2025\/11\/ENGAGER-UN-HACKER-PROFESSIONNEL.webp","type":"image\/webp"}],"twitter_card":"summary_large_image","twitter_misc":{"Dur\u00e9e de lecture estim\u00e9e":"6 minutes"},"schema":{"@context":"https:\/\/schema.org","@graph":[{"@type":"WebPage","@id":"https:\/\/cipher-guard.com\/hire-a-professional-hacker\/","url":"https:\/\/cipher-guard.com\/hire-a-professional-hacker\/","name":"Hire a Professional Hacker - Cipher Guard","isPartOf":{"@id":"https:\/\/cipher-guard.com\/#website"},"primaryImageOfPage":{"@id":"https:\/\/cipher-guard.com\/hire-a-professional-hacker\/#primaryimage"},"image":{"@id":"https:\/\/cipher-guard.com\/hire-a-professional-hacker\/#primaryimage"},"thumbnailUrl":"https:\/\/cipher-guard.com\/wp-content\/uploads\/2025\/11\/ENGAGER-UN-HACKER-PROFESSIONNEL.webp","datePublished":"2025-11-11T06:19:38+00:00","dateModified":"2026-01-21T11:28:53+00:00","breadcrumb":{"@id":"https:\/\/cipher-guard.com\/hire-a-professional-hacker\/#breadcrumb"},"inLanguage":"fr-FR","potentialAction":[{"@type":"ReadAction","target":["https:\/\/cipher-guard.com\/hire-a-professional-hacker\/"]}]},{"@type":"ImageObject","inLanguage":"fr-FR","@id":"https:\/\/cipher-guard.com\/hire-a-professional-hacker\/#primaryimage","url":"https:\/\/cipher-guard.com\/wp-content\/uploads\/2025\/11\/ENGAGER-UN-HACKER-PROFESSIONNEL.webp","contentUrl":"https:\/\/cipher-guard.com\/wp-content\/uploads\/2025\/11\/ENGAGER-UN-HACKER-PROFESSIONNEL.webp","width":1425,"height":642,"caption":"Hire a Professional Hacker"},{"@type":"BreadcrumbList","@id":"https:\/\/cipher-guard.com\/hire-a-professional-hacker\/#breadcrumb","itemListElement":[{"@type":"ListItem","position":1,"name":"Accueil","item":"https:\/\/cipher-guard.com\/"},{"@type":"ListItem","position":2,"name":"Hire a Professional Hacker"}]},{"@type":"WebSite","@id":"https:\/\/cipher-guard.com\/#website","url":"https:\/\/cipher-guard.com\/","name":"Cipher Guard","description":"Best website to meet hackers to help you solve your security problems","publisher":{"@id":"https:\/\/cipher-guard.com\/#organization"},"potentialAction":[{"@type":"SearchAction","target":{"@type":"EntryPoint","urlTemplate":"https:\/\/cipher-guard.com\/?s={search_term_string}"},"query-input":{"@type":"PropertyValueSpecification","valueRequired":true,"valueName":"search_term_string"}}],"inLanguage":"fr-FR"},{"@type":"Organization","@id":"https:\/\/cipher-guard.com\/#organization","name":"Cipher Guard","url":"https:\/\/cipher-guard.com\/","logo":{"@type":"ImageObject","inLanguage":"fr-FR","@id":"https:\/\/cipher-guard.com\/#\/schema\/logo\/image\/","url":"https:\/\/cipher-guard.com\/wp-content\/uploads\/2026\/01\/cipher-guard-logo.png","contentUrl":"https:\/\/cipher-guard.com\/wp-content\/uploads\/2026\/01\/cipher-guard-logo.png","width":360,"height":360,"caption":"Cipher Guard"},"image":{"@id":"https:\/\/cipher-guard.com\/#\/schema\/logo\/image\/"}}]}},"_links":{"self":[{"href":"https:\/\/cipher-guard.com\/fr\/wp-json\/wp\/v2\/pages\/7","targetHints":{"allow":["GET"]}}],"collection":[{"href":"https:\/\/cipher-guard.com\/fr\/wp-json\/wp\/v2\/pages"}],"about":[{"href":"https:\/\/cipher-guard.com\/fr\/wp-json\/wp\/v2\/types\/page"}],"author":[{"embeddable":true,"href":"https:\/\/cipher-guard.com\/fr\/wp-json\/wp\/v2\/users\/1"}],"replies":[{"embeddable":true,"href":"https:\/\/cipher-guard.com\/fr\/wp-json\/wp\/v2\/comments?post=7"}],"version-history":[{"count":15,"href":"https:\/\/cipher-guard.com\/fr\/wp-json\/wp\/v2\/pages\/7\/revisions"}],"predecessor-version":[{"id":303,"href":"https:\/\/cipher-guard.com\/fr\/wp-json\/wp\/v2\/pages\/7\/revisions\/303"}],"wp:featuredmedia":[{"embeddable":true,"href":"https:\/\/cipher-guard.com\/fr\/wp-json\/wp\/v2\/media\/15"}],"wp:attachment":[{"href":"https:\/\/cipher-guard.com\/fr\/wp-json\/wp\/v2\/media?parent=7"}],"curies":[{"name":"wp","href":"https:\/\/api.w.org\/{rel}","templated":true}]}}