{"id":3,"date":"2025-10-20T12:56:56","date_gmt":"2025-10-20T12:56:56","guid":{"rendered":"https:\/\/cipher-guard.com\/?page_id=3"},"modified":"2026-01-21T11:25:38","modified_gmt":"2026-01-21T11:25:38","slug":"hire-a-cheap-hacker","status":"publish","type":"page","link":"https:\/\/cipher-guard.com\/it\/hire-a-cheap-hacker\/","title":{"rendered":"Assumi un hacker economico"},"content":{"rendered":"<div data-elementor-type=\"wp-page\" data-elementor-id=\"3\" class=\"elementor elementor-3\" data-elementor-post-type=\"page\">\n\t\t\t\t<div class=\"elementor-element elementor-element-17dd930 e-flex e-con-boxed e-con e-parent\" data-id=\"17dd930\" data-element_type=\"container\" data-e-type=\"container\">\n\t\t\t\t\t<div class=\"e-con-inner\">\n\t\t\t\t<div class=\"elementor-element elementor-element-68f941e elementor-widget elementor-widget-image\" data-id=\"68f941e\" data-element_type=\"widget\" data-e-type=\"widget\" data-widget_type=\"image.default\">\n\t\t\t\t\t\t\t\t\t\t\t\t\t\t\t<img fetchpriority=\"high\" decoding=\"async\" width=\"1024\" height=\"647\" src=\"https:\/\/cipher-guard.com\/wp-content\/uploads\/2025\/11\/Engagez-un-hacker-pas-cher-1024x647.jpg\" class=\"attachment-large size-large wp-image-36\" alt=\"Assumi un hacker economico\" srcset=\"https:\/\/cipher-guard.com\/wp-content\/uploads\/2025\/11\/Engagez-un-hacker-pas-cher-1024x647.jpg 1024w, https:\/\/cipher-guard.com\/wp-content\/uploads\/2025\/11\/Engagez-un-hacker-pas-cher-300x190.jpg 300w, https:\/\/cipher-guard.com\/wp-content\/uploads\/2025\/11\/Engagez-un-hacker-pas-cher-768x485.jpg 768w, https:\/\/cipher-guard.com\/wp-content\/uploads\/2025\/11\/Engagez-un-hacker-pas-cher-1536x971.jpg 1536w, https:\/\/cipher-guard.com\/wp-content\/uploads\/2025\/11\/Engagez-un-hacker-pas-cher.jpg 1600w\" sizes=\"(max-width: 1024px) 100vw, 1024px\" \/>\t\t\t\t\t\t\t\t\t\t\t\t\t\t\t<\/div>\n\t\t\t\t<div class=\"elementor-element elementor-element-00dd95f elementor-widget elementor-widget-text-editor\" data-id=\"00dd95f\" data-element_type=\"widget\" data-e-type=\"widget\" data-widget_type=\"text-editor.default\">\n\t\t\t\t\t\t\t\t\t<p>Assumere un hacker a prezzi accessibili nel mondo digitale odierno pu\u00f2 essere una soluzione per risolvere problemi di sicurezza, recuperare account persi o condurre valutazioni di vulnerabilit\u00e0. Tuttavia, \u00e8 fondamentale scegliere un servizio affidabile ed etico come il nostro, in cui garantiamo professionalit\u00e0 ed efficienza senza compromettere la tua privacy. <a href=\"https:\/\/cipher-guard.com\/it\/contact-us\/\">Contattaci<\/a><\/p><h3>Perch\u00e9 assumere un hacker professionista?<\/h3><p>Molte persone assumono hacker per vari motivi, che vanno dal ripristino dell'accesso agli account dei social media alla protezione dei sistemi aziendali. Un hacker certificato \u00e8 in grado di identificare le vulnerabilit\u00e0 di sicurezza prima che vengano sfruttate dai criminali informatici. Offriamo servizi legali e trasparenti per proteggere le vostre informazioni.<\/p><h3>Servizi che offriamo nel campo della sicurezza informatica e dell'hacking etico<\/h3><p>La nostra azienda \u00e8 specializzata in ethical hacking, penetration testing e recupero account. Aderiamo a rigidi protocolli legali per prevenire qualsiasi attivit\u00e0 illegale. Ecco alcuni dei nostri servizi:<\/p><p><strong>Recupero di account hackerati<\/strong> (Facebook, Instagram, e-mail).<\/p><p><strong>Test di penetrazione per le aziende.<\/strong><br \/>Rilevamento delle vulnerabilit\u00e0 nei sistemi informatici.<br \/>Consulenza in materia di sicurezza informatica per proteggere i dati sensibili.<br \/>Se hai bisogno di un servizio affidabile, evita le truffe e scegli professionisti esperti. Assumi un hacker a prezzi accessibili.<\/p><p><strong>Vantaggi dell'utilizzo di un hacker economico<\/strong><br \/>Scegliere servizi convenienti non significa rinunciare alla qualit\u00e0. Sulla nostra piattaforma offriamo prezzi accessibili e standard di sicurezza elevati. Ecco alcuni vantaggi di lavorare con noi:<\/p><p><strong>Riservatezza assoluta:<\/strong> I tuoi dati saranno sempre protetti.<br \/>Risultati garantiti: soluzioni efficaci in breve tempo.<br \/>Assistenza 24 ore su 24, 7 giorni su 7: assistenza immediata in caso di emergenza. Non mettete a rischio le vostre informazioni con servizi poco affidabili. Rivolgetevi a esperti che rispettano gli standard legali.<\/p><p><strong>Quando si cerca di assumere un hacker a basso costo<\/strong>, \u00e8 fondamentale verificare la reputazione del fornitore. Abbiamo testimonianze autentiche e storie di successo che dimostrano la nostra professionalit\u00e0. Evitate i servizi che promettono risultati miracolosi o richiedono pagamenti anticipati senza garanzie. Un hacker etico rispettabile opera sempre nel rispetto del quadro giuridico e in base a rigorosi accordi di riservatezza.<\/p><p><strong>Differenze tra un hacker etico e un criminale informatico<\/strong><br \/>Molti confondono questi due termini, ma un hacker etico si concentra sulla protezione dei sistemi, non sul loro hacking. Sul nostro sito web seguiamo protocolli rigorosi per garantire la legalit\u00e0 delle nostre azioni e i vantaggi che ne derivano per i nostri clienti. Mentre i criminali informatici cercano di rubare informazioni, noi contribuiamo a prevenire questi attacchi attraverso test di sicurezza e consulenze professionali.<\/p><p>I nostri clienti ci contattano spesso per situazioni quali la perdita dell'accesso agli account, sospetti di spionaggio industriale o la necessit\u00e0 di rafforzare la loro sicurezza digitale. Se vi trovate ad affrontare una di queste problematiche, Cybersecurity and Ethical Hacking pu\u00f2 fornirvi una soluzione rapida, sicura e conforme alla legge.<\/p><p>Spesso si crede erroneamente che i servizi economici siano di scarsa qualit\u00e0. Tuttavia, nel nostro caso, offriamo prezzi competitivi grazie a metodologie efficaci e alla nostra vasta esperienza sul campo. Ci\u00f2 che conta non \u00e8 il prezzo, ma la trasparenza, le certificazioni e i risultati ottenuti dal fornitore del servizio. Assumere un hacker economico<\/p><p>Se desideri assumere un hacker a un costo inferiore, assicurati che sia un professionista etico e certificato. Qui offriamo soluzioni legali, veloci e convenienti per proteggere le tue informazioni. <a href=\"https:\/\/cipher-guard.com\/it\/contact-us\/\">Contattaci<\/a> oggi stesso e ottieni l'aiuto di cui hai bisogno, senza alcun rischio! <a href=\"https:\/\/reseaudesecurite.com\" target=\"_blank\" rel=\"noopener\"><span style=\"color: #ffffff;\">certified professional<\/span><\/a><\/p>\t\t\t\t\t\t\t\t<\/div>\n\t\t\t\t\t<\/div>\n\t\t\t\t<\/div>\n\t\t\t\t<\/div>","protected":false},"excerpt":{"rendered":"<p>Hiring an affordable hacker in today&#8217;s digital world can be a solution for resolving security issues, recovering lost accounts, or conducting vulnerability assessments. However, it&#8217;s crucial to choose a reliable and ethical service like ours, where we guarantee professionalism and efficiency without compromising your privacy. Contact Us Why hire a professional hacker? Many people hire&#8230;<\/p>","protected":false},"author":1,"featured_media":0,"parent":0,"menu_order":0,"comment_status":"closed","ping_status":"closed","template":"","meta":{"om_disable_all_campaigns":false,"_kad_post_transparent":"","_kad_post_title":"","_kad_post_layout":"","_kad_post_sidebar_id":"","_kad_post_content_style":"","_kad_post_vertical_padding":"","_kad_post_feature":"","_kad_post_feature_position":"","_kad_post_header":false,"_kad_post_footer":false,"_kad_post_classname":"","_joinchat":[],"footnotes":""},"class_list":["post-3","page","type-page","status-publish","hentry"],"yoast_head":"<!-- This site is optimized with the Yoast SEO plugin v27.2 - https:\/\/yoast.com\/product\/yoast-seo-wordpress\/ -->\n<title>Hire a cheap hacker - Cipher Guard<\/title>\n<meta name=\"robots\" content=\"index, follow, max-snippet:-1, max-image-preview:large, max-video-preview:-1\" \/>\n<link rel=\"canonical\" href=\"https:\/\/cipher-guard.com\/it\/hire-a-cheap-hacker\/\" \/>\n<meta property=\"og:locale\" content=\"it_IT\" \/>\n<meta property=\"og:type\" content=\"article\" \/>\n<meta property=\"og:title\" content=\"Hire a cheap hacker - Cipher Guard\" \/>\n<meta property=\"og:description\" content=\"Hiring an affordable hacker in today&#8217;s digital world can be a solution for resolving security issues, recovering lost accounts, or conducting vulnerability assessments. However, it&#8217;s crucial to choose a reliable and ethical service like ours, where we guarantee professionalism and efficiency without compromising your privacy. Contact Us Why hire a professional hacker? Many people hire...\" \/>\n<meta property=\"og:url\" content=\"https:\/\/cipher-guard.com\/it\/hire-a-cheap-hacker\/\" \/>\n<meta property=\"og:site_name\" content=\"Cipher Guard\" \/>\n<meta property=\"article:modified_time\" content=\"2026-01-21T11:25:38+00:00\" \/>\n<meta property=\"og:image\" content=\"https:\/\/cipher-guard.com\/wp-content\/uploads\/2025\/11\/Engagez-un-hacker-pas-cher.jpg\" \/>\n\t<meta property=\"og:image:width\" content=\"1600\" \/>\n\t<meta property=\"og:image:height\" content=\"1011\" \/>\n\t<meta property=\"og:image:type\" content=\"image\/jpeg\" \/>\n<meta name=\"twitter:card\" content=\"summary_large_image\" \/>\n<meta name=\"twitter:label1\" content=\"Tempo di lettura stimato\" \/>\n\t<meta name=\"twitter:data1\" content=\"3 minuti\" \/>\n<script type=\"application\/ld+json\" class=\"yoast-schema-graph\">{\"@context\":\"https:\/\/schema.org\",\"@graph\":[{\"@type\":\"WebPage\",\"@id\":\"https:\/\/cipher-guard.com\/hire-a-cheap-hacker\/\",\"url\":\"https:\/\/cipher-guard.com\/hire-a-cheap-hacker\/\",\"name\":\"Hire a cheap hacker - Cipher Guard\",\"isPartOf\":{\"@id\":\"https:\/\/cipher-guard.com\/#website\"},\"primaryImageOfPage\":{\"@id\":\"https:\/\/cipher-guard.com\/hire-a-cheap-hacker\/#primaryimage\"},\"image\":{\"@id\":\"https:\/\/cipher-guard.com\/hire-a-cheap-hacker\/#primaryimage\"},\"thumbnailUrl\":\"https:\/\/cipher-guard.com\/wp-content\/uploads\/2025\/11\/Engagez-un-hacker-pas-cher-1024x647.jpg\",\"datePublished\":\"2025-10-20T12:56:56+00:00\",\"dateModified\":\"2026-01-21T11:25:38+00:00\",\"breadcrumb\":{\"@id\":\"https:\/\/cipher-guard.com\/hire-a-cheap-hacker\/#breadcrumb\"},\"inLanguage\":\"it-IT\",\"potentialAction\":[{\"@type\":\"ReadAction\",\"target\":[\"https:\/\/cipher-guard.com\/hire-a-cheap-hacker\/\"]}]},{\"@type\":\"ImageObject\",\"inLanguage\":\"it-IT\",\"@id\":\"https:\/\/cipher-guard.com\/hire-a-cheap-hacker\/#primaryimage\",\"url\":\"https:\/\/cipher-guard.com\/wp-content\/uploads\/2025\/11\/Engagez-un-hacker-pas-cher-1024x647.jpg\",\"contentUrl\":\"https:\/\/cipher-guard.com\/wp-content\/uploads\/2025\/11\/Engagez-un-hacker-pas-cher-1024x647.jpg\"},{\"@type\":\"BreadcrumbList\",\"@id\":\"https:\/\/cipher-guard.com\/hire-a-cheap-hacker\/#breadcrumb\",\"itemListElement\":[{\"@type\":\"ListItem\",\"position\":1,\"name\":\"Accueil\",\"item\":\"https:\/\/cipher-guard.com\/\"},{\"@type\":\"ListItem\",\"position\":2,\"name\":\"Hire a cheap hacker\"}]},{\"@type\":\"WebSite\",\"@id\":\"https:\/\/cipher-guard.com\/#website\",\"url\":\"https:\/\/cipher-guard.com\/\",\"name\":\"Cipher Guard\",\"description\":\"Best website to meet hackers to help you solve your security problems\",\"publisher\":{\"@id\":\"https:\/\/cipher-guard.com\/#organization\"},\"potentialAction\":[{\"@type\":\"SearchAction\",\"target\":{\"@type\":\"EntryPoint\",\"urlTemplate\":\"https:\/\/cipher-guard.com\/?s={search_term_string}\"},\"query-input\":{\"@type\":\"PropertyValueSpecification\",\"valueRequired\":true,\"valueName\":\"search_term_string\"}}],\"inLanguage\":\"it-IT\"},{\"@type\":\"Organization\",\"@id\":\"https:\/\/cipher-guard.com\/#organization\",\"name\":\"Cipher Guard\",\"url\":\"https:\/\/cipher-guard.com\/\",\"logo\":{\"@type\":\"ImageObject\",\"inLanguage\":\"it-IT\",\"@id\":\"https:\/\/cipher-guard.com\/#\/schema\/logo\/image\/\",\"url\":\"https:\/\/cipher-guard.com\/wp-content\/uploads\/2026\/01\/cipher-guard-logo.png\",\"contentUrl\":\"https:\/\/cipher-guard.com\/wp-content\/uploads\/2026\/01\/cipher-guard-logo.png\",\"width\":360,\"height\":360,\"caption\":\"Cipher Guard\"},\"image\":{\"@id\":\"https:\/\/cipher-guard.com\/#\/schema\/logo\/image\/\"}}]}<\/script>\n<!-- \/ Yoast SEO plugin. -->","yoast_head_json":{"title":"Hire a cheap hacker - Cipher Guard","robots":{"index":"index","follow":"follow","max-snippet":"max-snippet:-1","max-image-preview":"max-image-preview:large","max-video-preview":"max-video-preview:-1"},"canonical":"https:\/\/cipher-guard.com\/it\/hire-a-cheap-hacker\/","og_locale":"it_IT","og_type":"article","og_title":"Hire a cheap hacker - Cipher Guard","og_description":"Hiring an affordable hacker in today&#8217;s digital world can be a solution for resolving security issues, recovering lost accounts, or conducting vulnerability assessments. However, it&#8217;s crucial to choose a reliable and ethical service like ours, where we guarantee professionalism and efficiency without compromising your privacy. Contact Us Why hire a professional hacker? Many people hire...","og_url":"https:\/\/cipher-guard.com\/it\/hire-a-cheap-hacker\/","og_site_name":"Cipher Guard","article_modified_time":"2026-01-21T11:25:38+00:00","og_image":[{"width":1600,"height":1011,"url":"https:\/\/cipher-guard.com\/wp-content\/uploads\/2025\/11\/Engagez-un-hacker-pas-cher.jpg","type":"image\/jpeg"}],"twitter_card":"summary_large_image","twitter_misc":{"Tempo di lettura stimato":"3 minuti"},"schema":{"@context":"https:\/\/schema.org","@graph":[{"@type":"WebPage","@id":"https:\/\/cipher-guard.com\/hire-a-cheap-hacker\/","url":"https:\/\/cipher-guard.com\/hire-a-cheap-hacker\/","name":"Hire a cheap hacker - Cipher Guard","isPartOf":{"@id":"https:\/\/cipher-guard.com\/#website"},"primaryImageOfPage":{"@id":"https:\/\/cipher-guard.com\/hire-a-cheap-hacker\/#primaryimage"},"image":{"@id":"https:\/\/cipher-guard.com\/hire-a-cheap-hacker\/#primaryimage"},"thumbnailUrl":"https:\/\/cipher-guard.com\/wp-content\/uploads\/2025\/11\/Engagez-un-hacker-pas-cher-1024x647.jpg","datePublished":"2025-10-20T12:56:56+00:00","dateModified":"2026-01-21T11:25:38+00:00","breadcrumb":{"@id":"https:\/\/cipher-guard.com\/hire-a-cheap-hacker\/#breadcrumb"},"inLanguage":"it-IT","potentialAction":[{"@type":"ReadAction","target":["https:\/\/cipher-guard.com\/hire-a-cheap-hacker\/"]}]},{"@type":"ImageObject","inLanguage":"it-IT","@id":"https:\/\/cipher-guard.com\/hire-a-cheap-hacker\/#primaryimage","url":"https:\/\/cipher-guard.com\/wp-content\/uploads\/2025\/11\/Engagez-un-hacker-pas-cher-1024x647.jpg","contentUrl":"https:\/\/cipher-guard.com\/wp-content\/uploads\/2025\/11\/Engagez-un-hacker-pas-cher-1024x647.jpg"},{"@type":"BreadcrumbList","@id":"https:\/\/cipher-guard.com\/hire-a-cheap-hacker\/#breadcrumb","itemListElement":[{"@type":"ListItem","position":1,"name":"Accueil","item":"https:\/\/cipher-guard.com\/"},{"@type":"ListItem","position":2,"name":"Hire a cheap hacker"}]},{"@type":"WebSite","@id":"https:\/\/cipher-guard.com\/#website","url":"https:\/\/cipher-guard.com\/","name":"Cipher Guard","description":"Best website to meet hackers to help you solve your security problems","publisher":{"@id":"https:\/\/cipher-guard.com\/#organization"},"potentialAction":[{"@type":"SearchAction","target":{"@type":"EntryPoint","urlTemplate":"https:\/\/cipher-guard.com\/?s={search_term_string}"},"query-input":{"@type":"PropertyValueSpecification","valueRequired":true,"valueName":"search_term_string"}}],"inLanguage":"it-IT"},{"@type":"Organization","@id":"https:\/\/cipher-guard.com\/#organization","name":"Cipher Guard","url":"https:\/\/cipher-guard.com\/","logo":{"@type":"ImageObject","inLanguage":"it-IT","@id":"https:\/\/cipher-guard.com\/#\/schema\/logo\/image\/","url":"https:\/\/cipher-guard.com\/wp-content\/uploads\/2026\/01\/cipher-guard-logo.png","contentUrl":"https:\/\/cipher-guard.com\/wp-content\/uploads\/2026\/01\/cipher-guard-logo.png","width":360,"height":360,"caption":"Cipher Guard"},"image":{"@id":"https:\/\/cipher-guard.com\/#\/schema\/logo\/image\/"}}]}},"_links":{"self":[{"href":"https:\/\/cipher-guard.com\/it\/wp-json\/wp\/v2\/pages\/3","targetHints":{"allow":["GET"]}}],"collection":[{"href":"https:\/\/cipher-guard.com\/it\/wp-json\/wp\/v2\/pages"}],"about":[{"href":"https:\/\/cipher-guard.com\/it\/wp-json\/wp\/v2\/types\/page"}],"author":[{"embeddable":true,"href":"https:\/\/cipher-guard.com\/it\/wp-json\/wp\/v2\/users\/1"}],"replies":[{"embeddable":true,"href":"https:\/\/cipher-guard.com\/it\/wp-json\/wp\/v2\/comments?post=3"}],"version-history":[{"count":12,"href":"https:\/\/cipher-guard.com\/it\/wp-json\/wp\/v2\/pages\/3\/revisions"}],"predecessor-version":[{"id":297,"href":"https:\/\/cipher-guard.com\/it\/wp-json\/wp\/v2\/pages\/3\/revisions\/297"}],"wp:attachment":[{"href":"https:\/\/cipher-guard.com\/it\/wp-json\/wp\/v2\/media?parent=3"}],"curies":[{"name":"wp","href":"https:\/\/api.w.org\/{rel}","templated":true}]}}