{"id":3,"date":"2025-10-20T12:56:56","date_gmt":"2025-10-20T12:56:56","guid":{"rendered":"https:\/\/cipher-guard.com\/?page_id=3"},"modified":"2026-01-21T11:25:38","modified_gmt":"2026-01-21T11:25:38","slug":"hire-a-cheap-hacker","status":"publish","type":"page","link":"https:\/\/cipher-guard.com\/pl\/hire-a-cheap-hacker\/","title":{"rendered":"Zatrudnij taniego hakera"},"content":{"rendered":"<div data-elementor-type=\"wp-page\" data-elementor-id=\"3\" class=\"elementor elementor-3\" data-elementor-post-type=\"page\">\n\t\t\t\t<div class=\"elementor-element elementor-element-17dd930 e-flex e-con-boxed e-con e-parent\" data-id=\"17dd930\" data-element_type=\"container\" data-e-type=\"container\">\n\t\t\t\t\t<div class=\"e-con-inner\">\n\t\t\t\t<div class=\"elementor-element elementor-element-68f941e elementor-widget elementor-widget-image\" data-id=\"68f941e\" data-element_type=\"widget\" data-e-type=\"widget\" data-widget_type=\"image.default\">\n\t\t\t\t\t\t\t\t\t\t\t\t\t\t\t<img fetchpriority=\"high\" decoding=\"async\" width=\"1024\" height=\"647\" src=\"https:\/\/cipher-guard.com\/wp-content\/uploads\/2025\/11\/Engagez-un-hacker-pas-cher-1024x647.jpg\" class=\"attachment-large size-large wp-image-36\" alt=\"Zatrudnij taniego hakera\" srcset=\"https:\/\/cipher-guard.com\/wp-content\/uploads\/2025\/11\/Engagez-un-hacker-pas-cher-1024x647.jpg 1024w, https:\/\/cipher-guard.com\/wp-content\/uploads\/2025\/11\/Engagez-un-hacker-pas-cher-300x190.jpg 300w, https:\/\/cipher-guard.com\/wp-content\/uploads\/2025\/11\/Engagez-un-hacker-pas-cher-768x485.jpg 768w, https:\/\/cipher-guard.com\/wp-content\/uploads\/2025\/11\/Engagez-un-hacker-pas-cher-1536x971.jpg 1536w, https:\/\/cipher-guard.com\/wp-content\/uploads\/2025\/11\/Engagez-un-hacker-pas-cher.jpg 1600w\" sizes=\"(max-width: 1024px) 100vw, 1024px\" \/>\t\t\t\t\t\t\t\t\t\t\t\t\t\t\t<\/div>\n\t\t\t\t<div class=\"elementor-element elementor-element-00dd95f elementor-widget elementor-widget-text-editor\" data-id=\"00dd95f\" data-element_type=\"widget\" data-e-type=\"widget\" data-widget_type=\"text-editor.default\">\n\t\t\t\t\t\t\t\t\t<p>W dzisiejszym cyfrowym \u015bwiecie zatrudnienie niedrogiego hakera mo\u017ce by\u0107 rozwi\u0105zaniem pozwalaj\u0105cym rozwi\u0105za\u0107 problemy zwi\u0105zane z bezpiecze\u0144stwem, odzyska\u0107 utracone konta lub przeprowadzi\u0107 ocen\u0119 podatno\u015bci na zagro\u017cenia. Jednak kluczowe znaczenie ma wyb\u00f3r niezawodnej i etycznej us\u0142ugi, takiej jak nasza, w ramach kt\u00f3rej gwarantujemy profesjonalizm i skuteczno\u015b\u0107 bez naruszania prywatno\u015bci klienta. <a href=\"https:\/\/cipher-guard.com\/pl\/contact-us\/\">Skontaktuj si\u0119 z nami<\/a><\/p><h3>Dlaczego warto zatrudni\u0107 profesjonalnego hakera?<\/h3><p>Wiele os\u00f3b zatrudnia haker\u00f3w z r\u00f3\u017cnych powod\u00f3w, od odzyskania dost\u0119pu do kont w mediach spo\u0142eczno\u015bciowych po ochron\u0119 system\u00f3w korporacyjnych. Certyfikowany haker mo\u017ce zidentyfikowa\u0107 luki w zabezpieczeniach, zanim zostan\u0105 one wykorzystane przez cyberprzest\u0119pc\u00f3w. Oferujemy legalne i przejrzyste us\u0142ugi w celu zabezpieczenia Twoich informacji.<\/p><h3>Us\u0142ugi, kt\u00f3re oferujemy w zakresie cyberbezpiecze\u0144stwa i etycznego hakowania<\/h3><p>Nasza firma specjalizuje si\u0119 w etycznym hakowaniu, testach penetracyjnych i odzyskiwaniu kont. Przestrzegamy rygorystycznych protoko\u0142\u00f3w prawnych, aby zapobiega\u0107 wszelkim nielegalnym dzia\u0142aniom. Oto niekt\u00f3re z naszych us\u0142ug:<\/p><p><strong>Odzyskiwanie zhakowanych kont<\/strong> (Facebook, Instagram, e-maile).<\/p><p><strong>Testy penetracyjne dla firm.<\/strong><br \/>Wykrywanie luk w zabezpieczeniach system\u00f3w komputerowych.<br \/>Doradztwo w zakresie cyberbezpiecze\u0144stwa w celu ochrony wra\u017cliwych danych.<br \/>Je\u015bli potrzebujesz niezawodnej us\u0142ugi, unikaj oszustw i wybierz do\u015bwiadczonych profesjonalist\u00f3w. Zatrudnij niedrogiego hakera.<\/p><p><strong>Zalety korzystania z us\u0142ug niedrogiego hakera<\/strong><br \/>Wyb\u00f3r niedrogich us\u0142ug nie oznacza rezygnacji z jako\u015bci. Na naszej platformie oferujemy przyst\u0119pne ceny i wysokie standardy bezpiecze\u0144stwa. Oto kilka zalet wsp\u00f3\u0142pracy z nami:<\/p><p><strong>Absolutna poufno\u015b\u0107:<\/strong> Twoje dane b\u0119d\u0105 zawsze chronione.<br \/>Gwarantowane rezultaty: Skuteczne rozwi\u0105zania w kr\u00f3tkim czasie.<br \/>Wsparcie 24\/7: Natychmiastowa pomoc w nag\u0142ych wypadkach. Nie ryzykuj swoich danych, korzystaj\u0105c z w\u0105tpliwych us\u0142ug. Skorzystaj z pomocy ekspert\u00f3w, kt\u00f3rzy przestrzegaj\u0105 norm prawnych.<\/p><p><strong>Szukaj\u0105c niedrogiego hakera<\/strong>, konieczne jest sprawdzenie reputacji dostawcy. Posiadamy autentyczne referencje i historie sukces\u00f3w, kt\u00f3re \u015bwiadcz\u0105 o naszym profesjonalizmie. Nale\u017cy unika\u0107 us\u0142ug, kt\u00f3re obiecuj\u0105 cudowne rezultaty lub wymagaj\u0105 przedp\u0142aty bez gwarancji. Renomowany etyczny haker zawsze dzia\u0142a w ramach prawnych i zgodnie z surowymi umowami o poufno\u015bci.<\/p><p><strong>R\u00f3\u017cnice mi\u0119dzy etycznym hakerem a cyberprzest\u0119pc\u0105<\/strong><br \/>Wiele os\u00f3b myli te dwa terminy, ale etyczny haker koncentruje si\u0119 na ochronie system\u00f3w, a nie na ich hakowaniu. Na naszej stronie internetowej przestrzegamy \u015bcis\u0142ych protoko\u0142\u00f3w, aby zapewni\u0107 legalno\u015b\u0107 naszych dzia\u0142a\u0144 i korzy\u015bci dla naszych klient\u00f3w. Podczas gdy cyberprzest\u0119pcy d\u0105\u017c\u0105 do kradzie\u017cy informacji, my pomagamy zapobiega\u0107 tym atakom poprzez testy bezpiecze\u0144stwa i profesjonalne doradztwo.<\/p><p>Nasi klienci cz\u0119sto kontaktuj\u0105 si\u0119 z nami w sprawach takich jak utrata dost\u0119pu do konta, podejrzenie szpiegostwa przemys\u0142owego lub potrzeba wzmocnienia bezpiecze\u0144stwa cyfrowego. Je\u015bli borykasz si\u0119 z kt\u00f3rymkolwiek z tych problem\u00f3w, Cybersecurity and Ethical Hacking mo\u017ce zapewni\u0107 Ci szybkie, bezpieczne i zgodne z prawem rozwi\u0105zanie.<\/p><p>Cz\u0119sto b\u0142\u0119dnie uwa\u017ca si\u0119, \u017ce niedrogie us\u0142ugi s\u0105 niskiej jako\u015bci. Jednak w naszym przypadku oferujemy konkurencyjne ceny dzi\u0119ki skutecznym metodologiom i bogatemu do\u015bwiadczeniu w tej dziedzinie. Nie liczy si\u0119 cena, ale przejrzysto\u015b\u0107, certyfikaty i wyniki osi\u0105gane przez us\u0142ugodawc\u0119. Zatrudnienie niedrogiego hakera<\/p><p>Je\u015bli chcesz zatrudni\u0107 hakera po ni\u017cszych kosztach, upewnij si\u0119, \u017ce jest to osoba etyczna i posiadaj\u0105ca odpowiednie certyfikaty. Oferujemy legalne, szybkie i niedrogie rozwi\u0105zania, kt\u00f3re zapewni\u0105 ochron\u0119 Twoich danych. <a href=\"https:\/\/cipher-guard.com\/pl\/contact-us\/\">Skontaktuj si\u0119 z nami<\/a> ju\u017c dzi\u015b i uzyskaj potrzebn\u0105 pomoc bez ryzyka! <a href=\"https:\/\/reseaudesecurite.com\" target=\"_blank\" rel=\"noopener\"><span style=\"color: #ffffff;\">certified professional<\/span><\/a><\/p>\t\t\t\t\t\t\t\t<\/div>\n\t\t\t\t\t<\/div>\n\t\t\t\t<\/div>\n\t\t\t\t<\/div>","protected":false},"excerpt":{"rendered":"<p>Hiring an affordable hacker in today&#8217;s digital world can be a solution for resolving security issues, recovering lost accounts, or conducting vulnerability assessments. However, it&#8217;s crucial to choose a reliable and ethical service like ours, where we guarantee professionalism and efficiency without compromising your privacy. Contact Us Why hire a professional hacker? Many people hire&#8230;<\/p>","protected":false},"author":1,"featured_media":0,"parent":0,"menu_order":0,"comment_status":"closed","ping_status":"closed","template":"","meta":{"om_disable_all_campaigns":false,"_kad_post_transparent":"","_kad_post_title":"","_kad_post_layout":"","_kad_post_sidebar_id":"","_kad_post_content_style":"","_kad_post_vertical_padding":"","_kad_post_feature":"","_kad_post_feature_position":"","_kad_post_header":false,"_kad_post_footer":false,"_kad_post_classname":"","_joinchat":[],"footnotes":""},"class_list":["post-3","page","type-page","status-publish","hentry"],"yoast_head":"<!-- This site is optimized with the Yoast SEO plugin v27.2 - https:\/\/yoast.com\/product\/yoast-seo-wordpress\/ -->\n<title>Hire a cheap hacker - Cipher Guard<\/title>\n<meta name=\"robots\" content=\"index, follow, max-snippet:-1, max-image-preview:large, max-video-preview:-1\" \/>\n<link rel=\"canonical\" href=\"https:\/\/cipher-guard.com\/pl\/hire-a-cheap-hacker\/\" \/>\n<meta property=\"og:locale\" content=\"pl_PL\" \/>\n<meta property=\"og:type\" content=\"article\" \/>\n<meta property=\"og:title\" content=\"Hire a cheap hacker - Cipher Guard\" \/>\n<meta property=\"og:description\" content=\"Hiring an affordable hacker in today&#8217;s digital world can be a solution for resolving security issues, recovering lost accounts, or conducting vulnerability assessments. However, it&#8217;s crucial to choose a reliable and ethical service like ours, where we guarantee professionalism and efficiency without compromising your privacy. Contact Us Why hire a professional hacker? Many people hire...\" \/>\n<meta property=\"og:url\" content=\"https:\/\/cipher-guard.com\/pl\/hire-a-cheap-hacker\/\" \/>\n<meta property=\"og:site_name\" content=\"Cipher Guard\" \/>\n<meta property=\"article:modified_time\" content=\"2026-01-21T11:25:38+00:00\" \/>\n<meta property=\"og:image\" content=\"https:\/\/cipher-guard.com\/wp-content\/uploads\/2025\/11\/Engagez-un-hacker-pas-cher.jpg\" \/>\n\t<meta property=\"og:image:width\" content=\"1600\" \/>\n\t<meta property=\"og:image:height\" content=\"1011\" \/>\n\t<meta property=\"og:image:type\" content=\"image\/jpeg\" \/>\n<meta name=\"twitter:card\" content=\"summary_large_image\" \/>\n<meta name=\"twitter:label1\" content=\"Szacowany czas czytania\" \/>\n\t<meta name=\"twitter:data1\" content=\"3 minuty\" \/>\n<script type=\"application\/ld+json\" class=\"yoast-schema-graph\">{\"@context\":\"https:\/\/schema.org\",\"@graph\":[{\"@type\":\"WebPage\",\"@id\":\"https:\/\/cipher-guard.com\/hire-a-cheap-hacker\/\",\"url\":\"https:\/\/cipher-guard.com\/hire-a-cheap-hacker\/\",\"name\":\"Hire a cheap hacker - Cipher Guard\",\"isPartOf\":{\"@id\":\"https:\/\/cipher-guard.com\/#website\"},\"primaryImageOfPage\":{\"@id\":\"https:\/\/cipher-guard.com\/hire-a-cheap-hacker\/#primaryimage\"},\"image\":{\"@id\":\"https:\/\/cipher-guard.com\/hire-a-cheap-hacker\/#primaryimage\"},\"thumbnailUrl\":\"https:\/\/cipher-guard.com\/wp-content\/uploads\/2025\/11\/Engagez-un-hacker-pas-cher-1024x647.jpg\",\"datePublished\":\"2025-10-20T12:56:56+00:00\",\"dateModified\":\"2026-01-21T11:25:38+00:00\",\"breadcrumb\":{\"@id\":\"https:\/\/cipher-guard.com\/hire-a-cheap-hacker\/#breadcrumb\"},\"inLanguage\":\"pl-PL\",\"potentialAction\":[{\"@type\":\"ReadAction\",\"target\":[\"https:\/\/cipher-guard.com\/hire-a-cheap-hacker\/\"]}]},{\"@type\":\"ImageObject\",\"inLanguage\":\"pl-PL\",\"@id\":\"https:\/\/cipher-guard.com\/hire-a-cheap-hacker\/#primaryimage\",\"url\":\"https:\/\/cipher-guard.com\/wp-content\/uploads\/2025\/11\/Engagez-un-hacker-pas-cher-1024x647.jpg\",\"contentUrl\":\"https:\/\/cipher-guard.com\/wp-content\/uploads\/2025\/11\/Engagez-un-hacker-pas-cher-1024x647.jpg\"},{\"@type\":\"BreadcrumbList\",\"@id\":\"https:\/\/cipher-guard.com\/hire-a-cheap-hacker\/#breadcrumb\",\"itemListElement\":[{\"@type\":\"ListItem\",\"position\":1,\"name\":\"Accueil\",\"item\":\"https:\/\/cipher-guard.com\/\"},{\"@type\":\"ListItem\",\"position\":2,\"name\":\"Hire a cheap hacker\"}]},{\"@type\":\"WebSite\",\"@id\":\"https:\/\/cipher-guard.com\/#website\",\"url\":\"https:\/\/cipher-guard.com\/\",\"name\":\"Cipher Guard\",\"description\":\"Best website to meet hackers to help you solve your security problems\",\"publisher\":{\"@id\":\"https:\/\/cipher-guard.com\/#organization\"},\"potentialAction\":[{\"@type\":\"SearchAction\",\"target\":{\"@type\":\"EntryPoint\",\"urlTemplate\":\"https:\/\/cipher-guard.com\/?s={search_term_string}\"},\"query-input\":{\"@type\":\"PropertyValueSpecification\",\"valueRequired\":true,\"valueName\":\"search_term_string\"}}],\"inLanguage\":\"pl-PL\"},{\"@type\":\"Organization\",\"@id\":\"https:\/\/cipher-guard.com\/#organization\",\"name\":\"Cipher Guard\",\"url\":\"https:\/\/cipher-guard.com\/\",\"logo\":{\"@type\":\"ImageObject\",\"inLanguage\":\"pl-PL\",\"@id\":\"https:\/\/cipher-guard.com\/#\/schema\/logo\/image\/\",\"url\":\"https:\/\/cipher-guard.com\/wp-content\/uploads\/2026\/01\/cipher-guard-logo.png\",\"contentUrl\":\"https:\/\/cipher-guard.com\/wp-content\/uploads\/2026\/01\/cipher-guard-logo.png\",\"width\":360,\"height\":360,\"caption\":\"Cipher Guard\"},\"image\":{\"@id\":\"https:\/\/cipher-guard.com\/#\/schema\/logo\/image\/\"}}]}<\/script>\n<!-- \/ Yoast SEO plugin. -->","yoast_head_json":{"title":"Hire a cheap hacker - Cipher Guard","robots":{"index":"index","follow":"follow","max-snippet":"max-snippet:-1","max-image-preview":"max-image-preview:large","max-video-preview":"max-video-preview:-1"},"canonical":"https:\/\/cipher-guard.com\/pl\/hire-a-cheap-hacker\/","og_locale":"pl_PL","og_type":"article","og_title":"Hire a cheap hacker - Cipher Guard","og_description":"Hiring an affordable hacker in today&#8217;s digital world can be a solution for resolving security issues, recovering lost accounts, or conducting vulnerability assessments. However, it&#8217;s crucial to choose a reliable and ethical service like ours, where we guarantee professionalism and efficiency without compromising your privacy. Contact Us Why hire a professional hacker? Many people hire...","og_url":"https:\/\/cipher-guard.com\/pl\/hire-a-cheap-hacker\/","og_site_name":"Cipher Guard","article_modified_time":"2026-01-21T11:25:38+00:00","og_image":[{"width":1600,"height":1011,"url":"https:\/\/cipher-guard.com\/wp-content\/uploads\/2025\/11\/Engagez-un-hacker-pas-cher.jpg","type":"image\/jpeg"}],"twitter_card":"summary_large_image","twitter_misc":{"Szacowany czas czytania":"3 minuty"},"schema":{"@context":"https:\/\/schema.org","@graph":[{"@type":"WebPage","@id":"https:\/\/cipher-guard.com\/hire-a-cheap-hacker\/","url":"https:\/\/cipher-guard.com\/hire-a-cheap-hacker\/","name":"Hire a cheap hacker - Cipher Guard","isPartOf":{"@id":"https:\/\/cipher-guard.com\/#website"},"primaryImageOfPage":{"@id":"https:\/\/cipher-guard.com\/hire-a-cheap-hacker\/#primaryimage"},"image":{"@id":"https:\/\/cipher-guard.com\/hire-a-cheap-hacker\/#primaryimage"},"thumbnailUrl":"https:\/\/cipher-guard.com\/wp-content\/uploads\/2025\/11\/Engagez-un-hacker-pas-cher-1024x647.jpg","datePublished":"2025-10-20T12:56:56+00:00","dateModified":"2026-01-21T11:25:38+00:00","breadcrumb":{"@id":"https:\/\/cipher-guard.com\/hire-a-cheap-hacker\/#breadcrumb"},"inLanguage":"pl-PL","potentialAction":[{"@type":"ReadAction","target":["https:\/\/cipher-guard.com\/hire-a-cheap-hacker\/"]}]},{"@type":"ImageObject","inLanguage":"pl-PL","@id":"https:\/\/cipher-guard.com\/hire-a-cheap-hacker\/#primaryimage","url":"https:\/\/cipher-guard.com\/wp-content\/uploads\/2025\/11\/Engagez-un-hacker-pas-cher-1024x647.jpg","contentUrl":"https:\/\/cipher-guard.com\/wp-content\/uploads\/2025\/11\/Engagez-un-hacker-pas-cher-1024x647.jpg"},{"@type":"BreadcrumbList","@id":"https:\/\/cipher-guard.com\/hire-a-cheap-hacker\/#breadcrumb","itemListElement":[{"@type":"ListItem","position":1,"name":"Accueil","item":"https:\/\/cipher-guard.com\/"},{"@type":"ListItem","position":2,"name":"Hire a cheap hacker"}]},{"@type":"WebSite","@id":"https:\/\/cipher-guard.com\/#website","url":"https:\/\/cipher-guard.com\/","name":"Cipher Guard","description":"Best website to meet hackers to help you solve your security problems","publisher":{"@id":"https:\/\/cipher-guard.com\/#organization"},"potentialAction":[{"@type":"SearchAction","target":{"@type":"EntryPoint","urlTemplate":"https:\/\/cipher-guard.com\/?s={search_term_string}"},"query-input":{"@type":"PropertyValueSpecification","valueRequired":true,"valueName":"search_term_string"}}],"inLanguage":"pl-PL"},{"@type":"Organization","@id":"https:\/\/cipher-guard.com\/#organization","name":"Cipher Guard","url":"https:\/\/cipher-guard.com\/","logo":{"@type":"ImageObject","inLanguage":"pl-PL","@id":"https:\/\/cipher-guard.com\/#\/schema\/logo\/image\/","url":"https:\/\/cipher-guard.com\/wp-content\/uploads\/2026\/01\/cipher-guard-logo.png","contentUrl":"https:\/\/cipher-guard.com\/wp-content\/uploads\/2026\/01\/cipher-guard-logo.png","width":360,"height":360,"caption":"Cipher Guard"},"image":{"@id":"https:\/\/cipher-guard.com\/#\/schema\/logo\/image\/"}}]}},"_links":{"self":[{"href":"https:\/\/cipher-guard.com\/pl\/wp-json\/wp\/v2\/pages\/3","targetHints":{"allow":["GET"]}}],"collection":[{"href":"https:\/\/cipher-guard.com\/pl\/wp-json\/wp\/v2\/pages"}],"about":[{"href":"https:\/\/cipher-guard.com\/pl\/wp-json\/wp\/v2\/types\/page"}],"author":[{"embeddable":true,"href":"https:\/\/cipher-guard.com\/pl\/wp-json\/wp\/v2\/users\/1"}],"replies":[{"embeddable":true,"href":"https:\/\/cipher-guard.com\/pl\/wp-json\/wp\/v2\/comments?post=3"}],"version-history":[{"count":12,"href":"https:\/\/cipher-guard.com\/pl\/wp-json\/wp\/v2\/pages\/3\/revisions"}],"predecessor-version":[{"id":297,"href":"https:\/\/cipher-guard.com\/pl\/wp-json\/wp\/v2\/pages\/3\/revisions\/297"}],"wp:attachment":[{"href":"https:\/\/cipher-guard.com\/pl\/wp-json\/wp\/v2\/media?parent=3"}],"curies":[{"name":"wp","href":"https:\/\/api.w.org\/{rel}","templated":true}]}}