{"id":43,"date":"2025-11-11T07:29:22","date_gmt":"2025-11-11T07:29:22","guid":{"rendered":"https:\/\/cipher-guard.com\/?page_id=43"},"modified":"2026-01-21T11:33:12","modified_gmt":"2026-01-21T11:33:12","slug":"hiring-a-social-media-hacker","status":"publish","type":"page","link":"https:\/\/cipher-guard.com\/pl\/hiring-a-social-media-hacker\/","title":{"rendered":"Zatrudnienie hakera medi\u00f3w spo\u0142eczno\u015bciowych"},"content":{"rendered":"<div data-elementor-type=\"wp-page\" data-elementor-id=\"43\" class=\"elementor elementor-43\" data-elementor-post-type=\"page\">\n\t\t\t\t<div class=\"elementor-element elementor-element-2bc3cde e-flex e-con-boxed e-con e-parent\" data-id=\"2bc3cde\" data-element_type=\"container\" data-e-type=\"container\">\n\t\t\t\t\t<div class=\"e-con-inner\">\n\t\t\t\t<div class=\"elementor-element elementor-element-460ed69 elementor-widget elementor-widget-image\" data-id=\"460ed69\" data-element_type=\"widget\" data-e-type=\"widget\" data-widget_type=\"image.default\">\n\t\t\t\t\t\t\t\t\t\t\t\t\t\t\t<img fetchpriority=\"high\" decoding=\"async\" width=\"1200\" height=\"720\" src=\"https:\/\/cipher-guard.com\/wp-content\/uploads\/2025\/11\/Engager-Un-hacker-Reseaux-Sociaux.webp\" class=\"attachment-full size-full wp-image-46\" alt=\"Zatrudnienie hakera medi\u00f3w spo\u0142eczno\u015bciowych\" srcset=\"https:\/\/cipher-guard.com\/wp-content\/uploads\/2025\/11\/Engager-Un-hacker-Reseaux-Sociaux.webp 1200w, https:\/\/cipher-guard.com\/wp-content\/uploads\/2025\/11\/Engager-Un-hacker-Reseaux-Sociaux-300x180.webp 300w, https:\/\/cipher-guard.com\/wp-content\/uploads\/2025\/11\/Engager-Un-hacker-Reseaux-Sociaux-1024x614.webp 1024w, https:\/\/cipher-guard.com\/wp-content\/uploads\/2025\/11\/Engager-Un-hacker-Reseaux-Sociaux-768x461.webp 768w\" sizes=\"(max-width: 1200px) 100vw, 1200px\" \/>\t\t\t\t\t\t\t\t\t\t\t\t\t\t\t<\/div>\n\t\t\t\t<div class=\"elementor-element elementor-element-3f9b928 elementor-widget elementor-widget-text-editor\" data-id=\"3f9b928\" data-element_type=\"widget\" data-e-type=\"widget\" data-widget_type=\"text-editor.default\">\n\t\t\t\t\t\t\t\t\t<h2>Zatrudnienie hakera w celu odzyskania konta WhatsApp<\/h2><p>Je\u015bli Twoje konto WhatsApp zosta\u0142o zhakowane lub jest niedost\u0119pne, mo\u017cesz skontaktowa\u0107 si\u0119 z etycznym hakerem. Nasi eksperci ds. cyberbezpiecze\u0144stwa pomog\u0105 Ci szybko i bezpiecznie odzyska\u0107 dost\u0119p. Nie pozw\u00f3l hakerowi kontrolowa\u0107 Twoich wiadomo\u015bci i danych osobowych! Dotyczy to r\u00f3wnie\u017c kont WhatsApp, Messenger lub WhatsApp Business. <span style=\"color: #ffffff;\"><a style=\"color: #ffffff;\" href=\"https:\/\/reseaudesecurite.com\/\" target=\"_blank\" rel=\"noopener\">WhatsApp Business<\/a><\/span><\/p><h2>Zatrudnienie hakera w celu odzyskania konta Snapchat<\/h2><p>Je\u015bli nie masz ju\u017c dost\u0119pu do swojego konta Snapchat, nasi specjali\u015bci wykorzystuj\u0105 zaawansowane techniki, aby przywr\u00f3ci\u0107 dost\u0119p do konta i wzmocni\u0107 jego bezpiecze\u0144stwo przed przysz\u0142ymi atakami lub zg\u0142oszeniami zwi\u0105zanymi z aktywno\u015bci\u0105 na koncie. Zatrudnij hakera medi\u00f3w spo\u0142eczno\u015bciowych<\/p><h2>Zatrudnienie hakera w celu odzyskania konta na Instagramie<\/h2><p>Skontaktowanie si\u0119 z ekspertem ds. hakowania pozwoli Ci uzyska\u0107 dost\u0119p do konta na Instagramie, je\u015bli zosta\u0142o ono zhakowane. Nasi eksperci pomog\u0105 Ci odzyska\u0107 zhakowane konta, bezpiecznie przywracaj\u0105c Tw\u00f3j profil, posty i obserwuj\u0105cych. Je\u015bli haker naruszy\u0142 Twoje konto na Instagramie, Messengerze lub WhatsApp Business, poinformuj nas o tym.<\/p><h2>Zatrudnienie hakera w celu odzyskania konta TikTok<\/h2><p>Czy Twoje konto TikTok zosta\u0142o zhakowane lub zawieszone? Korzystamy z zaawansowanych technik, aby odzyska\u0107 dost\u0119p i pom\u00f3c Ci odzyska\u0107 kontrol\u0119 nad Twoimi tre\u015bciami.<br \/>Chcesz zhakowa\u0107 lub odzyska\u0107 konto, stron\u0119 lub grup\u0119 TikTok? Daj nam zna\u0107.<\/p><h2><b> Zatrudnienie hakera w celu odzyskania skradzionych \u015brodk\u00f3w<\/b><\/h2><p>Czy pad\u0142e\u015b ofiar\u0105 oszustwa internetowego lub kradzie\u017cy kryptowaluty? Analizujemy \u0142a\u0144cuch blok\u00f3w i transakcje, aby znale\u017a\u0107 i odzyska\u0107 utracone lub skradzione aktywa cyfrowe, a nast\u0119pnie jak najszybciej je zwr\u00f3ci\u0107.<\/p><h2>Zatrudnij hakera, aby odzyska\u0107 konto e-mail<\/h2><p>Czy Twoje konto Gmail, Yahoo, Outlook lub inne konto e-mail zosta\u0142o zhakowane? Nasi hakerzy szybko podejm\u0105 dzia\u0142ania, aby pom\u00f3c Ci odzyska\u0107 dost\u0119p i zabezpieczy\u0107 poufne informacje przed przysz\u0142ymi pr\u00f3bami w\u0142amania. Zatrudnij hakera medi\u00f3w spo\u0142eczno\u015bciowych<\/p><h2>Zatrudnij hakera, aby zhakowa\u0142 telefon z systemem Android lub Apple.<\/h2><p>Je\u015bli potrzebujesz uzyska\u0107 dost\u0119p do danych na telefonie kom\u00f3rkowym z systemem Android lub iPhone, nasze wyspecjalizowane us\u0142ugi oferuj\u0105 zaawansowan\u0105 analiz\u0119 i bezpieczny dost\u0119p, aby spe\u0142ni\u0107 Twoje konkretne potrzeby z zachowaniem pe\u0142nej dyskrecji.<br \/>Skontaktowanie si\u0119 z Hackerem pozwoli Ci uzyska\u0107 dost\u0119p do zawarto\u015bci telefonu wsp\u00f3\u0142ma\u0142\u017conka i odzyska\u0107 j\u0105 w dyskretny spos\u00f3b.<\/p><h2>\u00a0Zatrudnij hakera, aby wzmocni\u0107 bezpiecze\u0144stwo swoich kont<\/h2><p>Chro\u0144 swoje konta internetowe przed w\u0142amaniami i cyberatakami. Nasi etyczni hakerzy analizuj\u0105 luki w zabezpieczeniach i wdra\u017caj\u0105 zaawansowane rozwi\u0105zania ochronne.<\/p><h2>Zatrudnij hakera, aby namierzy\u0142 cyberprzest\u0119pc\u0119<\/h2><p>By\u0142e\u015b ofiar\u0105 ataku hakera i chcesz znale\u017a\u0107 sprawc\u0119? Nasi specjali\u015bci ds. cyberbezpiecze\u0144stwa wykorzystuj\u0105 techniki \u015bledzenia cyfrowego, aby zidentyfikowa\u0107 osoby odpowiedzialne i chroni\u0107 Twoje dane.<\/p><h2>Haker Telegramu<\/h2><p>Mo\u017cemy zapewni\u0107 Ci dost\u0119p do wybranych wiadomo\u015bci z konta Telegram. Wystarczy poda\u0107 numer.<\/p><h2><b>Facebook <\/b><b>Haker\u00a0<\/b><\/h2><p>Chcesz zhakowa\u0107 lub odzyska\u0107 konto, stron\u0119 lub grup\u0119 na Facebooku? Daj nam zna\u0107. <a href=\"https:\/\/cipher-guard.com\/pl\/contact-us\/\">Skontaktuj si\u0119 z nami<\/a><\/p>\t\t\t\t\t\t\t\t<\/div>\n\t\t\t\t\t<\/div>\n\t\t\t\t<\/div>\n\t\t\t\t<\/div>","protected":false},"excerpt":{"rendered":"<p>Hiring a hacker to recover a WhatsApp account You can contact an ethical hacker if your WhatsApp account has been hacked or is inaccessible. Our cybersecurity experts will help you quickly and securely regain access. Don&#8217;t let a hacker control your messages and personal data! This also applies to accounts WhatsApp, Messenger ou WhatsApp Business&#8230;<\/p>","protected":false},"author":1,"featured_media":0,"parent":0,"menu_order":0,"comment_status":"closed","ping_status":"closed","template":"","meta":{"om_disable_all_campaigns":false,"_kad_post_transparent":"","_kad_post_title":"","_kad_post_layout":"","_kad_post_sidebar_id":"","_kad_post_content_style":"","_kad_post_vertical_padding":"","_kad_post_feature":"","_kad_post_feature_position":"","_kad_post_header":false,"_kad_post_footer":false,"_kad_post_classname":"","_joinchat":[],"footnotes":""},"class_list":["post-43","page","type-page","status-publish","hentry"],"yoast_head":"<!-- This site is optimized with the Yoast SEO plugin v27.2 - https:\/\/yoast.com\/product\/yoast-seo-wordpress\/ -->\n<title>Hiring a Social Media Hacker - Cipher Guard<\/title>\n<meta name=\"robots\" content=\"index, follow, max-snippet:-1, max-image-preview:large, max-video-preview:-1\" \/>\n<link rel=\"canonical\" href=\"https:\/\/cipher-guard.com\/pl\/hiring-a-social-media-hacker\/\" \/>\n<meta property=\"og:locale\" content=\"pl_PL\" \/>\n<meta property=\"og:type\" content=\"article\" \/>\n<meta property=\"og:title\" content=\"Hiring a Social Media Hacker - Cipher Guard\" \/>\n<meta property=\"og:description\" content=\"Hiring a hacker to recover a WhatsApp account You can contact an ethical hacker if your WhatsApp account has been hacked or is inaccessible. Our cybersecurity experts will help you quickly and securely regain access. Don&#8217;t let a hacker control your messages and personal data! This also applies to accounts WhatsApp, Messenger ou WhatsApp Business...\" \/>\n<meta property=\"og:url\" content=\"https:\/\/cipher-guard.com\/pl\/hiring-a-social-media-hacker\/\" \/>\n<meta property=\"og:site_name\" content=\"Cipher Guard\" \/>\n<meta property=\"article:modified_time\" content=\"2026-01-21T11:33:12+00:00\" \/>\n<meta property=\"og:image\" content=\"https:\/\/cipher-guard.com\/wp-content\/uploads\/2025\/11\/Engager-Un-hacker-Reseaux-Sociaux.webp\" \/>\n\t<meta property=\"og:image:width\" content=\"1200\" \/>\n\t<meta property=\"og:image:height\" content=\"720\" \/>\n\t<meta property=\"og:image:type\" content=\"image\/webp\" \/>\n<meta name=\"twitter:card\" content=\"summary_large_image\" \/>\n<meta name=\"twitter:label1\" content=\"Szacowany czas czytania\" \/>\n\t<meta name=\"twitter:data1\" content=\"2 minuty\" \/>\n<script type=\"application\/ld+json\" class=\"yoast-schema-graph\">{\"@context\":\"https:\/\/schema.org\",\"@graph\":[{\"@type\":\"WebPage\",\"@id\":\"https:\/\/cipher-guard.com\/hiring-a-social-media-hacker\/\",\"url\":\"https:\/\/cipher-guard.com\/hiring-a-social-media-hacker\/\",\"name\":\"Hiring a Social Media Hacker - Cipher Guard\",\"isPartOf\":{\"@id\":\"https:\/\/cipher-guard.com\/#website\"},\"primaryImageOfPage\":{\"@id\":\"https:\/\/cipher-guard.com\/hiring-a-social-media-hacker\/#primaryimage\"},\"image\":{\"@id\":\"https:\/\/cipher-guard.com\/hiring-a-social-media-hacker\/#primaryimage\"},\"thumbnailUrl\":\"https:\/\/cipher-guard.com\/wp-content\/uploads\/2025\/11\/Engager-Un-hacker-Reseaux-Sociaux.webp\",\"datePublished\":\"2025-11-11T07:29:22+00:00\",\"dateModified\":\"2026-01-21T11:33:12+00:00\",\"breadcrumb\":{\"@id\":\"https:\/\/cipher-guard.com\/hiring-a-social-media-hacker\/#breadcrumb\"},\"inLanguage\":\"pl-PL\",\"potentialAction\":[{\"@type\":\"ReadAction\",\"target\":[\"https:\/\/cipher-guard.com\/hiring-a-social-media-hacker\/\"]}]},{\"@type\":\"ImageObject\",\"inLanguage\":\"pl-PL\",\"@id\":\"https:\/\/cipher-guard.com\/hiring-a-social-media-hacker\/#primaryimage\",\"url\":\"https:\/\/cipher-guard.com\/wp-content\/uploads\/2025\/11\/Engager-Un-hacker-Reseaux-Sociaux.webp\",\"contentUrl\":\"https:\/\/cipher-guard.com\/wp-content\/uploads\/2025\/11\/Engager-Un-hacker-Reseaux-Sociaux.webp\"},{\"@type\":\"BreadcrumbList\",\"@id\":\"https:\/\/cipher-guard.com\/hiring-a-social-media-hacker\/#breadcrumb\",\"itemListElement\":[{\"@type\":\"ListItem\",\"position\":1,\"name\":\"Accueil\",\"item\":\"https:\/\/cipher-guard.com\/\"},{\"@type\":\"ListItem\",\"position\":2,\"name\":\"Hiring a Social Media Hacker\"}]},{\"@type\":\"WebSite\",\"@id\":\"https:\/\/cipher-guard.com\/#website\",\"url\":\"https:\/\/cipher-guard.com\/\",\"name\":\"Cipher Guard\",\"description\":\"Best website to meet hackers to help you solve your security problems\",\"publisher\":{\"@id\":\"https:\/\/cipher-guard.com\/#organization\"},\"potentialAction\":[{\"@type\":\"SearchAction\",\"target\":{\"@type\":\"EntryPoint\",\"urlTemplate\":\"https:\/\/cipher-guard.com\/?s={search_term_string}\"},\"query-input\":{\"@type\":\"PropertyValueSpecification\",\"valueRequired\":true,\"valueName\":\"search_term_string\"}}],\"inLanguage\":\"pl-PL\"},{\"@type\":\"Organization\",\"@id\":\"https:\/\/cipher-guard.com\/#organization\",\"name\":\"Cipher Guard\",\"url\":\"https:\/\/cipher-guard.com\/\",\"logo\":{\"@type\":\"ImageObject\",\"inLanguage\":\"pl-PL\",\"@id\":\"https:\/\/cipher-guard.com\/#\/schema\/logo\/image\/\",\"url\":\"https:\/\/cipher-guard.com\/wp-content\/uploads\/2026\/01\/cipher-guard-logo.png\",\"contentUrl\":\"https:\/\/cipher-guard.com\/wp-content\/uploads\/2026\/01\/cipher-guard-logo.png\",\"width\":360,\"height\":360,\"caption\":\"Cipher Guard\"},\"image\":{\"@id\":\"https:\/\/cipher-guard.com\/#\/schema\/logo\/image\/\"}}]}<\/script>\n<!-- \/ Yoast SEO plugin. -->","yoast_head_json":{"title":"Hiring a Social Media Hacker - Cipher Guard","robots":{"index":"index","follow":"follow","max-snippet":"max-snippet:-1","max-image-preview":"max-image-preview:large","max-video-preview":"max-video-preview:-1"},"canonical":"https:\/\/cipher-guard.com\/pl\/hiring-a-social-media-hacker\/","og_locale":"pl_PL","og_type":"article","og_title":"Hiring a Social Media Hacker - Cipher Guard","og_description":"Hiring a hacker to recover a WhatsApp account You can contact an ethical hacker if your WhatsApp account has been hacked or is inaccessible. Our cybersecurity experts will help you quickly and securely regain access. Don&#8217;t let a hacker control your messages and personal data! This also applies to accounts WhatsApp, Messenger ou WhatsApp Business...","og_url":"https:\/\/cipher-guard.com\/pl\/hiring-a-social-media-hacker\/","og_site_name":"Cipher Guard","article_modified_time":"2026-01-21T11:33:12+00:00","og_image":[{"width":1200,"height":720,"url":"https:\/\/cipher-guard.com\/wp-content\/uploads\/2025\/11\/Engager-Un-hacker-Reseaux-Sociaux.webp","type":"image\/webp"}],"twitter_card":"summary_large_image","twitter_misc":{"Szacowany czas czytania":"2 minuty"},"schema":{"@context":"https:\/\/schema.org","@graph":[{"@type":"WebPage","@id":"https:\/\/cipher-guard.com\/hiring-a-social-media-hacker\/","url":"https:\/\/cipher-guard.com\/hiring-a-social-media-hacker\/","name":"Hiring a Social Media Hacker - Cipher Guard","isPartOf":{"@id":"https:\/\/cipher-guard.com\/#website"},"primaryImageOfPage":{"@id":"https:\/\/cipher-guard.com\/hiring-a-social-media-hacker\/#primaryimage"},"image":{"@id":"https:\/\/cipher-guard.com\/hiring-a-social-media-hacker\/#primaryimage"},"thumbnailUrl":"https:\/\/cipher-guard.com\/wp-content\/uploads\/2025\/11\/Engager-Un-hacker-Reseaux-Sociaux.webp","datePublished":"2025-11-11T07:29:22+00:00","dateModified":"2026-01-21T11:33:12+00:00","breadcrumb":{"@id":"https:\/\/cipher-guard.com\/hiring-a-social-media-hacker\/#breadcrumb"},"inLanguage":"pl-PL","potentialAction":[{"@type":"ReadAction","target":["https:\/\/cipher-guard.com\/hiring-a-social-media-hacker\/"]}]},{"@type":"ImageObject","inLanguage":"pl-PL","@id":"https:\/\/cipher-guard.com\/hiring-a-social-media-hacker\/#primaryimage","url":"https:\/\/cipher-guard.com\/wp-content\/uploads\/2025\/11\/Engager-Un-hacker-Reseaux-Sociaux.webp","contentUrl":"https:\/\/cipher-guard.com\/wp-content\/uploads\/2025\/11\/Engager-Un-hacker-Reseaux-Sociaux.webp"},{"@type":"BreadcrumbList","@id":"https:\/\/cipher-guard.com\/hiring-a-social-media-hacker\/#breadcrumb","itemListElement":[{"@type":"ListItem","position":1,"name":"Accueil","item":"https:\/\/cipher-guard.com\/"},{"@type":"ListItem","position":2,"name":"Hiring a Social Media Hacker"}]},{"@type":"WebSite","@id":"https:\/\/cipher-guard.com\/#website","url":"https:\/\/cipher-guard.com\/","name":"Cipher Guard","description":"Best website to meet hackers to help you solve your security problems","publisher":{"@id":"https:\/\/cipher-guard.com\/#organization"},"potentialAction":[{"@type":"SearchAction","target":{"@type":"EntryPoint","urlTemplate":"https:\/\/cipher-guard.com\/?s={search_term_string}"},"query-input":{"@type":"PropertyValueSpecification","valueRequired":true,"valueName":"search_term_string"}}],"inLanguage":"pl-PL"},{"@type":"Organization","@id":"https:\/\/cipher-guard.com\/#organization","name":"Cipher Guard","url":"https:\/\/cipher-guard.com\/","logo":{"@type":"ImageObject","inLanguage":"pl-PL","@id":"https:\/\/cipher-guard.com\/#\/schema\/logo\/image\/","url":"https:\/\/cipher-guard.com\/wp-content\/uploads\/2026\/01\/cipher-guard-logo.png","contentUrl":"https:\/\/cipher-guard.com\/wp-content\/uploads\/2026\/01\/cipher-guard-logo.png","width":360,"height":360,"caption":"Cipher Guard"},"image":{"@id":"https:\/\/cipher-guard.com\/#\/schema\/logo\/image\/"}}]}},"_links":{"self":[{"href":"https:\/\/cipher-guard.com\/pl\/wp-json\/wp\/v2\/pages\/43","targetHints":{"allow":["GET"]}}],"collection":[{"href":"https:\/\/cipher-guard.com\/pl\/wp-json\/wp\/v2\/pages"}],"about":[{"href":"https:\/\/cipher-guard.com\/pl\/wp-json\/wp\/v2\/types\/page"}],"author":[{"embeddable":true,"href":"https:\/\/cipher-guard.com\/pl\/wp-json\/wp\/v2\/users\/1"}],"replies":[{"embeddable":true,"href":"https:\/\/cipher-guard.com\/pl\/wp-json\/wp\/v2\/comments?post=43"}],"version-history":[{"count":14,"href":"https:\/\/cipher-guard.com\/pl\/wp-json\/wp\/v2\/pages\/43\/revisions"}],"predecessor-version":[{"id":306,"href":"https:\/\/cipher-guard.com\/pl\/wp-json\/wp\/v2\/pages\/43\/revisions\/306"}],"wp:attachment":[{"href":"https:\/\/cipher-guard.com\/pl\/wp-json\/wp\/v2\/media?parent=43"}],"curies":[{"name":"wp","href":"https:\/\/api.w.org\/{rel}","templated":true}]}}