{"id":50,"date":"2025-11-11T07:40:26","date_gmt":"2025-11-11T07:40:26","guid":{"rendered":"https:\/\/cipher-guard.com\/?page_id=50"},"modified":"2026-01-21T11:34:55","modified_gmt":"2026-01-21T11:34:55","slug":"recover-your-stolen-cryptocurrency","status":"publish","type":"page","link":"https:\/\/cipher-guard.com\/pl\/recover-your-stolen-cryptocurrency\/","title":{"rendered":"ODZYSKAJ SKRADZION\u0104 KRYPTOWALUT\u0118"},"content":{"rendered":"<div data-elementor-type=\"wp-page\" data-elementor-id=\"50\" class=\"elementor elementor-50\" data-elementor-post-type=\"page\">\n\t\t\t\t<div class=\"elementor-element elementor-element-60967cd e-flex e-con-boxed e-con e-parent\" data-id=\"60967cd\" data-element_type=\"container\" data-e-type=\"container\">\n\t\t\t\t\t<div class=\"e-con-inner\">\n\t\t\t\t<div class=\"elementor-element elementor-element-5ec2a24 elementor-widget elementor-widget-image\" data-id=\"5ec2a24\" data-element_type=\"widget\" data-e-type=\"widget\" data-widget_type=\"image.default\">\n\t\t\t\t\t\t\t\t\t\t\t\t\t\t\t<img fetchpriority=\"high\" decoding=\"async\" width=\"1600\" height=\"800\" src=\"https:\/\/cipher-guard.com\/wp-content\/uploads\/2025\/11\/RECUPERER-VOS-CRYPTOS-MONNAIE-VOLEE.webp\" class=\"attachment-full size-full wp-image-53\" alt=\"ODZYSKAJ SKRADZION\u0104 KRYPTOWALUT\u0118\" srcset=\"https:\/\/cipher-guard.com\/wp-content\/uploads\/2025\/11\/RECUPERER-VOS-CRYPTOS-MONNAIE-VOLEE.webp 1600w, https:\/\/cipher-guard.com\/wp-content\/uploads\/2025\/11\/RECUPERER-VOS-CRYPTOS-MONNAIE-VOLEE-300x150.webp 300w, https:\/\/cipher-guard.com\/wp-content\/uploads\/2025\/11\/RECUPERER-VOS-CRYPTOS-MONNAIE-VOLEE-1024x512.webp 1024w, https:\/\/cipher-guard.com\/wp-content\/uploads\/2025\/11\/RECUPERER-VOS-CRYPTOS-MONNAIE-VOLEE-768x384.webp 768w, https:\/\/cipher-guard.com\/wp-content\/uploads\/2025\/11\/RECUPERER-VOS-CRYPTOS-MONNAIE-VOLEE-1536x768.webp 1536w\" sizes=\"(max-width: 1600px) 100vw, 1600px\" \/>\t\t\t\t\t\t\t\t\t\t\t\t\t\t\t<\/div>\n\t\t\t\t<div class=\"elementor-element elementor-element-1de8634 elementor-widget elementor-widget-text-editor\" data-id=\"1de8634\" data-element_type=\"widget\" data-e-type=\"widget\" data-widget_type=\"text-editor.default\">\n\t\t\t\t\t\t\t\t\t<h2>Odzyskaj skradzione kryptowaluty.<\/h2><p>Z dum\u0105 mo\u017cemy powiedzie\u0107, \u017ce jeste\u015bmy jednym z wiod\u0105cych dostawc\u00f3w profesjonalnych us\u0142ug odzyskiwania kryptowalut. Naszym niezmiennym zobowi\u0105zaniem jest dostarczanie w 100% bezpiecznych, niezawodnych i skutecznych rozwi\u0105za\u0144, kt\u00f3re zapewniaj\u0105 naszym klientom spok\u00f3j ducha. Rozumiemy z\u0142o\u017cono\u015b\u0107 i wyzwania zwi\u0105zane z odzyskiwaniem aktyw\u00f3w cyfrowych, dlatego staramy si\u0119 \u015bwiadczy\u0107 us\u0142ugi najwy\u017cszej jako\u015bci. Dzi\u0119ki wieloletniemu do\u015bwiadczeniu w bran\u017cy kryptowalut, nasz zesp\u00f3\u0142 specjalist\u00f3w wykorzystuje najnowocze\u015bniejsze techniki i narz\u0119dzia, aby zapewni\u0107 nie tylko odzyskanie, ale tak\u017ce ochron\u0119 Twoich aktyw\u00f3w cyfrowych z najwy\u017csz\u0105 staranno\u015bci\u0105. Niezale\u017cnie od tego, czy masz problem z utrat\u0105 dost\u0119pu do portfeli, kradzie\u017c\u0105 \u015brodk\u00f3w lub jak\u0105kolwiek inn\u0105 kwesti\u0105 zwi\u0105zan\u0105 z kryptowalutami, jeste\u015bmy tutaj, aby wspiera\u0107 Ci\u0119 na ka\u017cdym kroku. ODZYSKAJ SKRADZION\u0104 KRYPTOWALUT\u0118<\/p><h3><b>Odzyskiwanie aktyw\u00f3w kryptowalutowych i dochodzenia.<\/b><\/h3><p>Je\u015bli straci\u0142e\u015b kryptowaluty w wyniku oszustwa, kradzie\u017cy lub w\u0142amania, \u015bledzimy Twoje aktywa przy pomocy certyfikowanych \u015bledczych zajmuj\u0105cych si\u0119 blockchainem oraz bezpo\u015brednich partnerstw z gie\u0142dami, zespo\u0142ami ds. zgodno\u015bci i organami \u015bcigania. Dzia\u0142amy szybko i sprawdzamy ka\u017cdy trop, informuj\u0105c Ci\u0119 na bie\u017c\u0105co o wszystkich post\u0119pach. <a href=\"https:\/\/cipher-guard.com\/pl\/contact-us\/\">Skontaktuj si\u0119 z nami<\/a>.<\/p><p>Kradzie\u017ce kryptowalut gwa\u0142townie rosn\u0105 na ca\u0142ym \u015bwiecie, a wiele os\u00f3b i firm pada ich ofiar\u0105. Wynaj\u0119cie hakera w celu odzyskania skradzionych kryptowalut pozostaje naj\u0142atwiejszym i najta\u0144szym rozwi\u0105zaniem. Ka\u017cdego dnia tysi\u0105ce u\u017cytkownik\u00f3w na ca\u0142ym \u015bwiecie padaj\u0105 ofiar\u0105 kradzie\u017cy danych logowania, opr\u00f3\u017cnienia portfeli cyfrowych i ujawnienia prywatno\u015bci za po\u015brednictwem platform takich jak Instagram, Gmail i Facebook, a ich aktywa przechowywane na Binance, Trust Wallet, MetaMask itp. s\u0105 nara\u017cone na niebezpiecze\u0144stwo. \u017badna us\u0142uga nie jest bezpieczna przed coraz bardziej wyrafinowanymi cyberatakami. Zjawisko to dotyka osoby prywatne, profesjonalist\u00f3w i tych, kt\u00f3rzy chc\u0105 inwestowa\u0107 w kryptowaluty, a straty mog\u0105 si\u0119ga\u0107 kolosalnych kwot. Nasza us\u0142uga pozwoli Ci odzyska\u0107 wszystkie utracone \u015brodki.<\/p><p>W obecnej sytuacji pojawia si\u0119 jedno pytanie: czy naprawd\u0119 mo\u017cna odzyska\u0107 skradzione kryptowaluty? Czy jest to legalne? Czy istniej\u0105 niezawodne, dyskretne i zgodne z prawem rozwi\u0105zania pozwalaj\u0105ce odzyska\u0107 skradzione aktywa cyfrowe lub kontrol\u0119 nad zhakowanymi kontami? W obliczu tych pyta\u0144, kt\u00f3re cz\u0119sto s\u0105 pilne dla ofiar, mo\u017cemy \u015bmia\u0142o odpowiedzie\u0107 TAK, odzyskanie pieni\u0119dzy i ich zwrot jest mo\u017cliwe.<\/p><p>W\u0142a\u015bnie w tym konkretnym przypadku pojawia si\u0119 powa\u017cna i profesjonalna alternatywa: nale\u017cy skontaktowa\u0107 si\u0119 z hakerem, aby odzyska\u0107 skradzione kryptowaluty za po\u015brednictwem specjalistycznej platformy. Na naszej stronie mo\u017cna zapozna\u0107 si\u0119 z poszczeg\u00f3lnymi krokami, kt\u00f3re oczywi\u015bcie musz\u0105 by\u0107 wykonane przez profesjonalist\u0119. Przedstawiamy kompletny przegl\u0105d tej praktyki, kt\u00f3ra jest wci\u0105\u017c stosunkowo ma\u0142o znana og\u00f3\u0142owi spo\u0142ecze\u0144stwa. Stosujemy wy\u0142\u0105cznie techniki, kt\u00f3re s\u0105 dopuszczalne prawnie, wykonalne technicznie i, co najwa\u017cniejsze, faktycznie dzia\u0142aj\u0105. Przedstawimy Ci r\u00f3wnie\u017c wiod\u0105c\u0105 platform\u0119 w dziedzinie etycznego cyberbezpiecze\u0144stwa, oferuj\u0105c\u0105 szybk\u0105 interwencj\u0119. Odzyskanie skradzionych kryptowalut w spos\u00f3b legalny i poufny jest mo\u017cliwe dzi\u0119ki naszemu wsparciu.<\/p><h2 style=\"text-align: center;\">DLACZEGO WARTO NAM ZAUFA\u0106?<\/h2><p><strong>W pe\u0142ni certyfikowani \u015bledczy<\/strong><br \/>Nasze osi\u0105gni\u0119cia w dziedzinie kryminalistyki blockchain, cyberbezpiecze\u0144stwa i dochodze\u0144 dotycz\u0105cych przest\u0119pstw finansowych wzmacniaj\u0105 nasz\u0105 zdolno\u015b\u0107 do \u015bledzenia utraconych aktyw\u00f3w i zdobywania zaufania gie\u0142d i klient\u00f3w.<\/p><p><strong>Pr\u0119dko\u015b\u0107 ma znaczenie<\/strong><br \/>Odzyskiwanie kryptowalut to wy\u015bcig z czasem. Nasze bran\u017cowe systemy ostrzegawcze natychmiast wysy\u0142aj\u0105 powiadomienia do platform, partner\u00f3w AML i organ\u00f3w regulacyjnych, chroni\u0105c Twoje szanse.<\/p><p><strong>Przejrzysto\u015b\u0107 dzi\u0119ki prawdziwym ludziom<\/strong><br \/>\u017badnych anonimowych system\u00f3w ani ukrytych rachunk\u00f3w. B\u0119dziesz wsp\u00f3\u0142pracowa\u0107 bezpo\u015brednio z do\u015bwiadczonym \u015bledczym, kt\u00f3ry poprowadzi Ci\u0119 przez ka\u017cdy etap procesu, wyja\u015bniaj\u0105c ryzyko i dost\u0119pne opcje w jasny spos\u00f3b.<\/p><p><strong>Globalny zasi\u0119g i sie\u0107<\/strong><br \/>Koordynujemy nasze dzia\u0142ania z gie\u0142dami, organami \u015bcigania, zespo\u0142ami ds. zgodno\u015bci i instytucjami finansowymi na ca\u0142ym \u015bwiecie, co pozwala nam \u015bledzi\u0107 i odzyskiwa\u0107 aktywa ponad granicami.<\/p><h3 style=\"text-align: center;\">Kilka powod\u00f3w, dla kt\u00f3rych ludzie wybieraj\u0105 nas!<\/h3><p>W obliczu pilnej potrzeby odzyskania kryptowaluty nasz do\u015bwiadczony zesp\u00f3\u0142 dzia\u0142a dyskretnie i bezpiecznie, aby pom\u00f3c Ci odzyska\u0107 kontrol\u0119 nad Twoimi aktywami cyfrowymi. Dzi\u0119ki sprawdzonemu do\u015bwiadczeniu w odzyskiwaniu danych z \u0142a\u0144cucha blok\u00f3w jeste\u015bmy zaufanymi ekspertami w zakresie odzyskiwania bitcoin\u00f3w.<\/p><h3 style=\"text-align: center;\">ODZYSKAJ SKRADZION\u0104 KRYPTOWALUT\u0118<\/h3><p>Skontaktowanie si\u0119 z hakerem w celu odzyskania skradzionych kryptowalut jest ca\u0142kowicie legalne, pod warunkiem, \u017ce korzystasz z us\u0142ug etycznego hakera, znanego r\u00f3wnie\u017c jako haker typu white hat. Ci specjali\u015bci ds. cyberbezpiecze\u0144stwa dzia\u0142aj\u0105 w \u015bci\u015ble okre\u015blonych ramach prawnych, umownych i bezpiecze\u0144stwa. Je\u015bli zdecydujesz si\u0119 zatrudni\u0107 hakera w celu odzyskania skradzionych kryptowalut, najtrudniejszym zadaniem b\u0119dzie analiza sytuacji w celu opracowania bezpiecznego planu dzia\u0142ania. Nast\u0119pnie hakerzy zidentyfikuj\u0105 luki w zabezpieczeniach wykorzystane przez haker\u00f3w, aby zagwarantowa\u0107 jak najszybsze odzyskanie \u015brodk\u00f3w. Na koniec podejm\u0105 niezb\u0119dne dzia\u0142ania, aby przywr\u00f3ci\u0107 dost\u0119p do danych. Nale\u017cy pami\u0119ta\u0107, \u017ce proces ten jest mo\u017cliwy tylko wtedy, gdy mo\u017cna udowodni\u0107, \u017ce jest si\u0119 prawowitym w\u0142a\u015bcicielem danego konta lub portfela. ODZYSKAJ SKRADZION\u0104 KRYPTOWALUT\u0118<\/p><p><b>A co z kradzionymi kryptowalutami?<\/b><\/p><p>Odzyskanie skradzionej kryptowaluty stanowi prawdziwe wyzwanie. W przeciwie\u0144stwie do tradycyjnych kont internetowych, \u0142a\u0144cuchy blok\u00f3w dzia\u0142aj\u0105 w spos\u00f3b zdecentralizowany, anonimowy i, co najwa\u017cniejsze, nieodwracalny. Oznacza to, \u017ce po przekazaniu \u015brodk\u00f3w \u017cadna transakcja nie mo\u017ce zosta\u0107 cofni\u0119ta. W tym kontek\u015bcie zatrudnienie hakera w celu odzyskania skradzionej kryptowaluty cz\u0119sto staje si\u0119 konieczne, aby zmaksymalizowa\u0107 szanse powodzenia.<\/p><p><b><br \/><\/b><strong>Oto, co to oznacza w praktyce:<\/strong><\/p><p>\u015aled\u017a przep\u0142yw swoich \u015brodk\u00f3w w \u0142a\u0144cuchu blok\u00f3w za pomoc\u0105 specjalistycznych narz\u0119dzi, zidentyfikuj adresy docelowe u\u017cywane przez cyberprzest\u0119pc\u0119, udowodnij, \u017ce jeste\u015b prawowitym w\u0142a\u015bcicielem skradzionych kryptowalut (zrzuty ekranu, adresy kryptowalut, historia transakcji), przygotuj solidn\u0105 podstaw\u0119 prawn\u0105 do poparcia swojego roszczenia i wsp\u00f3\u0142pracuj z platformami wymiany (takimi jak Binance lub Coinbase), aby w miar\u0119 mo\u017cliwo\u015bci zablokowa\u0107 lub zamrozi\u0107 \u015brodki.<\/p><p>W takiej sytuacji zatrudnienie hakera w celu odzyskania skradzionych kryptowalut staje si\u0119 strategicznym posuni\u0119ciem. Etyczny i wykwalifikowany ekspert mo\u017ce poprowadzi\u0107 Ci\u0119 krok po kroku, dyskretnie, w ramach prawnych i bezpiecznych zasad. ODZYSKAJ SKRADZION\u0104 KRYPTOWALUT\u0118<\/p><h3>Jak mam to zrobi\u0107? Z jakiej platformy powinienem skorzysta\u0107?<\/h3><p>W obliczu rosn\u0105cej liczby oszustw internetowych niezwykle wa\u017cne jest korzystanie z niezawodnej i legalnej platformy. W\u0142a\u015bnie w tym zakresie nasza strona wyr\u00f3\u017cnia si\u0119 jako najlepsze \u017ar\u00f3d\u0142o informacji umo\u017cliwiaj\u0105ce kontakt z etycznym hakerem. <a href=\"https:\/\/reseaudesecurite.com\/\" target=\"_blank\" rel=\"noopener\"><span style=\"color: #ffffff;\">contacting an ethical hacker<\/span><\/a><\/p>\t\t\t\t\t\t\t\t<\/div>\n\t\t\t\t\t<\/div>\n\t\t\t\t<\/div>\n\t\t\t\t<\/div>","protected":false},"excerpt":{"rendered":"<p>Recover your stolen crypto . We are proud to say that we are one of the leading providers of professional crypto recovery services. Our unwavering commitment is to provide 100% safe, reliable, and effective solutions for our clients&#8217; peace of mind. We understand the complexity and challenges of digital asset recovery, which is why we&#8230;<\/p>","protected":false},"author":1,"featured_media":0,"parent":0,"menu_order":0,"comment_status":"closed","ping_status":"closed","template":"","meta":{"om_disable_all_campaigns":false,"_kad_post_transparent":"","_kad_post_title":"","_kad_post_layout":"","_kad_post_sidebar_id":"","_kad_post_content_style":"","_kad_post_vertical_padding":"","_kad_post_feature":"","_kad_post_feature_position":"","_kad_post_header":false,"_kad_post_footer":false,"_kad_post_classname":"","_joinchat":[],"footnotes":""},"class_list":["post-50","page","type-page","status-publish","hentry"],"yoast_head":"<!-- This site is optimized with the Yoast SEO plugin v27.2 - https:\/\/yoast.com\/product\/yoast-seo-wordpress\/ -->\n<title>RECOVER YOUR STOLEN CRYPTO-CURRENCY - Cipher Guard<\/title>\n<meta name=\"robots\" content=\"index, follow, max-snippet:-1, max-image-preview:large, max-video-preview:-1\" \/>\n<link rel=\"canonical\" href=\"https:\/\/cipher-guard.com\/pl\/recover-your-stolen-cryptocurrency\/\" \/>\n<meta property=\"og:locale\" content=\"pl_PL\" \/>\n<meta property=\"og:type\" content=\"article\" \/>\n<meta property=\"og:title\" content=\"RECOVER YOUR STOLEN CRYPTO-CURRENCY - Cipher Guard\" \/>\n<meta property=\"og:description\" content=\"Recover your stolen crypto . We are proud to say that we are one of the leading providers of professional crypto recovery services. Our unwavering commitment is to provide 100% safe, reliable, and effective solutions for our clients&#8217; peace of mind. We understand the complexity and challenges of digital asset recovery, which is why we...\" \/>\n<meta property=\"og:url\" content=\"https:\/\/cipher-guard.com\/pl\/recover-your-stolen-cryptocurrency\/\" \/>\n<meta property=\"og:site_name\" content=\"Cipher Guard\" \/>\n<meta property=\"article:modified_time\" content=\"2026-01-21T11:34:55+00:00\" \/>\n<meta property=\"og:image\" content=\"https:\/\/cipher-guard.com\/wp-content\/uploads\/2025\/11\/RECUPERER-VOS-CRYPTOS-MONNAIE-VOLEE.webp\" \/>\n\t<meta property=\"og:image:width\" content=\"1600\" \/>\n\t<meta property=\"og:image:height\" content=\"800\" \/>\n\t<meta property=\"og:image:type\" content=\"image\/webp\" \/>\n<meta name=\"twitter:card\" content=\"summary_large_image\" \/>\n<meta name=\"twitter:label1\" content=\"Szacowany czas czytania\" \/>\n\t<meta name=\"twitter:data1\" content=\"5 minut\" \/>\n<script type=\"application\/ld+json\" class=\"yoast-schema-graph\">{\"@context\":\"https:\/\/schema.org\",\"@graph\":[{\"@type\":\"WebPage\",\"@id\":\"https:\/\/cipher-guard.com\/recover-your-stolen-cryptocurrency\/\",\"url\":\"https:\/\/cipher-guard.com\/recover-your-stolen-cryptocurrency\/\",\"name\":\"RECOVER YOUR STOLEN CRYPTO-CURRENCY - Cipher Guard\",\"isPartOf\":{\"@id\":\"https:\/\/cipher-guard.com\/#website\"},\"primaryImageOfPage\":{\"@id\":\"https:\/\/cipher-guard.com\/recover-your-stolen-cryptocurrency\/#primaryimage\"},\"image\":{\"@id\":\"https:\/\/cipher-guard.com\/recover-your-stolen-cryptocurrency\/#primaryimage\"},\"thumbnailUrl\":\"https:\/\/cipher-guard.com\/wp-content\/uploads\/2025\/11\/RECUPERER-VOS-CRYPTOS-MONNAIE-VOLEE.webp\",\"datePublished\":\"2025-11-11T07:40:26+00:00\",\"dateModified\":\"2026-01-21T11:34:55+00:00\",\"breadcrumb\":{\"@id\":\"https:\/\/cipher-guard.com\/recover-your-stolen-cryptocurrency\/#breadcrumb\"},\"inLanguage\":\"pl-PL\",\"potentialAction\":[{\"@type\":\"ReadAction\",\"target\":[\"https:\/\/cipher-guard.com\/recover-your-stolen-cryptocurrency\/\"]}]},{\"@type\":\"ImageObject\",\"inLanguage\":\"pl-PL\",\"@id\":\"https:\/\/cipher-guard.com\/recover-your-stolen-cryptocurrency\/#primaryimage\",\"url\":\"https:\/\/cipher-guard.com\/wp-content\/uploads\/2025\/11\/RECUPERER-VOS-CRYPTOS-MONNAIE-VOLEE.webp\",\"contentUrl\":\"https:\/\/cipher-guard.com\/wp-content\/uploads\/2025\/11\/RECUPERER-VOS-CRYPTOS-MONNAIE-VOLEE.webp\"},{\"@type\":\"BreadcrumbList\",\"@id\":\"https:\/\/cipher-guard.com\/recover-your-stolen-cryptocurrency\/#breadcrumb\",\"itemListElement\":[{\"@type\":\"ListItem\",\"position\":1,\"name\":\"Accueil\",\"item\":\"https:\/\/cipher-guard.com\/\"},{\"@type\":\"ListItem\",\"position\":2,\"name\":\"RECOVER YOUR STOLEN CRYPTO-CURRENCY\"}]},{\"@type\":\"WebSite\",\"@id\":\"https:\/\/cipher-guard.com\/#website\",\"url\":\"https:\/\/cipher-guard.com\/\",\"name\":\"Cipher Guard\",\"description\":\"Best website to meet hackers to help you solve your security problems\",\"publisher\":{\"@id\":\"https:\/\/cipher-guard.com\/#organization\"},\"potentialAction\":[{\"@type\":\"SearchAction\",\"target\":{\"@type\":\"EntryPoint\",\"urlTemplate\":\"https:\/\/cipher-guard.com\/?s={search_term_string}\"},\"query-input\":{\"@type\":\"PropertyValueSpecification\",\"valueRequired\":true,\"valueName\":\"search_term_string\"}}],\"inLanguage\":\"pl-PL\"},{\"@type\":\"Organization\",\"@id\":\"https:\/\/cipher-guard.com\/#organization\",\"name\":\"Cipher Guard\",\"url\":\"https:\/\/cipher-guard.com\/\",\"logo\":{\"@type\":\"ImageObject\",\"inLanguage\":\"pl-PL\",\"@id\":\"https:\/\/cipher-guard.com\/#\/schema\/logo\/image\/\",\"url\":\"https:\/\/cipher-guard.com\/wp-content\/uploads\/2026\/01\/cipher-guard-logo.png\",\"contentUrl\":\"https:\/\/cipher-guard.com\/wp-content\/uploads\/2026\/01\/cipher-guard-logo.png\",\"width\":360,\"height\":360,\"caption\":\"Cipher Guard\"},\"image\":{\"@id\":\"https:\/\/cipher-guard.com\/#\/schema\/logo\/image\/\"}}]}<\/script>\n<!-- \/ Yoast SEO plugin. -->","yoast_head_json":{"title":"RECOVER YOUR STOLEN CRYPTO-CURRENCY - Cipher Guard","robots":{"index":"index","follow":"follow","max-snippet":"max-snippet:-1","max-image-preview":"max-image-preview:large","max-video-preview":"max-video-preview:-1"},"canonical":"https:\/\/cipher-guard.com\/pl\/recover-your-stolen-cryptocurrency\/","og_locale":"pl_PL","og_type":"article","og_title":"RECOVER YOUR STOLEN CRYPTO-CURRENCY - Cipher Guard","og_description":"Recover your stolen crypto . We are proud to say that we are one of the leading providers of professional crypto recovery services. Our unwavering commitment is to provide 100% safe, reliable, and effective solutions for our clients&#8217; peace of mind. We understand the complexity and challenges of digital asset recovery, which is why we...","og_url":"https:\/\/cipher-guard.com\/pl\/recover-your-stolen-cryptocurrency\/","og_site_name":"Cipher Guard","article_modified_time":"2026-01-21T11:34:55+00:00","og_image":[{"width":1600,"height":800,"url":"https:\/\/cipher-guard.com\/wp-content\/uploads\/2025\/11\/RECUPERER-VOS-CRYPTOS-MONNAIE-VOLEE.webp","type":"image\/webp"}],"twitter_card":"summary_large_image","twitter_misc":{"Szacowany czas czytania":"5 minut"},"schema":{"@context":"https:\/\/schema.org","@graph":[{"@type":"WebPage","@id":"https:\/\/cipher-guard.com\/recover-your-stolen-cryptocurrency\/","url":"https:\/\/cipher-guard.com\/recover-your-stolen-cryptocurrency\/","name":"RECOVER YOUR STOLEN CRYPTO-CURRENCY - Cipher Guard","isPartOf":{"@id":"https:\/\/cipher-guard.com\/#website"},"primaryImageOfPage":{"@id":"https:\/\/cipher-guard.com\/recover-your-stolen-cryptocurrency\/#primaryimage"},"image":{"@id":"https:\/\/cipher-guard.com\/recover-your-stolen-cryptocurrency\/#primaryimage"},"thumbnailUrl":"https:\/\/cipher-guard.com\/wp-content\/uploads\/2025\/11\/RECUPERER-VOS-CRYPTOS-MONNAIE-VOLEE.webp","datePublished":"2025-11-11T07:40:26+00:00","dateModified":"2026-01-21T11:34:55+00:00","breadcrumb":{"@id":"https:\/\/cipher-guard.com\/recover-your-stolen-cryptocurrency\/#breadcrumb"},"inLanguage":"pl-PL","potentialAction":[{"@type":"ReadAction","target":["https:\/\/cipher-guard.com\/recover-your-stolen-cryptocurrency\/"]}]},{"@type":"ImageObject","inLanguage":"pl-PL","@id":"https:\/\/cipher-guard.com\/recover-your-stolen-cryptocurrency\/#primaryimage","url":"https:\/\/cipher-guard.com\/wp-content\/uploads\/2025\/11\/RECUPERER-VOS-CRYPTOS-MONNAIE-VOLEE.webp","contentUrl":"https:\/\/cipher-guard.com\/wp-content\/uploads\/2025\/11\/RECUPERER-VOS-CRYPTOS-MONNAIE-VOLEE.webp"},{"@type":"BreadcrumbList","@id":"https:\/\/cipher-guard.com\/recover-your-stolen-cryptocurrency\/#breadcrumb","itemListElement":[{"@type":"ListItem","position":1,"name":"Accueil","item":"https:\/\/cipher-guard.com\/"},{"@type":"ListItem","position":2,"name":"RECOVER YOUR STOLEN CRYPTO-CURRENCY"}]},{"@type":"WebSite","@id":"https:\/\/cipher-guard.com\/#website","url":"https:\/\/cipher-guard.com\/","name":"Cipher Guard","description":"Best website to meet hackers to help you solve your security problems","publisher":{"@id":"https:\/\/cipher-guard.com\/#organization"},"potentialAction":[{"@type":"SearchAction","target":{"@type":"EntryPoint","urlTemplate":"https:\/\/cipher-guard.com\/?s={search_term_string}"},"query-input":{"@type":"PropertyValueSpecification","valueRequired":true,"valueName":"search_term_string"}}],"inLanguage":"pl-PL"},{"@type":"Organization","@id":"https:\/\/cipher-guard.com\/#organization","name":"Cipher Guard","url":"https:\/\/cipher-guard.com\/","logo":{"@type":"ImageObject","inLanguage":"pl-PL","@id":"https:\/\/cipher-guard.com\/#\/schema\/logo\/image\/","url":"https:\/\/cipher-guard.com\/wp-content\/uploads\/2026\/01\/cipher-guard-logo.png","contentUrl":"https:\/\/cipher-guard.com\/wp-content\/uploads\/2026\/01\/cipher-guard-logo.png","width":360,"height":360,"caption":"Cipher Guard"},"image":{"@id":"https:\/\/cipher-guard.com\/#\/schema\/logo\/image\/"}}]}},"_links":{"self":[{"href":"https:\/\/cipher-guard.com\/pl\/wp-json\/wp\/v2\/pages\/50","targetHints":{"allow":["GET"]}}],"collection":[{"href":"https:\/\/cipher-guard.com\/pl\/wp-json\/wp\/v2\/pages"}],"about":[{"href":"https:\/\/cipher-guard.com\/pl\/wp-json\/wp\/v2\/types\/page"}],"author":[{"embeddable":true,"href":"https:\/\/cipher-guard.com\/pl\/wp-json\/wp\/v2\/users\/1"}],"replies":[{"embeddable":true,"href":"https:\/\/cipher-guard.com\/pl\/wp-json\/wp\/v2\/comments?post=50"}],"version-history":[{"count":19,"href":"https:\/\/cipher-guard.com\/pl\/wp-json\/wp\/v2\/pages\/50\/revisions"}],"predecessor-version":[{"id":309,"href":"https:\/\/cipher-guard.com\/pl\/wp-json\/wp\/v2\/pages\/50\/revisions\/309"}],"wp:attachment":[{"href":"https:\/\/cipher-guard.com\/pl\/wp-json\/wp\/v2\/media?parent=50"}],"curies":[{"name":"wp","href":"https:\/\/api.w.org\/{rel}","templated":true}]}}