{"id":7,"date":"2025-11-11T06:19:38","date_gmt":"2025-11-11T06:19:38","guid":{"rendered":"https:\/\/cipher-guard.com\/?page_id=7"},"modified":"2026-01-21T11:28:53","modified_gmt":"2026-01-21T11:28:53","slug":"hire-a-professional-hacker","status":"publish","type":"page","link":"https:\/\/cipher-guard.com\/pl\/hire-a-professional-hacker\/","title":{"rendered":"Zatrudnij profesjonalnego hakera"},"content":{"rendered":"<div data-elementor-type=\"wp-post\" data-elementor-id=\"7\" class=\"elementor elementor-7\" data-elementor-post-type=\"page\">\n\t\t\t\t<div class=\"elementor-element elementor-element-559b399 e-flex e-con-boxed e-con e-parent\" data-id=\"559b399\" data-element_type=\"container\" data-e-type=\"container\">\n\t\t\t\t\t<div class=\"e-con-inner\">\n\t\t\t\t<div class=\"elementor-element elementor-element-f1c1b92 elementor-widget elementor-widget-image\" data-id=\"f1c1b92\" data-element_type=\"widget\" data-e-type=\"widget\" data-widget_type=\"image.default\">\n\t\t\t\t\t\t\t\t\t\t\t\t\t\t\t<img fetchpriority=\"high\" decoding=\"async\" width=\"1024\" height=\"461\" src=\"https:\/\/cipher-guard.com\/wp-content\/uploads\/2025\/11\/ENGAGER-UN-HACKER-PROFESSIONNEL-1024x461.webp\" class=\"attachment-large size-large wp-image-15\" alt=\"Zatrudnij profesjonalnego hakera\" srcset=\"https:\/\/cipher-guard.com\/wp-content\/uploads\/2025\/11\/ENGAGER-UN-HACKER-PROFESSIONNEL-1024x461.webp 1024w, https:\/\/cipher-guard.com\/wp-content\/uploads\/2025\/11\/ENGAGER-UN-HACKER-PROFESSIONNEL-300x135.webp 300w, https:\/\/cipher-guard.com\/wp-content\/uploads\/2025\/11\/ENGAGER-UN-HACKER-PROFESSIONNEL-768x346.webp 768w, https:\/\/cipher-guard.com\/wp-content\/uploads\/2025\/11\/ENGAGER-UN-HACKER-PROFESSIONNEL.webp 1425w\" sizes=\"(max-width: 1024px) 100vw, 1024px\" \/>\t\t\t\t\t\t\t\t\t\t\t\t\t\t\t<\/div>\n\t\t\t\t<div class=\"elementor-element elementor-element-9b03d9b elementor-widget elementor-widget-text-editor\" data-id=\"9b03d9b\" data-element_type=\"widget\" data-e-type=\"widget\" data-widget_type=\"text-editor.default\">\n\t\t\t\t\t\t\t\t\t<p><strong>Zatrudnienie profesjonalisty<\/strong> i do\u015bwiadczony haker: Etyczni hakerzy odgrywaj\u0105 kluczow\u0105 rol\u0119 w dzisiejszym globalnym krajobrazie cyberbezpiecze\u0144stwa. Dzi\u0119ki swoim umiej\u0119tno\u015bciom technicznym i dog\u0142\u0119bnej znajomo\u015bci metod atak\u00f3w, specjali\u015bci ci pomagaj\u0105 wzmocni\u0107 cyberobron\u0119 i ograniczy\u0107 ryzyko zwi\u0105zane z zagro\u017ceniami cyfrowymi. Rekrutacja profesjonalnych etycznych haker\u00f3w jest nie tylko rozs\u0105dn\u0105 praktyk\u0105, ale tak\u017ce proaktywnym krokiem w kierunku ochrony krytycznych zasob\u00f3w cyfrowych.<\/p><p>W coraz bardziej po\u0142\u0105czonym \u015bwiecie cyberbezpiecze\u0144stwo sta\u0142o si\u0119 podstawowym filarem ochrony informacji i zasob\u00f3w cyfrowych. Zatrudnienie etycznego hakera to skuteczna strategia identyfikacji i ograniczania podatno\u015bci system\u00f3w i sieci, a tym samym wzmocnienia cyberobrony organizacji. Dzi\u0119ki zastosowaniu tej praktyki firmy wykazuj\u0105 swoje zaanga\u017cowanie w ochron\u0119 poufnych informacji i zachowanie integralno\u015bci swoich dzia\u0142a\u0144 w dzisiejszym \u015brodowisku cyfrowym. Zatrudnienie profesjonalnego hakera<\/p><h3>Zatrudnij profesjonalnego hakera, aby zapewni\u0107 sobie solidne cyberbezpiecze\u0144stwo.<\/h3><p>W \u015bwiecie, w kt\u00f3rym cyfryzacja jest wszechobecna, ochrona danych i system\u00f3w stanowi najwy\u017cszy priorytet. Zatrudnianie profesjonalnych haker\u00f3w sta\u0142o si\u0119 niezb\u0119dn\u0105 strategi\u0105 zapewniaj\u0105c\u0105 solidne cyberbezpiecze\u0144stwo. Eksperci ds. cyberbezpiecze\u0144stwa i hakowania nie tylko pomagaj\u0105 identyfikowa\u0107 s\u0142abe punkty, ale tak\u017ce wsp\u00f3\u0142pracuj\u0105 przy opracowywaniu proaktywnych strategii obronnych. Poni\u017cej szczeg\u00f3\u0142owo omawiamy, w jaki spos\u00f3b zatrudnianie profesjonalnych haker\u00f3w mo\u017ce wzmocni\u0107 cyberobron\u0119 i chroni\u0107 organizacje przed rosn\u0105cymi zagro\u017ceniami cyfrowymi.<\/p><p><strong>Kompleksowa ocena ryzyka cybernetycznego<\/strong><\/p><p>Zatrudniaj\u0105c profesjonalnego hakera, organizacje zyskuj\u0105 kompleksow\u0105 ocen\u0119 zagro\u017ce\u0144 cybernetycznych, na jakie s\u0105 nara\u017cone. Specjali\u015bci ci nie tylko wyszukuj\u0105 oczywiste luki w zabezpieczeniach, ale tak\u017ce przeprowadzaj\u0105 dog\u0142\u0119bne testy w celu zidentyfikowania potencjalnych punkt\u00f3w wej\u015bcia, kt\u00f3re mog\u0105 pozosta\u0107 niewykryte przez konwencjonalne rozwi\u0105zania zabezpieczaj\u0105ce. Ta dok\u0142adna ocena pozwala organizacjom w pe\u0142ni zrozumie\u0107 swoje s\u0142abe punkty i podj\u0105\u0107 \u015brodki zapobiegawcze w celu ograniczenia potencjalnych zagro\u017ce\u0144 cybernetycznych.<\/p><h3>Proaktywna ochrona zasob\u00f3w cyfrowych<\/h3><p>Zatrudnienie profesjonalnych haker\u00f3w nie polega wy\u0142\u0105cznie na naprawianiu luk w zabezpieczeniach, ale tak\u017ce na proaktywnym wzmacnianiu ochrony zasob\u00f3w cyfrowych. Mo\u017cna na przyk\u0142ad rozwa\u017cy\u0107 zatrudnienie hakera WhatsApp. Eksperci ci wsp\u00f3\u0142pracuj\u0105 z istniej\u0105cymi zespo\u0142ami ds. bezpiecze\u0144stwa w celu wdro\u017cenia \u015brodk\u00f3w zapobiegawczych i zaawansowanych protoko\u0142\u00f3w bezpiecze\u0144stwa. Dostarczaj\u0105 r\u00f3wnie\u017c cennych informacji na temat najnowszych trend\u00f3w i taktyk stosowanych przez cyberprzest\u0119pc\u00f3w, umo\u017cliwiaj\u0105c organizacjom przewidywanie nowych zagro\u017ce\u0144 i podejmowanie \u015brodk\u00f3w zapobiegawczych, zanim one pojawi\u0105 si\u0119.<\/p><h3>Specjali\u015bci ds. cyberbezpiecze\u0144stwa<\/h3><p>Etyczni hakerzy nie tylko identyfikuj\u0105 luki w zabezpieczeniach, ale odgrywaj\u0105 r\u00f3wnie\u017c kluczow\u0105 rol\u0119 w szkoleniach i podnoszeniu \u015bwiadomo\u015bci w zakresie cyberbezpiecze\u0144stwa. Wsp\u00f3\u0142pracuj\u0105c z zespo\u0142ami wewn\u0119trznymi, eksperci ci pomagaj\u0105 budowa\u0107 kultur\u0119 cyberbezpiecze\u0144stwa w organizacji. Zapewniaj\u0105 specjalistyczne szkolenia, praktyczne porady i najlepsze praktyki, aby pracownicy byli \u015bwiadomi potencjalnych zagro\u017ce\u0144 cybernetycznych i rozumieli znaczenie przestrzegania ustalonych protoko\u0142\u00f3w bezpiecze\u0144stwa.<\/p><h3>Ograniczanie ryzyka finansowego i reputacyjnego<\/h3><p>Konsekwencje naruszenia cyberbezpiecze\u0144stwa mog\u0105 by\u0107 katastrofalne, zar\u00f3wno pod wzgl\u0119dem finansowym, jak i reputacji. Zatrudnienie profesjonalnego hakera mo\u017ce pom\u00f3c w ograniczeniu tych zagro\u017ce\u0144 poprzez wykrywanie i usuwanie luk w zabezpieczeniach, zanim zostan\u0105 one wykorzystane przez cyberprzest\u0119pc\u00f3w. Takie proaktywne podej\u015bcie nie tylko chroni integralno\u015b\u0107 danych i informacji poufnych, ale tak\u017ce reputacj\u0119 organizacji, zapewniaj\u0105c spok\u00f3j jej klientom i partnerom biznesowym. Zatrudnij profesjonalnego hakera<\/p><p>W coraz bardziej z\u0142o\u017conym \u015brodowisku cyfrowym zatrudnianie etycznych profesjonalnych haker\u00f3w ma kluczowe znaczenie dla zapewnienia solidnego cyberbezpiecze\u0144stwa. Eksperci ci identyfikuj\u0105 i usuwaj\u0105 luki w zabezpieczeniach, a tak\u017ce wsp\u00f3\u0142pracuj\u0105 przy wdra\u017caniu proaktywnych strategii obronnych i promowaniu kultury cyberbezpiecze\u0144stwa w organizacjach. Zatrudniaj\u0105c profesjonalnych haker\u00f3w, firmy wykazuj\u0105 swoje zaanga\u017cowanie w ochron\u0119 zasob\u00f3w cyfrowych, poufno\u015b\u0107 danych i zachowanie reputacji w cyfrowo po\u0142\u0105czonym \u015bwiecie. <a href=\"https:\/\/cipher-guard.com\/pl\/contact-us\/\">Skontaktuj si\u0119 z nami<\/a>. <a href=\"https:\/\/reseaudesecurite.com\/produit\/comment-pirater-un-snap\/\"><span style=\"color: #ffffff;\">Contact a hacker online<\/span><\/a><span style=\"color: #ffffff;\">.<\/span><\/p>\t\t\t\t\t\t\t\t<\/div>\n\t\t\t\t\t<\/div>\n\t\t\t\t<\/div>\n\t\t<div class=\"elementor-element elementor-element-8790319 e-flex e-con-boxed e-con e-parent\" data-id=\"8790319\" data-element_type=\"container\" data-e-type=\"container\">\n\t\t\t\t\t<div class=\"e-con-inner\">\n\t\t\t\t<div class=\"elementor-element elementor-element-db4465b elementor-widget elementor-widget-text-editor\" data-id=\"db4465b\" data-element_type=\"widget\" data-e-type=\"widget\" data-widget_type=\"text-editor.default\">\n\t\t\t\t\t\t\t\t\t<h2>SKONTAKTUJ SI\u0118 Z HAKEREM MEDI\u00d3W SPO\u0141ECZNO\u015aCIOWYCH<\/h2><p>Zatrudnij hakera medi\u00f3w spo\u0142eczno\u015bciowych Je\u015bli rozwa\u017casz zatrudnienie hakera do obs\u0142ugi swoich kont w mediach spo\u0142eczno\u015bciowych, musisz zrozumie\u0107 zwi\u0105zane z tym kwestie prawne i etyczne. Oferujemy licencjonowane profesjonalne us\u0142ugi odzyskiwania kont i ochrony profili w mediach spo\u0142eczno\u015bciowych, zawsze zgodne z prawem. W tym artykule wyja\u015bniamy, kiedy warto skorzysta\u0107 z tych us\u0142ug i jak znale\u017a\u0107 wiarygodnych dostawc\u00f3w.<\/p><p>Istniej\u0105 uzasadnione sytuacje, w kt\u00f3rych zatrudnienie profesjonalisty jest uzasadnione. Najcz\u0119stsz\u0105 z nich jest utrata dost\u0119pu do kont na Facebooku, Instagramie lub Twitterze. Nasi eksperci ds. cyberbezpiecze\u0144stwa i etycznego hakowania przestrzegaj\u0105 \u015bcis\u0142ych protoko\u0142\u00f3w, aby zweryfikowa\u0107 Twoj\u0105 to\u017csamo\u015b\u0107 i upewni\u0107 si\u0119, \u017ce jeste\u015b prawowitym w\u0142a\u015bcicielem, zanim podejm\u0105 dzia\u0142ania. Pomagamy r\u00f3wnie\u017c firmom, kt\u00f3re musz\u0105 odzyska\u0107 naruszone konta biznesowe lub zbada\u0107 wewn\u0119trzne naruszenia bezpiecze\u0144stwa.<\/p><p>Innym istotnym scenariuszem jest sytuacja, w kt\u00f3rej podejrzewasz naruszenie swojej prywatno\u015bci cyfrowej. Nasi specjali\u015bci mog\u0105 przeprowadzi\u0107 audyty w celu wykrycia wszelkich nieautoryzowanych dost\u0119p\u00f3w do Twoich profili. Nale\u017cy pami\u0119ta\u0107, \u017ce us\u0142ugi te r\u00f3\u017cni\u0105 si\u0119 ca\u0142kowicie od z\u0142o\u015bliwego hakowania, poniewa\u017c s\u0105 wykonywane za zgod\u0105 u\u017cytkownika i w celach ochronnych.<\/p><p>Rynek jest zalewany wprowadzaj\u0105cymi w b\u0142\u0105d ofertami obiecuj\u0105cymi w\u0142amanie si\u0119 do dowolnej sieci spo\u0142eczno\u015bciowej za nisk\u0105 cen\u0119. Us\u0142ugi te s\u0105 cz\u0119sto oszustwami maj\u0105cymi na celu kradzie\u017c pieni\u0119dzy lub poufnych informacji. Do konkretnych zagro\u017ce\u0144 nale\u017c\u0105 oszustwa typu phishing, w kt\u00f3rych oszu\u015bci pod fa\u0142szywym pretekstem prosz\u0105 o podanie danych logowania, lub pobieranie z\u0142o\u015bliwego oprogramowania pod postaci\u0105 narz\u0119dzi hakerskich.<\/p><p>W dziedzinie cyberbezpiecze\u0144stwa i etycznego hakowania odnotowali\u015bmy przypadki, w kt\u00f3rych ofiary straci\u0142y ca\u0142kowit\u0105 kontrol\u0119 nad swoimi urz\u0105dzeniami po pr\u00f3bie zatrudnienia haker\u00f3w na nieuregulowanych forach. Dlatego podkre\u015blamy potrzeb\u0119 sta\u0142ej weryfikacji certyfikat\u00f3w zawodowych, takich jak CEH (Certified Ethical Hacker), oraz wymagania um\u00f3w, kt\u00f3re jasno okre\u015blaj\u0105 warunki \u015bwiadczenia us\u0142ug. Zatrudnienie profesjonalnego hakera<\/p><h3>Nasza etyczna metoda pracy przy zatrudnianiu haker\u00f3w medi\u00f3w spo\u0142eczno\u015bciowych<\/h3><p>Kiedy klient kontaktuje si\u0119 z nami w celu odzyskania konta, rozpoczynamy rygorystyczny proces. Najpierw weryfikujemy dokumenty potwierdzaj\u0105ce w\u0142asno\u015b\u0107 konta. Nast\u0119pnie stosujemy autoryzowane techniki, takie jak kryminalistyka cyfrowa lub odzyskiwanie za po\u015brednictwem oficjalnych platform. Nigdy nie u\u017cywamy z\u0142o\u015bliwego oprogramowania, nielegalnych technik socjotechnicznych ani nieujawnionych exploit\u00f3w.<\/p><p>Dla firm oferujemy szczeg\u00f3\u0142owe raporty dotycz\u0105ce bezpiecze\u0144stwa, wyja\u015bniaj\u0105ce s\u0142abe punkty systemu i zawieraj\u0105ce zalecenia dotycz\u0105ce zapobiegania przysz\u0142ym incydentom. Wszystkie nasze procedury s\u0105 zgodne z przepisami, takimi jak RODO w Europie i lokalnymi przepisami dotycz\u0105cymi ochrony danych. Ta przejrzysto\u015b\u0107 odr\u00f3\u017cnia nas od tajnych us\u0142ug dzia\u0142aj\u0105cych w dark web.<\/p><p>Osoby, kt\u00f3re wahaj\u0105 si\u0119 przed samodzieln\u0105 pr\u00f3b\u0105 odzyskania konta lub zatrudnieniem profesjonalnego hakera, powinny rozwa\u017cy\u0107 zwi\u0105zane z tym ryzyko. Nieudana pr\u00f3ba odzyskania konta mo\u017ce spowodowa\u0107 zablokowanie zabezpiecze\u0144 platformy, co jeszcze bardziej utrudni dost\u0119p do konta. Nasi eksperci ds. cyberbezpiecze\u0144stwa i etycznego hakowania doskonale znaj\u0105 protoko\u0142y stosowane przez Facebooka, Instagram i Twittera w takich sytuacjach, co znacznie zwi\u0119ksza szanse na sukces bez nara\u017cania konta na niebezpiecze\u0144stwo.<\/p><p>Wielu u\u017cytkownik\u00f3w nie wie, \u017ce g\u0142\u00f3wne platformy spo\u0142eczno\u015bciowe oferuj\u0105 oficjalne kana\u0142y zg\u0142aszania w\u0142ama\u0144 na konta. Jednak procesy te s\u0105 cz\u0119sto powolne (mog\u0105 trwa\u0107 tygodnie) i nie zawsze skuteczne. Gdy liczy si\u0119 czas, na przyk\u0142ad w przypadku kradzie\u017cy to\u017csamo\u015bci lub wymuszenia, nasze etyczne us\u0142ugi oferuj\u0105 szybsz\u0105 i bardziej spersonalizowan\u0105 alternatyw\u0119, zawsze zgodn\u0105 z warunkami korzystania z ka\u017cdej platformy.<\/p><h3>Profesjonalni i do\u015bwiadczeni hakerzy<\/h3><p>Jednym z aspekt\u00f3w, kt\u00f3ry wyr\u00f3\u017cnia nasz\u0105 platform\u0119 spo\u015br\u00f3d innych dostawc\u00f3w, jest jej edukacyjne podej\u015bcie. Nie tylko rozwi\u0105zujemy bie\u017c\u0105ce problemy, ale tak\u017ce szkolimy naszych klient\u00f3w w zakresie najlepszych praktyk w zakresie bezpiecze\u0144stwa cyfrowego. Obejmuje to wdra\u017canie uwierzytelniania dwusk\u0142adnikowego, wykrywanie pr\u00f3b phishingu i tworzenie silnych hase\u0142, co zmniejsza ryzyko przysz\u0142ych incydent\u00f3w zwi\u0105zanych z bezpiecze\u0144stwem na platformach spo\u0142eczno\u015bciowych.<\/p><p>Firmy obecne w mediach spo\u0142eczno\u015bciowych nara\u017cone s\u0105 na specyficzne ryzyko, takie jak dost\u0119p niezadowolonych pracownik\u00f3w do ich kont lub pr\u00f3by zniszczenia wizerunku marki przez by\u0142ych partner\u00f3w. Nasze us\u0142ugi obejmuj\u0105 ocen\u0119 podatno\u015bci na zagro\u017cenia specyficzne dla proces\u00f3w zarz\u0105dzania mediami spo\u0142eczno\u015bciowymi, audyty kont uprzywilejowanych oraz plany reagowania na incydenty, a wszystko to udokumentowane zgodnie z przepisami.<\/p><p>Na koniec nale\u017cy podkre\u015bli\u0107, \u017ce wykorzystywanie haker\u00f3w medi\u00f3w spo\u0142eczno\u015bciowych do cel\u00f3w z\u0142o\u015bliwych (takich jak szpiegowanie partner\u00f3w lub konkurent\u00f3w) jest nie tylko nielegalne, ale mo\u017ce r\u00f3wnie\u017c prowadzi\u0107 do powa\u017cnych sankcji karnych. Na naszej stronie internetowej kategorycznie odrzucamy tego typu pro\u015bby i promujemy odpowiedzialne korzystanie z technologii. Nasze us\u0142ugi maj\u0105 na celu ochron\u0119 prywatno\u015bci i bezpiecze\u0144stwa cyfrowego, a nie ich naruszanie. <a href=\"https:\/\/cipher-guard.com\/pl\/contact-us\/\">Skontaktuj si\u0119 z nami<\/a><\/p>\t\t\t\t\t\t\t\t<\/div>\n\t\t\t\t\t<\/div>\n\t\t\t\t<\/div>\n\t\t\t\t<\/div>","protected":false},"excerpt":{"rendered":"<p>Engager un hacker professionnel et exp\u00e9riment\u00e9 Les hackers \u00e9thiques jouent un r\u00f4le crucial dans le paysage actuel de la cybers\u00e9curit\u00e9  dans le monde. <\/p>","protected":false},"author":1,"featured_media":15,"parent":0,"menu_order":0,"comment_status":"closed","ping_status":"closed","template":"","meta":{"om_disable_all_campaigns":false,"_kad_post_transparent":"","_kad_post_title":"","_kad_post_layout":"","_kad_post_sidebar_id":"","_kad_post_content_style":"","_kad_post_vertical_padding":"","_kad_post_feature":"","_kad_post_feature_position":"","_kad_post_header":false,"_kad_post_footer":false,"_kad_post_classname":"","_joinchat":[],"footnotes":""},"class_list":["post-7","page","type-page","status-publish","has-post-thumbnail","hentry"],"yoast_head":"<!-- This site is optimized with the Yoast SEO plugin v27.2 - https:\/\/yoast.com\/product\/yoast-seo-wordpress\/ -->\n<title>Hire a Professional Hacker - Cipher Guard<\/title>\n<meta name=\"robots\" content=\"index, follow, max-snippet:-1, max-image-preview:large, max-video-preview:-1\" \/>\n<link rel=\"canonical\" href=\"https:\/\/cipher-guard.com\/pl\/hire-a-professional-hacker\/\" \/>\n<meta property=\"og:locale\" content=\"pl_PL\" \/>\n<meta property=\"og:type\" content=\"article\" \/>\n<meta property=\"og:title\" content=\"Hire a Professional Hacker - Cipher Guard\" \/>\n<meta property=\"og:description\" content=\"Engager un hacker professionnel et exp\u00e9riment\u00e9 Les hackers \u00e9thiques jouent un r\u00f4le crucial dans le paysage actuel de la cybers\u00e9curit\u00e9 dans le monde.\" \/>\n<meta property=\"og:url\" content=\"https:\/\/cipher-guard.com\/pl\/hire-a-professional-hacker\/\" \/>\n<meta property=\"og:site_name\" content=\"Cipher Guard\" \/>\n<meta property=\"article:modified_time\" content=\"2026-01-21T11:28:53+00:00\" \/>\n<meta property=\"og:image\" content=\"https:\/\/cipher-guard.com\/wp-content\/uploads\/2025\/11\/ENGAGER-UN-HACKER-PROFESSIONNEL.webp\" \/>\n\t<meta property=\"og:image:width\" content=\"1425\" \/>\n\t<meta property=\"og:image:height\" content=\"642\" \/>\n\t<meta property=\"og:image:type\" content=\"image\/webp\" \/>\n<meta name=\"twitter:card\" content=\"summary_large_image\" \/>\n<meta name=\"twitter:label1\" content=\"Szacowany czas czytania\" \/>\n\t<meta name=\"twitter:data1\" content=\"6 minut\" \/>\n<script type=\"application\/ld+json\" class=\"yoast-schema-graph\">{\"@context\":\"https:\/\/schema.org\",\"@graph\":[{\"@type\":\"WebPage\",\"@id\":\"https:\/\/cipher-guard.com\/hire-a-professional-hacker\/\",\"url\":\"https:\/\/cipher-guard.com\/hire-a-professional-hacker\/\",\"name\":\"Hire a Professional Hacker - Cipher Guard\",\"isPartOf\":{\"@id\":\"https:\/\/cipher-guard.com\/#website\"},\"primaryImageOfPage\":{\"@id\":\"https:\/\/cipher-guard.com\/hire-a-professional-hacker\/#primaryimage\"},\"image\":{\"@id\":\"https:\/\/cipher-guard.com\/hire-a-professional-hacker\/#primaryimage\"},\"thumbnailUrl\":\"https:\/\/cipher-guard.com\/wp-content\/uploads\/2025\/11\/ENGAGER-UN-HACKER-PROFESSIONNEL.webp\",\"datePublished\":\"2025-11-11T06:19:38+00:00\",\"dateModified\":\"2026-01-21T11:28:53+00:00\",\"breadcrumb\":{\"@id\":\"https:\/\/cipher-guard.com\/hire-a-professional-hacker\/#breadcrumb\"},\"inLanguage\":\"pl-PL\",\"potentialAction\":[{\"@type\":\"ReadAction\",\"target\":[\"https:\/\/cipher-guard.com\/hire-a-professional-hacker\/\"]}]},{\"@type\":\"ImageObject\",\"inLanguage\":\"pl-PL\",\"@id\":\"https:\/\/cipher-guard.com\/hire-a-professional-hacker\/#primaryimage\",\"url\":\"https:\/\/cipher-guard.com\/wp-content\/uploads\/2025\/11\/ENGAGER-UN-HACKER-PROFESSIONNEL.webp\",\"contentUrl\":\"https:\/\/cipher-guard.com\/wp-content\/uploads\/2025\/11\/ENGAGER-UN-HACKER-PROFESSIONNEL.webp\",\"width\":1425,\"height\":642,\"caption\":\"Hire a Professional Hacker\"},{\"@type\":\"BreadcrumbList\",\"@id\":\"https:\/\/cipher-guard.com\/hire-a-professional-hacker\/#breadcrumb\",\"itemListElement\":[{\"@type\":\"ListItem\",\"position\":1,\"name\":\"Accueil\",\"item\":\"https:\/\/cipher-guard.com\/\"},{\"@type\":\"ListItem\",\"position\":2,\"name\":\"Hire a Professional Hacker\"}]},{\"@type\":\"WebSite\",\"@id\":\"https:\/\/cipher-guard.com\/#website\",\"url\":\"https:\/\/cipher-guard.com\/\",\"name\":\"Cipher Guard\",\"description\":\"Best website to meet hackers to help you solve your security problems\",\"publisher\":{\"@id\":\"https:\/\/cipher-guard.com\/#organization\"},\"potentialAction\":[{\"@type\":\"SearchAction\",\"target\":{\"@type\":\"EntryPoint\",\"urlTemplate\":\"https:\/\/cipher-guard.com\/?s={search_term_string}\"},\"query-input\":{\"@type\":\"PropertyValueSpecification\",\"valueRequired\":true,\"valueName\":\"search_term_string\"}}],\"inLanguage\":\"pl-PL\"},{\"@type\":\"Organization\",\"@id\":\"https:\/\/cipher-guard.com\/#organization\",\"name\":\"Cipher Guard\",\"url\":\"https:\/\/cipher-guard.com\/\",\"logo\":{\"@type\":\"ImageObject\",\"inLanguage\":\"pl-PL\",\"@id\":\"https:\/\/cipher-guard.com\/#\/schema\/logo\/image\/\",\"url\":\"https:\/\/cipher-guard.com\/wp-content\/uploads\/2026\/01\/cipher-guard-logo.png\",\"contentUrl\":\"https:\/\/cipher-guard.com\/wp-content\/uploads\/2026\/01\/cipher-guard-logo.png\",\"width\":360,\"height\":360,\"caption\":\"Cipher Guard\"},\"image\":{\"@id\":\"https:\/\/cipher-guard.com\/#\/schema\/logo\/image\/\"}}]}<\/script>\n<!-- \/ Yoast SEO plugin. -->","yoast_head_json":{"title":"Hire a Professional Hacker - Cipher Guard","robots":{"index":"index","follow":"follow","max-snippet":"max-snippet:-1","max-image-preview":"max-image-preview:large","max-video-preview":"max-video-preview:-1"},"canonical":"https:\/\/cipher-guard.com\/pl\/hire-a-professional-hacker\/","og_locale":"pl_PL","og_type":"article","og_title":"Hire a Professional Hacker - Cipher Guard","og_description":"Engager un hacker professionnel et exp\u00e9riment\u00e9 Les hackers \u00e9thiques jouent un r\u00f4le crucial dans le paysage actuel de la cybers\u00e9curit\u00e9 dans le monde.","og_url":"https:\/\/cipher-guard.com\/pl\/hire-a-professional-hacker\/","og_site_name":"Cipher Guard","article_modified_time":"2026-01-21T11:28:53+00:00","og_image":[{"width":1425,"height":642,"url":"https:\/\/cipher-guard.com\/wp-content\/uploads\/2025\/11\/ENGAGER-UN-HACKER-PROFESSIONNEL.webp","type":"image\/webp"}],"twitter_card":"summary_large_image","twitter_misc":{"Szacowany czas czytania":"6 minut"},"schema":{"@context":"https:\/\/schema.org","@graph":[{"@type":"WebPage","@id":"https:\/\/cipher-guard.com\/hire-a-professional-hacker\/","url":"https:\/\/cipher-guard.com\/hire-a-professional-hacker\/","name":"Hire a Professional Hacker - Cipher Guard","isPartOf":{"@id":"https:\/\/cipher-guard.com\/#website"},"primaryImageOfPage":{"@id":"https:\/\/cipher-guard.com\/hire-a-professional-hacker\/#primaryimage"},"image":{"@id":"https:\/\/cipher-guard.com\/hire-a-professional-hacker\/#primaryimage"},"thumbnailUrl":"https:\/\/cipher-guard.com\/wp-content\/uploads\/2025\/11\/ENGAGER-UN-HACKER-PROFESSIONNEL.webp","datePublished":"2025-11-11T06:19:38+00:00","dateModified":"2026-01-21T11:28:53+00:00","breadcrumb":{"@id":"https:\/\/cipher-guard.com\/hire-a-professional-hacker\/#breadcrumb"},"inLanguage":"pl-PL","potentialAction":[{"@type":"ReadAction","target":["https:\/\/cipher-guard.com\/hire-a-professional-hacker\/"]}]},{"@type":"ImageObject","inLanguage":"pl-PL","@id":"https:\/\/cipher-guard.com\/hire-a-professional-hacker\/#primaryimage","url":"https:\/\/cipher-guard.com\/wp-content\/uploads\/2025\/11\/ENGAGER-UN-HACKER-PROFESSIONNEL.webp","contentUrl":"https:\/\/cipher-guard.com\/wp-content\/uploads\/2025\/11\/ENGAGER-UN-HACKER-PROFESSIONNEL.webp","width":1425,"height":642,"caption":"Hire a Professional Hacker"},{"@type":"BreadcrumbList","@id":"https:\/\/cipher-guard.com\/hire-a-professional-hacker\/#breadcrumb","itemListElement":[{"@type":"ListItem","position":1,"name":"Accueil","item":"https:\/\/cipher-guard.com\/"},{"@type":"ListItem","position":2,"name":"Hire a Professional Hacker"}]},{"@type":"WebSite","@id":"https:\/\/cipher-guard.com\/#website","url":"https:\/\/cipher-guard.com\/","name":"Cipher Guard","description":"Best website to meet hackers to help you solve your security problems","publisher":{"@id":"https:\/\/cipher-guard.com\/#organization"},"potentialAction":[{"@type":"SearchAction","target":{"@type":"EntryPoint","urlTemplate":"https:\/\/cipher-guard.com\/?s={search_term_string}"},"query-input":{"@type":"PropertyValueSpecification","valueRequired":true,"valueName":"search_term_string"}}],"inLanguage":"pl-PL"},{"@type":"Organization","@id":"https:\/\/cipher-guard.com\/#organization","name":"Cipher Guard","url":"https:\/\/cipher-guard.com\/","logo":{"@type":"ImageObject","inLanguage":"pl-PL","@id":"https:\/\/cipher-guard.com\/#\/schema\/logo\/image\/","url":"https:\/\/cipher-guard.com\/wp-content\/uploads\/2026\/01\/cipher-guard-logo.png","contentUrl":"https:\/\/cipher-guard.com\/wp-content\/uploads\/2026\/01\/cipher-guard-logo.png","width":360,"height":360,"caption":"Cipher Guard"},"image":{"@id":"https:\/\/cipher-guard.com\/#\/schema\/logo\/image\/"}}]}},"_links":{"self":[{"href":"https:\/\/cipher-guard.com\/pl\/wp-json\/wp\/v2\/pages\/7","targetHints":{"allow":["GET"]}}],"collection":[{"href":"https:\/\/cipher-guard.com\/pl\/wp-json\/wp\/v2\/pages"}],"about":[{"href":"https:\/\/cipher-guard.com\/pl\/wp-json\/wp\/v2\/types\/page"}],"author":[{"embeddable":true,"href":"https:\/\/cipher-guard.com\/pl\/wp-json\/wp\/v2\/users\/1"}],"replies":[{"embeddable":true,"href":"https:\/\/cipher-guard.com\/pl\/wp-json\/wp\/v2\/comments?post=7"}],"version-history":[{"count":15,"href":"https:\/\/cipher-guard.com\/pl\/wp-json\/wp\/v2\/pages\/7\/revisions"}],"predecessor-version":[{"id":303,"href":"https:\/\/cipher-guard.com\/pl\/wp-json\/wp\/v2\/pages\/7\/revisions\/303"}],"wp:featuredmedia":[{"embeddable":true,"href":"https:\/\/cipher-guard.com\/pl\/wp-json\/wp\/v2\/media\/15"}],"wp:attachment":[{"href":"https:\/\/cipher-guard.com\/pl\/wp-json\/wp\/v2\/media?parent=7"}],"curies":[{"name":"wp","href":"https:\/\/api.w.org\/{rel}","templated":true}]}}