{"id":3,"date":"2025-10-20T12:56:56","date_gmt":"2025-10-20T12:56:56","guid":{"rendered":"https:\/\/cipher-guard.com\/?page_id=3"},"modified":"2026-01-21T11:25:38","modified_gmt":"2026-01-21T11:25:38","slug":"hire-a-cheap-hacker","status":"publish","type":"page","link":"https:\/\/cipher-guard.com\/pt\/hire-a-cheap-hacker\/","title":{"rendered":"Contrate um hacker barato"},"content":{"rendered":"<div data-elementor-type=\"wp-page\" data-elementor-id=\"3\" class=\"elementor elementor-3\" data-elementor-post-type=\"page\">\n\t\t\t\t<div class=\"elementor-element elementor-element-17dd930 e-flex e-con-boxed e-con e-parent\" data-id=\"17dd930\" data-element_type=\"container\" data-e-type=\"container\">\n\t\t\t\t\t<div class=\"e-con-inner\">\n\t\t\t\t<div class=\"elementor-element elementor-element-68f941e elementor-widget elementor-widget-image\" data-id=\"68f941e\" data-element_type=\"widget\" data-e-type=\"widget\" data-widget_type=\"image.default\">\n\t\t\t\t\t\t\t\t\t\t\t\t\t\t\t<img fetchpriority=\"high\" decoding=\"async\" width=\"1024\" height=\"647\" src=\"https:\/\/cipher-guard.com\/wp-content\/uploads\/2025\/11\/Engagez-un-hacker-pas-cher-1024x647.jpg\" class=\"attachment-large size-large wp-image-36\" alt=\"Contrate um hacker barato\" srcset=\"https:\/\/cipher-guard.com\/wp-content\/uploads\/2025\/11\/Engagez-un-hacker-pas-cher-1024x647.jpg 1024w, https:\/\/cipher-guard.com\/wp-content\/uploads\/2025\/11\/Engagez-un-hacker-pas-cher-300x190.jpg 300w, https:\/\/cipher-guard.com\/wp-content\/uploads\/2025\/11\/Engagez-un-hacker-pas-cher-768x485.jpg 768w, https:\/\/cipher-guard.com\/wp-content\/uploads\/2025\/11\/Engagez-un-hacker-pas-cher-1536x971.jpg 1536w, https:\/\/cipher-guard.com\/wp-content\/uploads\/2025\/11\/Engagez-un-hacker-pas-cher.jpg 1600w\" sizes=\"(max-width: 1024px) 100vw, 1024px\" \/>\t\t\t\t\t\t\t\t\t\t\t\t\t\t\t<\/div>\n\t\t\t\t<div class=\"elementor-element elementor-element-00dd95f elementor-widget elementor-widget-text-editor\" data-id=\"00dd95f\" data-element_type=\"widget\" data-e-type=\"widget\" data-widget_type=\"text-editor.default\">\n\t\t\t\t\t\t\t\t\t<p>Contratar um hacker acess\u00edvel no mundo digital atual pode ser uma solu\u00e7\u00e3o para resolver problemas de seguran\u00e7a, recuperar contas perdidas ou realizar avalia\u00e7\u00f5es de vulnerabilidade. No entanto, \u00e9 fundamental escolher um servi\u00e7o confi\u00e1vel e \u00e9tico como o nosso, onde garantimos profissionalismo e efici\u00eancia sem comprometer a sua privacidade. <a href=\"https:\/\/cipher-guard.com\/pt\/contact-us\/\">Entre em contacto connosco<\/a><\/p><h3>Por que contratar um hacker profissional?<\/h3><p>Muitas pessoas contratam hackers por v\u00e1rios motivos, desde recuperar o acesso a contas de redes sociais at\u00e9 proteger sistemas corporativos. Um hacker certificado pode identificar vulnerabilidades de seguran\u00e7a antes que elas sejam exploradas por cibercriminosos. Oferecemos servi\u00e7os legais e transparentes para proteger as suas informa\u00e7\u00f5es.<\/p><h3>Servi\u00e7os que oferecemos em ciberseguran\u00e7a e hacking \u00e9tico<\/h3><p>Servi\u00e7os que oferecemos em ciberseguran\u00e7a e hacking \u00e9tico A nossa empresa \u00e9 especializada em hacking \u00e9tico, testes de penetra\u00e7\u00e3o e recupera\u00e7\u00e3o de contas. Seguimos protocolos legais rigorosos para evitar qualquer atividade ilegal. Aqui est\u00e3o alguns dos nossos servi\u00e7os:<\/p><p><strong>Recupera\u00e7\u00e3o de contas invadidas<\/strong> (Facebook, Instagram, e-mails).<\/p><p><strong>Testes de penetra\u00e7\u00e3o para empresas.<\/strong><br \/>Detec\u00e7\u00e3o de vulnerabilidades em sistemas inform\u00e1ticos.<br \/>Consultoria em seguran\u00e7a cibern\u00e9tica para proteger dados confidenciais.<br \/>Se precisa de um servi\u00e7o confi\u00e1vel, evite fraudes e escolha profissionais experientes. Contrate um hacker acess\u00edvel.<\/p><p><strong>Vantagens de usar um hacker acess\u00edvel<\/strong><br \/>Optar por servi\u00e7os acess\u00edveis n\u00e3o significa sacrificar a qualidade. Na nossa plataforma, oferecemos pre\u00e7os acess\u00edveis e elevados padr\u00f5es de seguran\u00e7a. Aqui est\u00e3o algumas vantagens de trabalhar connosco:<\/p><p><strong>Confidencialidade absoluta:<\/strong> Os seus dados estar\u00e3o sempre protegidos.<br \/>Resultados garantidos: solu\u00e7\u00f5es eficazes em pouco tempo.<br \/>Suporte 24 horas por dia, 7 dias por semana: aten\u00e7\u00e3o imediata em caso de emerg\u00eancia. N\u00e3o arrisque as suas informa\u00e7\u00f5es com servi\u00e7os duvidosos. Recorra a especialistas que cumprem as normas legais.<\/p><p><strong>Quando se procura contratar um hacker de baixo custo<\/strong>, \u00e9 essencial verificar a reputa\u00e7\u00e3o do fornecedor. Temos depoimentos genu\u00ednos e hist\u00f3rias de sucesso que demonstram o nosso profissionalismo. Evite servi\u00e7os que prometem resultados milagrosos ou exigem pagamentos adiantados sem garantias. Um hacker \u00e9tico respeit\u00e1vel opera sempre dentro do quadro legal e sob acordos de confidencialidade rigorosos.<\/p><p><strong>Diferen\u00e7as entre um hacker \u00e9tico e um cibercriminoso<\/strong><br \/>Muitas pessoas confundem estes dois termos, mas um hacker \u00e9tico concentra-se em proteger sistemas, n\u00e3o em invadi-los. No nosso site, seguimos protocolos rigorosos para garantir a legalidade das nossas a\u00e7\u00f5es e os benef\u00edcios para os nossos clientes. Enquanto os cibercriminosos procuram roubar informa\u00e7\u00f5es, n\u00f3s ajudamos a prevenir esses ataques atrav\u00e9s de testes de seguran\u00e7a e aconselhamento profissional.<\/p><p>Os nossos clientes contactam-nos frequentemente por motivos como perda de acesso a contas, suspeita de espionagem industrial ou necessidade de refor\u00e7ar a sua seguran\u00e7a digital. Se estiver a enfrentar algum destes problemas, a Cybersecurity and Ethical Hacking pode fornecer-lhe uma solu\u00e7\u00e3o r\u00e1pida, segura e em conformidade com a lei.<\/p><p>Muitas vezes, acredita-se erroneamente que servi\u00e7os acess\u00edveis carecem de qualidade. No entanto, no nosso caso, oferecemos pre\u00e7os competitivos gra\u00e7as a metodologias eficazes e \u00e0 nossa vasta experi\u00eancia no setor. O que importa n\u00e3o \u00e9 o pre\u00e7o, mas a transpar\u00eancia, as certifica\u00e7\u00f5es e os resultados alcan\u00e7ados pelo prestador de servi\u00e7os. Contratar um hacker acess\u00edvel<\/p><p>Se pretende contratar um hacker a um custo mais baixo, certifique-se de que ele \u00e9 um profissional \u00e9tico e certificado. Aqui, oferecemos solu\u00e7\u00f5es legais, r\u00e1pidas e acess\u00edveis para proteger as suas informa\u00e7\u00f5es. <a href=\"https:\/\/cipher-guard.com\/pt\/contact-us\/\">Entre em contacto connosco<\/a> Hoje mesmo, obtenha a ajuda de que precisa, sem riscos! <a href=\"https:\/\/reseaudesecurite.com\" target=\"_blank\" rel=\"noopener\"><span style=\"color: #ffffff;\">certified professional<\/span><\/a><\/p>\t\t\t\t\t\t\t\t<\/div>\n\t\t\t\t\t<\/div>\n\t\t\t\t<\/div>\n\t\t\t\t<\/div>","protected":false},"excerpt":{"rendered":"<p>Hiring an affordable hacker in today&#8217;s digital world can be a solution for resolving security issues, recovering lost accounts, or conducting vulnerability assessments. However, it&#8217;s crucial to choose a reliable and ethical service like ours, where we guarantee professionalism and efficiency without compromising your privacy. Contact Us Why hire a professional hacker? Many people hire&#8230;<\/p>","protected":false},"author":1,"featured_media":0,"parent":0,"menu_order":0,"comment_status":"closed","ping_status":"closed","template":"","meta":{"om_disable_all_campaigns":false,"_kad_post_transparent":"","_kad_post_title":"","_kad_post_layout":"","_kad_post_sidebar_id":"","_kad_post_content_style":"","_kad_post_vertical_padding":"","_kad_post_feature":"","_kad_post_feature_position":"","_kad_post_header":false,"_kad_post_footer":false,"_kad_post_classname":"","_joinchat":[],"footnotes":""},"class_list":["post-3","page","type-page","status-publish","hentry"],"yoast_head":"<!-- This site is optimized with the Yoast SEO plugin v27.2 - https:\/\/yoast.com\/product\/yoast-seo-wordpress\/ -->\n<title>Hire a cheap hacker - Cipher Guard<\/title>\n<meta name=\"robots\" content=\"index, follow, max-snippet:-1, max-image-preview:large, max-video-preview:-1\" \/>\n<link rel=\"canonical\" href=\"https:\/\/cipher-guard.com\/pt\/hire-a-cheap-hacker\/\" \/>\n<meta property=\"og:locale\" content=\"pt_PT\" \/>\n<meta property=\"og:type\" content=\"article\" \/>\n<meta property=\"og:title\" content=\"Hire a cheap hacker - Cipher Guard\" \/>\n<meta property=\"og:description\" content=\"Hiring an affordable hacker in today&#8217;s digital world can be a solution for resolving security issues, recovering lost accounts, or conducting vulnerability assessments. However, it&#8217;s crucial to choose a reliable and ethical service like ours, where we guarantee professionalism and efficiency without compromising your privacy. Contact Us Why hire a professional hacker? Many people hire...\" \/>\n<meta property=\"og:url\" content=\"https:\/\/cipher-guard.com\/pt\/hire-a-cheap-hacker\/\" \/>\n<meta property=\"og:site_name\" content=\"Cipher Guard\" \/>\n<meta property=\"article:modified_time\" content=\"2026-01-21T11:25:38+00:00\" \/>\n<meta property=\"og:image\" content=\"https:\/\/cipher-guard.com\/wp-content\/uploads\/2025\/11\/Engagez-un-hacker-pas-cher.jpg\" \/>\n\t<meta property=\"og:image:width\" content=\"1600\" \/>\n\t<meta property=\"og:image:height\" content=\"1011\" \/>\n\t<meta property=\"og:image:type\" content=\"image\/jpeg\" \/>\n<meta name=\"twitter:card\" content=\"summary_large_image\" \/>\n<meta name=\"twitter:label1\" content=\"Tempo estimado de leitura\" \/>\n\t<meta name=\"twitter:data1\" content=\"3 minutos\" \/>\n<script type=\"application\/ld+json\" class=\"yoast-schema-graph\">{\"@context\":\"https:\/\/schema.org\",\"@graph\":[{\"@type\":\"WebPage\",\"@id\":\"https:\/\/cipher-guard.com\/hire-a-cheap-hacker\/\",\"url\":\"https:\/\/cipher-guard.com\/hire-a-cheap-hacker\/\",\"name\":\"Hire a cheap hacker - Cipher Guard\",\"isPartOf\":{\"@id\":\"https:\/\/cipher-guard.com\/#website\"},\"primaryImageOfPage\":{\"@id\":\"https:\/\/cipher-guard.com\/hire-a-cheap-hacker\/#primaryimage\"},\"image\":{\"@id\":\"https:\/\/cipher-guard.com\/hire-a-cheap-hacker\/#primaryimage\"},\"thumbnailUrl\":\"https:\/\/cipher-guard.com\/wp-content\/uploads\/2025\/11\/Engagez-un-hacker-pas-cher-1024x647.jpg\",\"datePublished\":\"2025-10-20T12:56:56+00:00\",\"dateModified\":\"2026-01-21T11:25:38+00:00\",\"breadcrumb\":{\"@id\":\"https:\/\/cipher-guard.com\/hire-a-cheap-hacker\/#breadcrumb\"},\"inLanguage\":\"pt-PT\",\"potentialAction\":[{\"@type\":\"ReadAction\",\"target\":[\"https:\/\/cipher-guard.com\/hire-a-cheap-hacker\/\"]}]},{\"@type\":\"ImageObject\",\"inLanguage\":\"pt-PT\",\"@id\":\"https:\/\/cipher-guard.com\/hire-a-cheap-hacker\/#primaryimage\",\"url\":\"https:\/\/cipher-guard.com\/wp-content\/uploads\/2025\/11\/Engagez-un-hacker-pas-cher-1024x647.jpg\",\"contentUrl\":\"https:\/\/cipher-guard.com\/wp-content\/uploads\/2025\/11\/Engagez-un-hacker-pas-cher-1024x647.jpg\"},{\"@type\":\"BreadcrumbList\",\"@id\":\"https:\/\/cipher-guard.com\/hire-a-cheap-hacker\/#breadcrumb\",\"itemListElement\":[{\"@type\":\"ListItem\",\"position\":1,\"name\":\"Accueil\",\"item\":\"https:\/\/cipher-guard.com\/\"},{\"@type\":\"ListItem\",\"position\":2,\"name\":\"Hire a cheap hacker\"}]},{\"@type\":\"WebSite\",\"@id\":\"https:\/\/cipher-guard.com\/#website\",\"url\":\"https:\/\/cipher-guard.com\/\",\"name\":\"Cipher Guard\",\"description\":\"Best website to meet hackers to help you solve your security problems\",\"publisher\":{\"@id\":\"https:\/\/cipher-guard.com\/#organization\"},\"potentialAction\":[{\"@type\":\"SearchAction\",\"target\":{\"@type\":\"EntryPoint\",\"urlTemplate\":\"https:\/\/cipher-guard.com\/?s={search_term_string}\"},\"query-input\":{\"@type\":\"PropertyValueSpecification\",\"valueRequired\":true,\"valueName\":\"search_term_string\"}}],\"inLanguage\":\"pt-PT\"},{\"@type\":\"Organization\",\"@id\":\"https:\/\/cipher-guard.com\/#organization\",\"name\":\"Cipher Guard\",\"url\":\"https:\/\/cipher-guard.com\/\",\"logo\":{\"@type\":\"ImageObject\",\"inLanguage\":\"pt-PT\",\"@id\":\"https:\/\/cipher-guard.com\/#\/schema\/logo\/image\/\",\"url\":\"https:\/\/cipher-guard.com\/wp-content\/uploads\/2026\/01\/cipher-guard-logo.png\",\"contentUrl\":\"https:\/\/cipher-guard.com\/wp-content\/uploads\/2026\/01\/cipher-guard-logo.png\",\"width\":360,\"height\":360,\"caption\":\"Cipher Guard\"},\"image\":{\"@id\":\"https:\/\/cipher-guard.com\/#\/schema\/logo\/image\/\"}}]}<\/script>\n<!-- \/ Yoast SEO plugin. -->","yoast_head_json":{"title":"Hire a cheap hacker - Cipher Guard","robots":{"index":"index","follow":"follow","max-snippet":"max-snippet:-1","max-image-preview":"max-image-preview:large","max-video-preview":"max-video-preview:-1"},"canonical":"https:\/\/cipher-guard.com\/pt\/hire-a-cheap-hacker\/","og_locale":"pt_PT","og_type":"article","og_title":"Hire a cheap hacker - Cipher Guard","og_description":"Hiring an affordable hacker in today&#8217;s digital world can be a solution for resolving security issues, recovering lost accounts, or conducting vulnerability assessments. However, it&#8217;s crucial to choose a reliable and ethical service like ours, where we guarantee professionalism and efficiency without compromising your privacy. Contact Us Why hire a professional hacker? Many people hire...","og_url":"https:\/\/cipher-guard.com\/pt\/hire-a-cheap-hacker\/","og_site_name":"Cipher Guard","article_modified_time":"2026-01-21T11:25:38+00:00","og_image":[{"width":1600,"height":1011,"url":"https:\/\/cipher-guard.com\/wp-content\/uploads\/2025\/11\/Engagez-un-hacker-pas-cher.jpg","type":"image\/jpeg"}],"twitter_card":"summary_large_image","twitter_misc":{"Tempo estimado de leitura":"3 minutos"},"schema":{"@context":"https:\/\/schema.org","@graph":[{"@type":"WebPage","@id":"https:\/\/cipher-guard.com\/hire-a-cheap-hacker\/","url":"https:\/\/cipher-guard.com\/hire-a-cheap-hacker\/","name":"Hire a cheap hacker - Cipher Guard","isPartOf":{"@id":"https:\/\/cipher-guard.com\/#website"},"primaryImageOfPage":{"@id":"https:\/\/cipher-guard.com\/hire-a-cheap-hacker\/#primaryimage"},"image":{"@id":"https:\/\/cipher-guard.com\/hire-a-cheap-hacker\/#primaryimage"},"thumbnailUrl":"https:\/\/cipher-guard.com\/wp-content\/uploads\/2025\/11\/Engagez-un-hacker-pas-cher-1024x647.jpg","datePublished":"2025-10-20T12:56:56+00:00","dateModified":"2026-01-21T11:25:38+00:00","breadcrumb":{"@id":"https:\/\/cipher-guard.com\/hire-a-cheap-hacker\/#breadcrumb"},"inLanguage":"pt-PT","potentialAction":[{"@type":"ReadAction","target":["https:\/\/cipher-guard.com\/hire-a-cheap-hacker\/"]}]},{"@type":"ImageObject","inLanguage":"pt-PT","@id":"https:\/\/cipher-guard.com\/hire-a-cheap-hacker\/#primaryimage","url":"https:\/\/cipher-guard.com\/wp-content\/uploads\/2025\/11\/Engagez-un-hacker-pas-cher-1024x647.jpg","contentUrl":"https:\/\/cipher-guard.com\/wp-content\/uploads\/2025\/11\/Engagez-un-hacker-pas-cher-1024x647.jpg"},{"@type":"BreadcrumbList","@id":"https:\/\/cipher-guard.com\/hire-a-cheap-hacker\/#breadcrumb","itemListElement":[{"@type":"ListItem","position":1,"name":"Accueil","item":"https:\/\/cipher-guard.com\/"},{"@type":"ListItem","position":2,"name":"Hire a cheap hacker"}]},{"@type":"WebSite","@id":"https:\/\/cipher-guard.com\/#website","url":"https:\/\/cipher-guard.com\/","name":"Cipher Guard","description":"Best website to meet hackers to help you solve your security problems","publisher":{"@id":"https:\/\/cipher-guard.com\/#organization"},"potentialAction":[{"@type":"SearchAction","target":{"@type":"EntryPoint","urlTemplate":"https:\/\/cipher-guard.com\/?s={search_term_string}"},"query-input":{"@type":"PropertyValueSpecification","valueRequired":true,"valueName":"search_term_string"}}],"inLanguage":"pt-PT"},{"@type":"Organization","@id":"https:\/\/cipher-guard.com\/#organization","name":"Cipher Guard","url":"https:\/\/cipher-guard.com\/","logo":{"@type":"ImageObject","inLanguage":"pt-PT","@id":"https:\/\/cipher-guard.com\/#\/schema\/logo\/image\/","url":"https:\/\/cipher-guard.com\/wp-content\/uploads\/2026\/01\/cipher-guard-logo.png","contentUrl":"https:\/\/cipher-guard.com\/wp-content\/uploads\/2026\/01\/cipher-guard-logo.png","width":360,"height":360,"caption":"Cipher Guard"},"image":{"@id":"https:\/\/cipher-guard.com\/#\/schema\/logo\/image\/"}}]}},"_links":{"self":[{"href":"https:\/\/cipher-guard.com\/pt\/wp-json\/wp\/v2\/pages\/3","targetHints":{"allow":["GET"]}}],"collection":[{"href":"https:\/\/cipher-guard.com\/pt\/wp-json\/wp\/v2\/pages"}],"about":[{"href":"https:\/\/cipher-guard.com\/pt\/wp-json\/wp\/v2\/types\/page"}],"author":[{"embeddable":true,"href":"https:\/\/cipher-guard.com\/pt\/wp-json\/wp\/v2\/users\/1"}],"replies":[{"embeddable":true,"href":"https:\/\/cipher-guard.com\/pt\/wp-json\/wp\/v2\/comments?post=3"}],"version-history":[{"count":12,"href":"https:\/\/cipher-guard.com\/pt\/wp-json\/wp\/v2\/pages\/3\/revisions"}],"predecessor-version":[{"id":297,"href":"https:\/\/cipher-guard.com\/pt\/wp-json\/wp\/v2\/pages\/3\/revisions\/297"}],"wp:attachment":[{"href":"https:\/\/cipher-guard.com\/pt\/wp-json\/wp\/v2\/media?parent=3"}],"curies":[{"name":"wp","href":"https:\/\/api.w.org\/{rel}","templated":true}]}}