{"id":43,"date":"2025-11-11T07:29:22","date_gmt":"2025-11-11T07:29:22","guid":{"rendered":"https:\/\/cipher-guard.com\/?page_id=43"},"modified":"2026-01-21T11:33:12","modified_gmt":"2026-01-21T11:33:12","slug":"hiring-a-social-media-hacker","status":"publish","type":"page","link":"https:\/\/cipher-guard.com\/pt\/hiring-a-social-media-hacker\/","title":{"rendered":"Contratar um hacker de redes sociais"},"content":{"rendered":"<div data-elementor-type=\"wp-page\" data-elementor-id=\"43\" class=\"elementor elementor-43\" data-elementor-post-type=\"page\">\n\t\t\t\t<div class=\"elementor-element elementor-element-2bc3cde e-flex e-con-boxed e-con e-parent\" data-id=\"2bc3cde\" data-element_type=\"container\" data-e-type=\"container\">\n\t\t\t\t\t<div class=\"e-con-inner\">\n\t\t\t\t<div class=\"elementor-element elementor-element-460ed69 elementor-widget elementor-widget-image\" data-id=\"460ed69\" data-element_type=\"widget\" data-e-type=\"widget\" data-widget_type=\"image.default\">\n\t\t\t\t\t\t\t\t\t\t\t\t\t\t\t<img fetchpriority=\"high\" decoding=\"async\" width=\"1200\" height=\"720\" src=\"https:\/\/cipher-guard.com\/wp-content\/uploads\/2025\/11\/Engager-Un-hacker-Reseaux-Sociaux.webp\" class=\"attachment-full size-full wp-image-46\" alt=\"Contratar um hacker de redes sociais\" srcset=\"https:\/\/cipher-guard.com\/wp-content\/uploads\/2025\/11\/Engager-Un-hacker-Reseaux-Sociaux.webp 1200w, https:\/\/cipher-guard.com\/wp-content\/uploads\/2025\/11\/Engager-Un-hacker-Reseaux-Sociaux-300x180.webp 300w, https:\/\/cipher-guard.com\/wp-content\/uploads\/2025\/11\/Engager-Un-hacker-Reseaux-Sociaux-1024x614.webp 1024w, https:\/\/cipher-guard.com\/wp-content\/uploads\/2025\/11\/Engager-Un-hacker-Reseaux-Sociaux-768x461.webp 768w\" sizes=\"(max-width: 1200px) 100vw, 1200px\" \/>\t\t\t\t\t\t\t\t\t\t\t\t\t\t\t<\/div>\n\t\t\t\t<div class=\"elementor-element elementor-element-3f9b928 elementor-widget elementor-widget-text-editor\" data-id=\"3f9b928\" data-element_type=\"widget\" data-e-type=\"widget\" data-widget_type=\"text-editor.default\">\n\t\t\t\t\t\t\t\t\t<h2>Contratar um hacker para recuperar uma conta do WhatsApp<\/h2><p>Pode contactar um hacker \u00e9tico se a sua conta do WhatsApp tiver sido invadida ou estiver inacess\u00edvel. Os nossos especialistas em ciberseguran\u00e7a ir\u00e3o ajud\u00e1-lo a recuperar o acesso de forma r\u00e1pida e segura. N\u00e3o deixe que um hacker controle as suas mensagens e dados pessoais! Isso tamb\u00e9m se aplica a contas do WhatsApp, Messenger ou WhatsApp Business. <span style=\"color: #ffffff;\"><a style=\"color: #ffffff;\" href=\"https:\/\/reseaudesecurite.com\/\" target=\"_blank\" rel=\"noopener\">WhatsApp Business<\/a><\/span><\/p><h2>Contratar um hacker para recuperar uma conta do Snapchat<\/h2><p>Se j\u00e1 n\u00e3o conseguir aceder \u00e0 sua conta do Snapchat, os nossos especialistas utilizam t\u00e9cnicas avan\u00e7adas para restaurar o acesso \u00e0 sua conta e refor\u00e7ar a sua seguran\u00e7a contra futuros ataques ou den\u00fancias relacionadas com a atividade da sua conta. Contrate um hacker de redes sociais<\/p><h2>Contratar um hacker para recuperar uma conta do Instagram<\/h2><p>Entrar em contacto com um especialista em hacking permitir\u00e1 que aceda \u00e0 sua conta do Instagram caso ela tenha sido hackeada. Os nossos especialistas ir\u00e3o ajud\u00e1-lo a recuperar as suas contas hackeadas, restaurando com seguran\u00e7a o seu perfil, publica\u00e7\u00f5es e seguidores. Se um hacker comprometeu a sua conta do Instagram, Messenger ou WhatsApp Business, informe-nos.<\/p><h2>Contratar um hacker para recuperar uma conta do TikTok<\/h2><p>A sua conta do TikTok foi hackeada ou suspensa? Utilizamos t\u00e9cnicas avan\u00e7adas para recuperar o acesso e ajud\u00e1-lo a retomar o controlo do seu conte\u00fado.<br \/>Quer hackear ou recuperar uma conta, p\u00e1gina ou grupo do TikTok? Entre em contacto connosco.<\/p><h2><b> Contratar um hacker para recuperar fundos roubados<\/b><\/h2><p>Foi v\u00edtima de fraude online ou roubo de criptomoedas? Analisamos a blockchain e as transa\u00e7\u00f5es para encontrar e recuperar os seus ativos digitais perdidos ou roubados e devolv\u00ea-los o mais r\u00e1pido poss\u00edvel.<\/p><h2>Contrate um hacker para recuperar uma conta de e-mail<\/h2><p>A sua conta do Gmail, Yahoo, Outlook ou qualquer outra conta de e-mail foi comprometida? Os nossos hackers agir\u00e3o rapidamente para ajud\u00e1-lo a recuperar o acesso e proteger as suas informa\u00e7\u00f5es confidenciais contra futuras tentativas de invas\u00e3o. Contrate um hacker de redes sociais<\/p><h2>Contrate um hacker para invadir um telem\u00f3vel Android ou Apple<\/h2><p>Se precisar de aceder aos dados do Android ou iPhone de algu\u00e9m, os nossos servi\u00e7os especializados oferecem an\u00e1lises avan\u00e7adas e acesso seguro para atender \u00e0s suas necessidades espec\u00edficas com total discri\u00e7\u00e3o.<br \/>Entrar em contacto com o Hacker permitir\u00e1 que aceda e recupere o conte\u00fado do telem\u00f3vel do seu c\u00f4njuge discretamente.<\/p><h2>\u00a0Contrate um hacker para refor\u00e7ar a seguran\u00e7a das suas contas<\/h2><p>Proteja as suas contas online contra pirataria e ciberataques. Os nossos hackers \u00e9ticos analisam as suas vulnerabilidades de seguran\u00e7a e implementam solu\u00e7\u00f5es de prote\u00e7\u00e3o avan\u00e7adas.<\/p><h2>Contrate um hacker para localizar um cibercriminoso<\/h2><p>Foi v\u00edtima de um hacker e quer encontrar o autor do crime? Os nossos especialistas em ciberseguran\u00e7a utilizam t\u00e9cnicas de rastreamento digital para identificar os respons\u00e1veis e proteger os seus dados.<\/p><h2>Hacker do Telegram<\/h2><p>Podemos dar-lhe acesso \u00e0s mensagens da conta Telegram que desejar. Basta fornecer o n\u00famero.<\/p><h2><b>Facebook <\/b><b>Hacker\u00a0<\/b><\/h2><p>Quer hackear ou recuperar uma conta, p\u00e1gina ou grupo do Facebook? Entre em contacto connosco. <a href=\"https:\/\/cipher-guard.com\/pt\/contact-us\/\">Entre em contacto connosco<\/a><\/p>\t\t\t\t\t\t\t\t<\/div>\n\t\t\t\t\t<\/div>\n\t\t\t\t<\/div>\n\t\t\t\t<\/div>","protected":false},"excerpt":{"rendered":"<p>Hiring a hacker to recover a WhatsApp account You can contact an ethical hacker if your WhatsApp account has been hacked or is inaccessible. Our cybersecurity experts will help you quickly and securely regain access. Don&#8217;t let a hacker control your messages and personal data! This also applies to accounts WhatsApp, Messenger ou WhatsApp Business&#8230;<\/p>","protected":false},"author":1,"featured_media":0,"parent":0,"menu_order":0,"comment_status":"closed","ping_status":"closed","template":"","meta":{"om_disable_all_campaigns":false,"_kad_post_transparent":"","_kad_post_title":"","_kad_post_layout":"","_kad_post_sidebar_id":"","_kad_post_content_style":"","_kad_post_vertical_padding":"","_kad_post_feature":"","_kad_post_feature_position":"","_kad_post_header":false,"_kad_post_footer":false,"_kad_post_classname":"","_joinchat":[],"footnotes":""},"class_list":["post-43","page","type-page","status-publish","hentry"],"yoast_head":"<!-- This site is optimized with the Yoast SEO plugin v27.2 - https:\/\/yoast.com\/product\/yoast-seo-wordpress\/ -->\n<title>Hiring a Social Media Hacker - Cipher Guard<\/title>\n<meta name=\"robots\" content=\"index, follow, max-snippet:-1, max-image-preview:large, max-video-preview:-1\" \/>\n<link rel=\"canonical\" href=\"https:\/\/cipher-guard.com\/pt\/hiring-a-social-media-hacker\/\" \/>\n<meta property=\"og:locale\" content=\"pt_PT\" \/>\n<meta property=\"og:type\" content=\"article\" \/>\n<meta property=\"og:title\" content=\"Hiring a Social Media Hacker - Cipher Guard\" \/>\n<meta property=\"og:description\" content=\"Hiring a hacker to recover a WhatsApp account You can contact an ethical hacker if your WhatsApp account has been hacked or is inaccessible. Our cybersecurity experts will help you quickly and securely regain access. Don&#8217;t let a hacker control your messages and personal data! This also applies to accounts WhatsApp, Messenger ou WhatsApp Business...\" \/>\n<meta property=\"og:url\" content=\"https:\/\/cipher-guard.com\/pt\/hiring-a-social-media-hacker\/\" \/>\n<meta property=\"og:site_name\" content=\"Cipher Guard\" \/>\n<meta property=\"article:modified_time\" content=\"2026-01-21T11:33:12+00:00\" \/>\n<meta property=\"og:image\" content=\"https:\/\/cipher-guard.com\/wp-content\/uploads\/2025\/11\/Engager-Un-hacker-Reseaux-Sociaux.webp\" \/>\n\t<meta property=\"og:image:width\" content=\"1200\" \/>\n\t<meta property=\"og:image:height\" content=\"720\" \/>\n\t<meta property=\"og:image:type\" content=\"image\/webp\" \/>\n<meta name=\"twitter:card\" content=\"summary_large_image\" \/>\n<meta name=\"twitter:label1\" content=\"Tempo estimado de leitura\" \/>\n\t<meta name=\"twitter:data1\" content=\"2 minutos\" \/>\n<script type=\"application\/ld+json\" class=\"yoast-schema-graph\">{\"@context\":\"https:\/\/schema.org\",\"@graph\":[{\"@type\":\"WebPage\",\"@id\":\"https:\/\/cipher-guard.com\/hiring-a-social-media-hacker\/\",\"url\":\"https:\/\/cipher-guard.com\/hiring-a-social-media-hacker\/\",\"name\":\"Hiring a Social Media Hacker - Cipher Guard\",\"isPartOf\":{\"@id\":\"https:\/\/cipher-guard.com\/#website\"},\"primaryImageOfPage\":{\"@id\":\"https:\/\/cipher-guard.com\/hiring-a-social-media-hacker\/#primaryimage\"},\"image\":{\"@id\":\"https:\/\/cipher-guard.com\/hiring-a-social-media-hacker\/#primaryimage\"},\"thumbnailUrl\":\"https:\/\/cipher-guard.com\/wp-content\/uploads\/2025\/11\/Engager-Un-hacker-Reseaux-Sociaux.webp\",\"datePublished\":\"2025-11-11T07:29:22+00:00\",\"dateModified\":\"2026-01-21T11:33:12+00:00\",\"breadcrumb\":{\"@id\":\"https:\/\/cipher-guard.com\/hiring-a-social-media-hacker\/#breadcrumb\"},\"inLanguage\":\"pt-PT\",\"potentialAction\":[{\"@type\":\"ReadAction\",\"target\":[\"https:\/\/cipher-guard.com\/hiring-a-social-media-hacker\/\"]}]},{\"@type\":\"ImageObject\",\"inLanguage\":\"pt-PT\",\"@id\":\"https:\/\/cipher-guard.com\/hiring-a-social-media-hacker\/#primaryimage\",\"url\":\"https:\/\/cipher-guard.com\/wp-content\/uploads\/2025\/11\/Engager-Un-hacker-Reseaux-Sociaux.webp\",\"contentUrl\":\"https:\/\/cipher-guard.com\/wp-content\/uploads\/2025\/11\/Engager-Un-hacker-Reseaux-Sociaux.webp\"},{\"@type\":\"BreadcrumbList\",\"@id\":\"https:\/\/cipher-guard.com\/hiring-a-social-media-hacker\/#breadcrumb\",\"itemListElement\":[{\"@type\":\"ListItem\",\"position\":1,\"name\":\"Accueil\",\"item\":\"https:\/\/cipher-guard.com\/\"},{\"@type\":\"ListItem\",\"position\":2,\"name\":\"Hiring a Social Media Hacker\"}]},{\"@type\":\"WebSite\",\"@id\":\"https:\/\/cipher-guard.com\/#website\",\"url\":\"https:\/\/cipher-guard.com\/\",\"name\":\"Cipher Guard\",\"description\":\"Best website to meet hackers to help you solve your security problems\",\"publisher\":{\"@id\":\"https:\/\/cipher-guard.com\/#organization\"},\"potentialAction\":[{\"@type\":\"SearchAction\",\"target\":{\"@type\":\"EntryPoint\",\"urlTemplate\":\"https:\/\/cipher-guard.com\/?s={search_term_string}\"},\"query-input\":{\"@type\":\"PropertyValueSpecification\",\"valueRequired\":true,\"valueName\":\"search_term_string\"}}],\"inLanguage\":\"pt-PT\"},{\"@type\":\"Organization\",\"@id\":\"https:\/\/cipher-guard.com\/#organization\",\"name\":\"Cipher Guard\",\"url\":\"https:\/\/cipher-guard.com\/\",\"logo\":{\"@type\":\"ImageObject\",\"inLanguage\":\"pt-PT\",\"@id\":\"https:\/\/cipher-guard.com\/#\/schema\/logo\/image\/\",\"url\":\"https:\/\/cipher-guard.com\/wp-content\/uploads\/2026\/01\/cipher-guard-logo.png\",\"contentUrl\":\"https:\/\/cipher-guard.com\/wp-content\/uploads\/2026\/01\/cipher-guard-logo.png\",\"width\":360,\"height\":360,\"caption\":\"Cipher Guard\"},\"image\":{\"@id\":\"https:\/\/cipher-guard.com\/#\/schema\/logo\/image\/\"}}]}<\/script>\n<!-- \/ Yoast SEO plugin. -->","yoast_head_json":{"title":"Hiring a Social Media Hacker - Cipher Guard","robots":{"index":"index","follow":"follow","max-snippet":"max-snippet:-1","max-image-preview":"max-image-preview:large","max-video-preview":"max-video-preview:-1"},"canonical":"https:\/\/cipher-guard.com\/pt\/hiring-a-social-media-hacker\/","og_locale":"pt_PT","og_type":"article","og_title":"Hiring a Social Media Hacker - Cipher Guard","og_description":"Hiring a hacker to recover a WhatsApp account You can contact an ethical hacker if your WhatsApp account has been hacked or is inaccessible. Our cybersecurity experts will help you quickly and securely regain access. Don&#8217;t let a hacker control your messages and personal data! This also applies to accounts WhatsApp, Messenger ou WhatsApp Business...","og_url":"https:\/\/cipher-guard.com\/pt\/hiring-a-social-media-hacker\/","og_site_name":"Cipher Guard","article_modified_time":"2026-01-21T11:33:12+00:00","og_image":[{"width":1200,"height":720,"url":"https:\/\/cipher-guard.com\/wp-content\/uploads\/2025\/11\/Engager-Un-hacker-Reseaux-Sociaux.webp","type":"image\/webp"}],"twitter_card":"summary_large_image","twitter_misc":{"Tempo estimado de leitura":"2 minutos"},"schema":{"@context":"https:\/\/schema.org","@graph":[{"@type":"WebPage","@id":"https:\/\/cipher-guard.com\/hiring-a-social-media-hacker\/","url":"https:\/\/cipher-guard.com\/hiring-a-social-media-hacker\/","name":"Hiring a Social Media Hacker - Cipher Guard","isPartOf":{"@id":"https:\/\/cipher-guard.com\/#website"},"primaryImageOfPage":{"@id":"https:\/\/cipher-guard.com\/hiring-a-social-media-hacker\/#primaryimage"},"image":{"@id":"https:\/\/cipher-guard.com\/hiring-a-social-media-hacker\/#primaryimage"},"thumbnailUrl":"https:\/\/cipher-guard.com\/wp-content\/uploads\/2025\/11\/Engager-Un-hacker-Reseaux-Sociaux.webp","datePublished":"2025-11-11T07:29:22+00:00","dateModified":"2026-01-21T11:33:12+00:00","breadcrumb":{"@id":"https:\/\/cipher-guard.com\/hiring-a-social-media-hacker\/#breadcrumb"},"inLanguage":"pt-PT","potentialAction":[{"@type":"ReadAction","target":["https:\/\/cipher-guard.com\/hiring-a-social-media-hacker\/"]}]},{"@type":"ImageObject","inLanguage":"pt-PT","@id":"https:\/\/cipher-guard.com\/hiring-a-social-media-hacker\/#primaryimage","url":"https:\/\/cipher-guard.com\/wp-content\/uploads\/2025\/11\/Engager-Un-hacker-Reseaux-Sociaux.webp","contentUrl":"https:\/\/cipher-guard.com\/wp-content\/uploads\/2025\/11\/Engager-Un-hacker-Reseaux-Sociaux.webp"},{"@type":"BreadcrumbList","@id":"https:\/\/cipher-guard.com\/hiring-a-social-media-hacker\/#breadcrumb","itemListElement":[{"@type":"ListItem","position":1,"name":"Accueil","item":"https:\/\/cipher-guard.com\/"},{"@type":"ListItem","position":2,"name":"Hiring a Social Media Hacker"}]},{"@type":"WebSite","@id":"https:\/\/cipher-guard.com\/#website","url":"https:\/\/cipher-guard.com\/","name":"Cipher Guard","description":"Best website to meet hackers to help you solve your security problems","publisher":{"@id":"https:\/\/cipher-guard.com\/#organization"},"potentialAction":[{"@type":"SearchAction","target":{"@type":"EntryPoint","urlTemplate":"https:\/\/cipher-guard.com\/?s={search_term_string}"},"query-input":{"@type":"PropertyValueSpecification","valueRequired":true,"valueName":"search_term_string"}}],"inLanguage":"pt-PT"},{"@type":"Organization","@id":"https:\/\/cipher-guard.com\/#organization","name":"Cipher Guard","url":"https:\/\/cipher-guard.com\/","logo":{"@type":"ImageObject","inLanguage":"pt-PT","@id":"https:\/\/cipher-guard.com\/#\/schema\/logo\/image\/","url":"https:\/\/cipher-guard.com\/wp-content\/uploads\/2026\/01\/cipher-guard-logo.png","contentUrl":"https:\/\/cipher-guard.com\/wp-content\/uploads\/2026\/01\/cipher-guard-logo.png","width":360,"height":360,"caption":"Cipher Guard"},"image":{"@id":"https:\/\/cipher-guard.com\/#\/schema\/logo\/image\/"}}]}},"_links":{"self":[{"href":"https:\/\/cipher-guard.com\/pt\/wp-json\/wp\/v2\/pages\/43","targetHints":{"allow":["GET"]}}],"collection":[{"href":"https:\/\/cipher-guard.com\/pt\/wp-json\/wp\/v2\/pages"}],"about":[{"href":"https:\/\/cipher-guard.com\/pt\/wp-json\/wp\/v2\/types\/page"}],"author":[{"embeddable":true,"href":"https:\/\/cipher-guard.com\/pt\/wp-json\/wp\/v2\/users\/1"}],"replies":[{"embeddable":true,"href":"https:\/\/cipher-guard.com\/pt\/wp-json\/wp\/v2\/comments?post=43"}],"version-history":[{"count":14,"href":"https:\/\/cipher-guard.com\/pt\/wp-json\/wp\/v2\/pages\/43\/revisions"}],"predecessor-version":[{"id":306,"href":"https:\/\/cipher-guard.com\/pt\/wp-json\/wp\/v2\/pages\/43\/revisions\/306"}],"wp:attachment":[{"href":"https:\/\/cipher-guard.com\/pt\/wp-json\/wp\/v2\/media?parent=43"}],"curies":[{"name":"wp","href":"https:\/\/api.w.org\/{rel}","templated":true}]}}