{"id":50,"date":"2025-11-11T07:40:26","date_gmt":"2025-11-11T07:40:26","guid":{"rendered":"https:\/\/cipher-guard.com\/?page_id=50"},"modified":"2026-01-21T11:34:55","modified_gmt":"2026-01-21T11:34:55","slug":"recover-your-stolen-cryptocurrency","status":"publish","type":"page","link":"https:\/\/cipher-guard.com\/pt\/recover-your-stolen-cryptocurrency\/","title":{"rendered":"RECUPERE A SUA CRIPTOMOEDA ROUBADA"},"content":{"rendered":"<div data-elementor-type=\"wp-page\" data-elementor-id=\"50\" class=\"elementor elementor-50\" data-elementor-post-type=\"page\">\n\t\t\t\t<div class=\"elementor-element elementor-element-60967cd e-flex e-con-boxed e-con e-parent\" data-id=\"60967cd\" data-element_type=\"container\" data-e-type=\"container\">\n\t\t\t\t\t<div class=\"e-con-inner\">\n\t\t\t\t<div class=\"elementor-element elementor-element-5ec2a24 elementor-widget elementor-widget-image\" data-id=\"5ec2a24\" data-element_type=\"widget\" data-e-type=\"widget\" data-widget_type=\"image.default\">\n\t\t\t\t\t\t\t\t\t\t\t\t\t\t\t<img fetchpriority=\"high\" decoding=\"async\" width=\"1600\" height=\"800\" src=\"https:\/\/cipher-guard.com\/wp-content\/uploads\/2025\/11\/RECUPERER-VOS-CRYPTOS-MONNAIE-VOLEE.webp\" class=\"attachment-full size-full wp-image-53\" alt=\"RECUPERE A SUA CRIPTOMOEDA ROUBADA\" srcset=\"https:\/\/cipher-guard.com\/wp-content\/uploads\/2025\/11\/RECUPERER-VOS-CRYPTOS-MONNAIE-VOLEE.webp 1600w, https:\/\/cipher-guard.com\/wp-content\/uploads\/2025\/11\/RECUPERER-VOS-CRYPTOS-MONNAIE-VOLEE-300x150.webp 300w, https:\/\/cipher-guard.com\/wp-content\/uploads\/2025\/11\/RECUPERER-VOS-CRYPTOS-MONNAIE-VOLEE-1024x512.webp 1024w, https:\/\/cipher-guard.com\/wp-content\/uploads\/2025\/11\/RECUPERER-VOS-CRYPTOS-MONNAIE-VOLEE-768x384.webp 768w, https:\/\/cipher-guard.com\/wp-content\/uploads\/2025\/11\/RECUPERER-VOS-CRYPTOS-MONNAIE-VOLEE-1536x768.webp 1536w\" sizes=\"(max-width: 1600px) 100vw, 1600px\" \/>\t\t\t\t\t\t\t\t\t\t\t\t\t\t\t<\/div>\n\t\t\t\t<div class=\"elementor-element elementor-element-1de8634 elementor-widget elementor-widget-text-editor\" data-id=\"1de8634\" data-element_type=\"widget\" data-e-type=\"widget\" data-widget_type=\"text-editor.default\">\n\t\t\t\t\t\t\t\t\t<h2>Recupere as suas criptomoedas roubadas.<\/h2><p>Temos orgulho em dizer que somos um dos principais fornecedores de servi\u00e7os profissionais de recupera\u00e7\u00e3o de criptomoedas. O nosso compromisso inabal\u00e1vel \u00e9 fornecer solu\u00e7\u00f5es 100% seguras, fi\u00e1veis e eficazes para a tranquilidade dos nossos clientes. Compreendemos a complexidade e os desafios da recupera\u00e7\u00e3o de ativos digitais, e \u00e9 por isso que nos esfor\u00e7amos para fornecer servi\u00e7os da mais alta qualidade. Com muitos anos de experi\u00eancia na ind\u00fastria de criptomoedas, a nossa equipa de especialistas utiliza t\u00e9cnicas e ferramentas de ponta para garantir n\u00e3o s\u00f3 a recupera\u00e7\u00e3o, mas tamb\u00e9m a prote\u00e7\u00e3o dos seus ativos digitais com o m\u00e1ximo cuidado. Quer esteja a enfrentar uma perda de acesso \u00e0s suas carteiras, roubo de fundos ou qualquer outro problema relacionado com criptomoedas, estamos aqui para o apoiar em todas as etapas do processo. RECUPERE A SUA CRIPTOMOEDA ROUBADA<\/p><h3><b>Recupera\u00e7\u00e3o e investiga\u00e7\u00f5es de ativos em criptomoedas.<\/b><\/h3><p>Se perdeu criptomoedas devido a fraude, roubo ou pirataria inform\u00e1tica, rastreamos os seus ativos usando investigadores forenses certificados em blockchain e parcerias diretas com bolsas, equipas de conformidade e autoridades policiais. Agimos rapidamente e seguimos todas as pistas, mantendo-o totalmente informado em todos os momentos. <a href=\"https:\/\/cipher-guard.com\/pt\/contact-us\/\">Entre em contacto connosco<\/a>.<\/p><p>O roubo de criptomoedas est\u00e1 a explodir em todo o mundo, e muitos indiv\u00edduos e empresas est\u00e3o a ser v\u00edtimas. Contratar um hacker para recuperar as suas criptomoedas roubadas continua a ser a solu\u00e7\u00e3o mais f\u00e1cil e menos dispendiosa. Todos os dias, milhares de utilizadores em todo o mundo t\u00eam as suas credenciais roubadas, as suas carteiras digitais esvaziadas e a sua privacidade exposta atrav\u00e9s de plataformas como Instagram, Gmail e Facebook, e os seus ativos mantidos na Binance, Trust Wallet, MetaMask, etc., s\u00e3o comprometidos. Nenhum servi\u00e7o est\u00e1 a salvo de ciberataques cada vez mais sofisticados. O fen\u00f3meno afeta indiv\u00edduos, profissionais e aqueles que desejam investir em criptomoedas, e as perdas podem atingir somas colossais. O nosso servi\u00e7o permitir\u00e1 que recupere todos esses fundos perdidos.<\/p><p>Neste contexto atual, uma pergunta surge constantemente: \u00e9 realmente poss\u00edvel recuperar criptomoedas roubadas? \u00c9 legal faz\u00ea-lo? Existem solu\u00e7\u00f5es confi\u00e1veis, discretas e legais para recuperar ativos digitais roubados ou retomar o controlo de contas hackeadas? Diante dessas perguntas, que muitas vezes s\u00e3o urgentes para as v\u00edtimas, podemos responder com confian\u00e7a que SIM, \u00e9 poss\u00edvel recuperar o seu dinheiro e t\u00ea-lo de volta.<\/p><p>\u00c9 neste caso espec\u00edfico que entra em jogo uma alternativa s\u00e9ria e profissional: deve contactar um hacker para recuperar criptomoedas roubadas atrav\u00e9s de uma plataforma especializada. Pode navegar no nosso site e encontrar os diferentes passos, que devem, obviamente, ser realizados por um profissional. Fornecemos uma vis\u00e3o geral completa desta pr\u00e1tica, que ainda \u00e9 relativamente desconhecida do p\u00fablico em geral. Utilizamos apenas t\u00e9cnicas que s\u00e3o legalmente permitidas, tecnicamente vi\u00e1veis e, mais importante ainda, que realmente funcionam. Tamb\u00e9m apresentaremos uma plataforma l\u00edder em ciberseguran\u00e7a \u00e9tica, que oferece interven\u00e7\u00e3o r\u00e1pida. \u00c9 poss\u00edvel recuperar as suas criptomoedas roubadas de forma legal e confidencial com o nosso apoio.<\/p><h2 style=\"text-align: center;\">POR QUE CONFIAR EM N\u00d3S?<\/h2><p><strong>Investigadores totalmente certificados<\/strong><br \/>As nossas credenciais em per\u00edcia forense de blockchain, ciberseguran\u00e7a e investiga\u00e7\u00f5es de crimes financeiros refor\u00e7am a nossa capacidade de localizar ativos perdidos e conquistar a confian\u00e7a das bolsas e dos clientes.<\/p><p><strong>A velocidade \u00e9 importante<\/strong><br \/>A recupera\u00e7\u00e3o de criptomoedas \u00e9 uma corrida contra o tempo. Os nossos sistemas de alerta espec\u00edficos do setor acionam imediatamente notifica\u00e7\u00f5es para plataformas, parceiros AML e reguladores, protegendo as suas chances.<\/p><p><strong>Transpar\u00eancia com pessoas reais<\/strong><br \/>Sem sistemas an\u00f3nimos ou contas ocultas. Trabalhar\u00e1 diretamente com um investigador experiente que o orientar\u00e1 em todas as etapas do processo, explicando os riscos e as op\u00e7\u00f5es em termos claros.<\/p><p><strong>Alcance e rede global<\/strong><br \/>Coordenamos as nossas atividades com bolsas, autoridades policiais, equipas de conformidade e institui\u00e7\u00f5es financeiras em todo o mundo, o que nos permite rastrear e recuperar ativos al\u00e9m-fronteiras.<\/p><h3 style=\"text-align: center;\">Algumas raz\u00f5es pelas quais as pessoas nos escolhem!<\/h3><p>Diante da urg\u00eancia da recupera\u00e7\u00e3o de criptomoedas, a nossa experiente equipa trabalha de forma discreta e segura para ajud\u00e1-lo a recuperar o controlo dos seus ativos digitais. Com experi\u00eancia comprovada em recupera\u00e7\u00e3o de blockchain, somos os seus especialistas de confian\u00e7a em recupera\u00e7\u00e3o de Bitcoin.<\/p><h3 style=\"text-align: center;\">RECUPERE A SUA CRIPTOMOEDA ROUBADA<\/h3><p>\u00c9 perfeitamente legal contactar um hacker para recuperar as suas criptomoedas roubadas, desde que recorra a um hacker \u00e9tico, tamb\u00e9m conhecido como hacker de chap\u00e9u branco. Estes profissionais de ciberseguran\u00e7a operam dentro de um quadro estritamente legal, contratual e seguro. Quando decide contratar um hacker para recuperar as suas criptomoedas roubadas, a parte mais dif\u00edcil ser\u00e1 analisar a situa\u00e7\u00e3o para definir um plano de trabalho seguro e protegido. Em seguida, eles identificar\u00e3o as vulnerabilidades de seguran\u00e7a exploradas pelos hackers para garantir que receba os seus fundos o mais r\u00e1pido poss\u00edvel. Por fim, eles implementar\u00e3o as a\u00e7\u00f5es necess\u00e1rias para tentar restaurar o acesso aos seus dados. \u00c9 importante observar que esse processo s\u00f3 \u00e9 poss\u00edvel se voc\u00ea puder provar que \u00e9 o propriet\u00e1rio leg\u00edtimo da conta ou carteira em quest\u00e3o. RECUPERE A SUA CRIPTOMOEDA ROUBADA<\/p><p><b>E quanto \u00e0s criptomoedas roubadas?<\/b><\/p><p>Recuperar criptomoedas roubadas \u00e9 um verdadeiro desafio. Ao contr\u00e1rio das contas online tradicionais, as blockchains operam de forma descentralizada, an\u00f3nima e, mais importante ainda, irrevers\u00edvel. Isto significa que, uma vez transferidos os fundos, nenhuma transa\u00e7\u00e3o pode ser revertida. Neste contexto, contratar um hacker para recuperar criptomoedas roubadas torna-se muitas vezes necess\u00e1rio para maximizar as hip\u00f3teses de sucesso.<\/p><p><b><br \/><\/b><strong>Eis o que isso significa na pr\u00e1tica:<\/strong><\/p><p>Rastreie o movimento dos seus fundos na blockchain usando ferramentas especializadas, identifique os endere\u00e7os de destino usados pelo cibercriminoso, prove que \u00e9 o propriet\u00e1rio leg\u00edtimo da criptomoeda roubada (capturas de ecr\u00e3, endere\u00e7os de criptomoeda, hist\u00f3rico de transa\u00e7\u00f5es), construa um caso legal s\u00f3lido para apoiar a sua reclama\u00e7\u00e3o e coopere com plataformas de c\u00e2mbio (como Binance ou Coinbase) para bloquear ou congelar os fundos, se poss\u00edvel.<\/p><p>Nessa situa\u00e7\u00e3o, contratar um hacker para recuperar a sua criptomoeda roubada torna-se uma jogada estrat\u00e9gica. Um especialista \u00e9tico e qualificado pode orient\u00e1-lo passo a passo, de forma discreta, dentro de um quadro legal e seguro. RECUPERE A SUA CRIPTOMOEDA ROUBADA<\/p><h3>Como devo proceder? Que plataforma devo usar?<\/h3><p>Diante do aumento dos golpes online, \u00e9 fundamental usar uma plataforma confi\u00e1vel e legal. \u00c9 a\u00ed que o nosso site se destaca como o recurso ideal para entrar em contacto com um hacker \u00e9tico. <a href=\"https:\/\/reseaudesecurite.com\/\" target=\"_blank\" rel=\"noopener\"><span style=\"color: #ffffff;\">contacting an ethical hacker<\/span><\/a><\/p>\t\t\t\t\t\t\t\t<\/div>\n\t\t\t\t\t<\/div>\n\t\t\t\t<\/div>\n\t\t\t\t<\/div>","protected":false},"excerpt":{"rendered":"<p>Recover your stolen crypto . We are proud to say that we are one of the leading providers of professional crypto recovery services. Our unwavering commitment is to provide 100% safe, reliable, and effective solutions for our clients&#8217; peace of mind. We understand the complexity and challenges of digital asset recovery, which is why we&#8230;<\/p>","protected":false},"author":1,"featured_media":0,"parent":0,"menu_order":0,"comment_status":"closed","ping_status":"closed","template":"","meta":{"om_disable_all_campaigns":false,"_kad_post_transparent":"","_kad_post_title":"","_kad_post_layout":"","_kad_post_sidebar_id":"","_kad_post_content_style":"","_kad_post_vertical_padding":"","_kad_post_feature":"","_kad_post_feature_position":"","_kad_post_header":false,"_kad_post_footer":false,"_kad_post_classname":"","_joinchat":[],"footnotes":""},"class_list":["post-50","page","type-page","status-publish","hentry"],"yoast_head":"<!-- This site is optimized with the Yoast SEO plugin v27.2 - https:\/\/yoast.com\/product\/yoast-seo-wordpress\/ -->\n<title>RECOVER YOUR STOLEN CRYPTO-CURRENCY - Cipher Guard<\/title>\n<meta name=\"robots\" content=\"index, follow, max-snippet:-1, max-image-preview:large, max-video-preview:-1\" \/>\n<link rel=\"canonical\" href=\"https:\/\/cipher-guard.com\/pt\/recover-your-stolen-cryptocurrency\/\" \/>\n<meta property=\"og:locale\" content=\"pt_PT\" \/>\n<meta property=\"og:type\" content=\"article\" \/>\n<meta property=\"og:title\" content=\"RECOVER YOUR STOLEN CRYPTO-CURRENCY - Cipher Guard\" \/>\n<meta property=\"og:description\" content=\"Recover your stolen crypto . We are proud to say that we are one of the leading providers of professional crypto recovery services. Our unwavering commitment is to provide 100% safe, reliable, and effective solutions for our clients&#8217; peace of mind. We understand the complexity and challenges of digital asset recovery, which is why we...\" \/>\n<meta property=\"og:url\" content=\"https:\/\/cipher-guard.com\/pt\/recover-your-stolen-cryptocurrency\/\" \/>\n<meta property=\"og:site_name\" content=\"Cipher Guard\" \/>\n<meta property=\"article:modified_time\" content=\"2026-01-21T11:34:55+00:00\" \/>\n<meta property=\"og:image\" content=\"https:\/\/cipher-guard.com\/wp-content\/uploads\/2025\/11\/RECUPERER-VOS-CRYPTOS-MONNAIE-VOLEE.webp\" \/>\n\t<meta property=\"og:image:width\" content=\"1600\" \/>\n\t<meta property=\"og:image:height\" content=\"800\" \/>\n\t<meta property=\"og:image:type\" content=\"image\/webp\" \/>\n<meta name=\"twitter:card\" content=\"summary_large_image\" \/>\n<meta name=\"twitter:label1\" content=\"Tempo estimado de leitura\" \/>\n\t<meta name=\"twitter:data1\" content=\"5 minutos\" \/>\n<script type=\"application\/ld+json\" class=\"yoast-schema-graph\">{\"@context\":\"https:\/\/schema.org\",\"@graph\":[{\"@type\":\"WebPage\",\"@id\":\"https:\/\/cipher-guard.com\/recover-your-stolen-cryptocurrency\/\",\"url\":\"https:\/\/cipher-guard.com\/recover-your-stolen-cryptocurrency\/\",\"name\":\"RECOVER YOUR STOLEN CRYPTO-CURRENCY - Cipher Guard\",\"isPartOf\":{\"@id\":\"https:\/\/cipher-guard.com\/#website\"},\"primaryImageOfPage\":{\"@id\":\"https:\/\/cipher-guard.com\/recover-your-stolen-cryptocurrency\/#primaryimage\"},\"image\":{\"@id\":\"https:\/\/cipher-guard.com\/recover-your-stolen-cryptocurrency\/#primaryimage\"},\"thumbnailUrl\":\"https:\/\/cipher-guard.com\/wp-content\/uploads\/2025\/11\/RECUPERER-VOS-CRYPTOS-MONNAIE-VOLEE.webp\",\"datePublished\":\"2025-11-11T07:40:26+00:00\",\"dateModified\":\"2026-01-21T11:34:55+00:00\",\"breadcrumb\":{\"@id\":\"https:\/\/cipher-guard.com\/recover-your-stolen-cryptocurrency\/#breadcrumb\"},\"inLanguage\":\"pt-PT\",\"potentialAction\":[{\"@type\":\"ReadAction\",\"target\":[\"https:\/\/cipher-guard.com\/recover-your-stolen-cryptocurrency\/\"]}]},{\"@type\":\"ImageObject\",\"inLanguage\":\"pt-PT\",\"@id\":\"https:\/\/cipher-guard.com\/recover-your-stolen-cryptocurrency\/#primaryimage\",\"url\":\"https:\/\/cipher-guard.com\/wp-content\/uploads\/2025\/11\/RECUPERER-VOS-CRYPTOS-MONNAIE-VOLEE.webp\",\"contentUrl\":\"https:\/\/cipher-guard.com\/wp-content\/uploads\/2025\/11\/RECUPERER-VOS-CRYPTOS-MONNAIE-VOLEE.webp\"},{\"@type\":\"BreadcrumbList\",\"@id\":\"https:\/\/cipher-guard.com\/recover-your-stolen-cryptocurrency\/#breadcrumb\",\"itemListElement\":[{\"@type\":\"ListItem\",\"position\":1,\"name\":\"Accueil\",\"item\":\"https:\/\/cipher-guard.com\/\"},{\"@type\":\"ListItem\",\"position\":2,\"name\":\"RECOVER YOUR STOLEN CRYPTO-CURRENCY\"}]},{\"@type\":\"WebSite\",\"@id\":\"https:\/\/cipher-guard.com\/#website\",\"url\":\"https:\/\/cipher-guard.com\/\",\"name\":\"Cipher Guard\",\"description\":\"Best website to meet hackers to help you solve your security problems\",\"publisher\":{\"@id\":\"https:\/\/cipher-guard.com\/#organization\"},\"potentialAction\":[{\"@type\":\"SearchAction\",\"target\":{\"@type\":\"EntryPoint\",\"urlTemplate\":\"https:\/\/cipher-guard.com\/?s={search_term_string}\"},\"query-input\":{\"@type\":\"PropertyValueSpecification\",\"valueRequired\":true,\"valueName\":\"search_term_string\"}}],\"inLanguage\":\"pt-PT\"},{\"@type\":\"Organization\",\"@id\":\"https:\/\/cipher-guard.com\/#organization\",\"name\":\"Cipher Guard\",\"url\":\"https:\/\/cipher-guard.com\/\",\"logo\":{\"@type\":\"ImageObject\",\"inLanguage\":\"pt-PT\",\"@id\":\"https:\/\/cipher-guard.com\/#\/schema\/logo\/image\/\",\"url\":\"https:\/\/cipher-guard.com\/wp-content\/uploads\/2026\/01\/cipher-guard-logo.png\",\"contentUrl\":\"https:\/\/cipher-guard.com\/wp-content\/uploads\/2026\/01\/cipher-guard-logo.png\",\"width\":360,\"height\":360,\"caption\":\"Cipher Guard\"},\"image\":{\"@id\":\"https:\/\/cipher-guard.com\/#\/schema\/logo\/image\/\"}}]}<\/script>\n<!-- \/ Yoast SEO plugin. -->","yoast_head_json":{"title":"RECOVER YOUR STOLEN CRYPTO-CURRENCY - Cipher Guard","robots":{"index":"index","follow":"follow","max-snippet":"max-snippet:-1","max-image-preview":"max-image-preview:large","max-video-preview":"max-video-preview:-1"},"canonical":"https:\/\/cipher-guard.com\/pt\/recover-your-stolen-cryptocurrency\/","og_locale":"pt_PT","og_type":"article","og_title":"RECOVER YOUR STOLEN CRYPTO-CURRENCY - Cipher Guard","og_description":"Recover your stolen crypto . We are proud to say that we are one of the leading providers of professional crypto recovery services. Our unwavering commitment is to provide 100% safe, reliable, and effective solutions for our clients&#8217; peace of mind. We understand the complexity and challenges of digital asset recovery, which is why we...","og_url":"https:\/\/cipher-guard.com\/pt\/recover-your-stolen-cryptocurrency\/","og_site_name":"Cipher Guard","article_modified_time":"2026-01-21T11:34:55+00:00","og_image":[{"width":1600,"height":800,"url":"https:\/\/cipher-guard.com\/wp-content\/uploads\/2025\/11\/RECUPERER-VOS-CRYPTOS-MONNAIE-VOLEE.webp","type":"image\/webp"}],"twitter_card":"summary_large_image","twitter_misc":{"Tempo estimado de leitura":"5 minutos"},"schema":{"@context":"https:\/\/schema.org","@graph":[{"@type":"WebPage","@id":"https:\/\/cipher-guard.com\/recover-your-stolen-cryptocurrency\/","url":"https:\/\/cipher-guard.com\/recover-your-stolen-cryptocurrency\/","name":"RECOVER YOUR STOLEN CRYPTO-CURRENCY - Cipher Guard","isPartOf":{"@id":"https:\/\/cipher-guard.com\/#website"},"primaryImageOfPage":{"@id":"https:\/\/cipher-guard.com\/recover-your-stolen-cryptocurrency\/#primaryimage"},"image":{"@id":"https:\/\/cipher-guard.com\/recover-your-stolen-cryptocurrency\/#primaryimage"},"thumbnailUrl":"https:\/\/cipher-guard.com\/wp-content\/uploads\/2025\/11\/RECUPERER-VOS-CRYPTOS-MONNAIE-VOLEE.webp","datePublished":"2025-11-11T07:40:26+00:00","dateModified":"2026-01-21T11:34:55+00:00","breadcrumb":{"@id":"https:\/\/cipher-guard.com\/recover-your-stolen-cryptocurrency\/#breadcrumb"},"inLanguage":"pt-PT","potentialAction":[{"@type":"ReadAction","target":["https:\/\/cipher-guard.com\/recover-your-stolen-cryptocurrency\/"]}]},{"@type":"ImageObject","inLanguage":"pt-PT","@id":"https:\/\/cipher-guard.com\/recover-your-stolen-cryptocurrency\/#primaryimage","url":"https:\/\/cipher-guard.com\/wp-content\/uploads\/2025\/11\/RECUPERER-VOS-CRYPTOS-MONNAIE-VOLEE.webp","contentUrl":"https:\/\/cipher-guard.com\/wp-content\/uploads\/2025\/11\/RECUPERER-VOS-CRYPTOS-MONNAIE-VOLEE.webp"},{"@type":"BreadcrumbList","@id":"https:\/\/cipher-guard.com\/recover-your-stolen-cryptocurrency\/#breadcrumb","itemListElement":[{"@type":"ListItem","position":1,"name":"Accueil","item":"https:\/\/cipher-guard.com\/"},{"@type":"ListItem","position":2,"name":"RECOVER YOUR STOLEN CRYPTO-CURRENCY"}]},{"@type":"WebSite","@id":"https:\/\/cipher-guard.com\/#website","url":"https:\/\/cipher-guard.com\/","name":"Cipher Guard","description":"Best website to meet hackers to help you solve your security problems","publisher":{"@id":"https:\/\/cipher-guard.com\/#organization"},"potentialAction":[{"@type":"SearchAction","target":{"@type":"EntryPoint","urlTemplate":"https:\/\/cipher-guard.com\/?s={search_term_string}"},"query-input":{"@type":"PropertyValueSpecification","valueRequired":true,"valueName":"search_term_string"}}],"inLanguage":"pt-PT"},{"@type":"Organization","@id":"https:\/\/cipher-guard.com\/#organization","name":"Cipher Guard","url":"https:\/\/cipher-guard.com\/","logo":{"@type":"ImageObject","inLanguage":"pt-PT","@id":"https:\/\/cipher-guard.com\/#\/schema\/logo\/image\/","url":"https:\/\/cipher-guard.com\/wp-content\/uploads\/2026\/01\/cipher-guard-logo.png","contentUrl":"https:\/\/cipher-guard.com\/wp-content\/uploads\/2026\/01\/cipher-guard-logo.png","width":360,"height":360,"caption":"Cipher Guard"},"image":{"@id":"https:\/\/cipher-guard.com\/#\/schema\/logo\/image\/"}}]}},"_links":{"self":[{"href":"https:\/\/cipher-guard.com\/pt\/wp-json\/wp\/v2\/pages\/50","targetHints":{"allow":["GET"]}}],"collection":[{"href":"https:\/\/cipher-guard.com\/pt\/wp-json\/wp\/v2\/pages"}],"about":[{"href":"https:\/\/cipher-guard.com\/pt\/wp-json\/wp\/v2\/types\/page"}],"author":[{"embeddable":true,"href":"https:\/\/cipher-guard.com\/pt\/wp-json\/wp\/v2\/users\/1"}],"replies":[{"embeddable":true,"href":"https:\/\/cipher-guard.com\/pt\/wp-json\/wp\/v2\/comments?post=50"}],"version-history":[{"count":19,"href":"https:\/\/cipher-guard.com\/pt\/wp-json\/wp\/v2\/pages\/50\/revisions"}],"predecessor-version":[{"id":309,"href":"https:\/\/cipher-guard.com\/pt\/wp-json\/wp\/v2\/pages\/50\/revisions\/309"}],"wp:attachment":[{"href":"https:\/\/cipher-guard.com\/pt\/wp-json\/wp\/v2\/media?parent=50"}],"curies":[{"name":"wp","href":"https:\/\/api.w.org\/{rel}","templated":true}]}}