{"id":85,"date":"2025-11-11T12:45:25","date_gmt":"2025-11-11T12:45:25","guid":{"rendered":"https:\/\/cipher-guard.com\/?page_id=85"},"modified":"2026-01-08T07:09:05","modified_gmt":"2026-01-08T07:09:05","slug":"faq","status":"publish","type":"page","link":"https:\/\/cipher-guard.com\/pt\/faq\/","title":{"rendered":"FAQ"},"content":{"rendered":"<div data-elementor-type=\"wp-page\" data-elementor-id=\"85\" class=\"elementor elementor-85\" data-elementor-post-type=\"page\">\n\t\t\t\t<div class=\"elementor-element elementor-element-e98899f e-flex e-con-boxed e-con e-parent\" data-id=\"e98899f\" data-element_type=\"container\" data-e-type=\"container\">\n\t\t\t\t\t<div class=\"e-con-inner\">\n\t\t\t\t<div class=\"elementor-element elementor-element-03df071 elementor-widget elementor-widget-heading\" data-id=\"03df071\" data-element_type=\"widget\" data-e-type=\"widget\" data-widget_type=\"heading.default\">\n\t\t\t\t\t<h2 class=\"elementor-heading-title elementor-size-default\">Respostas \u00e0s perguntas mais frequentes<\/h2>\t\t\t\t<\/div>\n\t\t\t\t<div class=\"elementor-element elementor-element-c21f301 elementor-widget elementor-widget-n-accordion\" data-id=\"c21f301\" data-element_type=\"widget\" data-e-type=\"widget\" data-settings=\"{&quot;max_items_expended&quot;:&quot;multiple&quot;,&quot;default_state&quot;:&quot;expanded&quot;,&quot;n_accordion_animation_duration&quot;:{&quot;unit&quot;:&quot;ms&quot;,&quot;size&quot;:400,&quot;sizes&quot;:[]}}\" data-widget_type=\"nested-accordion.default\">\n\t\t\t\t\t\t\t<div class=\"e-n-accordion\" aria-label=\"Accordion. Open links with Enter or Space, close with Escape, and navigate with Arrow Keys\">\n\t\t\t\t\t\t<details id=\"e-n-accordion-item-2030\" class=\"e-n-accordion-item\" open>\n\t\t\t\t<summary class=\"e-n-accordion-item-title\" data-accordion-index=\"1\" tabindex=\"0\" aria-expanded=\"true\" aria-controls=\"e-n-accordion-item-2030\" >\n\t\t\t\t\t<span class='e-n-accordion-item-title-header'><p class=\"e-n-accordion-item-title-text\"> O QUE \u00c9 cipher-guard.com? <\/p><\/span>\n\t\t\t\t\t\t\t<span class='e-n-accordion-item-title-icon'>\n\t\t\t<span class='e-opened' ><svg aria-hidden=\"true\" class=\"e-font-icon-svg e-fas-minus\" viewbox=\"0 0 448 512\" xmlns=\"http:\/\/www.w3.org\/2000\/svg\"><path d=\"M416 208H32c-17.67 0-32 14.33-32 32v32c0 17.67 14.33 32 32 32h384c17.67 0 32-14.33 32-32v-32c0-17.67-14.33-32-32-32z\"><\/path><\/svg><\/span>\n\t\t\t<span class='e-closed'><svg aria-hidden=\"true\" class=\"e-font-icon-svg e-fas-plus\" viewbox=\"0 0 448 512\" xmlns=\"http:\/\/www.w3.org\/2000\/svg\"><path d=\"M416 208H272V64c0-17.67-14.33-32-32-32h-32c-17.67 0-32 14.33-32 32v144H32c-17.67 0-32 14.33-32 32v32c0 17.67 14.33 32 32 32h144v144c0 17.67 14.33 32 32 32h32c17.67 0 32-14.33 32-32V304h144c17.67 0 32-14.33 32-32v-32c0-17.67-14.33-32-32-32z\"><\/path><\/svg><\/span>\n\t\t<\/span>\n\n\t\t\t\t\t\t<\/summary>\n\t\t\t\t<div role=\"region\" aria-labelledby=\"e-n-accordion-item-2030\" class=\"elementor-element elementor-element-9a1dad5 e-con-full e-flex e-con e-child\" data-id=\"9a1dad5\" data-element_type=\"container\" data-e-type=\"container\">\n\t\t\t\t<div class=\"elementor-element elementor-element-e0bfc1f elementor-widget elementor-widget-text-editor\" data-id=\"e0bfc1f\" data-element_type=\"widget\" data-e-type=\"widget\" data-widget_type=\"text-editor.default\">\n\t\t\t\t\t\t\t\t\t<p>A cipher-guard.com \u00e9 uma plataforma especializada em servi\u00e7os de ciberseguran\u00e7a e hacking \u00e9tico. Oferecemos especialistas qualificados, capazes de intervir de forma r\u00e1pida e discreta.<\/p>\t\t\t\t\t\t\t\t<\/div>\n\t\t\t\t<\/div>\n\t\t\t\t\t<\/details>\n\t\t\t\t\t\t<details id=\"e-n-accordion-item-2031\" class=\"e-n-accordion-item\" >\n\t\t\t\t<summary class=\"e-n-accordion-item-title\" data-accordion-index=\"2\" tabindex=\"-1\" aria-expanded=\"false\" aria-controls=\"e-n-accordion-item-2031\" >\n\t\t\t\t\t<span class='e-n-accordion-item-title-header'><p class=\"e-n-accordion-item-title-text\"> OS SEUS SERVI\u00c7OS S\u00c3O SEGUROS? <\/p><\/span>\n\t\t\t\t\t\t\t<span class='e-n-accordion-item-title-icon'>\n\t\t\t<span class='e-opened' ><svg aria-hidden=\"true\" class=\"e-font-icon-svg e-fas-minus\" viewbox=\"0 0 448 512\" xmlns=\"http:\/\/www.w3.org\/2000\/svg\"><path d=\"M416 208H32c-17.67 0-32 14.33-32 32v32c0 17.67 14.33 32 32 32h384c17.67 0 32-14.33 32-32v-32c0-17.67-14.33-32-32-32z\"><\/path><\/svg><\/span>\n\t\t\t<span class='e-closed'><svg aria-hidden=\"true\" class=\"e-font-icon-svg e-fas-plus\" viewbox=\"0 0 448 512\" xmlns=\"http:\/\/www.w3.org\/2000\/svg\"><path d=\"M416 208H272V64c0-17.67-14.33-32-32-32h-32c-17.67 0-32 14.33-32 32v144H32c-17.67 0-32 14.33-32 32v32c0 17.67 14.33 32 32 32h144v144c0 17.67 14.33 32 32 32h32c17.67 0 32-14.33 32-32V304h144c17.67 0 32-14.33 32-32v-32c0-17.67-14.33-32-32-32z\"><\/path><\/svg><\/span>\n\t\t<\/span>\n\n\t\t\t\t\t\t<\/summary>\n\t\t\t\t<div role=\"region\" aria-labelledby=\"e-n-accordion-item-2031\" class=\"elementor-element elementor-element-cdad549 e-con-full e-flex e-con e-child\" data-id=\"cdad549\" data-element_type=\"container\" data-e-type=\"container\">\n\t\t\t\t<div class=\"elementor-element elementor-element-a7d4777 elementor-widget elementor-widget-text-editor\" data-id=\"a7d4777\" data-element_type=\"widget\" data-e-type=\"widget\" data-widget_type=\"text-editor.default\">\n\t\t\t\t\t\t\t\t\t<p>Sim, atribu\u00edmos uma import\u00e2ncia primordial \u00e0 confidencialidade e \u00e0 seguran\u00e7a. Todas as interven\u00e7\u00f5es s\u00e3o realizadas com o m\u00e1ximo profissionalismo e com absoluta discri\u00e7\u00e3o.<\/p>\t\t\t\t\t\t\t\t<\/div>\n\t\t\t\t<\/div>\n\t\t\t\t\t<\/details>\n\t\t\t\t\t\t<details id=\"e-n-accordion-item-2032\" class=\"e-n-accordion-item\" >\n\t\t\t\t<summary class=\"e-n-accordion-item-title\" data-accordion-index=\"3\" tabindex=\"-1\" aria-expanded=\"false\" aria-controls=\"e-n-accordion-item-2032\" >\n\t\t\t\t\t<span class='e-n-accordion-item-title-header'><p class=\"e-n-accordion-item-title-text\"> OS SEUS SERVI\u00c7OS S\u00c3O LEGAIS? <\/p><\/span>\n\t\t\t\t\t\t\t<span class='e-n-accordion-item-title-icon'>\n\t\t\t<span class='e-opened' ><svg aria-hidden=\"true\" class=\"e-font-icon-svg e-fas-minus\" viewbox=\"0 0 448 512\" xmlns=\"http:\/\/www.w3.org\/2000\/svg\"><path d=\"M416 208H32c-17.67 0-32 14.33-32 32v32c0 17.67 14.33 32 32 32h384c17.67 0 32-14.33 32-32v-32c0-17.67-14.33-32-32-32z\"><\/path><\/svg><\/span>\n\t\t\t<span class='e-closed'><svg aria-hidden=\"true\" class=\"e-font-icon-svg e-fas-plus\" viewbox=\"0 0 448 512\" xmlns=\"http:\/\/www.w3.org\/2000\/svg\"><path d=\"M416 208H272V64c0-17.67-14.33-32-32-32h-32c-17.67 0-32 14.33-32 32v144H32c-17.67 0-32 14.33-32 32v32c0 17.67 14.33 32 32 32h144v144c0 17.67 14.33 32 32 32h32c17.67 0 32-14.33 32-32V304h144c17.67 0 32-14.33 32-32v-32c0-17.67-14.33-32-32-32z\"><\/path><\/svg><\/span>\n\t\t<\/span>\n\n\t\t\t\t\t\t<\/summary>\n\t\t\t\t<div role=\"region\" aria-labelledby=\"e-n-accordion-item-2032\" class=\"elementor-element elementor-element-075b0d7 e-con-full e-flex e-con e-child\" data-id=\"075b0d7\" data-element_type=\"container\" data-e-type=\"container\">\n\t\t\t\t<div class=\"elementor-element elementor-element-3d0ac9b elementor-widget elementor-widget-text-editor\" data-id=\"3d0ac9b\" data-element_type=\"widget\" data-e-type=\"widget\" data-widget_type=\"text-editor.default\">\n\t\t\t\t\t\t\t\t\t<p>Oferecemos exclusivamente servi\u00e7os que cumprem com as regulamenta\u00e7\u00f5es vigentes. Recomendamos que utilize os nossos servi\u00e7os de forma respons\u00e1vel e \u00e9tica.<\/p>\t\t\t\t\t\t\t\t<\/div>\n\t\t\t\t<\/div>\n\t\t\t\t\t<\/details>\n\t\t\t\t\t\t<details id=\"e-n-accordion-item-2033\" class=\"e-n-accordion-item\" >\n\t\t\t\t<summary class=\"e-n-accordion-item-title\" data-accordion-index=\"4\" tabindex=\"-1\" aria-expanded=\"false\" aria-controls=\"e-n-accordion-item-2033\" >\n\t\t\t\t\t<span class='e-n-accordion-item-title-header'><p class=\"e-n-accordion-item-title-text\"> COMO POSSO PAGAR PELOS NOSSOS SERVI\u00c7OS? <\/p><\/span>\n\t\t\t\t\t\t\t<span class='e-n-accordion-item-title-icon'>\n\t\t\t<span class='e-opened' ><svg aria-hidden=\"true\" class=\"e-font-icon-svg e-fas-minus\" viewbox=\"0 0 448 512\" xmlns=\"http:\/\/www.w3.org\/2000\/svg\"><path d=\"M416 208H32c-17.67 0-32 14.33-32 32v32c0 17.67 14.33 32 32 32h384c17.67 0 32-14.33 32-32v-32c0-17.67-14.33-32-32-32z\"><\/path><\/svg><\/span>\n\t\t\t<span class='e-closed'><svg aria-hidden=\"true\" class=\"e-font-icon-svg e-fas-plus\" viewbox=\"0 0 448 512\" xmlns=\"http:\/\/www.w3.org\/2000\/svg\"><path d=\"M416 208H272V64c0-17.67-14.33-32-32-32h-32c-17.67 0-32 14.33-32 32v144H32c-17.67 0-32 14.33-32 32v32c0 17.67 14.33 32 32 32h144v144c0 17.67 14.33 32 32 32h32c17.67 0 32-14.33 32-32V304h144c17.67 0 32-14.33 32-32v-32c0-17.67-14.33-32-32-32z\"><\/path><\/svg><\/span>\n\t\t<\/span>\n\n\t\t\t\t\t\t<\/summary>\n\t\t\t\t<div role=\"region\" aria-labelledby=\"e-n-accordion-item-2033\" class=\"elementor-element elementor-element-b40e5db e-con-full e-flex e-con e-child\" data-id=\"b40e5db\" data-element_type=\"container\" data-e-type=\"container\">\n\t\t\t\t<div class=\"elementor-element elementor-element-401ba16 elementor-widget elementor-widget-text-editor\" data-id=\"401ba16\" data-element_type=\"widget\" data-e-type=\"widget\" data-widget_type=\"text-editor.default\">\n\t\t\t\t\t\t\t\t\t<p>Aceitamos v\u00e1rios m\u00e9todos de pagamento seguros, incluindo criptomoedas e outros m\u00e9todos que garantem o anonimato e a prote\u00e7\u00e3o dos nossos clientes.<\/p>\t\t\t\t\t\t\t\t<\/div>\n\t\t\t\t<\/div>\n\t\t\t\t\t<\/details>\n\t\t\t\t\t\t<details id=\"e-n-accordion-item-2034\" class=\"e-n-accordion-item\" >\n\t\t\t\t<summary class=\"e-n-accordion-item-title\" data-accordion-index=\"5\" tabindex=\"-1\" aria-expanded=\"false\" aria-controls=\"e-n-accordion-item-2034\" >\n\t\t\t\t\t<span class='e-n-accordion-item-title-header'><p class=\"e-n-accordion-item-title-text\"> COMO POSSO ENTRAR EM CONTATO COM A SUA EQUIPA? <\/p><\/span>\n\t\t\t\t\t\t\t<span class='e-n-accordion-item-title-icon'>\n\t\t\t<span class='e-opened' ><svg aria-hidden=\"true\" class=\"e-font-icon-svg e-fas-minus\" viewbox=\"0 0 448 512\" xmlns=\"http:\/\/www.w3.org\/2000\/svg\"><path d=\"M416 208H32c-17.67 0-32 14.33-32 32v32c0 17.67 14.33 32 32 32h384c17.67 0 32-14.33 32-32v-32c0-17.67-14.33-32-32-32z\"><\/path><\/svg><\/span>\n\t\t\t<span class='e-closed'><svg aria-hidden=\"true\" class=\"e-font-icon-svg e-fas-plus\" viewbox=\"0 0 448 512\" xmlns=\"http:\/\/www.w3.org\/2000\/svg\"><path d=\"M416 208H272V64c0-17.67-14.33-32-32-32h-32c-17.67 0-32 14.33-32 32v144H32c-17.67 0-32 14.33-32 32v32c0 17.67 14.33 32 32 32h144v144c0 17.67 14.33 32 32 32h32c17.67 0 32-14.33 32-32V304h144c17.67 0 32-14.33 32-32v-32c0-17.67-14.33-32-32-32z\"><\/path><\/svg><\/span>\n\t\t<\/span>\n\n\t\t\t\t\t\t<\/summary>\n\t\t\t\t<div role=\"region\" aria-labelledby=\"e-n-accordion-item-2034\" class=\"elementor-element elementor-element-373ffdc e-con-full e-flex e-con e-child\" data-id=\"373ffdc\" data-element_type=\"container\" data-e-type=\"container\">\n\t\t\t\t<div class=\"elementor-element elementor-element-5cd9655 elementor-widget elementor-widget-text-editor\" data-id=\"5cd9655\" data-element_type=\"widget\" data-e-type=\"widget\" data-widget_type=\"text-editor.default\">\n\t\t\t\t\t\t\t\t\t<p>A dura\u00e7\u00e3o de uma interven\u00e7\u00e3o depende da complexidade do seu pedido. Geralmente, os nossos especialistas fornecem resultados rapidamente, muitas vezes dentro de 24 a 72 horas.<\/p>\t\t\t\t\t\t\t\t<\/div>\n\t\t\t\t<\/div>\n\t\t\t\t\t<\/details>\n\t\t\t\t\t\t<details id=\"e-n-accordion-item-2035\" class=\"e-n-accordion-item\" >\n\t\t\t\t<summary class=\"e-n-accordion-item-title\" data-accordion-index=\"6\" tabindex=\"-1\" aria-expanded=\"false\" aria-controls=\"e-n-accordion-item-2035\" >\n\t\t\t\t\t<span class='e-n-accordion-item-title-header'><p class=\"e-n-accordion-item-title-text\"> POR QUE ESCOLHER cipher-guard.com? <\/p><\/span>\n\t\t\t\t\t\t\t<span class='e-n-accordion-item-title-icon'>\n\t\t\t<span class='e-opened' ><svg aria-hidden=\"true\" class=\"e-font-icon-svg e-fas-minus\" viewbox=\"0 0 448 512\" xmlns=\"http:\/\/www.w3.org\/2000\/svg\"><path d=\"M416 208H32c-17.67 0-32 14.33-32 32v32c0 17.67 14.33 32 32 32h384c17.67 0 32-14.33 32-32v-32c0-17.67-14.33-32-32-32z\"><\/path><\/svg><\/span>\n\t\t\t<span class='e-closed'><svg aria-hidden=\"true\" class=\"e-font-icon-svg e-fas-plus\" viewbox=\"0 0 448 512\" xmlns=\"http:\/\/www.w3.org\/2000\/svg\"><path d=\"M416 208H272V64c0-17.67-14.33-32-32-32h-32c-17.67 0-32 14.33-32 32v144H32c-17.67 0-32 14.33-32 32v32c0 17.67 14.33 32 32 32h144v144c0 17.67 14.33 32 32 32h32c17.67 0 32-14.33 32-32V304h144c17.67 0 32-14.33 32-32v-32c0-17.67-14.33-32-32-32z\"><\/path><\/svg><\/span>\n\t\t<\/span>\n\n\t\t\t\t\t\t<\/summary>\n\t\t\t\t<div role=\"region\" aria-labelledby=\"e-n-accordion-item-2035\" class=\"elementor-element elementor-element-3e06d99 e-con-full e-flex e-con e-child\" data-id=\"3e06d99\" data-element_type=\"container\" data-e-type=\"container\">\n\t\t\t\t<div class=\"elementor-element elementor-element-0ab805d elementor-widget elementor-widget-text-editor\" data-id=\"0ab805d\" data-element_type=\"widget\" data-e-type=\"widget\" data-widget_type=\"text-editor.default\">\n\t\t\t\t\t\t\t\t\t<p>Garantimos profissionalismo, confidencialidade e efici\u00eancia. A nossa equipa de especialistas possui as compet\u00eancias necess\u00e1rias para lhe prestar um servi\u00e7o de alta qualidade com total seguran\u00e7a.<\/p><p>Se tiver mais alguma d\u00favida, n\u00e3o hesite em contactar-nos diretamente!<\/p>\t\t\t\t\t\t\t\t<\/div>\n\t\t\t\t<\/div>\n\t\t\t\t\t<\/details>\n\t\t\t\t\t<\/div>\n\t\t\t\t\t<script type=\"application\/ld+json\">{\n    \"@context\": \"https:\\\/\\\/schema.org\",\n    \"@type\": \"FAQPage\",\n    \"mainEntity\": [\n        {\n            \"@type\": \"Question\",\n            \"name\": \"WHAT IS cipher-guard.com?\",\n            \"acceptedAnswer\": {\n                \"@type\": \"Answer\",\n                \"text\": \"cipher-guard.com is a platform specializing in cybersecurity and ethical hacking services. We provide you with qualified experts capable of intervening quickly and discreetly.\"\n            }\n        },\n        {\n            \"@type\": \"Question\",\n            \"name\": \"ARE YOUR SERVICES SECURE?\",\n            \"acceptedAnswer\": {\n                \"@type\": \"Answer\",\n                \"text\": \"Yes, we place paramount importance on confidentiality and security. All interventions are carried out with the utmost professionalism and with absolute discretion.\"\n            }\n        },\n        {\n            \"@type\": \"Question\",\n            \"name\": \"ARE YOUR SERVICES LEGAL?\",\n            \"acceptedAnswer\": {\n                \"@type\": \"Answer\",\n                \"text\": \"We exclusively offer services that comply with current regulations. We encourage you to use our services responsibly and ethically.\"\n            }\n        },\n        {\n            \"@type\": \"Question\",\n            \"name\": \"HOW CAN I PAY FOR OUR SERVICES?\",\n            \"acceptedAnswer\": {\n                \"@type\": \"Answer\",\n                \"text\": \"We accept several secure payment methods, including cryptocurrencies and other methods that guarantee the anonymity and protection of our customers.\"\n            }\n        },\n        {\n            \"@type\": \"Question\",\n            \"name\": \"HOW CAN I CONTACT YOUR TEAM?\",\n            \"acceptedAnswer\": {\n                \"@type\": \"Answer\",\n                \"text\": \"The duration of an intervention depends on the complexity of your request. Generally,\\u00a0 our experts provide results quickly, often within 24 to 72 hours.\"\n            }\n        },\n        {\n            \"@type\": \"Question\",\n            \"name\": \"WHY CHOOSE cipher-guard.com?\",\n            \"acceptedAnswer\": {\n                \"@type\": \"Answer\",\n                \"text\": \"We guarantee professionalism, confidentiality, and efficiency. Our team of experts has the necessary skills to provide you with a high-quality service in complete security.If you have any further questions, please don&#8217;t hesitate to contact us directly!\"\n            }\n        }\n    ]\n}<\/script>\n\t\t\t\t\t\t\t<\/div>\n\t\t\t\t<div class=\"elementor-element elementor-element-ef4db6a elementor-align-center elementor-widget elementor-widget-button\" data-id=\"ef4db6a\" data-element_type=\"widget\" data-e-type=\"widget\" data-widget_type=\"button.default\">\n\t\t\t\t\t\t\t\t\t\t<a class=\"elementor-button elementor-button-link elementor-size-sm\" href=\"https:\/\/api.whatsapp.com\/send?phone=4915511027856\">\n\t\t\t\t\t\t<span class=\"elementor-button-content-wrapper\">\n\t\t\t\t\t\t\t\t\t<span class=\"elementor-button-text\">contratar um hacker<\/span>\n\t\t\t\t\t<\/span>\n\t\t\t\t\t<\/a>\n\t\t\t\t\t\t\t\t<\/div>\n\t\t\t\t\t<\/div>\n\t\t\t\t<\/div>\n\t\t\t\t<\/div>","protected":false},"excerpt":{"rendered":"<p>Answers to frequently asked questions WHAT IS cipher-guard.com? cipher-guard.com is a platform specializing in cybersecurity and ethical hacking services. We provide you with qualified experts capable of intervening quickly and discreetly. ARE YOUR SERVICES SECURE? Yes, we place paramount importance on confidentiality and security. All interventions are carried out with the utmost professionalism and with&#8230;<\/p>","protected":false},"author":1,"featured_media":0,"parent":0,"menu_order":0,"comment_status":"closed","ping_status":"closed","template":"","meta":{"om_disable_all_campaigns":false,"_kad_post_transparent":"","_kad_post_title":"hide","_kad_post_layout":"fullwidth","_kad_post_sidebar_id":"","_kad_post_content_style":"unboxed","_kad_post_vertical_padding":"hide","_kad_post_feature":"hide","_kad_post_feature_position":"","_kad_post_header":false,"_kad_post_footer":false,"_kad_post_classname":"","_joinchat":[],"footnotes":""},"class_list":["post-85","page","type-page","status-publish","hentry"],"yoast_head":"<!-- This site is optimized with the Yoast SEO plugin v27.2 - https:\/\/yoast.com\/product\/yoast-seo-wordpress\/ -->\n<title>FAQ - Cipher Guard<\/title>\n<meta name=\"robots\" content=\"index, follow, max-snippet:-1, max-image-preview:large, max-video-preview:-1\" \/>\n<link rel=\"canonical\" href=\"https:\/\/cipher-guard.com\/pt\/faq\/\" \/>\n<meta property=\"og:locale\" content=\"pt_PT\" \/>\n<meta property=\"og:type\" content=\"article\" \/>\n<meta property=\"og:title\" content=\"FAQ - Cipher Guard\" \/>\n<meta property=\"og:description\" content=\"Answers to frequently asked questions WHAT IS cipher-guard.com? cipher-guard.com is a platform specializing in cybersecurity and ethical hacking services. We provide you with qualified experts capable of intervening quickly and discreetly. ARE YOUR SERVICES SECURE? Yes, we place paramount importance on confidentiality and security. All interventions are carried out with the utmost professionalism and with...\" \/>\n<meta property=\"og:url\" content=\"https:\/\/cipher-guard.com\/pt\/faq\/\" \/>\n<meta property=\"og:site_name\" content=\"Cipher Guard\" \/>\n<meta property=\"article:modified_time\" content=\"2026-01-08T07:09:05+00:00\" \/>\n<meta name=\"twitter:card\" content=\"summary_large_image\" \/>\n<meta name=\"twitter:label1\" content=\"Tempo estimado de leitura\" \/>\n\t<meta name=\"twitter:data1\" content=\"2 minutos\" \/>\n<script type=\"application\/ld+json\" class=\"yoast-schema-graph\">{\"@context\":\"https:\/\/schema.org\",\"@graph\":[{\"@type\":\"WebPage\",\"@id\":\"https:\/\/cipher-guard.com\/faq\/\",\"url\":\"https:\/\/cipher-guard.com\/faq\/\",\"name\":\"FAQ - Cipher Guard\",\"isPartOf\":{\"@id\":\"https:\/\/cipher-guard.com\/#website\"},\"datePublished\":\"2025-11-11T12:45:25+00:00\",\"dateModified\":\"2026-01-08T07:09:05+00:00\",\"breadcrumb\":{\"@id\":\"https:\/\/cipher-guard.com\/faq\/#breadcrumb\"},\"inLanguage\":\"pt-PT\",\"potentialAction\":[{\"@type\":\"ReadAction\",\"target\":[\"https:\/\/cipher-guard.com\/faq\/\"]}]},{\"@type\":\"BreadcrumbList\",\"@id\":\"https:\/\/cipher-guard.com\/faq\/#breadcrumb\",\"itemListElement\":[{\"@type\":\"ListItem\",\"position\":1,\"name\":\"Accueil\",\"item\":\"https:\/\/cipher-guard.com\/\"},{\"@type\":\"ListItem\",\"position\":2,\"name\":\"FAQ\"}]},{\"@type\":\"WebSite\",\"@id\":\"https:\/\/cipher-guard.com\/#website\",\"url\":\"https:\/\/cipher-guard.com\/\",\"name\":\"Cipher Guard\",\"description\":\"Best website to meet hackers to help you solve your security problems\",\"publisher\":{\"@id\":\"https:\/\/cipher-guard.com\/#organization\"},\"potentialAction\":[{\"@type\":\"SearchAction\",\"target\":{\"@type\":\"EntryPoint\",\"urlTemplate\":\"https:\/\/cipher-guard.com\/?s={search_term_string}\"},\"query-input\":{\"@type\":\"PropertyValueSpecification\",\"valueRequired\":true,\"valueName\":\"search_term_string\"}}],\"inLanguage\":\"pt-PT\"},{\"@type\":\"Organization\",\"@id\":\"https:\/\/cipher-guard.com\/#organization\",\"name\":\"Cipher Guard\",\"url\":\"https:\/\/cipher-guard.com\/\",\"logo\":{\"@type\":\"ImageObject\",\"inLanguage\":\"pt-PT\",\"@id\":\"https:\/\/cipher-guard.com\/#\/schema\/logo\/image\/\",\"url\":\"https:\/\/cipher-guard.com\/wp-content\/uploads\/2026\/01\/cipher-guard-logo.png\",\"contentUrl\":\"https:\/\/cipher-guard.com\/wp-content\/uploads\/2026\/01\/cipher-guard-logo.png\",\"width\":360,\"height\":360,\"caption\":\"Cipher Guard\"},\"image\":{\"@id\":\"https:\/\/cipher-guard.com\/#\/schema\/logo\/image\/\"}}]}<\/script>\n<!-- \/ Yoast SEO plugin. -->","yoast_head_json":{"title":"FAQ - Cipher Guard","robots":{"index":"index","follow":"follow","max-snippet":"max-snippet:-1","max-image-preview":"max-image-preview:large","max-video-preview":"max-video-preview:-1"},"canonical":"https:\/\/cipher-guard.com\/pt\/faq\/","og_locale":"pt_PT","og_type":"article","og_title":"FAQ - Cipher Guard","og_description":"Answers to frequently asked questions WHAT IS cipher-guard.com? cipher-guard.com is a platform specializing in cybersecurity and ethical hacking services. We provide you with qualified experts capable of intervening quickly and discreetly. ARE YOUR SERVICES SECURE? Yes, we place paramount importance on confidentiality and security. All interventions are carried out with the utmost professionalism and with...","og_url":"https:\/\/cipher-guard.com\/pt\/faq\/","og_site_name":"Cipher Guard","article_modified_time":"2026-01-08T07:09:05+00:00","twitter_card":"summary_large_image","twitter_misc":{"Tempo estimado de leitura":"2 minutos"},"schema":{"@context":"https:\/\/schema.org","@graph":[{"@type":"WebPage","@id":"https:\/\/cipher-guard.com\/faq\/","url":"https:\/\/cipher-guard.com\/faq\/","name":"FAQ - Cipher Guard","isPartOf":{"@id":"https:\/\/cipher-guard.com\/#website"},"datePublished":"2025-11-11T12:45:25+00:00","dateModified":"2026-01-08T07:09:05+00:00","breadcrumb":{"@id":"https:\/\/cipher-guard.com\/faq\/#breadcrumb"},"inLanguage":"pt-PT","potentialAction":[{"@type":"ReadAction","target":["https:\/\/cipher-guard.com\/faq\/"]}]},{"@type":"BreadcrumbList","@id":"https:\/\/cipher-guard.com\/faq\/#breadcrumb","itemListElement":[{"@type":"ListItem","position":1,"name":"Accueil","item":"https:\/\/cipher-guard.com\/"},{"@type":"ListItem","position":2,"name":"FAQ"}]},{"@type":"WebSite","@id":"https:\/\/cipher-guard.com\/#website","url":"https:\/\/cipher-guard.com\/","name":"Cipher Guard","description":"Best website to meet hackers to help you solve your security problems","publisher":{"@id":"https:\/\/cipher-guard.com\/#organization"},"potentialAction":[{"@type":"SearchAction","target":{"@type":"EntryPoint","urlTemplate":"https:\/\/cipher-guard.com\/?s={search_term_string}"},"query-input":{"@type":"PropertyValueSpecification","valueRequired":true,"valueName":"search_term_string"}}],"inLanguage":"pt-PT"},{"@type":"Organization","@id":"https:\/\/cipher-guard.com\/#organization","name":"Cipher Guard","url":"https:\/\/cipher-guard.com\/","logo":{"@type":"ImageObject","inLanguage":"pt-PT","@id":"https:\/\/cipher-guard.com\/#\/schema\/logo\/image\/","url":"https:\/\/cipher-guard.com\/wp-content\/uploads\/2026\/01\/cipher-guard-logo.png","contentUrl":"https:\/\/cipher-guard.com\/wp-content\/uploads\/2026\/01\/cipher-guard-logo.png","width":360,"height":360,"caption":"Cipher Guard"},"image":{"@id":"https:\/\/cipher-guard.com\/#\/schema\/logo\/image\/"}}]}},"_links":{"self":[{"href":"https:\/\/cipher-guard.com\/pt\/wp-json\/wp\/v2\/pages\/85","targetHints":{"allow":["GET"]}}],"collection":[{"href":"https:\/\/cipher-guard.com\/pt\/wp-json\/wp\/v2\/pages"}],"about":[{"href":"https:\/\/cipher-guard.com\/pt\/wp-json\/wp\/v2\/types\/page"}],"author":[{"embeddable":true,"href":"https:\/\/cipher-guard.com\/pt\/wp-json\/wp\/v2\/users\/1"}],"replies":[{"embeddable":true,"href":"https:\/\/cipher-guard.com\/pt\/wp-json\/wp\/v2\/comments?post=85"}],"version-history":[{"count":11,"href":"https:\/\/cipher-guard.com\/pt\/wp-json\/wp\/v2\/pages\/85\/revisions"}],"predecessor-version":[{"id":224,"href":"https:\/\/cipher-guard.com\/pt\/wp-json\/wp\/v2\/pages\/85\/revisions\/224"}],"wp:attachment":[{"href":"https:\/\/cipher-guard.com\/pt\/wp-json\/wp\/v2\/media?parent=85"}],"curies":[{"name":"wp","href":"https:\/\/api.w.org\/{rel}","templated":true}]}}